{"id":2708,"date":"2016-01-30T21:56:24","date_gmt":"2016-01-30T21:56:24","guid":{"rendered":"https:\/\/apoioaempresas.pt\/virtual-assistant\/"},"modified":"2024-09-23T08:51:28","modified_gmt":"2024-09-23T07:51:28","slug":"virtual-assistant","status":"publish","type":"page","link":"https:\/\/apoioaempresas.pt\/en\/services\/virtual-assistant\/","title":{"rendered":"Virtual Assistant"},"content":{"rendered":"<div class=\"wpb-content-wrapper\"><p>[vc_row type=&#8221;vc_default&#8221;][vc_column css=&#8221;.vc_custom_1498229431694{padding-bottom: 50px !important;}&#8221;]<div id=\"ultimate-heading-765969eb27efaa5a1\" class=\"uvc-heading ult-adjust-bottom-margin ultimate-heading-765969eb27efaa5a1 uvc-795 \" data-hspacer=\"no_spacer\"  data-halign=\"left\" style=\"text-align:left\"><div class=\"uvc-heading-spacer no_spacer\" style=\"top\"><\/div><div class=\"uvc-main-heading ult-responsive\"  data-ultimate-target='.uvc-heading.ultimate-heading-765969eb27efaa5a1 h2'  data-responsive-json-new='{\"font-size\":\"desktop:26px;\",\"line-height\":\"desktop:32px;\"}' ><h2 style=\"font-weight:bold;margin-bottom:20px;\">Virtual Assistant<\/h2><\/div><div class=\"uvc-sub-heading ult-responsive\"  data-ultimate-target='.uvc-heading.ultimate-heading-765969eb27efaa5a1 .uvc-sub-heading '  data-responsive-json-new='{\"font-size\":\"\",\"line-height\":\"\"}'  style=\"font-weight:normal;\">Online support for your business<\/div><\/div>[vc_column_text]Our virtual assistant services will help your company optimize time and resources, so you can focus on what&#8217;s really important. In today&#8217;s business world, efficiency is key. Our commitment is to offer personalized support that is aligned with your needs. Our virtual assistants are ready to help you in a variety of areas, from administrative tasks to customer support. <strong>Simplified administrative tasks<\/strong> Managing administrative tasks can take up a lot of your precious time.<br \/>\nUsing a virtual assistant to handle tasks such as scheduling meetings, managing emails, organizing documents and much more will allow you to focus on growing your business. <strong>Professional Customer Service<\/strong> Customer service is a critical area in any successful company.<br \/>\nOur virtual assistants are prepared to provide professional and courteous customer service, answering questions, solving problems and ensuring customer satisfaction. <strong>Organizing Travel and Logistics<\/strong> Organizing business travel and logistics can be a complex task.<br \/>\nLet us take care of all the details, from booking flights and hotels to creating detailed itineraries. <strong>Schedule and appointment management<\/strong> Keeping schedules organized and efficient is vital.<br \/>\nUse a virtual assistant to manage your schedule and appointments so that nothing gets missed. <strong>Measurable results<\/strong> The results speak for themselves.     Companies that use our virtual assistant services obtain greater efficiency, savings in time and resources and better management of daily tasks. This translates into increased productivity and, ultimately, business growth. <strong>The Efficiency Advantage<\/strong> Efficiency is the key to success in business. With the help of our virtual assistants, companies can make the most of their time and resources. This not only increases productivity, but also allows business leaders to focus on growth and innovation. Contact us and start the journey of transforming your business. Its efficiency deserves to be raised to a new level. Free yourself from daily tasks and focus on what&#8217;s most important to you. With our virtual assistant services, your time and energy are directed towards achieving your business goals with confidence.[\/vc_column_text][\/vc_column][\/vc_row]<\/p>\n<\/div>","protected":false},"excerpt":{"rendered":"<p>[vc_row type=&#8221;vc_default&#8221;][vc_column css=&#8221;.vc_custom_1498229431694{padding-bottom: 50px !important;}&#8221;][vc_column_text]Our virtual assistant services will help your company optimize time and resources, so you can focus on what&#8217;s really important. In today&#8217;s business world, efficiency is key. Our commitment is to offer personalized support that is aligned with your needs. Our virtual assistants are ready to help you in a variety&hellip;<\/p>\n","protected":false},"author":2,"featured_media":0,"parent":2944,"menu_order":100,"comment_status":"closed","ping_status":"closed","template":"","meta":{"footnotes":""},"class_list":["post-2708","page","type-page","status-publish","hentry","description-off"],"yoast_head":"<!-- This site is optimized with the Yoast SEO plugin v26.6 - https:\/\/yoast.com\/wordpress\/plugins\/seo\/ -->\n<title>Virtual Assistant - Apoio a Empresas<\/title>\n<meta name=\"description\" content=\"Our virtual assistant services will help your company optimize time and resources, so you can focus on what&#039;s most important.\" \/>\n<meta name=\"robots\" content=\"index, follow, max-snippet:-1, max-image-preview:large, max-video-preview:-1\" \/>\n<link rel=\"canonical\" href=\"https:\/\/apoioaempresas.pt\/en\/services\/virtual-assistant\/\" \/>\n<meta property=\"og:locale\" content=\"en_US\" \/>\n<meta property=\"og:type\" content=\"article\" \/>\n<meta property=\"og:title\" content=\"Virtual Assistant - Apoio a Empresas\" \/>\n<meta property=\"og:description\" content=\"Our virtual assistant services will help your company optimize time and resources, so you can focus on what&#039;s most important.\" \/>\n<meta property=\"og:url\" content=\"https:\/\/apoioaempresas.pt\/en\/services\/virtual-assistant\/\" \/>\n<meta property=\"og:site_name\" content=\"Apoio a Empresas\" \/>\n<meta property=\"article:publisher\" content=\"https:\/\/www.facebook.com\/apoioaempresas\/\" \/>\n<meta property=\"article:modified_time\" content=\"2024-09-23T07:51:28+00:00\" \/>\n<meta property=\"og:image\" content=\"https:\/\/apoioaempresas.pt\/wp-content\/uploads\/2023\/07\/Apoio-a-Empresas-Logo-562x200-fundo.png\" \/>\n\t<meta property=\"og:image:width\" content=\"526\" \/>\n\t<meta property=\"og:image:height\" content=\"200\" \/>\n\t<meta property=\"og:image:type\" content=\"image\/png\" \/>\n<meta name=\"twitter:card\" content=\"summary_large_image\" \/>\n<meta name=\"twitter:label1\" content=\"Est. reading time\" \/>\n\t<meta name=\"twitter:data1\" content=\"2 minutes\" \/>\n<script type=\"application\/ld+json\" class=\"yoast-schema-graph\">{\"@context\":\"https:\/\/schema.org\",\"@graph\":[{\"@type\":\"WebPage\",\"@id\":\"https:\/\/apoioaempresas.pt\/en\/services\/virtual-assistant\/\",\"url\":\"https:\/\/apoioaempresas.pt\/en\/services\/virtual-assistant\/\",\"name\":\"Virtual Assistant - Apoio a Empresas\",\"isPartOf\":{\"@id\":\"https:\/\/apoioaempresas.pt\/en\/#website\"},\"datePublished\":\"2016-01-30T21:56:24+00:00\",\"dateModified\":\"2024-09-23T07:51:28+00:00\",\"description\":\"Our virtual assistant services will help your company optimize time and resources, so you can focus on what's most important.\",\"breadcrumb\":{\"@id\":\"https:\/\/apoioaempresas.pt\/en\/services\/virtual-assistant\/#breadcrumb\"},\"inLanguage\":\"en-US\",\"potentialAction\":[{\"@type\":\"ReadAction\",\"target\":[\"https:\/\/apoioaempresas.pt\/en\/services\/virtual-assistant\/\"]}]},{\"@type\":\"BreadcrumbList\",\"@id\":\"https:\/\/apoioaempresas.pt\/en\/services\/virtual-assistant\/#breadcrumb\",\"itemListElement\":[{\"@type\":\"ListItem\",\"position\":1,\"name\":\"Home\",\"item\":\"https:\/\/apoioaempresas.pt\/en\/\"},{\"@type\":\"ListItem\",\"position\":2,\"name\":\"Services\",\"item\":\"https:\/\/apoioaempresas.pt\/en\/services\/\"},{\"@type\":\"ListItem\",\"position\":3,\"name\":\"Virtual Assistant\"}]},{\"@type\":\"WebSite\",\"@id\":\"https:\/\/apoioaempresas.pt\/en\/#website\",\"url\":\"https:\/\/apoioaempresas.pt\/en\/\",\"name\":\"Apoio a Empresas\",\"description\":\"Disponibilizamos uma variedade de servi\u00e7os de apoio a empresas, para desenvolver o seu neg\u00f3cio ou ideia de neg\u00f3cio. Contacte-nos!\",\"publisher\":{\"@id\":\"https:\/\/apoioaempresas.pt\/en\/#organization\"},\"potentialAction\":[{\"@type\":\"SearchAction\",\"target\":{\"@type\":\"EntryPoint\",\"urlTemplate\":\"https:\/\/apoioaempresas.pt\/en\/?s={search_term_string}\"},\"query-input\":{\"@type\":\"PropertyValueSpecification\",\"valueRequired\":true,\"valueName\":\"search_term_string\"}}],\"inLanguage\":\"en-US\"},{\"@type\":\"Organization\",\"@id\":\"https:\/\/apoioaempresas.pt\/en\/#organization\",\"name\":\"Apoio a Empresas\",\"url\":\"https:\/\/apoioaempresas.pt\/en\/\",\"logo\":{\"@type\":\"ImageObject\",\"inLanguage\":\"en-US\",\"@id\":\"https:\/\/apoioaempresas.pt\/en\/#\/schema\/logo\/image\/\",\"url\":\"https:\/\/apoioaempresas.pt\/wp-content\/uploads\/2023\/07\/Apoio-a-Empresas-Logo-Quadrado.png\",\"contentUrl\":\"https:\/\/apoioaempresas.pt\/wp-content\/uploads\/2023\/07\/Apoio-a-Empresas-Logo-Quadrado.png\",\"width\":500,\"height\":500,\"caption\":\"Apoio a Empresas\"},\"image\":{\"@id\":\"https:\/\/apoioaempresas.pt\/en\/#\/schema\/logo\/image\/\"},\"sameAs\":[\"https:\/\/www.facebook.com\/apoioaempresas\/\",\"https:\/\/www.linkedin.com\/company\/apoio-a-empresas\/\",\"https:\/\/www.facebook.com\/apoioaempresascom\",\"https:\/\/www.linkedin.com\/company\/apoioaempresascom\/\",\"https:\/\/www.instagram.com\/apoioaempresascom\/\",\"https:\/\/www.instagram.com\/apoioaempresas.pt\/\"]}]}<\/script>\n<!-- \/ Yoast SEO plugin. -->","yoast_head_json":{"title":"Virtual Assistant - Apoio a Empresas","description":"Our virtual assistant services will help your company optimize time and resources, so you can focus on what's most important.","robots":{"index":"index","follow":"follow","max-snippet":"max-snippet:-1","max-image-preview":"max-image-preview:large","max-video-preview":"max-video-preview:-1"},"canonical":"https:\/\/apoioaempresas.pt\/en\/services\/virtual-assistant\/","og_locale":"en_US","og_type":"article","og_title":"Virtual Assistant - Apoio a Empresas","og_description":"Our virtual assistant services will help your company optimize time and resources, so you can focus on what's most important.","og_url":"https:\/\/apoioaempresas.pt\/en\/services\/virtual-assistant\/","og_site_name":"Apoio a Empresas","article_publisher":"https:\/\/www.facebook.com\/apoioaempresas\/","article_modified_time":"2024-09-23T07:51:28+00:00","og_image":[{"width":526,"height":200,"url":"https:\/\/apoioaempresas.pt\/wp-content\/uploads\/2023\/07\/Apoio-a-Empresas-Logo-562x200-fundo.png","type":"image\/png"}],"twitter_card":"summary_large_image","twitter_misc":{"Est. reading time":"2 minutes"},"schema":{"@context":"https:\/\/schema.org","@graph":[{"@type":"WebPage","@id":"https:\/\/apoioaempresas.pt\/en\/services\/virtual-assistant\/","url":"https:\/\/apoioaempresas.pt\/en\/services\/virtual-assistant\/","name":"Virtual Assistant - Apoio a Empresas","isPartOf":{"@id":"https:\/\/apoioaempresas.pt\/en\/#website"},"datePublished":"2016-01-30T21:56:24+00:00","dateModified":"2024-09-23T07:51:28+00:00","description":"Our virtual assistant services will help your company optimize time and resources, so you can focus on what's most important.","breadcrumb":{"@id":"https:\/\/apoioaempresas.pt\/en\/services\/virtual-assistant\/#breadcrumb"},"inLanguage":"en-US","potentialAction":[{"@type":"ReadAction","target":["https:\/\/apoioaempresas.pt\/en\/services\/virtual-assistant\/"]}]},{"@type":"BreadcrumbList","@id":"https:\/\/apoioaempresas.pt\/en\/services\/virtual-assistant\/#breadcrumb","itemListElement":[{"@type":"ListItem","position":1,"name":"Home","item":"https:\/\/apoioaempresas.pt\/en\/"},{"@type":"ListItem","position":2,"name":"Services","item":"https:\/\/apoioaempresas.pt\/en\/services\/"},{"@type":"ListItem","position":3,"name":"Virtual Assistant"}]},{"@type":"WebSite","@id":"https:\/\/apoioaempresas.pt\/en\/#website","url":"https:\/\/apoioaempresas.pt\/en\/","name":"Apoio a Empresas","description":"Disponibilizamos uma variedade de servi\u00e7os de apoio a empresas, para desenvolver o seu neg\u00f3cio ou ideia de neg\u00f3cio. Contacte-nos!","publisher":{"@id":"https:\/\/apoioaempresas.pt\/en\/#organization"},"potentialAction":[{"@type":"SearchAction","target":{"@type":"EntryPoint","urlTemplate":"https:\/\/apoioaempresas.pt\/en\/?s={search_term_string}"},"query-input":{"@type":"PropertyValueSpecification","valueRequired":true,"valueName":"search_term_string"}}],"inLanguage":"en-US"},{"@type":"Organization","@id":"https:\/\/apoioaempresas.pt\/en\/#organization","name":"Apoio a Empresas","url":"https:\/\/apoioaempresas.pt\/en\/","logo":{"@type":"ImageObject","inLanguage":"en-US","@id":"https:\/\/apoioaempresas.pt\/en\/#\/schema\/logo\/image\/","url":"https:\/\/apoioaempresas.pt\/wp-content\/uploads\/2023\/07\/Apoio-a-Empresas-Logo-Quadrado.png","contentUrl":"https:\/\/apoioaempresas.pt\/wp-content\/uploads\/2023\/07\/Apoio-a-Empresas-Logo-Quadrado.png","width":500,"height":500,"caption":"Apoio a Empresas"},"image":{"@id":"https:\/\/apoioaempresas.pt\/en\/#\/schema\/logo\/image\/"},"sameAs":["https:\/\/www.facebook.com\/apoioaempresas\/","https:\/\/www.linkedin.com\/company\/apoio-a-empresas\/","https:\/\/www.facebook.com\/apoioaempresascom","https:\/\/www.linkedin.com\/company\/apoioaempresascom\/","https:\/\/www.instagram.com\/apoioaempresascom\/","https:\/\/www.instagram.com\/apoioaempresas.pt\/"]}]}},"_links":{"self":[{"href":"https:\/\/apoioaempresas.pt\/en\/wp-json\/wp\/v2\/pages\/2708","targetHints":{"allow":["GET"]}}],"collection":[{"href":"https:\/\/apoioaempresas.pt\/en\/wp-json\/wp\/v2\/pages"}],"about":[{"href":"https:\/\/apoioaempresas.pt\/en\/wp-json\/wp\/v2\/types\/page"}],"author":[{"embeddable":true,"href":"https:\/\/apoioaempresas.pt\/en\/wp-json\/wp\/v2\/users\/2"}],"replies":[{"embeddable":true,"href":"https:\/\/apoioaempresas.pt\/en\/wp-json\/wp\/v2\/comments?post=2708"}],"version-history":[{"count":0,"href":"https:\/\/apoioaempresas.pt\/en\/wp-json\/wp\/v2\/pages\/2708\/revisions"}],"up":[{"embeddable":true,"href":"https:\/\/apoioaempresas.pt\/en\/wp-json\/wp\/v2\/pages\/2944"}],"wp:attachment":[{"href":"https:\/\/apoioaempresas.pt\/en\/wp-json\/wp\/v2\/media?parent=2708"}],"curies":[{"name":"wp","href":"https:\/\/api.w.org\/{rel}","templated":true}]}}