{"id":2751,"date":"2016-01-30T21:56:24","date_gmt":"2016-01-30T21:56:24","guid":{"rendered":"https:\/\/apoioaempresas.pt\/certified-training\/"},"modified":"2024-10-30T15:08:00","modified_gmt":"2024-10-30T15:08:00","slug":"certified-training","status":"publish","type":"page","link":"https:\/\/apoioaempresas.pt\/en\/services\/certified-training\/","title":{"rendered":"Certified Training"},"content":{"rendered":"<div class=\"wpb-content-wrapper\"><p>[vc_row type=&#8221;vc_default&#8221;][vc_column css=&#8221;.vc_custom_1498229431694{padding-bottom: 50px !important;}&#8221;]<div id=\"ultimate-heading-664169e66950e2741\" class=\"uvc-heading ult-adjust-bottom-margin ultimate-heading-664169e66950e2741 uvc-2813 \" data-hspacer=\"no_spacer\"  data-halign=\"left\" style=\"text-align:left\"><div class=\"uvc-heading-spacer no_spacer\" style=\"top\"><\/div><div class=\"uvc-main-heading ult-responsive\"  data-ultimate-target='.uvc-heading.ultimate-heading-664169e66950e2741 h2'  data-responsive-json-new='{\"font-size\":\"desktop:26px;\",\"line-height\":\"desktop:32px;\"}' ><h2 style=\"font-weight:bold;margin-bottom:20px;\">Certified Training<\/h2><\/div><div class=\"uvc-sub-heading ult-responsive\"  data-ultimate-target='.uvc-heading.ultimate-heading-664169e66950e2741 .uvc-sub-heading '  data-responsive-json-new='{\"font-size\":\"\",\"line-height\":\"\"}'  style=\"font-weight:normal;\">Acquire quality knowledge and stand out in the market.<\/div><\/div>[vc_column_text]Are you ready to take a step forward in your career? Would you like to improve your skills, acquire new knowledge and obtain a recognized certification?<\/p>\n<p>Certified Training is the answer to boosting your professional success.<\/p>\n<p>We know that in today&#8217;s competitive market, having solid, up-to-date qualifications is essential to stand out. That&#8217;s why we offer comprehensive, high-quality Certified Training designed to meet the needs of today&#8217;s market and ensure that you are prepared for the challenges of the future.<\/p>\n<p>The courses are carefully structured and taught, guaranteeing you a solid and comprehensive education.<\/p>\n<p>With flexible timetables and options for face-to-face or online classes, we guarantee that you can fit the training into your schedule.<\/p>\n<p>Invest in your career with our Certified Training and guarantee a competitive edge in the job market.<\/p>\n<p>Take advantage of this opportunity to broaden your knowledge, expand your network of contacts and become an expert in your field.[\/vc_column_text][\/vc_column][\/vc_row]<\/p>\n<\/div>","protected":false},"excerpt":{"rendered":"<p>[vc_row type=&#8221;vc_default&#8221;][vc_column css=&#8221;.vc_custom_1498229431694{padding-bottom: 50px !important;}&#8221;][vc_column_text]Are you ready to take a step forward in your career? Would you like to improve your skills, acquire new knowledge and obtain a recognized certification? Certified Training is the answer to boosting your professional success. We know that in today&#8217;s competitive market, having solid, up-to-date qualifications is essential to stand&hellip;<\/p>\n","protected":false},"author":2,"featured_media":0,"parent":2944,"menu_order":100,"comment_status":"closed","ping_status":"closed","template":"","meta":{"footnotes":""},"class_list":["post-2751","page","type-page","status-publish","hentry","description-off"],"yoast_head":"<!-- This site is optimized with the Yoast SEO plugin v26.6 - https:\/\/yoast.com\/wordpress\/plugins\/seo\/ -->\n<title>Certified Training - Apoio a Empresas<\/title>\n<meta name=\"description\" content=\"Certified Training is the answer to boosting your professional success. Having solid, up-to-date qualifications is essential!\" \/>\n<meta name=\"robots\" content=\"index, follow, max-snippet:-1, max-image-preview:large, max-video-preview:-1\" \/>\n<link rel=\"canonical\" href=\"https:\/\/apoioaempresas.pt\/en\/services\/certified-training\/\" \/>\n<meta property=\"og:locale\" content=\"en_US\" \/>\n<meta property=\"og:type\" content=\"article\" \/>\n<meta property=\"og:title\" content=\"Certified Training - Apoio a Empresas\" \/>\n<meta property=\"og:description\" content=\"Certified Training is the answer to boosting your professional success. Having solid, up-to-date qualifications is essential!\" \/>\n<meta property=\"og:url\" content=\"https:\/\/apoioaempresas.pt\/en\/services\/certified-training\/\" \/>\n<meta property=\"og:site_name\" content=\"Apoio a Empresas\" \/>\n<meta property=\"article:publisher\" content=\"https:\/\/www.facebook.com\/apoioaempresas\/\" \/>\n<meta property=\"article:modified_time\" content=\"2024-10-30T15:08:00+00:00\" \/>\n<meta property=\"og:image\" content=\"https:\/\/apoioaempresas.pt\/wp-content\/uploads\/2023\/07\/Apoio-a-Empresas-Logo-562x200-fundo.png\" \/>\n\t<meta property=\"og:image:width\" content=\"526\" \/>\n\t<meta property=\"og:image:height\" content=\"200\" \/>\n\t<meta property=\"og:image:type\" content=\"image\/png\" \/>\n<meta name=\"twitter:card\" content=\"summary_large_image\" \/>\n<meta name=\"twitter:label1\" content=\"Est. reading time\" \/>\n\t<meta name=\"twitter:data1\" content=\"1 minute\" \/>\n<script type=\"application\/ld+json\" class=\"yoast-schema-graph\">{\"@context\":\"https:\/\/schema.org\",\"@graph\":[{\"@type\":\"WebPage\",\"@id\":\"https:\/\/apoioaempresas.pt\/en\/services\/certified-training\/\",\"url\":\"https:\/\/apoioaempresas.pt\/en\/services\/certified-training\/\",\"name\":\"Certified Training - Apoio a Empresas\",\"isPartOf\":{\"@id\":\"https:\/\/apoioaempresas.pt\/en\/#website\"},\"datePublished\":\"2016-01-30T21:56:24+00:00\",\"dateModified\":\"2024-10-30T15:08:00+00:00\",\"description\":\"Certified Training is the answer to boosting your professional success. Having solid, up-to-date qualifications is essential!\",\"breadcrumb\":{\"@id\":\"https:\/\/apoioaempresas.pt\/en\/services\/certified-training\/#breadcrumb\"},\"inLanguage\":\"en-US\",\"potentialAction\":[{\"@type\":\"ReadAction\",\"target\":[\"https:\/\/apoioaempresas.pt\/en\/services\/certified-training\/\"]}]},{\"@type\":\"BreadcrumbList\",\"@id\":\"https:\/\/apoioaempresas.pt\/en\/services\/certified-training\/#breadcrumb\",\"itemListElement\":[{\"@type\":\"ListItem\",\"position\":1,\"name\":\"Home\",\"item\":\"https:\/\/apoioaempresas.pt\/en\/\"},{\"@type\":\"ListItem\",\"position\":2,\"name\":\"Services\",\"item\":\"https:\/\/apoioaempresas.pt\/en\/services\/\"},{\"@type\":\"ListItem\",\"position\":3,\"name\":\"Certified Training\"}]},{\"@type\":\"WebSite\",\"@id\":\"https:\/\/apoioaempresas.pt\/en\/#website\",\"url\":\"https:\/\/apoioaempresas.pt\/en\/\",\"name\":\"Apoio a Empresas\",\"description\":\"Disponibilizamos uma variedade de servi\u00e7os de apoio a empresas, para desenvolver o seu neg\u00f3cio ou ideia de neg\u00f3cio. Contacte-nos!\",\"publisher\":{\"@id\":\"https:\/\/apoioaempresas.pt\/en\/#organization\"},\"potentialAction\":[{\"@type\":\"SearchAction\",\"target\":{\"@type\":\"EntryPoint\",\"urlTemplate\":\"https:\/\/apoioaempresas.pt\/en\/?s={search_term_string}\"},\"query-input\":{\"@type\":\"PropertyValueSpecification\",\"valueRequired\":true,\"valueName\":\"search_term_string\"}}],\"inLanguage\":\"en-US\"},{\"@type\":\"Organization\",\"@id\":\"https:\/\/apoioaempresas.pt\/en\/#organization\",\"name\":\"Apoio a Empresas\",\"url\":\"https:\/\/apoioaempresas.pt\/en\/\",\"logo\":{\"@type\":\"ImageObject\",\"inLanguage\":\"en-US\",\"@id\":\"https:\/\/apoioaempresas.pt\/en\/#\/schema\/logo\/image\/\",\"url\":\"https:\/\/apoioaempresas.pt\/wp-content\/uploads\/2023\/07\/Apoio-a-Empresas-Logo-Quadrado.png\",\"contentUrl\":\"https:\/\/apoioaempresas.pt\/wp-content\/uploads\/2023\/07\/Apoio-a-Empresas-Logo-Quadrado.png\",\"width\":500,\"height\":500,\"caption\":\"Apoio a Empresas\"},\"image\":{\"@id\":\"https:\/\/apoioaempresas.pt\/en\/#\/schema\/logo\/image\/\"},\"sameAs\":[\"https:\/\/www.facebook.com\/apoioaempresas\/\",\"https:\/\/www.linkedin.com\/company\/apoio-a-empresas\/\",\"https:\/\/www.facebook.com\/apoioaempresascom\",\"https:\/\/www.linkedin.com\/company\/apoioaempresascom\/\",\"https:\/\/www.instagram.com\/apoioaempresascom\/\",\"https:\/\/www.instagram.com\/apoioaempresas.pt\/\"]}]}<\/script>\n<!-- \/ Yoast SEO plugin. -->","yoast_head_json":{"title":"Certified Training - Apoio a Empresas","description":"Certified Training is the answer to boosting your professional success. Having solid, up-to-date qualifications is essential!","robots":{"index":"index","follow":"follow","max-snippet":"max-snippet:-1","max-image-preview":"max-image-preview:large","max-video-preview":"max-video-preview:-1"},"canonical":"https:\/\/apoioaempresas.pt\/en\/services\/certified-training\/","og_locale":"en_US","og_type":"article","og_title":"Certified Training - Apoio a Empresas","og_description":"Certified Training is the answer to boosting your professional success. Having solid, up-to-date qualifications is essential!","og_url":"https:\/\/apoioaempresas.pt\/en\/services\/certified-training\/","og_site_name":"Apoio a Empresas","article_publisher":"https:\/\/www.facebook.com\/apoioaempresas\/","article_modified_time":"2024-10-30T15:08:00+00:00","og_image":[{"width":526,"height":200,"url":"https:\/\/apoioaempresas.pt\/wp-content\/uploads\/2023\/07\/Apoio-a-Empresas-Logo-562x200-fundo.png","type":"image\/png"}],"twitter_card":"summary_large_image","twitter_misc":{"Est. reading time":"1 minute"},"schema":{"@context":"https:\/\/schema.org","@graph":[{"@type":"WebPage","@id":"https:\/\/apoioaempresas.pt\/en\/services\/certified-training\/","url":"https:\/\/apoioaempresas.pt\/en\/services\/certified-training\/","name":"Certified Training - Apoio a Empresas","isPartOf":{"@id":"https:\/\/apoioaempresas.pt\/en\/#website"},"datePublished":"2016-01-30T21:56:24+00:00","dateModified":"2024-10-30T15:08:00+00:00","description":"Certified Training is the answer to boosting your professional success. Having solid, up-to-date qualifications is essential!","breadcrumb":{"@id":"https:\/\/apoioaempresas.pt\/en\/services\/certified-training\/#breadcrumb"},"inLanguage":"en-US","potentialAction":[{"@type":"ReadAction","target":["https:\/\/apoioaempresas.pt\/en\/services\/certified-training\/"]}]},{"@type":"BreadcrumbList","@id":"https:\/\/apoioaempresas.pt\/en\/services\/certified-training\/#breadcrumb","itemListElement":[{"@type":"ListItem","position":1,"name":"Home","item":"https:\/\/apoioaempresas.pt\/en\/"},{"@type":"ListItem","position":2,"name":"Services","item":"https:\/\/apoioaempresas.pt\/en\/services\/"},{"@type":"ListItem","position":3,"name":"Certified Training"}]},{"@type":"WebSite","@id":"https:\/\/apoioaempresas.pt\/en\/#website","url":"https:\/\/apoioaempresas.pt\/en\/","name":"Apoio a Empresas","description":"Disponibilizamos uma variedade de servi\u00e7os de apoio a empresas, para desenvolver o seu neg\u00f3cio ou ideia de neg\u00f3cio. Contacte-nos!","publisher":{"@id":"https:\/\/apoioaempresas.pt\/en\/#organization"},"potentialAction":[{"@type":"SearchAction","target":{"@type":"EntryPoint","urlTemplate":"https:\/\/apoioaempresas.pt\/en\/?s={search_term_string}"},"query-input":{"@type":"PropertyValueSpecification","valueRequired":true,"valueName":"search_term_string"}}],"inLanguage":"en-US"},{"@type":"Organization","@id":"https:\/\/apoioaempresas.pt\/en\/#organization","name":"Apoio a Empresas","url":"https:\/\/apoioaempresas.pt\/en\/","logo":{"@type":"ImageObject","inLanguage":"en-US","@id":"https:\/\/apoioaempresas.pt\/en\/#\/schema\/logo\/image\/","url":"https:\/\/apoioaempresas.pt\/wp-content\/uploads\/2023\/07\/Apoio-a-Empresas-Logo-Quadrado.png","contentUrl":"https:\/\/apoioaempresas.pt\/wp-content\/uploads\/2023\/07\/Apoio-a-Empresas-Logo-Quadrado.png","width":500,"height":500,"caption":"Apoio a Empresas"},"image":{"@id":"https:\/\/apoioaempresas.pt\/en\/#\/schema\/logo\/image\/"},"sameAs":["https:\/\/www.facebook.com\/apoioaempresas\/","https:\/\/www.linkedin.com\/company\/apoio-a-empresas\/","https:\/\/www.facebook.com\/apoioaempresascom","https:\/\/www.linkedin.com\/company\/apoioaempresascom\/","https:\/\/www.instagram.com\/apoioaempresascom\/","https:\/\/www.instagram.com\/apoioaempresas.pt\/"]}]}},"_links":{"self":[{"href":"https:\/\/apoioaempresas.pt\/en\/wp-json\/wp\/v2\/pages\/2751","targetHints":{"allow":["GET"]}}],"collection":[{"href":"https:\/\/apoioaempresas.pt\/en\/wp-json\/wp\/v2\/pages"}],"about":[{"href":"https:\/\/apoioaempresas.pt\/en\/wp-json\/wp\/v2\/types\/page"}],"author":[{"embeddable":true,"href":"https:\/\/apoioaempresas.pt\/en\/wp-json\/wp\/v2\/users\/2"}],"replies":[{"embeddable":true,"href":"https:\/\/apoioaempresas.pt\/en\/wp-json\/wp\/v2\/comments?post=2751"}],"version-history":[{"count":0,"href":"https:\/\/apoioaempresas.pt\/en\/wp-json\/wp\/v2\/pages\/2751\/revisions"}],"up":[{"embeddable":true,"href":"https:\/\/apoioaempresas.pt\/en\/wp-json\/wp\/v2\/pages\/2944"}],"wp:attachment":[{"href":"https:\/\/apoioaempresas.pt\/en\/wp-json\/wp\/v2\/media?parent=2751"}],"curies":[{"name":"wp","href":"https:\/\/api.w.org\/{rel}","templated":true}]}}