{"id":2754,"date":"2016-01-30T21:56:24","date_gmt":"2016-01-30T21:56:24","guid":{"rendered":"https:\/\/apoioaempresas.pt\/marketing-consulting\/"},"modified":"2024-10-31T15:16:14","modified_gmt":"2024-10-31T15:16:14","slug":"marketing-consulting","status":"publish","type":"page","link":"https:\/\/apoioaempresas.pt\/en\/services\/marketing-consulting\/","title":{"rendered":"Marketing Consulting"},"content":{"rendered":"<div class=\"wpb-content-wrapper\"><p>[vc_row type=&#8221;vc_default&#8221;][vc_column css=&#8221;.vc_custom_1498229431694{padding-bottom: 50px !important;}&#8221;]<div id=\"ultimate-heading-539769e6695120f61\" class=\"uvc-heading ult-adjust-bottom-margin ultimate-heading-539769e6695120f61 uvc-9871 \" data-hspacer=\"no_spacer\"  data-halign=\"left\" style=\"text-align:left\"><div class=\"uvc-heading-spacer no_spacer\" style=\"top\"><\/div><div class=\"uvc-main-heading ult-responsive\"  data-ultimate-target='.uvc-heading.ultimate-heading-539769e6695120f61 h2'  data-responsive-json-new='{\"font-size\":\"desktop:26px;\",\"line-height\":\"desktop:32px;\"}' ><h2 style=\"font-weight:bold;margin-bottom:20px;\">Marketing Consulting<\/h2><\/div><div class=\"uvc-sub-heading ult-responsive\"  data-ultimate-target='.uvc-heading.ultimate-heading-539769e6695120f61 .uvc-sub-heading '  data-responsive-json-new='{\"font-size\":\"\",\"line-height\":\"\"}'  style=\"font-weight:normal;\">Experience and <em>expertise<\/em> to boost your business.<\/div><\/div>[vc_column_text]Do you want to achieve extraordinary results in the business world? Do you want to stand out from the competition and win more customers?<\/p>\n<p>In today&#8217;s competitive environment, it is essential to have an efficient marketing strategy to achieve your business objectives. That&#8217;s why we offer our Marketing Consultancy.<\/p>\n<p>With years of experience and a team of experts who are passionate about what they do, we are ready to boost your success. We have a personalized and results-oriented approach, ensuring that each marketing action is carefully planned and executed in order to achieve the best results for your business.<\/p>\n<p>What sets us apart is our commitment to excellence. We work closely with you, understanding the essence of your company, objectives and challenges. From this in-depth understanding, we develop innovative strategies and customized solutions that align perfectly with your brand and audience.<\/p>\n<p>Our Marketing Consulting services range from market and competitor analysis to the creation of impactful advertising campaigns, social media optimization, the development of relevant content and much more. We use the latest data analysis tools and techniques to identify opportunities and continually adjust strategies, ensuring that you are always one step ahead.<\/p>\n<p>We understand that every business is unique, which is why our Marketing Consultancy is tailored to your specific needs. Whether you&#8217;re a start-up entrepreneur or an established company, we&#8217;re ready to help you achieve extraordinary results.<\/p>\n<p>Trust our <em>expertise<\/em> and allow your brand to stand out in the market.<\/p>\n<p>We help you chart your path to success.[\/vc_column_text][\/vc_column][\/vc_row]<\/p>\n<\/div>","protected":false},"excerpt":{"rendered":"<p>[vc_row type=&#8221;vc_default&#8221;][vc_column css=&#8221;.vc_custom_1498229431694{padding-bottom: 50px !important;}&#8221;][vc_column_text]Do you want to achieve extraordinary results in the business world? Do you want to stand out from the competition and win more customers? In today&#8217;s competitive environment, it is essential to have an efficient marketing strategy to achieve your business objectives. That&#8217;s why we offer our Marketing Consultancy. With years&hellip;<\/p>\n","protected":false},"author":2,"featured_media":0,"parent":2944,"menu_order":100,"comment_status":"closed","ping_status":"closed","template":"","meta":{"footnotes":""},"class_list":["post-2754","page","type-page","status-publish","hentry","description-off"],"yoast_head":"<!-- This site is optimized with the Yoast SEO plugin v26.6 - https:\/\/yoast.com\/wordpress\/plugins\/seo\/ -->\n<title>Marketing Consulting - Apoio a Empresas<\/title>\n<meta name=\"description\" content=\"Want to stand out from the competition? Our Marketing Consultancy will boost your success. Contact us!\" \/>\n<meta name=\"robots\" content=\"index, follow, max-snippet:-1, max-image-preview:large, max-video-preview:-1\" \/>\n<link rel=\"canonical\" href=\"https:\/\/apoioaempresas.pt\/en\/services\/marketing-consulting\/\" \/>\n<meta property=\"og:locale\" content=\"en_US\" \/>\n<meta property=\"og:type\" content=\"article\" \/>\n<meta property=\"og:title\" content=\"Marketing Consulting - Apoio a Empresas\" \/>\n<meta property=\"og:description\" content=\"Want to stand out from the competition? Our Marketing Consultancy will boost your success. Contact us!\" \/>\n<meta property=\"og:url\" content=\"https:\/\/apoioaempresas.pt\/en\/services\/marketing-consulting\/\" \/>\n<meta property=\"og:site_name\" content=\"Apoio a Empresas\" \/>\n<meta property=\"article:publisher\" content=\"https:\/\/www.facebook.com\/apoioaempresas\/\" \/>\n<meta property=\"article:modified_time\" content=\"2024-10-31T15:16:14+00:00\" \/>\n<meta property=\"og:image\" content=\"https:\/\/apoioaempresas.pt\/wp-content\/uploads\/2023\/07\/Apoio-a-Empresas-Logo-562x200-fundo.png\" \/>\n\t<meta property=\"og:image:width\" content=\"526\" \/>\n\t<meta property=\"og:image:height\" content=\"200\" \/>\n\t<meta property=\"og:image:type\" content=\"image\/png\" \/>\n<meta name=\"twitter:card\" content=\"summary_large_image\" \/>\n<meta name=\"twitter:label1\" content=\"Est. reading time\" \/>\n\t<meta name=\"twitter:data1\" content=\"2 minutes\" \/>\n<script type=\"application\/ld+json\" class=\"yoast-schema-graph\">{\"@context\":\"https:\/\/schema.org\",\"@graph\":[{\"@type\":\"WebPage\",\"@id\":\"https:\/\/apoioaempresas.pt\/en\/services\/marketing-consulting\/\",\"url\":\"https:\/\/apoioaempresas.pt\/en\/services\/marketing-consulting\/\",\"name\":\"Marketing Consulting - Apoio a Empresas\",\"isPartOf\":{\"@id\":\"https:\/\/apoioaempresas.pt\/en\/#website\"},\"datePublished\":\"2016-01-30T21:56:24+00:00\",\"dateModified\":\"2024-10-31T15:16:14+00:00\",\"description\":\"Want to stand out from the competition? Our Marketing Consultancy will boost your success. Contact us!\",\"breadcrumb\":{\"@id\":\"https:\/\/apoioaempresas.pt\/en\/services\/marketing-consulting\/#breadcrumb\"},\"inLanguage\":\"en-US\",\"potentialAction\":[{\"@type\":\"ReadAction\",\"target\":[\"https:\/\/apoioaempresas.pt\/en\/services\/marketing-consulting\/\"]}]},{\"@type\":\"BreadcrumbList\",\"@id\":\"https:\/\/apoioaempresas.pt\/en\/services\/marketing-consulting\/#breadcrumb\",\"itemListElement\":[{\"@type\":\"ListItem\",\"position\":1,\"name\":\"Home\",\"item\":\"https:\/\/apoioaempresas.pt\/en\/\"},{\"@type\":\"ListItem\",\"position\":2,\"name\":\"Services\",\"item\":\"https:\/\/apoioaempresas.pt\/en\/services\/\"},{\"@type\":\"ListItem\",\"position\":3,\"name\":\"Marketing Consulting\"}]},{\"@type\":\"WebSite\",\"@id\":\"https:\/\/apoioaempresas.pt\/en\/#website\",\"url\":\"https:\/\/apoioaempresas.pt\/en\/\",\"name\":\"Apoio a Empresas\",\"description\":\"Disponibilizamos uma variedade de servi\u00e7os de apoio a empresas, para desenvolver o seu neg\u00f3cio ou ideia de neg\u00f3cio. Contacte-nos!\",\"publisher\":{\"@id\":\"https:\/\/apoioaempresas.pt\/en\/#organization\"},\"potentialAction\":[{\"@type\":\"SearchAction\",\"target\":{\"@type\":\"EntryPoint\",\"urlTemplate\":\"https:\/\/apoioaempresas.pt\/en\/?s={search_term_string}\"},\"query-input\":{\"@type\":\"PropertyValueSpecification\",\"valueRequired\":true,\"valueName\":\"search_term_string\"}}],\"inLanguage\":\"en-US\"},{\"@type\":\"Organization\",\"@id\":\"https:\/\/apoioaempresas.pt\/en\/#organization\",\"name\":\"Apoio a Empresas\",\"url\":\"https:\/\/apoioaempresas.pt\/en\/\",\"logo\":{\"@type\":\"ImageObject\",\"inLanguage\":\"en-US\",\"@id\":\"https:\/\/apoioaempresas.pt\/en\/#\/schema\/logo\/image\/\",\"url\":\"https:\/\/apoioaempresas.pt\/wp-content\/uploads\/2023\/07\/Apoio-a-Empresas-Logo-Quadrado.png\",\"contentUrl\":\"https:\/\/apoioaempresas.pt\/wp-content\/uploads\/2023\/07\/Apoio-a-Empresas-Logo-Quadrado.png\",\"width\":500,\"height\":500,\"caption\":\"Apoio a Empresas\"},\"image\":{\"@id\":\"https:\/\/apoioaempresas.pt\/en\/#\/schema\/logo\/image\/\"},\"sameAs\":[\"https:\/\/www.facebook.com\/apoioaempresas\/\",\"https:\/\/www.linkedin.com\/company\/apoio-a-empresas\/\",\"https:\/\/www.facebook.com\/apoioaempresascom\",\"https:\/\/www.linkedin.com\/company\/apoioaempresascom\/\",\"https:\/\/www.instagram.com\/apoioaempresascom\/\",\"https:\/\/www.instagram.com\/apoioaempresas.pt\/\"]}]}<\/script>\n<!-- \/ Yoast SEO plugin. -->","yoast_head_json":{"title":"Marketing Consulting - Apoio a Empresas","description":"Want to stand out from the competition? Our Marketing Consultancy will boost your success. Contact us!","robots":{"index":"index","follow":"follow","max-snippet":"max-snippet:-1","max-image-preview":"max-image-preview:large","max-video-preview":"max-video-preview:-1"},"canonical":"https:\/\/apoioaempresas.pt\/en\/services\/marketing-consulting\/","og_locale":"en_US","og_type":"article","og_title":"Marketing Consulting - Apoio a Empresas","og_description":"Want to stand out from the competition? Our Marketing Consultancy will boost your success. Contact us!","og_url":"https:\/\/apoioaempresas.pt\/en\/services\/marketing-consulting\/","og_site_name":"Apoio a Empresas","article_publisher":"https:\/\/www.facebook.com\/apoioaempresas\/","article_modified_time":"2024-10-31T15:16:14+00:00","og_image":[{"width":526,"height":200,"url":"https:\/\/apoioaempresas.pt\/wp-content\/uploads\/2023\/07\/Apoio-a-Empresas-Logo-562x200-fundo.png","type":"image\/png"}],"twitter_card":"summary_large_image","twitter_misc":{"Est. reading time":"2 minutes"},"schema":{"@context":"https:\/\/schema.org","@graph":[{"@type":"WebPage","@id":"https:\/\/apoioaempresas.pt\/en\/services\/marketing-consulting\/","url":"https:\/\/apoioaempresas.pt\/en\/services\/marketing-consulting\/","name":"Marketing Consulting - Apoio a Empresas","isPartOf":{"@id":"https:\/\/apoioaempresas.pt\/en\/#website"},"datePublished":"2016-01-30T21:56:24+00:00","dateModified":"2024-10-31T15:16:14+00:00","description":"Want to stand out from the competition? Our Marketing Consultancy will boost your success. Contact us!","breadcrumb":{"@id":"https:\/\/apoioaempresas.pt\/en\/services\/marketing-consulting\/#breadcrumb"},"inLanguage":"en-US","potentialAction":[{"@type":"ReadAction","target":["https:\/\/apoioaempresas.pt\/en\/services\/marketing-consulting\/"]}]},{"@type":"BreadcrumbList","@id":"https:\/\/apoioaempresas.pt\/en\/services\/marketing-consulting\/#breadcrumb","itemListElement":[{"@type":"ListItem","position":1,"name":"Home","item":"https:\/\/apoioaempresas.pt\/en\/"},{"@type":"ListItem","position":2,"name":"Services","item":"https:\/\/apoioaempresas.pt\/en\/services\/"},{"@type":"ListItem","position":3,"name":"Marketing Consulting"}]},{"@type":"WebSite","@id":"https:\/\/apoioaempresas.pt\/en\/#website","url":"https:\/\/apoioaempresas.pt\/en\/","name":"Apoio a Empresas","description":"Disponibilizamos uma variedade de servi\u00e7os de apoio a empresas, para desenvolver o seu neg\u00f3cio ou ideia de neg\u00f3cio. Contacte-nos!","publisher":{"@id":"https:\/\/apoioaempresas.pt\/en\/#organization"},"potentialAction":[{"@type":"SearchAction","target":{"@type":"EntryPoint","urlTemplate":"https:\/\/apoioaempresas.pt\/en\/?s={search_term_string}"},"query-input":{"@type":"PropertyValueSpecification","valueRequired":true,"valueName":"search_term_string"}}],"inLanguage":"en-US"},{"@type":"Organization","@id":"https:\/\/apoioaempresas.pt\/en\/#organization","name":"Apoio a Empresas","url":"https:\/\/apoioaempresas.pt\/en\/","logo":{"@type":"ImageObject","inLanguage":"en-US","@id":"https:\/\/apoioaempresas.pt\/en\/#\/schema\/logo\/image\/","url":"https:\/\/apoioaempresas.pt\/wp-content\/uploads\/2023\/07\/Apoio-a-Empresas-Logo-Quadrado.png","contentUrl":"https:\/\/apoioaempresas.pt\/wp-content\/uploads\/2023\/07\/Apoio-a-Empresas-Logo-Quadrado.png","width":500,"height":500,"caption":"Apoio a Empresas"},"image":{"@id":"https:\/\/apoioaempresas.pt\/en\/#\/schema\/logo\/image\/"},"sameAs":["https:\/\/www.facebook.com\/apoioaempresas\/","https:\/\/www.linkedin.com\/company\/apoio-a-empresas\/","https:\/\/www.facebook.com\/apoioaempresascom","https:\/\/www.linkedin.com\/company\/apoioaempresascom\/","https:\/\/www.instagram.com\/apoioaempresascom\/","https:\/\/www.instagram.com\/apoioaempresas.pt\/"]}]}},"_links":{"self":[{"href":"https:\/\/apoioaempresas.pt\/en\/wp-json\/wp\/v2\/pages\/2754","targetHints":{"allow":["GET"]}}],"collection":[{"href":"https:\/\/apoioaempresas.pt\/en\/wp-json\/wp\/v2\/pages"}],"about":[{"href":"https:\/\/apoioaempresas.pt\/en\/wp-json\/wp\/v2\/types\/page"}],"author":[{"embeddable":true,"href":"https:\/\/apoioaempresas.pt\/en\/wp-json\/wp\/v2\/users\/2"}],"replies":[{"embeddable":true,"href":"https:\/\/apoioaempresas.pt\/en\/wp-json\/wp\/v2\/comments?post=2754"}],"version-history":[{"count":0,"href":"https:\/\/apoioaempresas.pt\/en\/wp-json\/wp\/v2\/pages\/2754\/revisions"}],"up":[{"embeddable":true,"href":"https:\/\/apoioaempresas.pt\/en\/wp-json\/wp\/v2\/pages\/2944"}],"wp:attachment":[{"href":"https:\/\/apoioaempresas.pt\/en\/wp-json\/wp\/v2\/media?parent=2754"}],"curies":[{"name":"wp","href":"https:\/\/api.w.org\/{rel}","templated":true}]}}