{"id":2771,"date":"2016-01-30T21:56:24","date_gmt":"2016-01-30T21:56:24","guid":{"rendered":"https:\/\/apoioaempresas.pt\/business-plans\/"},"modified":"2024-12-12T09:38:17","modified_gmt":"2024-12-12T09:38:17","slug":"business-plans","status":"publish","type":"page","link":"https:\/\/apoioaempresas.pt\/en\/services\/business-plans\/","title":{"rendered":"Business plans"},"content":{"rendered":"<div class=\"wpb-content-wrapper\"><p>[vc_row type=&#8221;vc_default&#8221;][vc_column css=&#8221;.vc_custom_1498229431694{padding-bottom: 50px !important;}&#8221;]<div id=\"ultimate-heading-887369eb28d8328ca\" class=\"uvc-heading ult-adjust-bottom-margin ultimate-heading-887369eb28d8328ca uvc-6316 \" data-hspacer=\"no_spacer\"  data-halign=\"left\" style=\"text-align:left\"><div class=\"uvc-heading-spacer no_spacer\" style=\"top\"><\/div><div class=\"uvc-main-heading ult-responsive\"  data-ultimate-target='.uvc-heading.ultimate-heading-887369eb28d8328ca h2'  data-responsive-json-new='{\"font-size\":\"desktop:26px;\",\"line-height\":\"desktop:32px;\"}' ><h2 style=\"font-weight:bold;margin-bottom:20px;\">Business plans<\/h2><\/div><div class=\"uvc-sub-heading ult-responsive\"  data-ultimate-target='.uvc-heading.ultimate-heading-887369eb28d8328ca .uvc-sub-heading '  data-responsive-json-new='{\"font-size\":\"\",\"line-height\":\"\"}'  style=\"font-weight:normal;\">Turn your vision into reality with our Business Plans.<\/div><\/div>[vc_column_text]Do you have a brilliant idea for a business? Are you ready to take the next step and turn your vision into reality?<\/p>\n<p>With our Business Plans you&#8217;ll be able to guide the growth and success of your company, whether it&#8217;s an established business or an early-stage startup.<\/p>\n<p>We know that having a solid business plan is fundamental to achieving significant results. That&#8217;s why we offer a comprehensive business plan consultancy service, with a team of experienced specialists who will help you develop clear and effective strategies to achieve your business goals.<\/p>\n<p>If you&#8217;re already in business, a Business Plan helps you redefine and optimize your current strategy. We will analyze the company, assessing its strengths and areas of opportunity, as well as the competitive environment in which it operates. Based on this analysis, we will develop a customized strategic plan to boost growth, increase profitability and meet market challenges.<\/p>\n<p>For businesses just starting out, Business Plans provide the solid foundation needed to get started with confidence. We will work closely with you to understand your vision, target market and short- and long-term goals. Based on this understanding, we will develop a detailed plan that covers aspects such as market research, competition analysis, target audience definition, marketing strategies, financial projections and much more.<\/p>\n<p>Our Business Plans are personalized and adapted to your specific needs. We use industry best practices, combined with innovative insights, to create a robust and viable strategic plan. In addition, we will provide ongoing guidance as you implement the plan, adjusting it according to market changes and ensuring that you are always on the right track for success.<\/p>\n<p>Don&#8217;t leave your business vision to chance. With a business plan you will have clarity, direction and a competitive edge in the market.<\/p>\n<p>We&#8217;re here to help you turn your ideas into a successful business.[\/vc_column_text][\/vc_column][\/vc_row]<\/p>\n<\/div>","protected":false},"excerpt":{"rendered":"<p>[vc_row type=&#8221;vc_default&#8221;][vc_column css=&#8221;.vc_custom_1498229431694{padding-bottom: 50px !important;}&#8221;][vc_column_text]Do you have a brilliant idea for a business? Are you ready to take the next step and turn your vision into reality? With our Business Plans you&#8217;ll be able to guide the growth and success of your company, whether it&#8217;s an established business or an early-stage startup. We know that&hellip;<\/p>\n","protected":false},"author":2,"featured_media":0,"parent":2944,"menu_order":100,"comment_status":"closed","ping_status":"closed","template":"","meta":{"footnotes":""},"class_list":["post-2771","page","type-page","status-publish","hentry","description-off"],"yoast_head":"<!-- This site is optimized with the Yoast SEO plugin v26.6 - https:\/\/yoast.com\/wordpress\/plugins\/seo\/ -->\n<title>Business Plan - Business Support<\/title>\n<meta name=\"description\" content=\"Do you have a brilliant idea for a business? Turn your vision into reality with our Business Plans. Talk to us!\" \/>\n<meta name=\"robots\" content=\"index, follow, max-snippet:-1, max-image-preview:large, max-video-preview:-1\" \/>\n<link rel=\"canonical\" href=\"https:\/\/apoioaempresas.pt\/en\/services\/business-plans\/\" \/>\n<meta property=\"og:locale\" content=\"en_US\" \/>\n<meta property=\"og:type\" content=\"article\" \/>\n<meta property=\"og:title\" content=\"Business Plan - Business Support\" \/>\n<meta property=\"og:description\" content=\"Do you have a brilliant idea for a business? Turn your vision into reality with our Business Plans. Talk to us!\" \/>\n<meta property=\"og:url\" content=\"https:\/\/apoioaempresas.pt\/en\/services\/business-plans\/\" \/>\n<meta property=\"og:site_name\" content=\"Apoio a Empresas\" \/>\n<meta property=\"article:publisher\" content=\"https:\/\/www.facebook.com\/apoioaempresas\/\" \/>\n<meta property=\"article:modified_time\" content=\"2024-12-12T09:38:17+00:00\" \/>\n<meta property=\"og:image\" content=\"https:\/\/apoioaempresas.pt\/wp-content\/uploads\/2023\/07\/Apoio-a-Empresas-Logo-562x200-fundo.png\" \/>\n\t<meta property=\"og:image:width\" content=\"526\" \/>\n\t<meta property=\"og:image:height\" content=\"200\" \/>\n\t<meta property=\"og:image:type\" content=\"image\/png\" \/>\n<meta name=\"twitter:card\" content=\"summary_large_image\" \/>\n<meta name=\"twitter:label1\" content=\"Est. reading time\" \/>\n\t<meta name=\"twitter:data1\" content=\"2 minutes\" \/>\n<script type=\"application\/ld+json\" class=\"yoast-schema-graph\">{\"@context\":\"https:\/\/schema.org\",\"@graph\":[{\"@type\":\"WebPage\",\"@id\":\"https:\/\/apoioaempresas.pt\/en\/services\/business-plans\/\",\"url\":\"https:\/\/apoioaempresas.pt\/en\/services\/business-plans\/\",\"name\":\"Business Plan - Business Support\",\"isPartOf\":{\"@id\":\"https:\/\/apoioaempresas.pt\/en\/#website\"},\"datePublished\":\"2016-01-30T21:56:24+00:00\",\"dateModified\":\"2024-12-12T09:38:17+00:00\",\"description\":\"Do you have a brilliant idea for a business? Turn your vision into reality with our Business Plans. Talk to us!\",\"breadcrumb\":{\"@id\":\"https:\/\/apoioaempresas.pt\/en\/services\/business-plans\/#breadcrumb\"},\"inLanguage\":\"en-US\",\"potentialAction\":[{\"@type\":\"ReadAction\",\"target\":[\"https:\/\/apoioaempresas.pt\/en\/services\/business-plans\/\"]}]},{\"@type\":\"BreadcrumbList\",\"@id\":\"https:\/\/apoioaempresas.pt\/en\/services\/business-plans\/#breadcrumb\",\"itemListElement\":[{\"@type\":\"ListItem\",\"position\":1,\"name\":\"Home\",\"item\":\"https:\/\/apoioaempresas.pt\/en\/\"},{\"@type\":\"ListItem\",\"position\":2,\"name\":\"Services\",\"item\":\"https:\/\/apoioaempresas.pt\/en\/services\/\"},{\"@type\":\"ListItem\",\"position\":3,\"name\":\"Business plans\"}]},{\"@type\":\"WebSite\",\"@id\":\"https:\/\/apoioaempresas.pt\/en\/#website\",\"url\":\"https:\/\/apoioaempresas.pt\/en\/\",\"name\":\"Apoio a Empresas\",\"description\":\"Disponibilizamos uma variedade de servi\u00e7os de apoio a empresas, para desenvolver o seu neg\u00f3cio ou ideia de neg\u00f3cio. Contacte-nos!\",\"publisher\":{\"@id\":\"https:\/\/apoioaempresas.pt\/en\/#organization\"},\"potentialAction\":[{\"@type\":\"SearchAction\",\"target\":{\"@type\":\"EntryPoint\",\"urlTemplate\":\"https:\/\/apoioaempresas.pt\/en\/?s={search_term_string}\"},\"query-input\":{\"@type\":\"PropertyValueSpecification\",\"valueRequired\":true,\"valueName\":\"search_term_string\"}}],\"inLanguage\":\"en-US\"},{\"@type\":\"Organization\",\"@id\":\"https:\/\/apoioaempresas.pt\/en\/#organization\",\"name\":\"Apoio a Empresas\",\"url\":\"https:\/\/apoioaempresas.pt\/en\/\",\"logo\":{\"@type\":\"ImageObject\",\"inLanguage\":\"en-US\",\"@id\":\"https:\/\/apoioaempresas.pt\/en\/#\/schema\/logo\/image\/\",\"url\":\"https:\/\/apoioaempresas.pt\/wp-content\/uploads\/2023\/07\/Apoio-a-Empresas-Logo-Quadrado.png\",\"contentUrl\":\"https:\/\/apoioaempresas.pt\/wp-content\/uploads\/2023\/07\/Apoio-a-Empresas-Logo-Quadrado.png\",\"width\":500,\"height\":500,\"caption\":\"Apoio a Empresas\"},\"image\":{\"@id\":\"https:\/\/apoioaempresas.pt\/en\/#\/schema\/logo\/image\/\"},\"sameAs\":[\"https:\/\/www.facebook.com\/apoioaempresas\/\",\"https:\/\/www.linkedin.com\/company\/apoio-a-empresas\/\",\"https:\/\/www.facebook.com\/apoioaempresascom\",\"https:\/\/www.linkedin.com\/company\/apoioaempresascom\/\",\"https:\/\/www.instagram.com\/apoioaempresascom\/\",\"https:\/\/www.instagram.com\/apoioaempresas.pt\/\"]}]}<\/script>\n<!-- \/ Yoast SEO plugin. -->","yoast_head_json":{"title":"Business Plan - Business Support","description":"Do you have a brilliant idea for a business? Turn your vision into reality with our Business Plans. Talk to us!","robots":{"index":"index","follow":"follow","max-snippet":"max-snippet:-1","max-image-preview":"max-image-preview:large","max-video-preview":"max-video-preview:-1"},"canonical":"https:\/\/apoioaempresas.pt\/en\/services\/business-plans\/","og_locale":"en_US","og_type":"article","og_title":"Business Plan - Business Support","og_description":"Do you have a brilliant idea for a business? Turn your vision into reality with our Business Plans. Talk to us!","og_url":"https:\/\/apoioaempresas.pt\/en\/services\/business-plans\/","og_site_name":"Apoio a Empresas","article_publisher":"https:\/\/www.facebook.com\/apoioaempresas\/","article_modified_time":"2024-12-12T09:38:17+00:00","og_image":[{"width":526,"height":200,"url":"https:\/\/apoioaempresas.pt\/wp-content\/uploads\/2023\/07\/Apoio-a-Empresas-Logo-562x200-fundo.png","type":"image\/png"}],"twitter_card":"summary_large_image","twitter_misc":{"Est. reading time":"2 minutes"},"schema":{"@context":"https:\/\/schema.org","@graph":[{"@type":"WebPage","@id":"https:\/\/apoioaempresas.pt\/en\/services\/business-plans\/","url":"https:\/\/apoioaempresas.pt\/en\/services\/business-plans\/","name":"Business Plan - Business Support","isPartOf":{"@id":"https:\/\/apoioaempresas.pt\/en\/#website"},"datePublished":"2016-01-30T21:56:24+00:00","dateModified":"2024-12-12T09:38:17+00:00","description":"Do you have a brilliant idea for a business? Turn your vision into reality with our Business Plans. Talk to us!","breadcrumb":{"@id":"https:\/\/apoioaempresas.pt\/en\/services\/business-plans\/#breadcrumb"},"inLanguage":"en-US","potentialAction":[{"@type":"ReadAction","target":["https:\/\/apoioaempresas.pt\/en\/services\/business-plans\/"]}]},{"@type":"BreadcrumbList","@id":"https:\/\/apoioaempresas.pt\/en\/services\/business-plans\/#breadcrumb","itemListElement":[{"@type":"ListItem","position":1,"name":"Home","item":"https:\/\/apoioaempresas.pt\/en\/"},{"@type":"ListItem","position":2,"name":"Services","item":"https:\/\/apoioaempresas.pt\/en\/services\/"},{"@type":"ListItem","position":3,"name":"Business plans"}]},{"@type":"WebSite","@id":"https:\/\/apoioaempresas.pt\/en\/#website","url":"https:\/\/apoioaempresas.pt\/en\/","name":"Apoio a Empresas","description":"Disponibilizamos uma variedade de servi\u00e7os de apoio a empresas, para desenvolver o seu neg\u00f3cio ou ideia de neg\u00f3cio. Contacte-nos!","publisher":{"@id":"https:\/\/apoioaempresas.pt\/en\/#organization"},"potentialAction":[{"@type":"SearchAction","target":{"@type":"EntryPoint","urlTemplate":"https:\/\/apoioaempresas.pt\/en\/?s={search_term_string}"},"query-input":{"@type":"PropertyValueSpecification","valueRequired":true,"valueName":"search_term_string"}}],"inLanguage":"en-US"},{"@type":"Organization","@id":"https:\/\/apoioaempresas.pt\/en\/#organization","name":"Apoio a Empresas","url":"https:\/\/apoioaempresas.pt\/en\/","logo":{"@type":"ImageObject","inLanguage":"en-US","@id":"https:\/\/apoioaempresas.pt\/en\/#\/schema\/logo\/image\/","url":"https:\/\/apoioaempresas.pt\/wp-content\/uploads\/2023\/07\/Apoio-a-Empresas-Logo-Quadrado.png","contentUrl":"https:\/\/apoioaempresas.pt\/wp-content\/uploads\/2023\/07\/Apoio-a-Empresas-Logo-Quadrado.png","width":500,"height":500,"caption":"Apoio a Empresas"},"image":{"@id":"https:\/\/apoioaempresas.pt\/en\/#\/schema\/logo\/image\/"},"sameAs":["https:\/\/www.facebook.com\/apoioaempresas\/","https:\/\/www.linkedin.com\/company\/apoio-a-empresas\/","https:\/\/www.facebook.com\/apoioaempresascom","https:\/\/www.linkedin.com\/company\/apoioaempresascom\/","https:\/\/www.instagram.com\/apoioaempresascom\/","https:\/\/www.instagram.com\/apoioaempresas.pt\/"]}]}},"_links":{"self":[{"href":"https:\/\/apoioaempresas.pt\/en\/wp-json\/wp\/v2\/pages\/2771","targetHints":{"allow":["GET"]}}],"collection":[{"href":"https:\/\/apoioaempresas.pt\/en\/wp-json\/wp\/v2\/pages"}],"about":[{"href":"https:\/\/apoioaempresas.pt\/en\/wp-json\/wp\/v2\/types\/page"}],"author":[{"embeddable":true,"href":"https:\/\/apoioaempresas.pt\/en\/wp-json\/wp\/v2\/users\/2"}],"replies":[{"embeddable":true,"href":"https:\/\/apoioaempresas.pt\/en\/wp-json\/wp\/v2\/comments?post=2771"}],"version-history":[{"count":0,"href":"https:\/\/apoioaempresas.pt\/en\/wp-json\/wp\/v2\/pages\/2771\/revisions"}],"up":[{"embeddable":true,"href":"https:\/\/apoioaempresas.pt\/en\/wp-json\/wp\/v2\/pages\/2944"}],"wp:attachment":[{"href":"https:\/\/apoioaempresas.pt\/en\/wp-json\/wp\/v2\/media?parent=2771"}],"curies":[{"name":"wp","href":"https:\/\/api.w.org\/{rel}","templated":true}]}}