{"id":2778,"date":"2016-01-30T21:56:24","date_gmt":"2016-01-30T21:56:24","guid":{"rendered":"https:\/\/apoioaempresas.pt\/press-office\/"},"modified":"2024-10-31T14:56:52","modified_gmt":"2024-10-31T14:56:52","slug":"press-office","status":"publish","type":"page","link":"https:\/\/apoioaempresas.pt\/en\/services\/press-office\/","title":{"rendered":"Press Office"},"content":{"rendered":"<div class=\"wpb-content-wrapper\"><p>[vc_row type=&#8221;vc_default&#8221;][vc_column css=&#8221;.vc_custom_1498229431694{padding-bottom: 50px !important;}&#8221;]<div id=\"ultimate-heading-641169eb29cf14e37\" class=\"uvc-heading ult-adjust-bottom-margin ultimate-heading-641169eb29cf14e37 uvc-8637 \" data-hspacer=\"no_spacer\"  data-halign=\"left\" style=\"text-align:left\"><div class=\"uvc-heading-spacer no_spacer\" style=\"top\"><\/div><div class=\"uvc-main-heading ult-responsive\"  data-ultimate-target='.uvc-heading.ultimate-heading-641169eb29cf14e37 h2'  data-responsive-json-new='{\"font-size\":\"desktop:26px;\",\"line-height\":\"desktop:32px;\"}' ><h2 style=\"font-weight:bold;margin-bottom:20px;\">Press Office<\/h2><\/div><div class=\"uvc-sub-heading ult-responsive\"  data-ultimate-target='.uvc-heading.ultimate-heading-641169eb29cf14e37 .uvc-sub-heading '  data-responsive-json-new='{\"font-size\":\"\",\"line-height\":\"\"}'  style=\"font-weight:normal;\">Make your company relevant to the <em>media<\/em> and reach a wider audience.<\/div><\/div>[vc_column_text]Press relations is a strategic tool that allows companies to control the narrative around their stories and messages.<\/p>\n<p>It therefore plays a key role in building reputation, managing crises and increasing visibility. When carried out skillfully, press relations can make the difference between anonymity and public recognition, as well as strengthening public confidence in the messages being conveyed.<\/p>\n<p>Its importance is related to greater visibility for the company, greater credibility, better management of delicate situations and positioning as an expert in a given field.<\/p>\n<p>Contact us and start building your reputation now.[\/vc_column_text][\/vc_column][\/vc_row]<\/p>\n<\/div>","protected":false},"excerpt":{"rendered":"<p>[vc_row type=&#8221;vc_default&#8221;][vc_column css=&#8221;.vc_custom_1498229431694{padding-bottom: 50px !important;}&#8221;][vc_column_text]Press relations is a strategic tool that allows companies to control the narrative around their stories and messages. It therefore plays a key role in building reputation, managing crises and increasing visibility. When carried out skillfully, press relations can make the difference between anonymity and public recognition, as well as strengthening&hellip;<\/p>\n","protected":false},"author":2,"featured_media":0,"parent":2944,"menu_order":100,"comment_status":"closed","ping_status":"closed","template":"","meta":{"footnotes":""},"class_list":["post-2778","page","type-page","status-publish","hentry","description-off"],"yoast_head":"<!-- This site is optimized with the Yoast SEO plugin v26.6 - https:\/\/yoast.com\/wordpress\/plugins\/seo\/ -->\n<title>Press Office - Apoio a Empresas<\/title>\n<meta name=\"description\" content=\"The press office plays a key role in reputation building, crisis management and raising awareness. Talk to us!\" \/>\n<meta name=\"robots\" content=\"index, follow, max-snippet:-1, max-image-preview:large, max-video-preview:-1\" \/>\n<link rel=\"canonical\" href=\"https:\/\/apoioaempresas.pt\/en\/services\/press-office\/\" \/>\n<meta property=\"og:locale\" content=\"en_US\" \/>\n<meta property=\"og:type\" content=\"article\" \/>\n<meta property=\"og:title\" content=\"Press Office - Apoio a Empresas\" \/>\n<meta property=\"og:description\" content=\"The press office plays a key role in reputation building, crisis management and raising awareness. Talk to us!\" \/>\n<meta property=\"og:url\" content=\"https:\/\/apoioaempresas.pt\/en\/services\/press-office\/\" \/>\n<meta property=\"og:site_name\" content=\"Apoio a Empresas\" \/>\n<meta property=\"article:publisher\" content=\"https:\/\/www.facebook.com\/apoioaempresas\/\" \/>\n<meta property=\"article:modified_time\" content=\"2024-10-31T14:56:52+00:00\" \/>\n<meta property=\"og:image\" content=\"https:\/\/apoioaempresas.pt\/wp-content\/uploads\/2023\/07\/Apoio-a-Empresas-Logo-562x200-fundo.png\" \/>\n\t<meta property=\"og:image:width\" content=\"526\" \/>\n\t<meta property=\"og:image:height\" content=\"200\" \/>\n\t<meta property=\"og:image:type\" content=\"image\/png\" \/>\n<meta name=\"twitter:card\" content=\"summary_large_image\" \/>\n<meta name=\"twitter:label1\" content=\"Est. reading time\" \/>\n\t<meta name=\"twitter:data1\" content=\"1 minute\" \/>\n<script type=\"application\/ld+json\" class=\"yoast-schema-graph\">{\"@context\":\"https:\/\/schema.org\",\"@graph\":[{\"@type\":\"WebPage\",\"@id\":\"https:\/\/apoioaempresas.pt\/en\/services\/press-office\/\",\"url\":\"https:\/\/apoioaempresas.pt\/en\/services\/press-office\/\",\"name\":\"Press Office - Apoio a Empresas\",\"isPartOf\":{\"@id\":\"https:\/\/apoioaempresas.pt\/en\/#website\"},\"datePublished\":\"2016-01-30T21:56:24+00:00\",\"dateModified\":\"2024-10-31T14:56:52+00:00\",\"description\":\"The press office plays a key role in reputation building, crisis management and raising awareness. Talk to us!\",\"breadcrumb\":{\"@id\":\"https:\/\/apoioaempresas.pt\/en\/services\/press-office\/#breadcrumb\"},\"inLanguage\":\"en-US\",\"potentialAction\":[{\"@type\":\"ReadAction\",\"target\":[\"https:\/\/apoioaempresas.pt\/en\/services\/press-office\/\"]}]},{\"@type\":\"BreadcrumbList\",\"@id\":\"https:\/\/apoioaempresas.pt\/en\/services\/press-office\/#breadcrumb\",\"itemListElement\":[{\"@type\":\"ListItem\",\"position\":1,\"name\":\"Home\",\"item\":\"https:\/\/apoioaempresas.pt\/en\/\"},{\"@type\":\"ListItem\",\"position\":2,\"name\":\"Services\",\"item\":\"https:\/\/apoioaempresas.pt\/en\/services\/\"},{\"@type\":\"ListItem\",\"position\":3,\"name\":\"Press Office\"}]},{\"@type\":\"WebSite\",\"@id\":\"https:\/\/apoioaempresas.pt\/en\/#website\",\"url\":\"https:\/\/apoioaempresas.pt\/en\/\",\"name\":\"Apoio a Empresas\",\"description\":\"Disponibilizamos uma variedade de servi\u00e7os de apoio a empresas, para desenvolver o seu neg\u00f3cio ou ideia de neg\u00f3cio. Contacte-nos!\",\"publisher\":{\"@id\":\"https:\/\/apoioaempresas.pt\/en\/#organization\"},\"potentialAction\":[{\"@type\":\"SearchAction\",\"target\":{\"@type\":\"EntryPoint\",\"urlTemplate\":\"https:\/\/apoioaempresas.pt\/en\/?s={search_term_string}\"},\"query-input\":{\"@type\":\"PropertyValueSpecification\",\"valueRequired\":true,\"valueName\":\"search_term_string\"}}],\"inLanguage\":\"en-US\"},{\"@type\":\"Organization\",\"@id\":\"https:\/\/apoioaempresas.pt\/en\/#organization\",\"name\":\"Apoio a Empresas\",\"url\":\"https:\/\/apoioaempresas.pt\/en\/\",\"logo\":{\"@type\":\"ImageObject\",\"inLanguage\":\"en-US\",\"@id\":\"https:\/\/apoioaempresas.pt\/en\/#\/schema\/logo\/image\/\",\"url\":\"https:\/\/apoioaempresas.pt\/wp-content\/uploads\/2023\/07\/Apoio-a-Empresas-Logo-Quadrado.png\",\"contentUrl\":\"https:\/\/apoioaempresas.pt\/wp-content\/uploads\/2023\/07\/Apoio-a-Empresas-Logo-Quadrado.png\",\"width\":500,\"height\":500,\"caption\":\"Apoio a Empresas\"},\"image\":{\"@id\":\"https:\/\/apoioaempresas.pt\/en\/#\/schema\/logo\/image\/\"},\"sameAs\":[\"https:\/\/www.facebook.com\/apoioaempresas\/\",\"https:\/\/www.linkedin.com\/company\/apoio-a-empresas\/\",\"https:\/\/www.facebook.com\/apoioaempresascom\",\"https:\/\/www.linkedin.com\/company\/apoioaempresascom\/\",\"https:\/\/www.instagram.com\/apoioaempresascom\/\",\"https:\/\/www.instagram.com\/apoioaempresas.pt\/\"]}]}<\/script>\n<!-- \/ Yoast SEO plugin. -->","yoast_head_json":{"title":"Press Office - Apoio a Empresas","description":"The press office plays a key role in reputation building, crisis management and raising awareness. Talk to us!","robots":{"index":"index","follow":"follow","max-snippet":"max-snippet:-1","max-image-preview":"max-image-preview:large","max-video-preview":"max-video-preview:-1"},"canonical":"https:\/\/apoioaempresas.pt\/en\/services\/press-office\/","og_locale":"en_US","og_type":"article","og_title":"Press Office - Apoio a Empresas","og_description":"The press office plays a key role in reputation building, crisis management and raising awareness. Talk to us!","og_url":"https:\/\/apoioaempresas.pt\/en\/services\/press-office\/","og_site_name":"Apoio a Empresas","article_publisher":"https:\/\/www.facebook.com\/apoioaempresas\/","article_modified_time":"2024-10-31T14:56:52+00:00","og_image":[{"width":526,"height":200,"url":"https:\/\/apoioaempresas.pt\/wp-content\/uploads\/2023\/07\/Apoio-a-Empresas-Logo-562x200-fundo.png","type":"image\/png"}],"twitter_card":"summary_large_image","twitter_misc":{"Est. reading time":"1 minute"},"schema":{"@context":"https:\/\/schema.org","@graph":[{"@type":"WebPage","@id":"https:\/\/apoioaempresas.pt\/en\/services\/press-office\/","url":"https:\/\/apoioaempresas.pt\/en\/services\/press-office\/","name":"Press Office - Apoio a Empresas","isPartOf":{"@id":"https:\/\/apoioaempresas.pt\/en\/#website"},"datePublished":"2016-01-30T21:56:24+00:00","dateModified":"2024-10-31T14:56:52+00:00","description":"The press office plays a key role in reputation building, crisis management and raising awareness. Talk to us!","breadcrumb":{"@id":"https:\/\/apoioaempresas.pt\/en\/services\/press-office\/#breadcrumb"},"inLanguage":"en-US","potentialAction":[{"@type":"ReadAction","target":["https:\/\/apoioaempresas.pt\/en\/services\/press-office\/"]}]},{"@type":"BreadcrumbList","@id":"https:\/\/apoioaempresas.pt\/en\/services\/press-office\/#breadcrumb","itemListElement":[{"@type":"ListItem","position":1,"name":"Home","item":"https:\/\/apoioaempresas.pt\/en\/"},{"@type":"ListItem","position":2,"name":"Services","item":"https:\/\/apoioaempresas.pt\/en\/services\/"},{"@type":"ListItem","position":3,"name":"Press Office"}]},{"@type":"WebSite","@id":"https:\/\/apoioaempresas.pt\/en\/#website","url":"https:\/\/apoioaempresas.pt\/en\/","name":"Apoio a Empresas","description":"Disponibilizamos uma variedade de servi\u00e7os de apoio a empresas, para desenvolver o seu neg\u00f3cio ou ideia de neg\u00f3cio. Contacte-nos!","publisher":{"@id":"https:\/\/apoioaempresas.pt\/en\/#organization"},"potentialAction":[{"@type":"SearchAction","target":{"@type":"EntryPoint","urlTemplate":"https:\/\/apoioaempresas.pt\/en\/?s={search_term_string}"},"query-input":{"@type":"PropertyValueSpecification","valueRequired":true,"valueName":"search_term_string"}}],"inLanguage":"en-US"},{"@type":"Organization","@id":"https:\/\/apoioaempresas.pt\/en\/#organization","name":"Apoio a Empresas","url":"https:\/\/apoioaempresas.pt\/en\/","logo":{"@type":"ImageObject","inLanguage":"en-US","@id":"https:\/\/apoioaempresas.pt\/en\/#\/schema\/logo\/image\/","url":"https:\/\/apoioaempresas.pt\/wp-content\/uploads\/2023\/07\/Apoio-a-Empresas-Logo-Quadrado.png","contentUrl":"https:\/\/apoioaempresas.pt\/wp-content\/uploads\/2023\/07\/Apoio-a-Empresas-Logo-Quadrado.png","width":500,"height":500,"caption":"Apoio a Empresas"},"image":{"@id":"https:\/\/apoioaempresas.pt\/en\/#\/schema\/logo\/image\/"},"sameAs":["https:\/\/www.facebook.com\/apoioaempresas\/","https:\/\/www.linkedin.com\/company\/apoio-a-empresas\/","https:\/\/www.facebook.com\/apoioaempresascom","https:\/\/www.linkedin.com\/company\/apoioaempresascom\/","https:\/\/www.instagram.com\/apoioaempresascom\/","https:\/\/www.instagram.com\/apoioaempresas.pt\/"]}]}},"_links":{"self":[{"href":"https:\/\/apoioaempresas.pt\/en\/wp-json\/wp\/v2\/pages\/2778","targetHints":{"allow":["GET"]}}],"collection":[{"href":"https:\/\/apoioaempresas.pt\/en\/wp-json\/wp\/v2\/pages"}],"about":[{"href":"https:\/\/apoioaempresas.pt\/en\/wp-json\/wp\/v2\/types\/page"}],"author":[{"embeddable":true,"href":"https:\/\/apoioaempresas.pt\/en\/wp-json\/wp\/v2\/users\/2"}],"replies":[{"embeddable":true,"href":"https:\/\/apoioaempresas.pt\/en\/wp-json\/wp\/v2\/comments?post=2778"}],"version-history":[{"count":0,"href":"https:\/\/apoioaempresas.pt\/en\/wp-json\/wp\/v2\/pages\/2778\/revisions"}],"up":[{"embeddable":true,"href":"https:\/\/apoioaempresas.pt\/en\/wp-json\/wp\/v2\/pages\/2944"}],"wp:attachment":[{"href":"https:\/\/apoioaempresas.pt\/en\/wp-json\/wp\/v2\/media?parent=2778"}],"curies":[{"name":"wp","href":"https:\/\/api.w.org\/{rel}","templated":true}]}}