{"id":3242,"date":"2025-04-18T00:29:55","date_gmt":"2025-04-17T23:29:55","guid":{"rendered":"https:\/\/apoioaempresas.pt\/project-sheet\/"},"modified":"2025-04-24T04:03:11","modified_gmt":"2025-04-24T03:03:11","slug":"project-sheet","status":"publish","type":"page","link":"https:\/\/apoioaempresas.pt\/en\/project-sheet\/","title":{"rendered":"Project Sheet"},"content":{"rendered":"\n<h2 class=\"wp-block-heading\"><strong>Project Identification<\/strong><\/h2>\n\n\n\n<p>Internationalization of Conjugar Raz\u00f5es<\/p>\n\n\n\n<p><strong>Promoter:<\/strong><\/p>\n\n\n\n<p>CONJUGAR RAZ\u00d5ES LDA<\/p>\n\n\n\n<p><strong>Scope:<\/strong><\/p>\n\n\n\n<p>Application submitted under the Call for Proposals 14\/C16-i02\/2023 \u2013 Internationalization through e-commerce, grounded in the Component 16 \u2013 Companies 4.0, integrated in the Digital Transition dimension of the Recovery and Resilience Plan (RRP)<\/p>\n\n\n\n<p><strong>Description:<\/strong><\/p>\n\n\n\n<p>Conjugar Raz\u00f5es, Lda., a company specialized in business support services, aims to expand internationally to Spain and France. This strategy involves establishing a digital presence in these markets through the creation of a multilingual website, digital marketing campaigns, and the reinforcement of the team with a communication professional. The focus is on attracting foreign companies wishing to operate in Portugal, offering services such as virtual offices, marketing consulting, and training.<\/p>\n\n\n\n<p><strong>Objectives:<\/strong><\/p>\n\n\n\n<ul class=\"wp-block-list\">\n<li>Internationalize services to Spain and France.<\/li>\n\n\n\n<li>Create and optimize the website in Spanish, French, and English.<\/li>\n\n\n\n<li>Increase brand visibility through digital marketing.<\/li>\n\n\n\n<li>Attract international clients for virtual office, coworking, and consulting services.<\/li>\n\n\n\n<li>Reinforce the team with a communication specialist. Position as a strategic partner supporting foreign companies entering the Portuguese market.<\/li>\n<\/ul>\n\n\n\n<p><strong>Indicators:<\/strong><\/p>\n\n\n\n<ul class=\"wp-block-list\">\n<li>Creation of an online store (Indicator) \u2013 1 multilingual website (Target\/Expected Result)<\/li>\n\n\n\n<li>Number of new services and\/or features introduced in the online store (Indicator) \u2013 2 new services adapted to the international market (Target\/Expected Result)<\/li>\n\n\n\n<li>Number of new marketplace subscriptions (Indicator) \u2013 1 new marketplace subscription (Target\/Expected Result)<\/li>\n\n\n\n<li>Number of markets covered through digital marketing actions (Indicator) \u2013 2 (Spain and France) (Target\/Expected Result)<\/li>\n\n\n\n<li>\n<\/li><\/ul>\n\n\n\n<p><strong>Investment<\/strong><\/p>\n\n\n\n<p>24.780,00\u20ac<\/p>\n\n\n\n<p><strong>Support\/encouragement<\/strong><\/p>\n\n\n\n<p>12.390,00 \u20ac<\/p>\n\n\n","protected":false},"excerpt":{"rendered":"<p>Project Identification Internationalization of Conjugar Raz\u00f5es Promoter: CONJUGAR RAZ\u00d5ES LDA Scope: Application submitted under the Call for Proposals 14\/C16-i02\/2023 \u2013 Internationalization through e-commerce, grounded in the Component 16 \u2013 Companies 4.0, integrated in the Digital Transition dimension of the Recovery and Resilience Plan (RRP) Description: Conjugar Raz\u00f5es, Lda., a company specialized in business support services,&hellip;<\/p>\n","protected":false},"author":2,"featured_media":3198,"parent":0,"menu_order":0,"comment_status":"closed","ping_status":"closed","template":"","meta":{"footnotes":""},"class_list":["post-3242","page","type-page","status-publish","has-post-thumbnail","hentry","description-off"],"yoast_head":"<!-- This site is optimized with the Yoast SEO plugin v26.6 - https:\/\/yoast.com\/wordpress\/plugins\/seo\/ -->\n<title>Project Sheet - Apoio a Empresas<\/title>\n<meta name=\"description\" content=\"See our Cookie Policy on this page. Users can revoke or change their preferences at any time.\" \/>\n<meta name=\"robots\" content=\"index, follow, max-snippet:-1, max-image-preview:large, max-video-preview:-1\" \/>\n<link rel=\"canonical\" href=\"https:\/\/apoioaempresas.pt\/en\/project-sheet\/\" \/>\n<meta property=\"og:locale\" content=\"en_US\" \/>\n<meta property=\"og:type\" content=\"article\" \/>\n<meta property=\"og:title\" content=\"Project Sheet - Apoio a Empresas\" \/>\n<meta property=\"og:description\" content=\"See our Cookie Policy on this page. Users can revoke or change their preferences at any time.\" \/>\n<meta property=\"og:url\" content=\"https:\/\/apoioaempresas.pt\/en\/project-sheet\/\" \/>\n<meta property=\"og:site_name\" content=\"Apoio a Empresas\" \/>\n<meta property=\"article:publisher\" content=\"https:\/\/www.facebook.com\/apoioaempresas\/\" \/>\n<meta property=\"article:modified_time\" content=\"2025-04-24T03:03:11+00:00\" \/>\n<meta property=\"og:image\" content=\"https:\/\/apoioaempresas.pt\/wp-content\/uploads\/2025\/04\/logos.webp\" \/>\n\t<meta property=\"og:image:width\" content=\"1842\" \/>\n\t<meta property=\"og:image:height\" content=\"312\" \/>\n\t<meta property=\"og:image:type\" content=\"image\/webp\" \/>\n<meta name=\"twitter:card\" content=\"summary_large_image\" \/>\n<meta name=\"twitter:label1\" content=\"Est. reading time\" \/>\n\t<meta name=\"twitter:data1\" content=\"1 minute\" \/>\n<script type=\"application\/ld+json\" class=\"yoast-schema-graph\">{\"@context\":\"https:\/\/schema.org\",\"@graph\":[{\"@type\":\"WebPage\",\"@id\":\"https:\/\/apoioaempresas.pt\/en\/project-sheet\/\",\"url\":\"https:\/\/apoioaempresas.pt\/en\/project-sheet\/\",\"name\":\"Project Sheet - Apoio a Empresas\",\"isPartOf\":{\"@id\":\"https:\/\/apoioaempresas.pt\/en\/#website\"},\"primaryImageOfPage\":{\"@id\":\"https:\/\/apoioaempresas.pt\/en\/project-sheet\/#primaryimage\"},\"image\":{\"@id\":\"https:\/\/apoioaempresas.pt\/en\/project-sheet\/#primaryimage\"},\"thumbnailUrl\":\"https:\/\/apoioaempresas.pt\/wp-content\/uploads\/2025\/04\/logos.webp\",\"datePublished\":\"2025-04-17T23:29:55+00:00\",\"dateModified\":\"2025-04-24T03:03:11+00:00\",\"description\":\"See our Cookie Policy on this page. Users can revoke or change their preferences at any time.\",\"breadcrumb\":{\"@id\":\"https:\/\/apoioaempresas.pt\/en\/project-sheet\/#breadcrumb\"},\"inLanguage\":\"en-US\",\"potentialAction\":[{\"@type\":\"ReadAction\",\"target\":[\"https:\/\/apoioaempresas.pt\/en\/project-sheet\/\"]}]},{\"@type\":\"ImageObject\",\"inLanguage\":\"en-US\",\"@id\":\"https:\/\/apoioaempresas.pt\/en\/project-sheet\/#primaryimage\",\"url\":\"https:\/\/apoioaempresas.pt\/wp-content\/uploads\/2025\/04\/logos.webp\",\"contentUrl\":\"https:\/\/apoioaempresas.pt\/wp-content\/uploads\/2025\/04\/logos.webp\",\"width\":1842,\"height\":312},{\"@type\":\"BreadcrumbList\",\"@id\":\"https:\/\/apoioaempresas.pt\/en\/project-sheet\/#breadcrumb\",\"itemListElement\":[{\"@type\":\"ListItem\",\"position\":1,\"name\":\"Home\",\"item\":\"https:\/\/apoioaempresas.pt\/en\/\"},{\"@type\":\"ListItem\",\"position\":2,\"name\":\"Project Sheet\"}]},{\"@type\":\"WebSite\",\"@id\":\"https:\/\/apoioaempresas.pt\/en\/#website\",\"url\":\"https:\/\/apoioaempresas.pt\/en\/\",\"name\":\"Apoio a Empresas\",\"description\":\"Disponibilizamos uma variedade de servi\u00e7os de apoio a empresas, para desenvolver o seu neg\u00f3cio ou ideia de neg\u00f3cio. Contacte-nos!\",\"publisher\":{\"@id\":\"https:\/\/apoioaempresas.pt\/en\/#organization\"},\"potentialAction\":[{\"@type\":\"SearchAction\",\"target\":{\"@type\":\"EntryPoint\",\"urlTemplate\":\"https:\/\/apoioaempresas.pt\/en\/?s={search_term_string}\"},\"query-input\":{\"@type\":\"PropertyValueSpecification\",\"valueRequired\":true,\"valueName\":\"search_term_string\"}}],\"inLanguage\":\"en-US\"},{\"@type\":\"Organization\",\"@id\":\"https:\/\/apoioaempresas.pt\/en\/#organization\",\"name\":\"Apoio a Empresas\",\"url\":\"https:\/\/apoioaempresas.pt\/en\/\",\"logo\":{\"@type\":\"ImageObject\",\"inLanguage\":\"en-US\",\"@id\":\"https:\/\/apoioaempresas.pt\/en\/#\/schema\/logo\/image\/\",\"url\":\"https:\/\/apoioaempresas.pt\/wp-content\/uploads\/2023\/07\/Apoio-a-Empresas-Logo-Quadrado.png\",\"contentUrl\":\"https:\/\/apoioaempresas.pt\/wp-content\/uploads\/2023\/07\/Apoio-a-Empresas-Logo-Quadrado.png\",\"width\":500,\"height\":500,\"caption\":\"Apoio a Empresas\"},\"image\":{\"@id\":\"https:\/\/apoioaempresas.pt\/en\/#\/schema\/logo\/image\/\"},\"sameAs\":[\"https:\/\/www.facebook.com\/apoioaempresas\/\",\"https:\/\/www.linkedin.com\/company\/apoio-a-empresas\/\",\"https:\/\/www.facebook.com\/apoioaempresascom\",\"https:\/\/www.linkedin.com\/company\/apoioaempresascom\/\",\"https:\/\/www.instagram.com\/apoioaempresascom\/\",\"https:\/\/www.instagram.com\/apoioaempresas.pt\/\"]}]}<\/script>\n<!-- \/ Yoast SEO plugin. -->","yoast_head_json":{"title":"Project Sheet - Apoio a Empresas","description":"See our Cookie Policy on this page. Users can revoke or change their preferences at any time.","robots":{"index":"index","follow":"follow","max-snippet":"max-snippet:-1","max-image-preview":"max-image-preview:large","max-video-preview":"max-video-preview:-1"},"canonical":"https:\/\/apoioaempresas.pt\/en\/project-sheet\/","og_locale":"en_US","og_type":"article","og_title":"Project Sheet - Apoio a Empresas","og_description":"See our Cookie Policy on this page. Users can revoke or change their preferences at any time.","og_url":"https:\/\/apoioaempresas.pt\/en\/project-sheet\/","og_site_name":"Apoio a Empresas","article_publisher":"https:\/\/www.facebook.com\/apoioaempresas\/","article_modified_time":"2025-04-24T03:03:11+00:00","og_image":[{"width":1842,"height":312,"url":"https:\/\/apoioaempresas.pt\/wp-content\/uploads\/2025\/04\/logos.webp","type":"image\/webp"}],"twitter_card":"summary_large_image","twitter_misc":{"Est. reading time":"1 minute"},"schema":{"@context":"https:\/\/schema.org","@graph":[{"@type":"WebPage","@id":"https:\/\/apoioaempresas.pt\/en\/project-sheet\/","url":"https:\/\/apoioaempresas.pt\/en\/project-sheet\/","name":"Project Sheet - Apoio a Empresas","isPartOf":{"@id":"https:\/\/apoioaempresas.pt\/en\/#website"},"primaryImageOfPage":{"@id":"https:\/\/apoioaempresas.pt\/en\/project-sheet\/#primaryimage"},"image":{"@id":"https:\/\/apoioaempresas.pt\/en\/project-sheet\/#primaryimage"},"thumbnailUrl":"https:\/\/apoioaempresas.pt\/wp-content\/uploads\/2025\/04\/logos.webp","datePublished":"2025-04-17T23:29:55+00:00","dateModified":"2025-04-24T03:03:11+00:00","description":"See our Cookie Policy on this page. Users can revoke or change their preferences at any time.","breadcrumb":{"@id":"https:\/\/apoioaempresas.pt\/en\/project-sheet\/#breadcrumb"},"inLanguage":"en-US","potentialAction":[{"@type":"ReadAction","target":["https:\/\/apoioaempresas.pt\/en\/project-sheet\/"]}]},{"@type":"ImageObject","inLanguage":"en-US","@id":"https:\/\/apoioaempresas.pt\/en\/project-sheet\/#primaryimage","url":"https:\/\/apoioaempresas.pt\/wp-content\/uploads\/2025\/04\/logos.webp","contentUrl":"https:\/\/apoioaempresas.pt\/wp-content\/uploads\/2025\/04\/logos.webp","width":1842,"height":312},{"@type":"BreadcrumbList","@id":"https:\/\/apoioaempresas.pt\/en\/project-sheet\/#breadcrumb","itemListElement":[{"@type":"ListItem","position":1,"name":"Home","item":"https:\/\/apoioaempresas.pt\/en\/"},{"@type":"ListItem","position":2,"name":"Project Sheet"}]},{"@type":"WebSite","@id":"https:\/\/apoioaempresas.pt\/en\/#website","url":"https:\/\/apoioaempresas.pt\/en\/","name":"Apoio a Empresas","description":"Disponibilizamos uma variedade de servi\u00e7os de apoio a empresas, para desenvolver o seu neg\u00f3cio ou ideia de neg\u00f3cio. Contacte-nos!","publisher":{"@id":"https:\/\/apoioaempresas.pt\/en\/#organization"},"potentialAction":[{"@type":"SearchAction","target":{"@type":"EntryPoint","urlTemplate":"https:\/\/apoioaempresas.pt\/en\/?s={search_term_string}"},"query-input":{"@type":"PropertyValueSpecification","valueRequired":true,"valueName":"search_term_string"}}],"inLanguage":"en-US"},{"@type":"Organization","@id":"https:\/\/apoioaempresas.pt\/en\/#organization","name":"Apoio a Empresas","url":"https:\/\/apoioaempresas.pt\/en\/","logo":{"@type":"ImageObject","inLanguage":"en-US","@id":"https:\/\/apoioaempresas.pt\/en\/#\/schema\/logo\/image\/","url":"https:\/\/apoioaempresas.pt\/wp-content\/uploads\/2023\/07\/Apoio-a-Empresas-Logo-Quadrado.png","contentUrl":"https:\/\/apoioaempresas.pt\/wp-content\/uploads\/2023\/07\/Apoio-a-Empresas-Logo-Quadrado.png","width":500,"height":500,"caption":"Apoio a Empresas"},"image":{"@id":"https:\/\/apoioaempresas.pt\/en\/#\/schema\/logo\/image\/"},"sameAs":["https:\/\/www.facebook.com\/apoioaempresas\/","https:\/\/www.linkedin.com\/company\/apoio-a-empresas\/","https:\/\/www.facebook.com\/apoioaempresascom","https:\/\/www.linkedin.com\/company\/apoioaempresascom\/","https:\/\/www.instagram.com\/apoioaempresascom\/","https:\/\/www.instagram.com\/apoioaempresas.pt\/"]}]}},"_links":{"self":[{"href":"https:\/\/apoioaempresas.pt\/en\/wp-json\/wp\/v2\/pages\/3242","targetHints":{"allow":["GET"]}}],"collection":[{"href":"https:\/\/apoioaempresas.pt\/en\/wp-json\/wp\/v2\/pages"}],"about":[{"href":"https:\/\/apoioaempresas.pt\/en\/wp-json\/wp\/v2\/types\/page"}],"author":[{"embeddable":true,"href":"https:\/\/apoioaempresas.pt\/en\/wp-json\/wp\/v2\/users\/2"}],"replies":[{"embeddable":true,"href":"https:\/\/apoioaempresas.pt\/en\/wp-json\/wp\/v2\/comments?post=3242"}],"version-history":[{"count":0,"href":"https:\/\/apoioaempresas.pt\/en\/wp-json\/wp\/v2\/pages\/3242\/revisions"}],"wp:featuredmedia":[{"embeddable":true,"href":"https:\/\/apoioaempresas.pt\/en\/wp-json\/wp\/v2\/media\/3198"}],"wp:attachment":[{"href":"https:\/\/apoioaempresas.pt\/en\/wp-json\/wp\/v2\/media?parent=3242"}],"curies":[{"name":"wp","href":"https:\/\/api.w.org\/{rel}","templated":true}]}}