{"id":3938,"date":"2025-09-19T15:52:11","date_gmt":"2025-09-19T14:52:11","guid":{"rendered":"https:\/\/apoioaempresas.pt\/?post_type=product&#038;p=3938"},"modified":"2025-12-17T10:17:24","modified_gmt":"2025-12-17T10:17:24","slug":"sala-de-reunioes-pacote-horas-para-aluguer","status":"publish","type":"product","link":"https:\/\/apoioaempresas.pt\/en\/produto\/sala-de-reunioes-pacote-horas-para-aluguer\/","title":{"rendered":"Sala de Reuni\u00f5es &#8211; Pacote de 10 horas para aluguer"},"content":{"rendered":"<p>No mundo dos neg\u00f3cios, as decis\u00f5es estrat\u00e9gicas s\u00e3o frequentemente tomadas durante reuni\u00f5es. As <a href=\"https:\/\/apoioaempresas.pt\/servicos\/salas-de-reunioes\/\">nossas salas de reuni\u00f5es s\u00e3o vers\u00e1teis<\/a> e podem ser configuradas conforme as necessidades espec\u00edficas da sua reuni\u00e3o. Seja para reuni\u00f5es de dire\u00e7\u00e3o, apresenta\u00e7\u00f5es, entrevistas ou debates de equipa, temos o espa\u00e7o e o equipamento necess\u00e1rio para tornar a sua reuni\u00e3o eficaz.<\/p>\n<p>Nesse sentido, disponibilizamos um pacote de horas mensais, durante as quais poder\u00e1 alugar as nossas salas e, assim, realizar as suas reuni\u00f5es, com todo o conforto e apoio profissional, desde assist\u00eancia t\u00e9cnica at\u00e9 servi\u00e7os de catering, para garantir que a sua reuni\u00e3o decorre sem contratempos.<\/p>\n","protected":false},"excerpt":{"rendered":"<p>Disponibilizamos salas de reuni\u00f5es profissionais, pensadas para criar um ambiente prop\u00edcio \u00e0 tomada de decis\u00f5es. O acesso pode ser feito atrav\u00e9s de um pacote de 10 horas para uma utiliza\u00e7\u00e3o frequente.<\/p>\n","protected":false},"featured_media":3965,"comment_status":"closed","ping_status":"closed","template":"","meta":[],"product_brand":[],"product_cat":[85],"product_tag":[86],"class_list":{"0":"post-3938","1":"product","2":"type-product","3":"status-publish","4":"has-post-thumbnail","6":"product_cat-negocios","7":"product_tag-sala-de-reunioes","8":"description-off","10":"first","11":"instock","12":"downloadable","13":"virtual","14":"taxable","15":"purchasable","16":"product-type-simple"},"yoast_head":"<!-- This site is optimized with the Yoast SEO plugin v26.6 - https:\/\/yoast.com\/wordpress\/plugins\/seo\/ -->\n<title>Sala de Reuni\u00f5es - Pacote de horas para aluguer<\/title>\n<meta name=\"description\" content=\"Disponibilizamos sala de reuni\u00f5es e um pacote de horas para aluguer. O acesso pode ser feito com um pacote de 10 horas para uma utiliza\u00e7\u00e3o frequente.\" \/>\n<meta name=\"robots\" content=\"index, follow, max-snippet:-1, max-image-preview:large, max-video-preview:-1\" \/>\n<link rel=\"canonical\" href=\"https:\/\/apoioaempresas.pt\/en\/produto\/sala-de-reunioes-pacote-horas-para-aluguer\/\" \/>\n<meta property=\"og:locale\" content=\"en_US\" \/>\n<meta property=\"og:type\" content=\"article\" \/>\n<meta property=\"og:title\" content=\"Sala de Reuni\u00f5es - Pacote de horas para aluguer\" \/>\n<meta property=\"og:description\" content=\"Disponibilizamos sala de reuni\u00f5es e um pacote de horas para aluguer. O acesso pode ser feito com um pacote de 10 horas para uma utiliza\u00e7\u00e3o frequente.\" \/>\n<meta property=\"og:url\" content=\"https:\/\/apoioaempresas.pt\/en\/produto\/sala-de-reunioes-pacote-horas-para-aluguer\/\" \/>\n<meta property=\"og:site_name\" content=\"Apoio a Empresas\" \/>\n<meta property=\"article:publisher\" content=\"https:\/\/www.facebook.com\/apoioaempresas\/\" \/>\n<meta property=\"article:modified_time\" content=\"2025-12-17T10:17:24+00:00\" \/>\n<meta property=\"og:image\" content=\"https:\/\/apoioaempresas.pt\/wp-content\/uploads\/2025\/09\/salas-de-reunioes-apoio-a-empresas-02.jpg\" \/>\n\t<meta property=\"og:image:width\" content=\"1000\" \/>\n\t<meta property=\"og:image:height\" content=\"667\" \/>\n\t<meta property=\"og:image:type\" content=\"image\/jpeg\" \/>\n<meta name=\"twitter:card\" content=\"summary_large_image\" \/>\n<meta name=\"twitter:label1\" content=\"Est. reading time\" \/>\n\t<meta name=\"twitter:data1\" content=\"1 minute\" \/>\n<script type=\"application\/ld+json\" class=\"yoast-schema-graph\">{\"@context\":\"https:\/\/schema.org\",\"@graph\":[{\"@type\":\"WebPage\",\"@id\":\"https:\/\/apoioaempresas.pt\/en\/produto\/sala-de-reunioes-pacote-horas-para-aluguer\/\",\"url\":\"https:\/\/apoioaempresas.pt\/en\/produto\/sala-de-reunioes-pacote-horas-para-aluguer\/\",\"name\":\"Sala de Reuni\u00f5es - Pacote de horas para aluguer\",\"isPartOf\":{\"@id\":\"https:\/\/apoioaempresas.pt\/en\/#website\"},\"primaryImageOfPage\":{\"@id\":\"https:\/\/apoioaempresas.pt\/en\/produto\/sala-de-reunioes-pacote-horas-para-aluguer\/#primaryimage\"},\"image\":{\"@id\":\"https:\/\/apoioaempresas.pt\/en\/produto\/sala-de-reunioes-pacote-horas-para-aluguer\/#primaryimage\"},\"thumbnailUrl\":\"https:\/\/apoioaempresas.pt\/wp-content\/uploads\/2025\/09\/salas-de-reunioes-apoio-a-empresas-02.jpg\",\"datePublished\":\"2025-09-19T14:52:11+00:00\",\"dateModified\":\"2025-12-17T10:17:24+00:00\",\"description\":\"Disponibilizamos sala de reuni\u00f5es e um pacote de horas para aluguer. O acesso pode ser feito com um pacote de 10 horas para uma utiliza\u00e7\u00e3o frequente.\",\"breadcrumb\":{\"@id\":\"https:\/\/apoioaempresas.pt\/en\/produto\/sala-de-reunioes-pacote-horas-para-aluguer\/#breadcrumb\"},\"inLanguage\":\"en-US\",\"potentialAction\":[{\"@type\":\"ReadAction\",\"target\":[\"https:\/\/apoioaempresas.pt\/en\/produto\/sala-de-reunioes-pacote-horas-para-aluguer\/\"]}]},{\"@type\":\"ImageObject\",\"inLanguage\":\"en-US\",\"@id\":\"https:\/\/apoioaempresas.pt\/en\/produto\/sala-de-reunioes-pacote-horas-para-aluguer\/#primaryimage\",\"url\":\"https:\/\/apoioaempresas.pt\/wp-content\/uploads\/2025\/09\/salas-de-reunioes-apoio-a-empresas-02.jpg\",\"contentUrl\":\"https:\/\/apoioaempresas.pt\/wp-content\/uploads\/2025\/09\/salas-de-reunioes-apoio-a-empresas-02.jpg\",\"width\":1000,\"height\":667,\"caption\":\"Sala de Reuni\u00f5es para aluguer. Pack de 10 horas ou aluguer individual\"},{\"@type\":\"BreadcrumbList\",\"@id\":\"https:\/\/apoioaempresas.pt\/en\/produto\/sala-de-reunioes-pacote-horas-para-aluguer\/#breadcrumb\",\"itemListElement\":[{\"@type\":\"ListItem\",\"position\":1,\"name\":\"Home\",\"item\":\"https:\/\/apoioaempresas.pt\/en\/\"},{\"@type\":\"ListItem\",\"position\":2,\"name\":\"Loja\",\"item\":\"https:\/\/apoioaempresas.pt\/es\/loja\/\"},{\"@type\":\"ListItem\",\"position\":3,\"name\":\"Sala de Reuni\u00f5es &#8211; Pacote de 10 horas para aluguer\"}]},{\"@type\":\"WebSite\",\"@id\":\"https:\/\/apoioaempresas.pt\/en\/#website\",\"url\":\"https:\/\/apoioaempresas.pt\/en\/\",\"name\":\"Apoio a Empresas\",\"description\":\"Disponibilizamos uma variedade de servi\u00e7os de apoio a empresas, para desenvolver o seu neg\u00f3cio ou ideia de neg\u00f3cio. Contacte-nos!\",\"publisher\":{\"@id\":\"https:\/\/apoioaempresas.pt\/en\/#organization\"},\"potentialAction\":[{\"@type\":\"SearchAction\",\"target\":{\"@type\":\"EntryPoint\",\"urlTemplate\":\"https:\/\/apoioaempresas.pt\/en\/?s={search_term_string}\"},\"query-input\":{\"@type\":\"PropertyValueSpecification\",\"valueRequired\":true,\"valueName\":\"search_term_string\"}}],\"inLanguage\":\"en-US\"},{\"@type\":\"Organization\",\"@id\":\"https:\/\/apoioaempresas.pt\/en\/#organization\",\"name\":\"Apoio a Empresas\",\"url\":\"https:\/\/apoioaempresas.pt\/en\/\",\"logo\":{\"@type\":\"ImageObject\",\"inLanguage\":\"en-US\",\"@id\":\"https:\/\/apoioaempresas.pt\/en\/#\/schema\/logo\/image\/\",\"url\":\"https:\/\/apoioaempresas.pt\/wp-content\/uploads\/2023\/07\/Apoio-a-Empresas-Logo-Quadrado.png\",\"contentUrl\":\"https:\/\/apoioaempresas.pt\/wp-content\/uploads\/2023\/07\/Apoio-a-Empresas-Logo-Quadrado.png\",\"width\":500,\"height\":500,\"caption\":\"Apoio a Empresas\"},\"image\":{\"@id\":\"https:\/\/apoioaempresas.pt\/en\/#\/schema\/logo\/image\/\"},\"sameAs\":[\"https:\/\/www.facebook.com\/apoioaempresas\/\",\"https:\/\/www.linkedin.com\/company\/apoio-a-empresas\/\",\"https:\/\/www.facebook.com\/apoioaempresascom\",\"https:\/\/www.linkedin.com\/company\/apoioaempresascom\/\",\"https:\/\/www.instagram.com\/apoioaempresascom\/\",\"https:\/\/www.instagram.com\/apoioaempresas.pt\/\"]}]}<\/script>\n<!-- \/ Yoast SEO plugin. -->","yoast_head_json":{"title":"Sala de Reuni\u00f5es - Pacote de horas para aluguer","description":"Disponibilizamos sala de reuni\u00f5es e um pacote de horas para aluguer. O acesso pode ser feito com um pacote de 10 horas para uma utiliza\u00e7\u00e3o frequente.","robots":{"index":"index","follow":"follow","max-snippet":"max-snippet:-1","max-image-preview":"max-image-preview:large","max-video-preview":"max-video-preview:-1"},"canonical":"https:\/\/apoioaempresas.pt\/en\/produto\/sala-de-reunioes-pacote-horas-para-aluguer\/","og_locale":"en_US","og_type":"article","og_title":"Sala de Reuni\u00f5es - Pacote de horas para aluguer","og_description":"Disponibilizamos sala de reuni\u00f5es e um pacote de horas para aluguer. O acesso pode ser feito com um pacote de 10 horas para uma utiliza\u00e7\u00e3o frequente.","og_url":"https:\/\/apoioaempresas.pt\/en\/produto\/sala-de-reunioes-pacote-horas-para-aluguer\/","og_site_name":"Apoio a Empresas","article_publisher":"https:\/\/www.facebook.com\/apoioaempresas\/","article_modified_time":"2025-12-17T10:17:24+00:00","og_image":[{"width":1000,"height":667,"url":"https:\/\/apoioaempresas.pt\/wp-content\/uploads\/2025\/09\/salas-de-reunioes-apoio-a-empresas-02.jpg","type":"image\/jpeg"}],"twitter_card":"summary_large_image","twitter_misc":{"Est. reading time":"1 minute"},"schema":{"@context":"https:\/\/schema.org","@graph":[{"@type":"WebPage","@id":"https:\/\/apoioaempresas.pt\/en\/produto\/sala-de-reunioes-pacote-horas-para-aluguer\/","url":"https:\/\/apoioaempresas.pt\/en\/produto\/sala-de-reunioes-pacote-horas-para-aluguer\/","name":"Sala de Reuni\u00f5es - Pacote de horas para aluguer","isPartOf":{"@id":"https:\/\/apoioaempresas.pt\/en\/#website"},"primaryImageOfPage":{"@id":"https:\/\/apoioaempresas.pt\/en\/produto\/sala-de-reunioes-pacote-horas-para-aluguer\/#primaryimage"},"image":{"@id":"https:\/\/apoioaempresas.pt\/en\/produto\/sala-de-reunioes-pacote-horas-para-aluguer\/#primaryimage"},"thumbnailUrl":"https:\/\/apoioaempresas.pt\/wp-content\/uploads\/2025\/09\/salas-de-reunioes-apoio-a-empresas-02.jpg","datePublished":"2025-09-19T14:52:11+00:00","dateModified":"2025-12-17T10:17:24+00:00","description":"Disponibilizamos sala de reuni\u00f5es e um pacote de horas para aluguer. O acesso pode ser feito com um pacote de 10 horas para uma utiliza\u00e7\u00e3o frequente.","breadcrumb":{"@id":"https:\/\/apoioaempresas.pt\/en\/produto\/sala-de-reunioes-pacote-horas-para-aluguer\/#breadcrumb"},"inLanguage":"en-US","potentialAction":[{"@type":"ReadAction","target":["https:\/\/apoioaempresas.pt\/en\/produto\/sala-de-reunioes-pacote-horas-para-aluguer\/"]}]},{"@type":"ImageObject","inLanguage":"en-US","@id":"https:\/\/apoioaempresas.pt\/en\/produto\/sala-de-reunioes-pacote-horas-para-aluguer\/#primaryimage","url":"https:\/\/apoioaempresas.pt\/wp-content\/uploads\/2025\/09\/salas-de-reunioes-apoio-a-empresas-02.jpg","contentUrl":"https:\/\/apoioaempresas.pt\/wp-content\/uploads\/2025\/09\/salas-de-reunioes-apoio-a-empresas-02.jpg","width":1000,"height":667,"caption":"Sala de Reuni\u00f5es para aluguer. Pack de 10 horas ou aluguer individual"},{"@type":"BreadcrumbList","@id":"https:\/\/apoioaempresas.pt\/en\/produto\/sala-de-reunioes-pacote-horas-para-aluguer\/#breadcrumb","itemListElement":[{"@type":"ListItem","position":1,"name":"Home","item":"https:\/\/apoioaempresas.pt\/en\/"},{"@type":"ListItem","position":2,"name":"Loja","item":"https:\/\/apoioaempresas.pt\/es\/loja\/"},{"@type":"ListItem","position":3,"name":"Sala de Reuni\u00f5es &#8211; Pacote de 10 horas para aluguer"}]},{"@type":"WebSite","@id":"https:\/\/apoioaempresas.pt\/en\/#website","url":"https:\/\/apoioaempresas.pt\/en\/","name":"Apoio a Empresas","description":"Disponibilizamos uma variedade de servi\u00e7os de apoio a empresas, para desenvolver o seu neg\u00f3cio ou ideia de neg\u00f3cio. Contacte-nos!","publisher":{"@id":"https:\/\/apoioaempresas.pt\/en\/#organization"},"potentialAction":[{"@type":"SearchAction","target":{"@type":"EntryPoint","urlTemplate":"https:\/\/apoioaempresas.pt\/en\/?s={search_term_string}"},"query-input":{"@type":"PropertyValueSpecification","valueRequired":true,"valueName":"search_term_string"}}],"inLanguage":"en-US"},{"@type":"Organization","@id":"https:\/\/apoioaempresas.pt\/en\/#organization","name":"Apoio a Empresas","url":"https:\/\/apoioaempresas.pt\/en\/","logo":{"@type":"ImageObject","inLanguage":"en-US","@id":"https:\/\/apoioaempresas.pt\/en\/#\/schema\/logo\/image\/","url":"https:\/\/apoioaempresas.pt\/wp-content\/uploads\/2023\/07\/Apoio-a-Empresas-Logo-Quadrado.png","contentUrl":"https:\/\/apoioaempresas.pt\/wp-content\/uploads\/2023\/07\/Apoio-a-Empresas-Logo-Quadrado.png","width":500,"height":500,"caption":"Apoio a Empresas"},"image":{"@id":"https:\/\/apoioaempresas.pt\/en\/#\/schema\/logo\/image\/"},"sameAs":["https:\/\/www.facebook.com\/apoioaempresas\/","https:\/\/www.linkedin.com\/company\/apoio-a-empresas\/","https:\/\/www.facebook.com\/apoioaempresascom","https:\/\/www.linkedin.com\/company\/apoioaempresascom\/","https:\/\/www.instagram.com\/apoioaempresascom\/","https:\/\/www.instagram.com\/apoioaempresas.pt\/"]}]}},"_links":{"self":[{"href":"https:\/\/apoioaempresas.pt\/en\/wp-json\/wp\/v2\/product\/3938","targetHints":{"allow":["GET"]}}],"collection":[{"href":"https:\/\/apoioaempresas.pt\/en\/wp-json\/wp\/v2\/product"}],"about":[{"href":"https:\/\/apoioaempresas.pt\/en\/wp-json\/wp\/v2\/types\/product"}],"replies":[{"embeddable":true,"href":"https:\/\/apoioaempresas.pt\/en\/wp-json\/wp\/v2\/comments?post=3938"}],"wp:featuredmedia":[{"embeddable":true,"href":"https:\/\/apoioaempresas.pt\/en\/wp-json\/wp\/v2\/media\/3965"}],"wp:attachment":[{"href":"https:\/\/apoioaempresas.pt\/en\/wp-json\/wp\/v2\/media?parent=3938"}],"wp:term":[{"taxonomy":"product_brand","embeddable":true,"href":"https:\/\/apoioaempresas.pt\/en\/wp-json\/wp\/v2\/product_brand?post=3938"},{"taxonomy":"product_cat","embeddable":true,"href":"https:\/\/apoioaempresas.pt\/en\/wp-json\/wp\/v2\/product_cat?post=3938"},{"taxonomy":"product_tag","embeddable":true,"href":"https:\/\/apoioaempresas.pt\/en\/wp-json\/wp\/v2\/product_tag?post=3938"}],"curies":[{"name":"wp","href":"https:\/\/api.w.org\/{rel}","templated":true}]}}