{"id":3939,"date":"2025-09-19T16:50:06","date_gmt":"2025-09-19T15:50:06","guid":{"rendered":"https:\/\/apoioaempresas.pt\/?post_type=product&#038;p=3939"},"modified":"2025-12-17T10:17:15","modified_gmt":"2025-12-17T10:17:15","slug":"sala-de-reunioes-aluguer-a-hora","status":"publish","type":"product","link":"https:\/\/apoioaempresas.pt\/en\/produto\/sala-de-reunioes-aluguer-a-hora\/","title":{"rendered":"Sala de Reuni\u00f5es \u2013 Aluguer \u00e0 hora"},"content":{"rendered":"<p data-start=\"72\" data-end=\"431\">No mundo dos neg\u00f3cios, decis\u00f5es estrat\u00e9gicas s\u00e3o frequentemente tomadas em reuni\u00f5es. As\u00a0<a href=\"https:\/\/apoioaempresas.pt\/servicos\/salas-de-reunioes\/\">nossas salas de reuni\u00f5es s\u00e3o vers\u00e1teis<\/a> e podem ser configuradas consoante as necessidades da sua empresa. Seja para reuni\u00f5es de dire\u00e7\u00e3o, apresenta\u00e7\u00f5es, entrevistas ou debates de equipa, dispomos do espa\u00e7o e do equipamento necess\u00e1rio para tornar cada encontro eficaz.<\/p>\n<p data-start=\"433\" data-end=\"661\">Oferecemos o aluguer das salas \u00e0 hora, permitindo-lhe uma contratualiza\u00e7\u00e3o em fun\u00e7\u00e3o das suas necessidades pontuais. E, assim,\u00a0realizar reuni\u00f5es com total conforto e apoio profissional. Desde assist\u00eancia t\u00e9cnica a servi\u00e7os de catering, tudo \u00e9 pensado para a sua reuni\u00e3o decorrer sem contratempos.<\/p>\n","protected":false},"excerpt":{"rendered":"<p>Disponibilizamos salas de reuni\u00f5es profissionais, pensadas para criar um ambiente prop\u00edcio \u00e0 tomada de decis\u00f5es. O acesso pode ser feito atrav\u00e9s de um pacote de 10 horas para uma utiliza\u00e7\u00e3o frequente.<\/p>\n","protected":false},"featured_media":3960,"comment_status":"closed","ping_status":"closed","template":"","meta":[],"product_brand":[],"product_cat":[85],"product_tag":[],"class_list":{"0":"post-3939","1":"product","2":"type-product","3":"status-publish","4":"has-post-thumbnail","6":"product_cat-negocios","7":"description-off","9":"first","10":"instock","11":"virtual","12":"taxable","13":"purchasable","14":"product-type-simple"},"yoast_head":"<!-- This site is optimized with the Yoast SEO plugin v26.6 - https:\/\/yoast.com\/wordpress\/plugins\/seo\/ -->\n<title>Sala de Reuni\u00f5es \u2013 Aluguer \u00e0 hora<\/title>\n<meta name=\"description\" content=\"Disponibilizamos salas de reuni\u00f5es para aluguer \u00e0 hora, conforme as necessidades da sua empresa. Descubra o valor e modo de aluguer.\" \/>\n<meta name=\"robots\" content=\"index, follow, max-snippet:-1, max-image-preview:large, max-video-preview:-1\" \/>\n<link rel=\"canonical\" href=\"https:\/\/apoioaempresas.pt\/en\/produto\/sala-de-reunioes-aluguer-a-hora\/\" \/>\n<meta property=\"og:locale\" content=\"en_US\" \/>\n<meta property=\"og:type\" content=\"article\" \/>\n<meta property=\"og:title\" content=\"Sala de Reuni\u00f5es \u2013 Aluguer \u00e0 hora\" \/>\n<meta property=\"og:description\" content=\"Disponibilizamos salas de reuni\u00f5es para aluguer \u00e0 hora, conforme as necessidades da sua empresa. Descubra o valor e modo de aluguer.\" \/>\n<meta property=\"og:url\" content=\"https:\/\/apoioaempresas.pt\/en\/produto\/sala-de-reunioes-aluguer-a-hora\/\" \/>\n<meta property=\"og:site_name\" content=\"Apoio a Empresas\" \/>\n<meta property=\"article:publisher\" content=\"https:\/\/www.facebook.com\/apoioaempresas\/\" \/>\n<meta property=\"article:modified_time\" content=\"2025-12-17T10:17:15+00:00\" \/>\n<meta property=\"og:image\" content=\"https:\/\/apoioaempresas.pt\/wp-content\/uploads\/2025\/09\/salas-de-reunioes-apoio-a-empresas-01.jpg\" \/>\n\t<meta property=\"og:image:width\" content=\"1000\" \/>\n\t<meta property=\"og:image:height\" content=\"667\" \/>\n\t<meta property=\"og:image:type\" content=\"image\/jpeg\" \/>\n<meta name=\"twitter:card\" content=\"summary_large_image\" \/>\n<meta name=\"twitter:label1\" content=\"Est. reading time\" \/>\n\t<meta name=\"twitter:data1\" content=\"1 minute\" \/>\n<script type=\"application\/ld+json\" class=\"yoast-schema-graph\">{\"@context\":\"https:\/\/schema.org\",\"@graph\":[{\"@type\":\"WebPage\",\"@id\":\"https:\/\/apoioaempresas.pt\/en\/produto\/sala-de-reunioes-aluguer-a-hora\/\",\"url\":\"https:\/\/apoioaempresas.pt\/en\/produto\/sala-de-reunioes-aluguer-a-hora\/\",\"name\":\"Sala de Reuni\u00f5es \u2013 Aluguer \u00e0 hora\",\"isPartOf\":{\"@id\":\"https:\/\/apoioaempresas.pt\/en\/#website\"},\"primaryImageOfPage\":{\"@id\":\"https:\/\/apoioaempresas.pt\/en\/produto\/sala-de-reunioes-aluguer-a-hora\/#primaryimage\"},\"image\":{\"@id\":\"https:\/\/apoioaempresas.pt\/en\/produto\/sala-de-reunioes-aluguer-a-hora\/#primaryimage\"},\"thumbnailUrl\":\"https:\/\/apoioaempresas.pt\/wp-content\/uploads\/2025\/09\/salas-de-reunioes-apoio-a-empresas-01.jpg\",\"datePublished\":\"2025-09-19T15:50:06+00:00\",\"dateModified\":\"2025-12-17T10:17:15+00:00\",\"description\":\"Disponibilizamos salas de reuni\u00f5es para aluguer \u00e0 hora, conforme as necessidades da sua empresa. Descubra o valor e modo de aluguer.\",\"breadcrumb\":{\"@id\":\"https:\/\/apoioaempresas.pt\/en\/produto\/sala-de-reunioes-aluguer-a-hora\/#breadcrumb\"},\"inLanguage\":\"en-US\",\"potentialAction\":[{\"@type\":\"ReadAction\",\"target\":[\"https:\/\/apoioaempresas.pt\/en\/produto\/sala-de-reunioes-aluguer-a-hora\/\"]}]},{\"@type\":\"ImageObject\",\"inLanguage\":\"en-US\",\"@id\":\"https:\/\/apoioaempresas.pt\/en\/produto\/sala-de-reunioes-aluguer-a-hora\/#primaryimage\",\"url\":\"https:\/\/apoioaempresas.pt\/wp-content\/uploads\/2025\/09\/salas-de-reunioes-apoio-a-empresas-01.jpg\",\"contentUrl\":\"https:\/\/apoioaempresas.pt\/wp-content\/uploads\/2025\/09\/salas-de-reunioes-apoio-a-empresas-01.jpg\",\"width\":1000,\"height\":667,\"caption\":\"Sala de Reuni\u00f5es para aluguer. Pack de 10 horas ou aluguer individual\"},{\"@type\":\"BreadcrumbList\",\"@id\":\"https:\/\/apoioaempresas.pt\/en\/produto\/sala-de-reunioes-aluguer-a-hora\/#breadcrumb\",\"itemListElement\":[{\"@type\":\"ListItem\",\"position\":1,\"name\":\"Home\",\"item\":\"https:\/\/apoioaempresas.pt\/en\/\"},{\"@type\":\"ListItem\",\"position\":2,\"name\":\"Loja\",\"item\":\"https:\/\/apoioaempresas.pt\/es\/loja\/\"},{\"@type\":\"ListItem\",\"position\":3,\"name\":\"Sala de Reuni\u00f5es \u2013 Aluguer \u00e0 hora\"}]},{\"@type\":\"WebSite\",\"@id\":\"https:\/\/apoioaempresas.pt\/en\/#website\",\"url\":\"https:\/\/apoioaempresas.pt\/en\/\",\"name\":\"Apoio a Empresas\",\"description\":\"Disponibilizamos uma variedade de servi\u00e7os de apoio a empresas, para desenvolver o seu neg\u00f3cio ou ideia de neg\u00f3cio. Contacte-nos!\",\"publisher\":{\"@id\":\"https:\/\/apoioaempresas.pt\/en\/#organization\"},\"potentialAction\":[{\"@type\":\"SearchAction\",\"target\":{\"@type\":\"EntryPoint\",\"urlTemplate\":\"https:\/\/apoioaempresas.pt\/en\/?s={search_term_string}\"},\"query-input\":{\"@type\":\"PropertyValueSpecification\",\"valueRequired\":true,\"valueName\":\"search_term_string\"}}],\"inLanguage\":\"en-US\"},{\"@type\":\"Organization\",\"@id\":\"https:\/\/apoioaempresas.pt\/en\/#organization\",\"name\":\"Apoio a Empresas\",\"url\":\"https:\/\/apoioaempresas.pt\/en\/\",\"logo\":{\"@type\":\"ImageObject\",\"inLanguage\":\"en-US\",\"@id\":\"https:\/\/apoioaempresas.pt\/en\/#\/schema\/logo\/image\/\",\"url\":\"https:\/\/apoioaempresas.pt\/wp-content\/uploads\/2023\/07\/Apoio-a-Empresas-Logo-Quadrado.png\",\"contentUrl\":\"https:\/\/apoioaempresas.pt\/wp-content\/uploads\/2023\/07\/Apoio-a-Empresas-Logo-Quadrado.png\",\"width\":500,\"height\":500,\"caption\":\"Apoio a Empresas\"},\"image\":{\"@id\":\"https:\/\/apoioaempresas.pt\/en\/#\/schema\/logo\/image\/\"},\"sameAs\":[\"https:\/\/www.facebook.com\/apoioaempresas\/\",\"https:\/\/www.linkedin.com\/company\/apoio-a-empresas\/\",\"https:\/\/www.facebook.com\/apoioaempresascom\",\"https:\/\/www.linkedin.com\/company\/apoioaempresascom\/\",\"https:\/\/www.instagram.com\/apoioaempresascom\/\",\"https:\/\/www.instagram.com\/apoioaempresas.pt\/\"]}]}<\/script>\n<!-- \/ Yoast SEO plugin. -->","yoast_head_json":{"title":"Sala de Reuni\u00f5es \u2013 Aluguer \u00e0 hora","description":"Disponibilizamos salas de reuni\u00f5es para aluguer \u00e0 hora, conforme as necessidades da sua empresa. Descubra o valor e modo de aluguer.","robots":{"index":"index","follow":"follow","max-snippet":"max-snippet:-1","max-image-preview":"max-image-preview:large","max-video-preview":"max-video-preview:-1"},"canonical":"https:\/\/apoioaempresas.pt\/en\/produto\/sala-de-reunioes-aluguer-a-hora\/","og_locale":"en_US","og_type":"article","og_title":"Sala de Reuni\u00f5es \u2013 Aluguer \u00e0 hora","og_description":"Disponibilizamos salas de reuni\u00f5es para aluguer \u00e0 hora, conforme as necessidades da sua empresa. Descubra o valor e modo de aluguer.","og_url":"https:\/\/apoioaempresas.pt\/en\/produto\/sala-de-reunioes-aluguer-a-hora\/","og_site_name":"Apoio a Empresas","article_publisher":"https:\/\/www.facebook.com\/apoioaempresas\/","article_modified_time":"2025-12-17T10:17:15+00:00","og_image":[{"width":1000,"height":667,"url":"https:\/\/apoioaempresas.pt\/wp-content\/uploads\/2025\/09\/salas-de-reunioes-apoio-a-empresas-01.jpg","type":"image\/jpeg"}],"twitter_card":"summary_large_image","twitter_misc":{"Est. reading time":"1 minute"},"schema":{"@context":"https:\/\/schema.org","@graph":[{"@type":"WebPage","@id":"https:\/\/apoioaempresas.pt\/en\/produto\/sala-de-reunioes-aluguer-a-hora\/","url":"https:\/\/apoioaempresas.pt\/en\/produto\/sala-de-reunioes-aluguer-a-hora\/","name":"Sala de Reuni\u00f5es \u2013 Aluguer \u00e0 hora","isPartOf":{"@id":"https:\/\/apoioaempresas.pt\/en\/#website"},"primaryImageOfPage":{"@id":"https:\/\/apoioaempresas.pt\/en\/produto\/sala-de-reunioes-aluguer-a-hora\/#primaryimage"},"image":{"@id":"https:\/\/apoioaempresas.pt\/en\/produto\/sala-de-reunioes-aluguer-a-hora\/#primaryimage"},"thumbnailUrl":"https:\/\/apoioaempresas.pt\/wp-content\/uploads\/2025\/09\/salas-de-reunioes-apoio-a-empresas-01.jpg","datePublished":"2025-09-19T15:50:06+00:00","dateModified":"2025-12-17T10:17:15+00:00","description":"Disponibilizamos salas de reuni\u00f5es para aluguer \u00e0 hora, conforme as necessidades da sua empresa. Descubra o valor e modo de aluguer.","breadcrumb":{"@id":"https:\/\/apoioaempresas.pt\/en\/produto\/sala-de-reunioes-aluguer-a-hora\/#breadcrumb"},"inLanguage":"en-US","potentialAction":[{"@type":"ReadAction","target":["https:\/\/apoioaempresas.pt\/en\/produto\/sala-de-reunioes-aluguer-a-hora\/"]}]},{"@type":"ImageObject","inLanguage":"en-US","@id":"https:\/\/apoioaempresas.pt\/en\/produto\/sala-de-reunioes-aluguer-a-hora\/#primaryimage","url":"https:\/\/apoioaempresas.pt\/wp-content\/uploads\/2025\/09\/salas-de-reunioes-apoio-a-empresas-01.jpg","contentUrl":"https:\/\/apoioaempresas.pt\/wp-content\/uploads\/2025\/09\/salas-de-reunioes-apoio-a-empresas-01.jpg","width":1000,"height":667,"caption":"Sala de Reuni\u00f5es para aluguer. Pack de 10 horas ou aluguer individual"},{"@type":"BreadcrumbList","@id":"https:\/\/apoioaempresas.pt\/en\/produto\/sala-de-reunioes-aluguer-a-hora\/#breadcrumb","itemListElement":[{"@type":"ListItem","position":1,"name":"Home","item":"https:\/\/apoioaempresas.pt\/en\/"},{"@type":"ListItem","position":2,"name":"Loja","item":"https:\/\/apoioaempresas.pt\/es\/loja\/"},{"@type":"ListItem","position":3,"name":"Sala de Reuni\u00f5es \u2013 Aluguer \u00e0 hora"}]},{"@type":"WebSite","@id":"https:\/\/apoioaempresas.pt\/en\/#website","url":"https:\/\/apoioaempresas.pt\/en\/","name":"Apoio a Empresas","description":"Disponibilizamos uma variedade de servi\u00e7os de apoio a empresas, para desenvolver o seu neg\u00f3cio ou ideia de neg\u00f3cio. Contacte-nos!","publisher":{"@id":"https:\/\/apoioaempresas.pt\/en\/#organization"},"potentialAction":[{"@type":"SearchAction","target":{"@type":"EntryPoint","urlTemplate":"https:\/\/apoioaempresas.pt\/en\/?s={search_term_string}"},"query-input":{"@type":"PropertyValueSpecification","valueRequired":true,"valueName":"search_term_string"}}],"inLanguage":"en-US"},{"@type":"Organization","@id":"https:\/\/apoioaempresas.pt\/en\/#organization","name":"Apoio a Empresas","url":"https:\/\/apoioaempresas.pt\/en\/","logo":{"@type":"ImageObject","inLanguage":"en-US","@id":"https:\/\/apoioaempresas.pt\/en\/#\/schema\/logo\/image\/","url":"https:\/\/apoioaempresas.pt\/wp-content\/uploads\/2023\/07\/Apoio-a-Empresas-Logo-Quadrado.png","contentUrl":"https:\/\/apoioaempresas.pt\/wp-content\/uploads\/2023\/07\/Apoio-a-Empresas-Logo-Quadrado.png","width":500,"height":500,"caption":"Apoio a Empresas"},"image":{"@id":"https:\/\/apoioaempresas.pt\/en\/#\/schema\/logo\/image\/"},"sameAs":["https:\/\/www.facebook.com\/apoioaempresas\/","https:\/\/www.linkedin.com\/company\/apoio-a-empresas\/","https:\/\/www.facebook.com\/apoioaempresascom","https:\/\/www.linkedin.com\/company\/apoioaempresascom\/","https:\/\/www.instagram.com\/apoioaempresascom\/","https:\/\/www.instagram.com\/apoioaempresas.pt\/"]}]}},"_links":{"self":[{"href":"https:\/\/apoioaempresas.pt\/en\/wp-json\/wp\/v2\/product\/3939","targetHints":{"allow":["GET"]}}],"collection":[{"href":"https:\/\/apoioaempresas.pt\/en\/wp-json\/wp\/v2\/product"}],"about":[{"href":"https:\/\/apoioaempresas.pt\/en\/wp-json\/wp\/v2\/types\/product"}],"replies":[{"embeddable":true,"href":"https:\/\/apoioaempresas.pt\/en\/wp-json\/wp\/v2\/comments?post=3939"}],"wp:featuredmedia":[{"embeddable":true,"href":"https:\/\/apoioaempresas.pt\/en\/wp-json\/wp\/v2\/media\/3960"}],"wp:attachment":[{"href":"https:\/\/apoioaempresas.pt\/en\/wp-json\/wp\/v2\/media?parent=3939"}],"wp:term":[{"taxonomy":"product_brand","embeddable":true,"href":"https:\/\/apoioaempresas.pt\/en\/wp-json\/wp\/v2\/product_brand?post=3939"},{"taxonomy":"product_cat","embeddable":true,"href":"https:\/\/apoioaempresas.pt\/en\/wp-json\/wp\/v2\/product_cat?post=3939"},{"taxonomy":"product_tag","embeddable":true,"href":"https:\/\/apoioaempresas.pt\/en\/wp-json\/wp\/v2\/product_tag?post=3939"}],"curies":[{"name":"wp","href":"https:\/\/api.w.org\/{rel}","templated":true}]}}