{"id":3942,"date":"2025-09-19T17:21:08","date_gmt":"2025-09-19T16:21:08","guid":{"rendered":"https:\/\/apoioaempresas.pt\/?post_type=product&#038;p=3942"},"modified":"2025-12-17T10:17:02","modified_gmt":"2025-12-17T10:17:02","slug":"escritorios-virtuais-pacote-anual","status":"publish","type":"product","link":"https:\/\/apoioaempresas.pt\/en\/produto\/escritorios-virtuais-pacote-anual\/","title":{"rendered":"Escrit\u00f3rios Virtuais &#8211; Pacote anual"},"content":{"rendered":"<p>Os escrit\u00f3rios virtuais oferecem \u00e0s empresas uma <a href=\"https:\/\/apoioaempresas.pt\/servicos\/escritorios-virtuais\/\">morada f\u00edsica sem os custos<\/a> de um espa\u00e7o pr\u00f3prio. Permitem operar de forma \u00e1gil e flex\u00edvel, mesmo com equipas em trabalho remoto, garantindo servi\u00e7os de rece\u00e7\u00e3o e atendimento que refor\u00e7am a credibilidade junto de clientes e parceiros. Esta solu\u00e7\u00e3o \u00e9 ideal para empresas em in\u00edcio de atividade ou que desejem expandir para novos mercados, sem os encargos de aluguer, manuten\u00e7\u00e3o ou contratos de servi\u00e7os.<\/p>\n<p>Neste pacote disponibilizamos os seguintes termos:<\/p>\n<ul>\n<li>Sede Social<\/li>\n<li>Rece\u00e7\u00e3o de Correspond\u00eancia<\/li>\n<li>Morada Fiscal<\/li>\n<\/ul>\n<p>Pre\u00e7o base anual: 300\u20ac + IVA (25\u20ac \/ m\u00eas + IVA)<\/p>\n<p><em>(Pagamento de 50%, por transfer\u00eancia banc\u00e1ria, no ato da adjudica\u00e7\u00e3o do servi\u00e7o)<\/em><\/p>\n","protected":false},"excerpt":{"rendered":"<p>Os escrit\u00f3rios virtuais oferecem \u00e0s empresas uma morada f\u00edsica sem os custos de um espa\u00e7o pr\u00f3prio. Neste servi\u00e7o pode usufruir de domicilia\u00e7\u00e3o fiscal, rece\u00e7\u00e3o de correspond\u00eancia e sede social.<\/p>\n","protected":false},"featured_media":2196,"comment_status":"closed","ping_status":"closed","template":"","meta":[],"product_brand":[],"product_cat":[87],"product_tag":[],"class_list":{"0":"post-3942","1":"product","2":"type-product","3":"status-publish","4":"has-post-thumbnail","6":"product_cat-escritorios-virtuais","7":"description-off","9":"first","10":"instock","11":"virtual","12":"taxable","13":"purchasable","14":"product-type-simple"},"yoast_head":"<!-- This site is optimized with the Yoast SEO plugin v26.6 - https:\/\/yoast.com\/wordpress\/plugins\/seo\/ -->\n<title>Escrit\u00f3rios Virtuais - Pacote anual | Apoio a Empresas<\/title>\n<meta name=\"description\" content=\"Os escrit\u00f3rios virtuais oferecem \u00e0s empresas uma morada f\u00edsica sem os custos de um espa\u00e7o pr\u00f3prio. Pacote de subscri\u00e7\u00e3o anual!\" \/>\n<meta name=\"robots\" content=\"index, follow, max-snippet:-1, max-image-preview:large, max-video-preview:-1\" \/>\n<link rel=\"canonical\" href=\"https:\/\/apoioaempresas.pt\/en\/produto\/escritorios-virtuais-pacote-anual\/\" \/>\n<meta property=\"og:locale\" content=\"en_US\" \/>\n<meta property=\"og:type\" content=\"article\" \/>\n<meta property=\"og:title\" content=\"Escrit\u00f3rios Virtuais - Pacote anual | Apoio a Empresas\" \/>\n<meta property=\"og:description\" content=\"Os escrit\u00f3rios virtuais oferecem \u00e0s empresas uma morada f\u00edsica sem os custos de um espa\u00e7o pr\u00f3prio. Pacote de subscri\u00e7\u00e3o anual!\" \/>\n<meta property=\"og:url\" content=\"https:\/\/apoioaempresas.pt\/en\/produto\/escritorios-virtuais-pacote-anual\/\" \/>\n<meta property=\"og:site_name\" content=\"Apoio a Empresas\" \/>\n<meta property=\"article:publisher\" content=\"https:\/\/www.facebook.com\/apoioaempresas\/\" \/>\n<meta property=\"article:modified_time\" content=\"2025-12-17T10:17:02+00:00\" \/>\n<meta property=\"og:image\" content=\"https:\/\/apoioaempresas.pt\/wp-content\/uploads\/2023\/06\/Apoio-a-Empresas-Escritorios-virtuais.webp\" \/>\n\t<meta property=\"og:image:width\" content=\"1000\" \/>\n\t<meta property=\"og:image:height\" content=\"1000\" \/>\n\t<meta property=\"og:image:type\" content=\"image\/webp\" \/>\n<meta name=\"twitter:card\" content=\"summary_large_image\" \/>\n<meta name=\"twitter:label1\" content=\"Est. reading time\" \/>\n\t<meta name=\"twitter:data1\" content=\"1 minute\" \/>\n<script type=\"application\/ld+json\" class=\"yoast-schema-graph\">{\"@context\":\"https:\/\/schema.org\",\"@graph\":[{\"@type\":\"WebPage\",\"@id\":\"https:\/\/apoioaempresas.pt\/en\/produto\/escritorios-virtuais-pacote-anual\/\",\"url\":\"https:\/\/apoioaempresas.pt\/en\/produto\/escritorios-virtuais-pacote-anual\/\",\"name\":\"Escrit\u00f3rios Virtuais - Pacote anual | Apoio a Empresas\",\"isPartOf\":{\"@id\":\"https:\/\/apoioaempresas.pt\/en\/#website\"},\"primaryImageOfPage\":{\"@id\":\"https:\/\/apoioaempresas.pt\/en\/produto\/escritorios-virtuais-pacote-anual\/#primaryimage\"},\"image\":{\"@id\":\"https:\/\/apoioaempresas.pt\/en\/produto\/escritorios-virtuais-pacote-anual\/#primaryimage\"},\"thumbnailUrl\":\"https:\/\/apoioaempresas.pt\/wp-content\/uploads\/2023\/06\/Apoio-a-Empresas-Escritorios-virtuais.webp\",\"datePublished\":\"2025-09-19T16:21:08+00:00\",\"dateModified\":\"2025-12-17T10:17:02+00:00\",\"description\":\"Os escrit\u00f3rios virtuais oferecem \u00e0s empresas uma morada f\u00edsica sem os custos de um espa\u00e7o pr\u00f3prio. Pacote de subscri\u00e7\u00e3o anual!\",\"breadcrumb\":{\"@id\":\"https:\/\/apoioaempresas.pt\/en\/produto\/escritorios-virtuais-pacote-anual\/#breadcrumb\"},\"inLanguage\":\"en-US\",\"potentialAction\":[{\"@type\":\"ReadAction\",\"target\":[\"https:\/\/apoioaempresas.pt\/en\/produto\/escritorios-virtuais-pacote-anual\/\"]}]},{\"@type\":\"ImageObject\",\"inLanguage\":\"en-US\",\"@id\":\"https:\/\/apoioaempresas.pt\/en\/produto\/escritorios-virtuais-pacote-anual\/#primaryimage\",\"url\":\"https:\/\/apoioaempresas.pt\/wp-content\/uploads\/2023\/06\/Apoio-a-Empresas-Escritorios-virtuais.webp\",\"contentUrl\":\"https:\/\/apoioaempresas.pt\/wp-content\/uploads\/2023\/06\/Apoio-a-Empresas-Escritorios-virtuais.webp\",\"width\":1000,\"height\":1000,\"caption\":\"Os escrit\u00f3rios virtuais oferecem \u00e0s empresas uma morada f\u00edsica sem os custos de um espa\u00e7o pr\u00f3prio.\"},{\"@type\":\"BreadcrumbList\",\"@id\":\"https:\/\/apoioaempresas.pt\/en\/produto\/escritorios-virtuais-pacote-anual\/#breadcrumb\",\"itemListElement\":[{\"@type\":\"ListItem\",\"position\":1,\"name\":\"Home\",\"item\":\"https:\/\/apoioaempresas.pt\/en\/\"},{\"@type\":\"ListItem\",\"position\":2,\"name\":\"Loja\",\"item\":\"https:\/\/apoioaempresas.pt\/es\/loja\/\"},{\"@type\":\"ListItem\",\"position\":3,\"name\":\"Escrit\u00f3rios Virtuais &#8211; Pacote anual\"}]},{\"@type\":\"WebSite\",\"@id\":\"https:\/\/apoioaempresas.pt\/en\/#website\",\"url\":\"https:\/\/apoioaempresas.pt\/en\/\",\"name\":\"Apoio a Empresas\",\"description\":\"Disponibilizamos uma variedade de servi\u00e7os de apoio a empresas, para desenvolver o seu neg\u00f3cio ou ideia de neg\u00f3cio. Contacte-nos!\",\"publisher\":{\"@id\":\"https:\/\/apoioaempresas.pt\/en\/#organization\"},\"potentialAction\":[{\"@type\":\"SearchAction\",\"target\":{\"@type\":\"EntryPoint\",\"urlTemplate\":\"https:\/\/apoioaempresas.pt\/en\/?s={search_term_string}\"},\"query-input\":{\"@type\":\"PropertyValueSpecification\",\"valueRequired\":true,\"valueName\":\"search_term_string\"}}],\"inLanguage\":\"en-US\"},{\"@type\":\"Organization\",\"@id\":\"https:\/\/apoioaempresas.pt\/en\/#organization\",\"name\":\"Apoio a Empresas\",\"url\":\"https:\/\/apoioaempresas.pt\/en\/\",\"logo\":{\"@type\":\"ImageObject\",\"inLanguage\":\"en-US\",\"@id\":\"https:\/\/apoioaempresas.pt\/en\/#\/schema\/logo\/image\/\",\"url\":\"https:\/\/apoioaempresas.pt\/wp-content\/uploads\/2023\/07\/Apoio-a-Empresas-Logo-Quadrado.png\",\"contentUrl\":\"https:\/\/apoioaempresas.pt\/wp-content\/uploads\/2023\/07\/Apoio-a-Empresas-Logo-Quadrado.png\",\"width\":500,\"height\":500,\"caption\":\"Apoio a Empresas\"},\"image\":{\"@id\":\"https:\/\/apoioaempresas.pt\/en\/#\/schema\/logo\/image\/\"},\"sameAs\":[\"https:\/\/www.facebook.com\/apoioaempresas\/\",\"https:\/\/www.linkedin.com\/company\/apoio-a-empresas\/\",\"https:\/\/www.facebook.com\/apoioaempresascom\",\"https:\/\/www.linkedin.com\/company\/apoioaempresascom\/\",\"https:\/\/www.instagram.com\/apoioaempresascom\/\",\"https:\/\/www.instagram.com\/apoioaempresas.pt\/\"]}]}<\/script>\n<!-- \/ Yoast SEO plugin. -->","yoast_head_json":{"title":"Escrit\u00f3rios Virtuais - Pacote anual | Apoio a Empresas","description":"Os escrit\u00f3rios virtuais oferecem \u00e0s empresas uma morada f\u00edsica sem os custos de um espa\u00e7o pr\u00f3prio. Pacote de subscri\u00e7\u00e3o anual!","robots":{"index":"index","follow":"follow","max-snippet":"max-snippet:-1","max-image-preview":"max-image-preview:large","max-video-preview":"max-video-preview:-1"},"canonical":"https:\/\/apoioaempresas.pt\/en\/produto\/escritorios-virtuais-pacote-anual\/","og_locale":"en_US","og_type":"article","og_title":"Escrit\u00f3rios Virtuais - Pacote anual | Apoio a Empresas","og_description":"Os escrit\u00f3rios virtuais oferecem \u00e0s empresas uma morada f\u00edsica sem os custos de um espa\u00e7o pr\u00f3prio. Pacote de subscri\u00e7\u00e3o anual!","og_url":"https:\/\/apoioaempresas.pt\/en\/produto\/escritorios-virtuais-pacote-anual\/","og_site_name":"Apoio a Empresas","article_publisher":"https:\/\/www.facebook.com\/apoioaempresas\/","article_modified_time":"2025-12-17T10:17:02+00:00","og_image":[{"width":1000,"height":1000,"url":"https:\/\/apoioaempresas.pt\/wp-content\/uploads\/2023\/06\/Apoio-a-Empresas-Escritorios-virtuais.webp","type":"image\/webp"}],"twitter_card":"summary_large_image","twitter_misc":{"Est. reading time":"1 minute"},"schema":{"@context":"https:\/\/schema.org","@graph":[{"@type":"WebPage","@id":"https:\/\/apoioaempresas.pt\/en\/produto\/escritorios-virtuais-pacote-anual\/","url":"https:\/\/apoioaempresas.pt\/en\/produto\/escritorios-virtuais-pacote-anual\/","name":"Escrit\u00f3rios Virtuais - Pacote anual | Apoio a Empresas","isPartOf":{"@id":"https:\/\/apoioaempresas.pt\/en\/#website"},"primaryImageOfPage":{"@id":"https:\/\/apoioaempresas.pt\/en\/produto\/escritorios-virtuais-pacote-anual\/#primaryimage"},"image":{"@id":"https:\/\/apoioaempresas.pt\/en\/produto\/escritorios-virtuais-pacote-anual\/#primaryimage"},"thumbnailUrl":"https:\/\/apoioaempresas.pt\/wp-content\/uploads\/2023\/06\/Apoio-a-Empresas-Escritorios-virtuais.webp","datePublished":"2025-09-19T16:21:08+00:00","dateModified":"2025-12-17T10:17:02+00:00","description":"Os escrit\u00f3rios virtuais oferecem \u00e0s empresas uma morada f\u00edsica sem os custos de um espa\u00e7o pr\u00f3prio. Pacote de subscri\u00e7\u00e3o anual!","breadcrumb":{"@id":"https:\/\/apoioaempresas.pt\/en\/produto\/escritorios-virtuais-pacote-anual\/#breadcrumb"},"inLanguage":"en-US","potentialAction":[{"@type":"ReadAction","target":["https:\/\/apoioaempresas.pt\/en\/produto\/escritorios-virtuais-pacote-anual\/"]}]},{"@type":"ImageObject","inLanguage":"en-US","@id":"https:\/\/apoioaempresas.pt\/en\/produto\/escritorios-virtuais-pacote-anual\/#primaryimage","url":"https:\/\/apoioaempresas.pt\/wp-content\/uploads\/2023\/06\/Apoio-a-Empresas-Escritorios-virtuais.webp","contentUrl":"https:\/\/apoioaempresas.pt\/wp-content\/uploads\/2023\/06\/Apoio-a-Empresas-Escritorios-virtuais.webp","width":1000,"height":1000,"caption":"Os escrit\u00f3rios virtuais oferecem \u00e0s empresas uma morada f\u00edsica sem os custos de um espa\u00e7o pr\u00f3prio."},{"@type":"BreadcrumbList","@id":"https:\/\/apoioaempresas.pt\/en\/produto\/escritorios-virtuais-pacote-anual\/#breadcrumb","itemListElement":[{"@type":"ListItem","position":1,"name":"Home","item":"https:\/\/apoioaempresas.pt\/en\/"},{"@type":"ListItem","position":2,"name":"Loja","item":"https:\/\/apoioaempresas.pt\/es\/loja\/"},{"@type":"ListItem","position":3,"name":"Escrit\u00f3rios Virtuais &#8211; Pacote anual"}]},{"@type":"WebSite","@id":"https:\/\/apoioaempresas.pt\/en\/#website","url":"https:\/\/apoioaempresas.pt\/en\/","name":"Apoio a Empresas","description":"Disponibilizamos uma variedade de servi\u00e7os de apoio a empresas, para desenvolver o seu neg\u00f3cio ou ideia de neg\u00f3cio. Contacte-nos!","publisher":{"@id":"https:\/\/apoioaempresas.pt\/en\/#organization"},"potentialAction":[{"@type":"SearchAction","target":{"@type":"EntryPoint","urlTemplate":"https:\/\/apoioaempresas.pt\/en\/?s={search_term_string}"},"query-input":{"@type":"PropertyValueSpecification","valueRequired":true,"valueName":"search_term_string"}}],"inLanguage":"en-US"},{"@type":"Organization","@id":"https:\/\/apoioaempresas.pt\/en\/#organization","name":"Apoio a Empresas","url":"https:\/\/apoioaempresas.pt\/en\/","logo":{"@type":"ImageObject","inLanguage":"en-US","@id":"https:\/\/apoioaempresas.pt\/en\/#\/schema\/logo\/image\/","url":"https:\/\/apoioaempresas.pt\/wp-content\/uploads\/2023\/07\/Apoio-a-Empresas-Logo-Quadrado.png","contentUrl":"https:\/\/apoioaempresas.pt\/wp-content\/uploads\/2023\/07\/Apoio-a-Empresas-Logo-Quadrado.png","width":500,"height":500,"caption":"Apoio a Empresas"},"image":{"@id":"https:\/\/apoioaempresas.pt\/en\/#\/schema\/logo\/image\/"},"sameAs":["https:\/\/www.facebook.com\/apoioaempresas\/","https:\/\/www.linkedin.com\/company\/apoio-a-empresas\/","https:\/\/www.facebook.com\/apoioaempresascom","https:\/\/www.linkedin.com\/company\/apoioaempresascom\/","https:\/\/www.instagram.com\/apoioaempresascom\/","https:\/\/www.instagram.com\/apoioaempresas.pt\/"]}]}},"_links":{"self":[{"href":"https:\/\/apoioaempresas.pt\/en\/wp-json\/wp\/v2\/product\/3942","targetHints":{"allow":["GET"]}}],"collection":[{"href":"https:\/\/apoioaempresas.pt\/en\/wp-json\/wp\/v2\/product"}],"about":[{"href":"https:\/\/apoioaempresas.pt\/en\/wp-json\/wp\/v2\/types\/product"}],"replies":[{"embeddable":true,"href":"https:\/\/apoioaempresas.pt\/en\/wp-json\/wp\/v2\/comments?post=3942"}],"wp:featuredmedia":[{"embeddable":true,"href":"https:\/\/apoioaempresas.pt\/en\/wp-json\/wp\/v2\/media\/2196"}],"wp:attachment":[{"href":"https:\/\/apoioaempresas.pt\/en\/wp-json\/wp\/v2\/media?parent=3942"}],"wp:term":[{"taxonomy":"product_brand","embeddable":true,"href":"https:\/\/apoioaempresas.pt\/en\/wp-json\/wp\/v2\/product_brand?post=3942"},{"taxonomy":"product_cat","embeddable":true,"href":"https:\/\/apoioaempresas.pt\/en\/wp-json\/wp\/v2\/product_cat?post=3942"},{"taxonomy":"product_tag","embeddable":true,"href":"https:\/\/apoioaempresas.pt\/en\/wp-json\/wp\/v2\/product_tag?post=3942"}],"curies":[{"name":"wp","href":"https:\/\/api.w.org\/{rel}","templated":true}]}}