{"id":2692,"date":"2016-01-30T21:56:24","date_gmt":"2016-01-30T21:56:24","guid":{"rendered":"https:\/\/apoioaempresas.pt\/diseno\/"},"modified":"2024-10-31T14:58:25","modified_gmt":"2024-10-31T14:58:25","slug":"diseno","status":"publish","type":"page","link":"https:\/\/apoioaempresas.pt\/es\/servicios\/diseno\/","title":{"rendered":"Dise\u00f1o"},"content":{"rendered":"<div class=\"wpb-content-wrapper\"><p>[vc_row type=\u00bbvc_default\u00bb][vc_column css=\u00bb.vc_custom_1498229431694{padding-bottom: 50px !important;}\u00bb]<div id=\"ultimate-heading-167769e373ba2b5bf\" class=\"uvc-heading ult-adjust-bottom-margin ultimate-heading-167769e373ba2b5bf uvc-6332 \" data-hspacer=\"no_spacer\"  data-halign=\"left\" style=\"text-align:left\"><div class=\"uvc-heading-spacer no_spacer\" style=\"top\"><\/div><div class=\"uvc-main-heading ult-responsive\"  data-ultimate-target='.uvc-heading.ultimate-heading-167769e373ba2b5bf h2'  data-responsive-json-new='{\"font-size\":\"desktop:26px;\",\"line-height\":\"desktop:32px;\"}' ><h2 style=\"font-weight:bold;margin-bottom:20px;\">Dise\u00f1o<\/h2><\/div><div class=\"uvc-sub-heading ult-responsive\"  data-ultimate-target='.uvc-heading.ultimate-heading-167769e373ba2b5bf .uvc-sub-heading '  data-responsive-json-new='{\"font-size\":\"\",\"line-height\":\"\"}'  style=\"font-weight:normal;\">Dise\u00f1o gr\u00e1fico y branding como estrategia para posicionar tu empresa.<\/div><\/div>[vc_column_text]En el competitivo entorno empresarial actual, la imagen desempe\u00f1a un papel crucial. Cada marca es \u00fanica, y la forma en que se presenta al mundo es fundamental para su \u00e9xito.<\/p>\n<p>Ah\u00ed es donde entran en juego nuestros servicios de dise\u00f1o gr\u00e1fico, branding e identidad visual para ayudar a tu empresa.<\/p>\n<p><strong>Dise\u00f1o Gr\u00e1fico Creativo<\/strong><\/p>\n<p>Transforma ideas en im\u00e1genes cautivadoras que transmitan tu mensaje. Cada logotipo, anuncio, folleto o banner creado por nuestros dise\u00f1adores no es fruto del azar.<\/p>\n<p>Nuestro objetivo es contar la historia de tu marca y comunicar su esencia de una forma visualmente impactante.<\/p>\n<p><strong>Marca e identidad visual<\/strong><\/p>\n<p>La marca es la base del \u00e9xito de cualquier empresa. Es lo que establece su singularidad, diferenci\u00e1ndola de las dem\u00e1s y haci\u00e9ndola memorable.<\/p>\n<p>Trabajamos estrechamente contigo para crear una estrategia de dise\u00f1o que refleje la esencia de tu marca. Desarrollamos logotipos distintivos, paletas de colores, tipograf\u00eda y elementos visuales que sean coherentes en todos los aspectos de tu comunicaci\u00f3n, ya sea online u offline. El resultado es una marca s\u00f3lida y cohesionada que deja una impresi\u00f3n duradera.<\/p>\n<p><strong>Materiales de marketing impactantes<\/strong><\/p>\n<p>Tras establecer tu identidad visual, podemos crear materiales de marketing visualmente atractivos y eficaces que refuercen tu presencia en el mercado y atraigan a nuevos clientes. Desde folletos informativos a tarjetas de visita, roll-ups o regalos, los dise\u00f1os ser\u00e1n a imagen y semejanza de tu marca.<\/p>\n<p>Cada tipo de material es una oportunidad para contar la historia de tu marca de forma \u00fanica y persuasiva.<\/p>\n<p>El dise\u00f1o gr\u00e1fico, la marca y los materiales de marketing son los elementos tangibles que conforman la identidad visual de tu empresa. Son la primera impresi\u00f3n que tienen los clientes, y esa primera impresi\u00f3n debe dejar un impacto positivo. Cuando los consumidores ven tu marca, deben sentir una conexi\u00f3n inmediata y positiva.<\/p>\n<p>A trav\u00e9s del dise\u00f1o gr\u00e1fico, construimos un puente entre tu marca y tu p\u00fablico. La marca y la identidad visual son el lenguaje visual que nos dice qui\u00e9n es tu marca y qu\u00e9 representa. Los materiales de marketing son las herramientas que comunican este mensaje de forma atractiva y memorable.<\/p>\n<p>Si quieres llevar tu marca al siguiente nivel y cautivar a tu p\u00fablico, estamos aqu\u00ed para ayudarte.[\/vc_column_text][\/vc_column][\/vc_row]<\/p>\n<\/div>","protected":false},"excerpt":{"rendered":"<p>[vc_row type=\u00bbvc_default\u00bb][vc_column css=\u00bb.vc_custom_1498229431694{padding-bottom: 50px !important;}\u00bb][vc_column_text]En el competitivo entorno empresarial actual, la imagen desempe\u00f1a un papel crucial. Cada marca es \u00fanica, y la forma en que se presenta al mundo es fundamental para su \u00e9xito. Ah\u00ed es donde entran en juego nuestros servicios de dise\u00f1o gr\u00e1fico, branding e identidad visual para ayudar a tu empresa. Dise\u00f1o&hellip;<\/p>\n","protected":false},"author":2,"featured_media":0,"parent":2946,"menu_order":100,"comment_status":"closed","ping_status":"closed","template":"","meta":{"footnotes":""},"class_list":["post-2692","page","type-page","status-publish","hentry","description-off"],"yoast_head":"<!-- This site is optimized with the Yoast SEO plugin v26.6 - https:\/\/yoast.com\/wordpress\/plugins\/seo\/ -->\n<title>Dise\u00f1o - Apoio a Empresas<\/title>\n<meta name=\"description\" content=\"El dise\u00f1o gr\u00e1fico y el branding son una estrategia de posicionamiento para tu empresa. \u00a1No dejes tu imagen en manos de otros! Ponte en contacto con nosotros.\" \/>\n<meta name=\"robots\" content=\"index, follow, max-snippet:-1, max-image-preview:large, max-video-preview:-1\" \/>\n<link rel=\"canonical\" href=\"https:\/\/apoioaempresas.pt\/es\/servicios\/diseno\/\" \/>\n<meta property=\"og:locale\" content=\"es_ES\" \/>\n<meta property=\"og:type\" content=\"article\" \/>\n<meta property=\"og:title\" content=\"Dise\u00f1o - Apoio a Empresas\" \/>\n<meta property=\"og:description\" content=\"El dise\u00f1o gr\u00e1fico y el branding son una estrategia de posicionamiento para tu empresa. \u00a1No dejes tu imagen en manos de otros! Ponte en contacto con nosotros.\" \/>\n<meta property=\"og:url\" content=\"https:\/\/apoioaempresas.pt\/es\/servicios\/diseno\/\" \/>\n<meta property=\"og:site_name\" content=\"Apoio a Empresas\" \/>\n<meta property=\"article:publisher\" content=\"https:\/\/www.facebook.com\/apoioaempresas\/\" \/>\n<meta property=\"article:modified_time\" content=\"2024-10-31T14:58:25+00:00\" \/>\n<meta property=\"og:image\" content=\"https:\/\/apoioaempresas.pt\/wp-content\/uploads\/2023\/07\/Apoio-a-Empresas-Logo-562x200-fundo.png\" \/>\n\t<meta property=\"og:image:width\" content=\"526\" \/>\n\t<meta property=\"og:image:height\" content=\"200\" \/>\n\t<meta property=\"og:image:type\" content=\"image\/png\" \/>\n<meta name=\"twitter:card\" content=\"summary_large_image\" \/>\n<meta name=\"twitter:label1\" content=\"Tiempo de lectura\" \/>\n\t<meta name=\"twitter:data1\" content=\"2 minutos\" \/>\n<script type=\"application\/ld+json\" class=\"yoast-schema-graph\">{\"@context\":\"https:\/\/schema.org\",\"@graph\":[{\"@type\":\"WebPage\",\"@id\":\"https:\/\/apoioaempresas.pt\/es\/servicios\/diseno\/\",\"url\":\"https:\/\/apoioaempresas.pt\/es\/servicios\/diseno\/\",\"name\":\"Dise\u00f1o - Apoio a Empresas\",\"isPartOf\":{\"@id\":\"https:\/\/apoioaempresas.pt\/es\/#website\"},\"datePublished\":\"2016-01-30T21:56:24+00:00\",\"dateModified\":\"2024-10-31T14:58:25+00:00\",\"description\":\"El dise\u00f1o gr\u00e1fico y el branding son una estrategia de posicionamiento para tu empresa. \u00a1No dejes tu imagen en manos de otros! Ponte en contacto con nosotros.\",\"breadcrumb\":{\"@id\":\"https:\/\/apoioaempresas.pt\/es\/servicios\/diseno\/#breadcrumb\"},\"inLanguage\":\"es\",\"potentialAction\":[{\"@type\":\"ReadAction\",\"target\":[\"https:\/\/apoioaempresas.pt\/es\/servicios\/diseno\/\"]}]},{\"@type\":\"BreadcrumbList\",\"@id\":\"https:\/\/apoioaempresas.pt\/es\/servicios\/diseno\/#breadcrumb\",\"itemListElement\":[{\"@type\":\"ListItem\",\"position\":1,\"name\":\"Home\",\"item\":\"https:\/\/apoioaempresas.pt\/es\/\"},{\"@type\":\"ListItem\",\"position\":2,\"name\":\"Servicios\",\"item\":\"https:\/\/apoioaempresas.pt\/es\/servicios\/\"},{\"@type\":\"ListItem\",\"position\":3,\"name\":\"Dise\u00f1o\"}]},{\"@type\":\"WebSite\",\"@id\":\"https:\/\/apoioaempresas.pt\/es\/#website\",\"url\":\"https:\/\/apoioaempresas.pt\/es\/\",\"name\":\"Apoio a Empresas\",\"description\":\"Disponibilizamos uma variedade de servi\u00e7os de apoio a empresas, para desenvolver o seu neg\u00f3cio ou ideia de neg\u00f3cio. Contacte-nos!\",\"publisher\":{\"@id\":\"https:\/\/apoioaempresas.pt\/es\/#organization\"},\"potentialAction\":[{\"@type\":\"SearchAction\",\"target\":{\"@type\":\"EntryPoint\",\"urlTemplate\":\"https:\/\/apoioaempresas.pt\/es\/?s={search_term_string}\"},\"query-input\":{\"@type\":\"PropertyValueSpecification\",\"valueRequired\":true,\"valueName\":\"search_term_string\"}}],\"inLanguage\":\"es\"},{\"@type\":\"Organization\",\"@id\":\"https:\/\/apoioaempresas.pt\/es\/#organization\",\"name\":\"Apoio a Empresas\",\"url\":\"https:\/\/apoioaempresas.pt\/es\/\",\"logo\":{\"@type\":\"ImageObject\",\"inLanguage\":\"es\",\"@id\":\"https:\/\/apoioaempresas.pt\/es\/#\/schema\/logo\/image\/\",\"url\":\"https:\/\/apoioaempresas.pt\/wp-content\/uploads\/2023\/07\/Apoio-a-Empresas-Logo-Quadrado.png\",\"contentUrl\":\"https:\/\/apoioaempresas.pt\/wp-content\/uploads\/2023\/07\/Apoio-a-Empresas-Logo-Quadrado.png\",\"width\":500,\"height\":500,\"caption\":\"Apoio a Empresas\"},\"image\":{\"@id\":\"https:\/\/apoioaempresas.pt\/es\/#\/schema\/logo\/image\/\"},\"sameAs\":[\"https:\/\/www.facebook.com\/apoioaempresas\/\",\"https:\/\/www.linkedin.com\/company\/apoio-a-empresas\/\",\"https:\/\/www.facebook.com\/apoioaempresascom\",\"https:\/\/www.linkedin.com\/company\/apoioaempresascom\/\",\"https:\/\/www.instagram.com\/apoioaempresascom\/\",\"https:\/\/www.instagram.com\/apoioaempresas.pt\/\"]}]}<\/script>\n<!-- \/ Yoast SEO plugin. -->","yoast_head_json":{"title":"Dise\u00f1o - Apoio a Empresas","description":"El dise\u00f1o gr\u00e1fico y el branding son una estrategia de posicionamiento para tu empresa. \u00a1No dejes tu imagen en manos de otros! Ponte en contacto con nosotros.","robots":{"index":"index","follow":"follow","max-snippet":"max-snippet:-1","max-image-preview":"max-image-preview:large","max-video-preview":"max-video-preview:-1"},"canonical":"https:\/\/apoioaempresas.pt\/es\/servicios\/diseno\/","og_locale":"es_ES","og_type":"article","og_title":"Dise\u00f1o - Apoio a Empresas","og_description":"El dise\u00f1o gr\u00e1fico y el branding son una estrategia de posicionamiento para tu empresa. \u00a1No dejes tu imagen en manos de otros! Ponte en contacto con nosotros.","og_url":"https:\/\/apoioaempresas.pt\/es\/servicios\/diseno\/","og_site_name":"Apoio a Empresas","article_publisher":"https:\/\/www.facebook.com\/apoioaempresas\/","article_modified_time":"2024-10-31T14:58:25+00:00","og_image":[{"width":526,"height":200,"url":"https:\/\/apoioaempresas.pt\/wp-content\/uploads\/2023\/07\/Apoio-a-Empresas-Logo-562x200-fundo.png","type":"image\/png"}],"twitter_card":"summary_large_image","twitter_misc":{"Tiempo de lectura":"2 minutos"},"schema":{"@context":"https:\/\/schema.org","@graph":[{"@type":"WebPage","@id":"https:\/\/apoioaempresas.pt\/es\/servicios\/diseno\/","url":"https:\/\/apoioaempresas.pt\/es\/servicios\/diseno\/","name":"Dise\u00f1o - Apoio a Empresas","isPartOf":{"@id":"https:\/\/apoioaempresas.pt\/es\/#website"},"datePublished":"2016-01-30T21:56:24+00:00","dateModified":"2024-10-31T14:58:25+00:00","description":"El dise\u00f1o gr\u00e1fico y el branding son una estrategia de posicionamiento para tu empresa. \u00a1No dejes tu imagen en manos de otros! Ponte en contacto con nosotros.","breadcrumb":{"@id":"https:\/\/apoioaempresas.pt\/es\/servicios\/diseno\/#breadcrumb"},"inLanguage":"es","potentialAction":[{"@type":"ReadAction","target":["https:\/\/apoioaempresas.pt\/es\/servicios\/diseno\/"]}]},{"@type":"BreadcrumbList","@id":"https:\/\/apoioaempresas.pt\/es\/servicios\/diseno\/#breadcrumb","itemListElement":[{"@type":"ListItem","position":1,"name":"Home","item":"https:\/\/apoioaempresas.pt\/es\/"},{"@type":"ListItem","position":2,"name":"Servicios","item":"https:\/\/apoioaempresas.pt\/es\/servicios\/"},{"@type":"ListItem","position":3,"name":"Dise\u00f1o"}]},{"@type":"WebSite","@id":"https:\/\/apoioaempresas.pt\/es\/#website","url":"https:\/\/apoioaempresas.pt\/es\/","name":"Apoio a Empresas","description":"Disponibilizamos uma variedade de servi\u00e7os de apoio a empresas, para desenvolver o seu neg\u00f3cio ou ideia de neg\u00f3cio. Contacte-nos!","publisher":{"@id":"https:\/\/apoioaempresas.pt\/es\/#organization"},"potentialAction":[{"@type":"SearchAction","target":{"@type":"EntryPoint","urlTemplate":"https:\/\/apoioaempresas.pt\/es\/?s={search_term_string}"},"query-input":{"@type":"PropertyValueSpecification","valueRequired":true,"valueName":"search_term_string"}}],"inLanguage":"es"},{"@type":"Organization","@id":"https:\/\/apoioaempresas.pt\/es\/#organization","name":"Apoio a Empresas","url":"https:\/\/apoioaempresas.pt\/es\/","logo":{"@type":"ImageObject","inLanguage":"es","@id":"https:\/\/apoioaempresas.pt\/es\/#\/schema\/logo\/image\/","url":"https:\/\/apoioaempresas.pt\/wp-content\/uploads\/2023\/07\/Apoio-a-Empresas-Logo-Quadrado.png","contentUrl":"https:\/\/apoioaempresas.pt\/wp-content\/uploads\/2023\/07\/Apoio-a-Empresas-Logo-Quadrado.png","width":500,"height":500,"caption":"Apoio a Empresas"},"image":{"@id":"https:\/\/apoioaempresas.pt\/es\/#\/schema\/logo\/image\/"},"sameAs":["https:\/\/www.facebook.com\/apoioaempresas\/","https:\/\/www.linkedin.com\/company\/apoio-a-empresas\/","https:\/\/www.facebook.com\/apoioaempresascom","https:\/\/www.linkedin.com\/company\/apoioaempresascom\/","https:\/\/www.instagram.com\/apoioaempresascom\/","https:\/\/www.instagram.com\/apoioaempresas.pt\/"]}]}},"_links":{"self":[{"href":"https:\/\/apoioaempresas.pt\/es\/wp-json\/wp\/v2\/pages\/2692","targetHints":{"allow":["GET"]}}],"collection":[{"href":"https:\/\/apoioaempresas.pt\/es\/wp-json\/wp\/v2\/pages"}],"about":[{"href":"https:\/\/apoioaempresas.pt\/es\/wp-json\/wp\/v2\/types\/page"}],"author":[{"embeddable":true,"href":"https:\/\/apoioaempresas.pt\/es\/wp-json\/wp\/v2\/users\/2"}],"replies":[{"embeddable":true,"href":"https:\/\/apoioaempresas.pt\/es\/wp-json\/wp\/v2\/comments?post=2692"}],"version-history":[{"count":0,"href":"https:\/\/apoioaempresas.pt\/es\/wp-json\/wp\/v2\/pages\/2692\/revisions"}],"up":[{"embeddable":true,"href":"https:\/\/apoioaempresas.pt\/es\/wp-json\/wp\/v2\/pages\/2946"}],"wp:attachment":[{"href":"https:\/\/apoioaempresas.pt\/es\/wp-json\/wp\/v2\/media?parent=2692"}],"curies":[{"name":"wp","href":"https:\/\/api.w.org\/{rel}","templated":true}]}}