{"id":2697,"date":"2016-01-30T21:56:24","date_gmt":"2016-01-30T21:56:24","guid":{"rendered":"https:\/\/apoioaempresas.pt\/comunicacion-corporativa\/"},"modified":"2024-10-31T15:09:58","modified_gmt":"2024-10-31T15:09:58","slug":"comunicacion-corporativa","status":"publish","type":"page","link":"https:\/\/apoioaempresas.pt\/es\/servicios\/comunicacion-corporativa\/","title":{"rendered":"Comunicaci\u00f3n corporativa"},"content":{"rendered":"<div class=\"wpb-content-wrapper\"><p>[vc_row type=\u00bbvc_default\u00bb][vc_column css=\u00bb.vc_custom_1498229431694{padding-bottom: 50px !important;}\u00bb]<div id=\"ultimate-heading-488469e03375e2f40\" class=\"uvc-heading ult-adjust-bottom-margin ultimate-heading-488469e03375e2f40 uvc-6721 \" data-hspacer=\"no_spacer\"  data-halign=\"left\" style=\"text-align:left\"><div class=\"uvc-heading-spacer no_spacer\" style=\"top\"><\/div><div class=\"uvc-main-heading ult-responsive\"  data-ultimate-target='.uvc-heading.ultimate-heading-488469e03375e2f40 h2'  data-responsive-json-new='{\"font-size\":\"desktop:26px;\",\"line-height\":\"desktop:32px;\"}' ><h2 style=\"font-weight:bold;margin-bottom:20px;\">Comunicaci\u00f3n corporativa<\/h2><\/div><div class=\"uvc-sub-heading ult-responsive\"  data-ultimate-target='.uvc-heading.ultimate-heading-488469e03375e2f40 .uvc-sub-heading '  data-responsive-json-new='{\"font-size\":\"\",\"line-height\":\"\"}'  style=\"font-weight:normal;\">Mensajes claros, cohesionados y persuasivos<\/div><\/div>[vc_column_text]En el mundo empresarial actual, altamente competitivo, es esencial comunicarse con eficacia. La capacidad de transmitir mensajes claros, cohesivos y persuasivos es lo que define a las empresas de \u00e9xito. Ah\u00ed es donde entran en juego nuestros servicios de comunicaci\u00f3n corporativa.<\/p>\n<p><strong>El arte de la comunicaci\u00f3n empresarial<\/strong><\/p>\n<p>La comunicaci\u00f3n corporativa es algo que nos apasiona. Comprendemos la importancia de transmitir el mensaje adecuado, al p\u00fablico adecuado, en el momento adecuado. Cada empresa tiene una historia \u00fanica, y nuestra misi\u00f3n es dar vida a esa historia a trav\u00e9s de la comunicaci\u00f3n.<\/p>\n<p><strong>Estrategias de comunicaci\u00f3n a medida<\/strong><\/p>\n<p>No hay dos empresas iguales. As\u00ed que cada uno tendr\u00e1 su propia forma de comunicarse. Trabajamos estrechamente con nuestros clientes para desarrollar estrategias de comunicaci\u00f3n que se ajusten a sus objetivos espec\u00edficos. Ya sea para reforzar la marca, lanzar un nuevo producto o mejorar las relaciones con <em>las partes interesadas<\/em>, tenemos la experiencia necesaria para crear planes de comunicaci\u00f3n a medida.<\/p>\n<p><strong>Comunicaci\u00f3n interna: \u00e9xito del equipo<\/strong><\/p>\n<p>El \u00e9xito de una empresa empieza con sus empleados. Una comunicaci\u00f3n eficaz es esencial para la implicaci\u00f3n, la motivaci\u00f3n y la productividad. Desarrollamos estrategias de comunicaci\u00f3n interna que mantienen al equipo informado, alineado con los valores de la empresa y comprometido con la misi\u00f3n.<\/p>\n<p><strong>Comunicaci\u00f3n externa: conquistar el mercado<\/strong><\/p>\n<p>La conquista del mercado comienza con una s\u00f3lida comunicaci\u00f3n externa. Desde la gesti\u00f3n de las relaciones con la prensa hasta la creaci\u00f3n de contenidos de calidad, trabajamos para construir la reputaci\u00f3n de tu empresa y ganarnos la confianza del p\u00fablico.<\/p>\n<p><strong>Gesti\u00f3n de Crisis: Comunicar en Momentos Cr\u00edticos<\/strong><\/p>\n<p>No todos los momentos son un \u00e9xito, y las crisis forman parte de la realidad empresarial. Sin embargo, la forma en que una empresa afronta una crisis puede dictar su <em>resultado<\/em>. Ofrecemos servicios de gesti\u00f3n de crisis que incluyen una comunicaci\u00f3n eficaz con <em>las partes interesadas<\/em> y el p\u00fablico en general, ayudando a proteger la reputaci\u00f3n de la empresa.<\/p>\n<p><strong>Contenido Persuasivo: Cautivar a la Audiencia<\/strong><\/p>\n<p>El contenido es el rey de la comunicaci\u00f3n empresarial. Creamos contenidos persuasivos y atractivos, desde art\u00edculos y blogs hasta campa\u00f1as de marketing por correo electr\u00f3nico. Nuestro equipo est\u00e1 preparado para contar tu historia de forma cautivadora.<\/p>\n<p><strong>Resultados medibles<\/strong><\/p>\n<p>Mediante nuestras estrategias de comunicaci\u00f3n corporativa, ayudamos a las empresas a conseguir un mayor reconocimiento de marca, atraer a nuevos clientes y fortalecer las relaciones con sus p\u00fablicos objetivo. Controlamos el rendimiento de nuestras estrategias y las ajustamos seg\u00fan sea necesario para garantizar un \u00e9xito continuado.<\/p>\n<p><strong>La Comunicaci\u00f3n Empresarial como Diferencial Competitivo<\/strong><\/p>\n<p>En el competitivo mercado actual, la comunicaci\u00f3n empresarial es un elemento diferenciador. Las empresas que comunican eficazmente tienen ventaja en t\u00e9rminos de imagen de marca, implicaci\u00f3n de los empleados y confianza p\u00fablica. Nuestra misi\u00f3n es ayudar a las empresas a aprovechar este poder de la comunicaci\u00f3n como un activo estrat\u00e9gico.<\/p>\n<p><strong>Invierte en una comunicaci\u00f3n corporativa de \u00e9xito<\/strong><\/p>\n<p>Si est\u00e1s preparado para llevar las comunicaciones corporativas de tu empresa al siguiente nivel, estamos aqu\u00ed para ayudarte. Con nuestros servicios de comunicaci\u00f3n corporativa, tu empresa estar\u00e1 preparada para afrontar con confianza los retos del mercado.<\/p>\n<p>Ponte en contacto con nosotros e inicia el camino de la transformaci\u00f3n de tus comunicaciones corporativas. Tu mensaje merece ser escuchado, y eso es lo que mejor sabemos hacer. Convierte tu visi\u00f3n en una comunicaci\u00f3n eficaz con nuestros servicios especializados de comunicaci\u00f3n corporativa.[\/vc_column_text][\/vc_column][\/vc_row]<\/p>\n<\/div>","protected":false},"excerpt":{"rendered":"<p>[vc_row type=\u00bbvc_default\u00bb][vc_column css=\u00bb.vc_custom_1498229431694{padding-bottom: 50px !important;}\u00bb][vc_column_text]En el mundo empresarial actual, altamente competitivo, es esencial comunicarse con eficacia. La capacidad de transmitir mensajes claros, cohesivos y persuasivos es lo que define a las empresas de \u00e9xito. Ah\u00ed es donde entran en juego nuestros servicios de comunicaci\u00f3n corporativa. El arte de la comunicaci\u00f3n empresarial La comunicaci\u00f3n corporativa es&hellip;<\/p>\n","protected":false},"author":2,"featured_media":0,"parent":2946,"menu_order":100,"comment_status":"closed","ping_status":"closed","template":"","meta":{"footnotes":""},"class_list":["post-2697","page","type-page","status-publish","hentry","description-off"],"yoast_head":"<!-- This site is optimized with the Yoast SEO plugin v26.6 - https:\/\/yoast.com\/wordpress\/plugins\/seo\/ -->\n<title>Comunicaci\u00f3n corporativa - Apoio a Empresas<\/title>\n<meta name=\"description\" content=\"Nos apasiona la comunicaci\u00f3n empresarial. Es importante transmitir el mensaje adecuado, al p\u00fablico adecuado, en el momento adecuado. Ponte en contacto con nosotros\" \/>\n<meta name=\"robots\" content=\"index, follow, max-snippet:-1, max-image-preview:large, max-video-preview:-1\" \/>\n<link rel=\"canonical\" href=\"https:\/\/apoioaempresas.pt\/es\/servicios\/comunicacion-corporativa\/\" \/>\n<meta property=\"og:locale\" content=\"es_ES\" \/>\n<meta property=\"og:type\" content=\"article\" \/>\n<meta property=\"og:title\" content=\"Comunicaci\u00f3n corporativa - Apoio a Empresas\" \/>\n<meta property=\"og:description\" content=\"Nos apasiona la comunicaci\u00f3n empresarial. Es importante transmitir el mensaje adecuado, al p\u00fablico adecuado, en el momento adecuado. Ponte en contacto con nosotros\" \/>\n<meta property=\"og:url\" content=\"https:\/\/apoioaempresas.pt\/es\/servicios\/comunicacion-corporativa\/\" \/>\n<meta property=\"og:site_name\" content=\"Apoio a Empresas\" \/>\n<meta property=\"article:publisher\" content=\"https:\/\/www.facebook.com\/apoioaempresas\/\" \/>\n<meta property=\"article:modified_time\" content=\"2024-10-31T15:09:58+00:00\" \/>\n<meta property=\"og:image\" content=\"https:\/\/apoioaempresas.pt\/wp-content\/uploads\/2023\/07\/Apoio-a-Empresas-Logo-562x200-fundo.png\" \/>\n\t<meta property=\"og:image:width\" content=\"526\" \/>\n\t<meta property=\"og:image:height\" content=\"200\" \/>\n\t<meta property=\"og:image:type\" content=\"image\/png\" \/>\n<meta name=\"twitter:card\" content=\"summary_large_image\" \/>\n<meta name=\"twitter:label1\" content=\"Tiempo de lectura\" \/>\n\t<meta name=\"twitter:data1\" content=\"3 minutos\" \/>\n<script type=\"application\/ld+json\" class=\"yoast-schema-graph\">{\"@context\":\"https:\/\/schema.org\",\"@graph\":[{\"@type\":\"WebPage\",\"@id\":\"https:\/\/apoioaempresas.pt\/es\/servicios\/comunicacion-corporativa\/\",\"url\":\"https:\/\/apoioaempresas.pt\/es\/servicios\/comunicacion-corporativa\/\",\"name\":\"Comunicaci\u00f3n corporativa - Apoio a Empresas\",\"isPartOf\":{\"@id\":\"https:\/\/apoioaempresas.pt\/es\/#website\"},\"datePublished\":\"2016-01-30T21:56:24+00:00\",\"dateModified\":\"2024-10-31T15:09:58+00:00\",\"description\":\"Nos apasiona la comunicaci\u00f3n empresarial. Es importante transmitir el mensaje adecuado, al p\u00fablico adecuado, en el momento adecuado. Ponte en contacto con nosotros\",\"breadcrumb\":{\"@id\":\"https:\/\/apoioaempresas.pt\/es\/servicios\/comunicacion-corporativa\/#breadcrumb\"},\"inLanguage\":\"es\",\"potentialAction\":[{\"@type\":\"ReadAction\",\"target\":[\"https:\/\/apoioaempresas.pt\/es\/servicios\/comunicacion-corporativa\/\"]}]},{\"@type\":\"BreadcrumbList\",\"@id\":\"https:\/\/apoioaempresas.pt\/es\/servicios\/comunicacion-corporativa\/#breadcrumb\",\"itemListElement\":[{\"@type\":\"ListItem\",\"position\":1,\"name\":\"Home\",\"item\":\"https:\/\/apoioaempresas.pt\/es\/\"},{\"@type\":\"ListItem\",\"position\":2,\"name\":\"Servicios\",\"item\":\"https:\/\/apoioaempresas.pt\/es\/servicios\/\"},{\"@type\":\"ListItem\",\"position\":3,\"name\":\"Comunicaci\u00f3n corporativa\"}]},{\"@type\":\"WebSite\",\"@id\":\"https:\/\/apoioaempresas.pt\/es\/#website\",\"url\":\"https:\/\/apoioaempresas.pt\/es\/\",\"name\":\"Apoio a Empresas\",\"description\":\"Disponibilizamos uma variedade de servi\u00e7os de apoio a empresas, para desenvolver o seu neg\u00f3cio ou ideia de neg\u00f3cio. Contacte-nos!\",\"publisher\":{\"@id\":\"https:\/\/apoioaempresas.pt\/es\/#organization\"},\"potentialAction\":[{\"@type\":\"SearchAction\",\"target\":{\"@type\":\"EntryPoint\",\"urlTemplate\":\"https:\/\/apoioaempresas.pt\/es\/?s={search_term_string}\"},\"query-input\":{\"@type\":\"PropertyValueSpecification\",\"valueRequired\":true,\"valueName\":\"search_term_string\"}}],\"inLanguage\":\"es\"},{\"@type\":\"Organization\",\"@id\":\"https:\/\/apoioaempresas.pt\/es\/#organization\",\"name\":\"Apoio a Empresas\",\"url\":\"https:\/\/apoioaempresas.pt\/es\/\",\"logo\":{\"@type\":\"ImageObject\",\"inLanguage\":\"es\",\"@id\":\"https:\/\/apoioaempresas.pt\/es\/#\/schema\/logo\/image\/\",\"url\":\"https:\/\/apoioaempresas.pt\/wp-content\/uploads\/2023\/07\/Apoio-a-Empresas-Logo-Quadrado.png\",\"contentUrl\":\"https:\/\/apoioaempresas.pt\/wp-content\/uploads\/2023\/07\/Apoio-a-Empresas-Logo-Quadrado.png\",\"width\":500,\"height\":500,\"caption\":\"Apoio a Empresas\"},\"image\":{\"@id\":\"https:\/\/apoioaempresas.pt\/es\/#\/schema\/logo\/image\/\"},\"sameAs\":[\"https:\/\/www.facebook.com\/apoioaempresas\/\",\"https:\/\/www.linkedin.com\/company\/apoio-a-empresas\/\",\"https:\/\/www.facebook.com\/apoioaempresascom\",\"https:\/\/www.linkedin.com\/company\/apoioaempresascom\/\",\"https:\/\/www.instagram.com\/apoioaempresascom\/\",\"https:\/\/www.instagram.com\/apoioaempresas.pt\/\"]}]}<\/script>\n<!-- \/ Yoast SEO plugin. -->","yoast_head_json":{"title":"Comunicaci\u00f3n corporativa - Apoio a Empresas","description":"Nos apasiona la comunicaci\u00f3n empresarial. Es importante transmitir el mensaje adecuado, al p\u00fablico adecuado, en el momento adecuado. Ponte en contacto con nosotros","robots":{"index":"index","follow":"follow","max-snippet":"max-snippet:-1","max-image-preview":"max-image-preview:large","max-video-preview":"max-video-preview:-1"},"canonical":"https:\/\/apoioaempresas.pt\/es\/servicios\/comunicacion-corporativa\/","og_locale":"es_ES","og_type":"article","og_title":"Comunicaci\u00f3n corporativa - Apoio a Empresas","og_description":"Nos apasiona la comunicaci\u00f3n empresarial. Es importante transmitir el mensaje adecuado, al p\u00fablico adecuado, en el momento adecuado. Ponte en contacto con nosotros","og_url":"https:\/\/apoioaempresas.pt\/es\/servicios\/comunicacion-corporativa\/","og_site_name":"Apoio a Empresas","article_publisher":"https:\/\/www.facebook.com\/apoioaempresas\/","article_modified_time":"2024-10-31T15:09:58+00:00","og_image":[{"width":526,"height":200,"url":"https:\/\/apoioaempresas.pt\/wp-content\/uploads\/2023\/07\/Apoio-a-Empresas-Logo-562x200-fundo.png","type":"image\/png"}],"twitter_card":"summary_large_image","twitter_misc":{"Tiempo de lectura":"3 minutos"},"schema":{"@context":"https:\/\/schema.org","@graph":[{"@type":"WebPage","@id":"https:\/\/apoioaempresas.pt\/es\/servicios\/comunicacion-corporativa\/","url":"https:\/\/apoioaempresas.pt\/es\/servicios\/comunicacion-corporativa\/","name":"Comunicaci\u00f3n corporativa - Apoio a Empresas","isPartOf":{"@id":"https:\/\/apoioaempresas.pt\/es\/#website"},"datePublished":"2016-01-30T21:56:24+00:00","dateModified":"2024-10-31T15:09:58+00:00","description":"Nos apasiona la comunicaci\u00f3n empresarial. Es importante transmitir el mensaje adecuado, al p\u00fablico adecuado, en el momento adecuado. Ponte en contacto con nosotros","breadcrumb":{"@id":"https:\/\/apoioaempresas.pt\/es\/servicios\/comunicacion-corporativa\/#breadcrumb"},"inLanguage":"es","potentialAction":[{"@type":"ReadAction","target":["https:\/\/apoioaempresas.pt\/es\/servicios\/comunicacion-corporativa\/"]}]},{"@type":"BreadcrumbList","@id":"https:\/\/apoioaempresas.pt\/es\/servicios\/comunicacion-corporativa\/#breadcrumb","itemListElement":[{"@type":"ListItem","position":1,"name":"Home","item":"https:\/\/apoioaempresas.pt\/es\/"},{"@type":"ListItem","position":2,"name":"Servicios","item":"https:\/\/apoioaempresas.pt\/es\/servicios\/"},{"@type":"ListItem","position":3,"name":"Comunicaci\u00f3n corporativa"}]},{"@type":"WebSite","@id":"https:\/\/apoioaempresas.pt\/es\/#website","url":"https:\/\/apoioaempresas.pt\/es\/","name":"Apoio a Empresas","description":"Disponibilizamos uma variedade de servi\u00e7os de apoio a empresas, para desenvolver o seu neg\u00f3cio ou ideia de neg\u00f3cio. Contacte-nos!","publisher":{"@id":"https:\/\/apoioaempresas.pt\/es\/#organization"},"potentialAction":[{"@type":"SearchAction","target":{"@type":"EntryPoint","urlTemplate":"https:\/\/apoioaempresas.pt\/es\/?s={search_term_string}"},"query-input":{"@type":"PropertyValueSpecification","valueRequired":true,"valueName":"search_term_string"}}],"inLanguage":"es"},{"@type":"Organization","@id":"https:\/\/apoioaempresas.pt\/es\/#organization","name":"Apoio a Empresas","url":"https:\/\/apoioaempresas.pt\/es\/","logo":{"@type":"ImageObject","inLanguage":"es","@id":"https:\/\/apoioaempresas.pt\/es\/#\/schema\/logo\/image\/","url":"https:\/\/apoioaempresas.pt\/wp-content\/uploads\/2023\/07\/Apoio-a-Empresas-Logo-Quadrado.png","contentUrl":"https:\/\/apoioaempresas.pt\/wp-content\/uploads\/2023\/07\/Apoio-a-Empresas-Logo-Quadrado.png","width":500,"height":500,"caption":"Apoio a Empresas"},"image":{"@id":"https:\/\/apoioaempresas.pt\/es\/#\/schema\/logo\/image\/"},"sameAs":["https:\/\/www.facebook.com\/apoioaempresas\/","https:\/\/www.linkedin.com\/company\/apoio-a-empresas\/","https:\/\/www.facebook.com\/apoioaempresascom","https:\/\/www.linkedin.com\/company\/apoioaempresascom\/","https:\/\/www.instagram.com\/apoioaempresascom\/","https:\/\/www.instagram.com\/apoioaempresas.pt\/"]}]}},"_links":{"self":[{"href":"https:\/\/apoioaempresas.pt\/es\/wp-json\/wp\/v2\/pages\/2697","targetHints":{"allow":["GET"]}}],"collection":[{"href":"https:\/\/apoioaempresas.pt\/es\/wp-json\/wp\/v2\/pages"}],"about":[{"href":"https:\/\/apoioaempresas.pt\/es\/wp-json\/wp\/v2\/types\/page"}],"author":[{"embeddable":true,"href":"https:\/\/apoioaempresas.pt\/es\/wp-json\/wp\/v2\/users\/2"}],"replies":[{"embeddable":true,"href":"https:\/\/apoioaempresas.pt\/es\/wp-json\/wp\/v2\/comments?post=2697"}],"version-history":[{"count":0,"href":"https:\/\/apoioaempresas.pt\/es\/wp-json\/wp\/v2\/pages\/2697\/revisions"}],"up":[{"embeddable":true,"href":"https:\/\/apoioaempresas.pt\/es\/wp-json\/wp\/v2\/pages\/2946"}],"wp:attachment":[{"href":"https:\/\/apoioaempresas.pt\/es\/wp-json\/wp\/v2\/media?parent=2697"}],"curies":[{"name":"wp","href":"https:\/\/api.w.org\/{rel}","templated":true}]}}