{"id":2712,"date":"2016-01-30T21:56:24","date_gmt":"2016-01-30T21:56:24","guid":{"rendered":"https:\/\/apoioaempresas.pt\/traducciones\/"},"modified":"2024-10-31T15:11:19","modified_gmt":"2024-10-31T15:11:19","slug":"traducciones","status":"publish","type":"page","link":"https:\/\/apoioaempresas.pt\/es\/servicios\/traducciones\/","title":{"rendered":"Traducciones"},"content":{"rendered":"<div class=\"wpb-content-wrapper\"><p>[vc_row type=\u00bbvc_default\u00bb][vc_column css=\u00bb.vc_custom_1498229431694{padding-bottom: 50px !important;}\u00bb]<div id=\"ultimate-heading-203069e1ffac2b1d1\" class=\"uvc-heading ult-adjust-bottom-margin ultimate-heading-203069e1ffac2b1d1 uvc-8804 \" data-hspacer=\"no_spacer\"  data-halign=\"left\" style=\"text-align:left\"><div class=\"uvc-heading-spacer no_spacer\" style=\"top\"><\/div><div class=\"uvc-main-heading ult-responsive\"  data-ultimate-target='.uvc-heading.ultimate-heading-203069e1ffac2b1d1 h2'  data-responsive-json-new='{\"font-size\":\"desktop:26px;\",\"line-height\":\"desktop:32px;\"}' ><h2 style=\"font-weight:bold;margin-bottom:20px;\">Traducciones<\/h2><\/div><div class=\"uvc-sub-heading ult-responsive\"  data-ultimate-target='.uvc-heading.ultimate-heading-203069e1ffac2b1d1 .uvc-sub-heading '  data-responsive-json-new='{\"font-size\":\"\",\"line-height\":\"\"}'  style=\"font-weight:normal;\">Porque en un mundo sin fronteras, el multiling\u00fcismo es esencial.<\/div><\/div>[vc_column_text]En un mundo cada vez m\u00e1s globalizado, es esencial comunicarse con eficacia. El idioma no debe ser un obst\u00e1culo, y aqu\u00ed es donde entran en juego nuestros servicios de traducci\u00f3n.<\/p>\n<p><strong>Traducci\u00f3n de alta calidad<\/strong><\/p>\n<p>Nuestro equipo de traductores est\u00e1 formado por profesionales experimentados que dominan varios idiomas. Cada traducci\u00f3n se realiza con precisi\u00f3n y atenci\u00f3n al detalle, garantizando que el mensaje se transmita con claridad y eficacia.<\/p>\n<p><strong>Traducci\u00f3n de documentos comerciales<\/strong><\/p>\n<p>Los documentos empresariales como informes, contratos, presentaciones y materiales de marketing requieren un enfoque especializado. Nuestros traductores tienen un profundo conocimiento de la terminolog\u00eda empresarial y est\u00e1n preparados para traducir tus documentos de forma que mantengan su mensaje e intenciones originales.<\/p>\n<p><strong>Localizaci\u00f3n de contenidos<\/strong><\/p>\n<p>La localizaci\u00f3n es clave para llegar a tu p\u00fablico objetivo. Adaptamos el contenido a los matices culturales y ling\u00fc\u00edsticos de regiones espec\u00edficas, haciendo que tu mensaje sea m\u00e1s relevante y eficaz.<\/p>\n<p><strong>Traducci\u00f3n de sitios web y contenidos en l\u00ednea<\/strong><\/p>\n<p>En un mundo cada vez m\u00e1s digital, la presencia en Internet es esencial. Nuestros traductores pueden adaptar tu sitio web y tus contenidos en l\u00ednea para llegar al p\u00fablico internacional, ampliando el alcance de tu marca.<\/p>\n<p><strong>Traducci\u00f3n de v\u00eddeo y audio<\/strong><\/p>\n<p>Para contenidos multimedia, ofrecemos servicios de traducci\u00f3n de subt\u00edtulos y doblaje, para que tu contenido sea accesible a audiencias globales.<\/p>\n<p><strong>La ventaja de la comunicaci\u00f3n multiling\u00fce<\/strong><\/p>\n<p>En un mundo en el que la comunicaci\u00f3n trasciende las fronteras, la capacidad de comunicarse en distintas lenguas es una ventaja competitiva. Las empresas que invierten en traducci\u00f3n tienen ventaja en t\u00e9rminos de alcance global y penetraci\u00f3n en nuevos mercados.<\/p>\n<p>Ponte en contacto con nosotros y solicita m\u00e1s informaci\u00f3n sobre nuestro servicio de traducci\u00f3n. Tu mensaje merece ser escuchado, independientemente del idioma.[\/vc_column_text][\/vc_column][\/vc_row]<\/p>\n<\/div>","protected":false},"excerpt":{"rendered":"<p>[vc_row type=\u00bbvc_default\u00bb][vc_column css=\u00bb.vc_custom_1498229431694{padding-bottom: 50px !important;}\u00bb][vc_column_text]En un mundo cada vez m\u00e1s globalizado, es esencial comunicarse con eficacia. El idioma no debe ser un obst\u00e1culo, y aqu\u00ed es donde entran en juego nuestros servicios de traducci\u00f3n. Traducci\u00f3n de alta calidad Nuestro equipo de traductores est\u00e1 formado por profesionales experimentados que dominan varios idiomas. Cada traducci\u00f3n se realiza&hellip;<\/p>\n","protected":false},"author":2,"featured_media":0,"parent":2946,"menu_order":100,"comment_status":"closed","ping_status":"closed","template":"","meta":{"footnotes":""},"class_list":["post-2712","page","type-page","status-publish","hentry","description-off"],"yoast_head":"<!-- This site is optimized with the Yoast SEO plugin v26.6 - https:\/\/yoast.com\/wordpress\/plugins\/seo\/ -->\n<title>Traducciones - Apoio a Empresas<\/title>\n<meta name=\"description\" content=\"Nuestro equipo est\u00e1 formado por profesionales experimentados que dominan varios idiomas. Nuestras traducciones son precisas y est\u00e1n atentas a los detalles.\" \/>\n<meta name=\"robots\" content=\"index, follow, max-snippet:-1, max-image-preview:large, max-video-preview:-1\" \/>\n<link rel=\"canonical\" href=\"https:\/\/apoioaempresas.pt\/es\/servicios\/traducciones\/\" \/>\n<meta property=\"og:locale\" content=\"es_ES\" \/>\n<meta property=\"og:type\" content=\"article\" \/>\n<meta property=\"og:title\" content=\"Traducciones - Apoio a Empresas\" \/>\n<meta property=\"og:description\" content=\"Nuestro equipo est\u00e1 formado por profesionales experimentados que dominan varios idiomas. Nuestras traducciones son precisas y est\u00e1n atentas a los detalles.\" \/>\n<meta property=\"og:url\" content=\"https:\/\/apoioaempresas.pt\/es\/servicios\/traducciones\/\" \/>\n<meta property=\"og:site_name\" content=\"Apoio a Empresas\" \/>\n<meta property=\"article:publisher\" content=\"https:\/\/www.facebook.com\/apoioaempresas\/\" \/>\n<meta property=\"article:modified_time\" content=\"2024-10-31T15:11:19+00:00\" \/>\n<meta property=\"og:image\" content=\"https:\/\/apoioaempresas.pt\/wp-content\/uploads\/2023\/07\/Apoio-a-Empresas-Logo-562x200-fundo.png\" \/>\n\t<meta property=\"og:image:width\" content=\"526\" \/>\n\t<meta property=\"og:image:height\" content=\"200\" \/>\n\t<meta property=\"og:image:type\" content=\"image\/png\" \/>\n<meta name=\"twitter:card\" content=\"summary_large_image\" \/>\n<meta name=\"twitter:label1\" content=\"Tiempo de lectura\" \/>\n\t<meta name=\"twitter:data1\" content=\"2 minutos\" \/>\n<script type=\"application\/ld+json\" class=\"yoast-schema-graph\">{\"@context\":\"https:\/\/schema.org\",\"@graph\":[{\"@type\":\"WebPage\",\"@id\":\"https:\/\/apoioaempresas.pt\/es\/servicios\/traducciones\/\",\"url\":\"https:\/\/apoioaempresas.pt\/es\/servicios\/traducciones\/\",\"name\":\"Traducciones - Apoio a Empresas\",\"isPartOf\":{\"@id\":\"https:\/\/apoioaempresas.pt\/es\/#website\"},\"datePublished\":\"2016-01-30T21:56:24+00:00\",\"dateModified\":\"2024-10-31T15:11:19+00:00\",\"description\":\"Nuestro equipo est\u00e1 formado por profesionales experimentados que dominan varios idiomas. Nuestras traducciones son precisas y est\u00e1n atentas a los detalles.\",\"breadcrumb\":{\"@id\":\"https:\/\/apoioaempresas.pt\/es\/servicios\/traducciones\/#breadcrumb\"},\"inLanguage\":\"es\",\"potentialAction\":[{\"@type\":\"ReadAction\",\"target\":[\"https:\/\/apoioaempresas.pt\/es\/servicios\/traducciones\/\"]}]},{\"@type\":\"BreadcrumbList\",\"@id\":\"https:\/\/apoioaempresas.pt\/es\/servicios\/traducciones\/#breadcrumb\",\"itemListElement\":[{\"@type\":\"ListItem\",\"position\":1,\"name\":\"Home\",\"item\":\"https:\/\/apoioaempresas.pt\/es\/\"},{\"@type\":\"ListItem\",\"position\":2,\"name\":\"Servicios\",\"item\":\"https:\/\/apoioaempresas.pt\/es\/servicios\/\"},{\"@type\":\"ListItem\",\"position\":3,\"name\":\"Traducciones\"}]},{\"@type\":\"WebSite\",\"@id\":\"https:\/\/apoioaempresas.pt\/es\/#website\",\"url\":\"https:\/\/apoioaempresas.pt\/es\/\",\"name\":\"Apoio a Empresas\",\"description\":\"Disponibilizamos uma variedade de servi\u00e7os de apoio a empresas, para desenvolver o seu neg\u00f3cio ou ideia de neg\u00f3cio. Contacte-nos!\",\"publisher\":{\"@id\":\"https:\/\/apoioaempresas.pt\/es\/#organization\"},\"potentialAction\":[{\"@type\":\"SearchAction\",\"target\":{\"@type\":\"EntryPoint\",\"urlTemplate\":\"https:\/\/apoioaempresas.pt\/es\/?s={search_term_string}\"},\"query-input\":{\"@type\":\"PropertyValueSpecification\",\"valueRequired\":true,\"valueName\":\"search_term_string\"}}],\"inLanguage\":\"es\"},{\"@type\":\"Organization\",\"@id\":\"https:\/\/apoioaempresas.pt\/es\/#organization\",\"name\":\"Apoio a Empresas\",\"url\":\"https:\/\/apoioaempresas.pt\/es\/\",\"logo\":{\"@type\":\"ImageObject\",\"inLanguage\":\"es\",\"@id\":\"https:\/\/apoioaempresas.pt\/es\/#\/schema\/logo\/image\/\",\"url\":\"https:\/\/apoioaempresas.pt\/wp-content\/uploads\/2023\/07\/Apoio-a-Empresas-Logo-Quadrado.png\",\"contentUrl\":\"https:\/\/apoioaempresas.pt\/wp-content\/uploads\/2023\/07\/Apoio-a-Empresas-Logo-Quadrado.png\",\"width\":500,\"height\":500,\"caption\":\"Apoio a Empresas\"},\"image\":{\"@id\":\"https:\/\/apoioaempresas.pt\/es\/#\/schema\/logo\/image\/\"},\"sameAs\":[\"https:\/\/www.facebook.com\/apoioaempresas\/\",\"https:\/\/www.linkedin.com\/company\/apoio-a-empresas\/\",\"https:\/\/www.facebook.com\/apoioaempresascom\",\"https:\/\/www.linkedin.com\/company\/apoioaempresascom\/\",\"https:\/\/www.instagram.com\/apoioaempresascom\/\",\"https:\/\/www.instagram.com\/apoioaempresas.pt\/\"]}]}<\/script>\n<!-- \/ Yoast SEO plugin. -->","yoast_head_json":{"title":"Traducciones - Apoio a Empresas","description":"Nuestro equipo est\u00e1 formado por profesionales experimentados que dominan varios idiomas. Nuestras traducciones son precisas y est\u00e1n atentas a los detalles.","robots":{"index":"index","follow":"follow","max-snippet":"max-snippet:-1","max-image-preview":"max-image-preview:large","max-video-preview":"max-video-preview:-1"},"canonical":"https:\/\/apoioaempresas.pt\/es\/servicios\/traducciones\/","og_locale":"es_ES","og_type":"article","og_title":"Traducciones - Apoio a Empresas","og_description":"Nuestro equipo est\u00e1 formado por profesionales experimentados que dominan varios idiomas. Nuestras traducciones son precisas y est\u00e1n atentas a los detalles.","og_url":"https:\/\/apoioaempresas.pt\/es\/servicios\/traducciones\/","og_site_name":"Apoio a Empresas","article_publisher":"https:\/\/www.facebook.com\/apoioaempresas\/","article_modified_time":"2024-10-31T15:11:19+00:00","og_image":[{"width":526,"height":200,"url":"https:\/\/apoioaempresas.pt\/wp-content\/uploads\/2023\/07\/Apoio-a-Empresas-Logo-562x200-fundo.png","type":"image\/png"}],"twitter_card":"summary_large_image","twitter_misc":{"Tiempo de lectura":"2 minutos"},"schema":{"@context":"https:\/\/schema.org","@graph":[{"@type":"WebPage","@id":"https:\/\/apoioaempresas.pt\/es\/servicios\/traducciones\/","url":"https:\/\/apoioaempresas.pt\/es\/servicios\/traducciones\/","name":"Traducciones - Apoio a Empresas","isPartOf":{"@id":"https:\/\/apoioaempresas.pt\/es\/#website"},"datePublished":"2016-01-30T21:56:24+00:00","dateModified":"2024-10-31T15:11:19+00:00","description":"Nuestro equipo est\u00e1 formado por profesionales experimentados que dominan varios idiomas. Nuestras traducciones son precisas y est\u00e1n atentas a los detalles.","breadcrumb":{"@id":"https:\/\/apoioaempresas.pt\/es\/servicios\/traducciones\/#breadcrumb"},"inLanguage":"es","potentialAction":[{"@type":"ReadAction","target":["https:\/\/apoioaempresas.pt\/es\/servicios\/traducciones\/"]}]},{"@type":"BreadcrumbList","@id":"https:\/\/apoioaempresas.pt\/es\/servicios\/traducciones\/#breadcrumb","itemListElement":[{"@type":"ListItem","position":1,"name":"Home","item":"https:\/\/apoioaempresas.pt\/es\/"},{"@type":"ListItem","position":2,"name":"Servicios","item":"https:\/\/apoioaempresas.pt\/es\/servicios\/"},{"@type":"ListItem","position":3,"name":"Traducciones"}]},{"@type":"WebSite","@id":"https:\/\/apoioaempresas.pt\/es\/#website","url":"https:\/\/apoioaempresas.pt\/es\/","name":"Apoio a Empresas","description":"Disponibilizamos uma variedade de servi\u00e7os de apoio a empresas, para desenvolver o seu neg\u00f3cio ou ideia de neg\u00f3cio. Contacte-nos!","publisher":{"@id":"https:\/\/apoioaempresas.pt\/es\/#organization"},"potentialAction":[{"@type":"SearchAction","target":{"@type":"EntryPoint","urlTemplate":"https:\/\/apoioaempresas.pt\/es\/?s={search_term_string}"},"query-input":{"@type":"PropertyValueSpecification","valueRequired":true,"valueName":"search_term_string"}}],"inLanguage":"es"},{"@type":"Organization","@id":"https:\/\/apoioaempresas.pt\/es\/#organization","name":"Apoio a Empresas","url":"https:\/\/apoioaempresas.pt\/es\/","logo":{"@type":"ImageObject","inLanguage":"es","@id":"https:\/\/apoioaempresas.pt\/es\/#\/schema\/logo\/image\/","url":"https:\/\/apoioaempresas.pt\/wp-content\/uploads\/2023\/07\/Apoio-a-Empresas-Logo-Quadrado.png","contentUrl":"https:\/\/apoioaempresas.pt\/wp-content\/uploads\/2023\/07\/Apoio-a-Empresas-Logo-Quadrado.png","width":500,"height":500,"caption":"Apoio a Empresas"},"image":{"@id":"https:\/\/apoioaempresas.pt\/es\/#\/schema\/logo\/image\/"},"sameAs":["https:\/\/www.facebook.com\/apoioaempresas\/","https:\/\/www.linkedin.com\/company\/apoio-a-empresas\/","https:\/\/www.facebook.com\/apoioaempresascom","https:\/\/www.linkedin.com\/company\/apoioaempresascom\/","https:\/\/www.instagram.com\/apoioaempresascom\/","https:\/\/www.instagram.com\/apoioaempresas.pt\/"]}]}},"_links":{"self":[{"href":"https:\/\/apoioaempresas.pt\/es\/wp-json\/wp\/v2\/pages\/2712","targetHints":{"allow":["GET"]}}],"collection":[{"href":"https:\/\/apoioaempresas.pt\/es\/wp-json\/wp\/v2\/pages"}],"about":[{"href":"https:\/\/apoioaempresas.pt\/es\/wp-json\/wp\/v2\/types\/page"}],"author":[{"embeddable":true,"href":"https:\/\/apoioaempresas.pt\/es\/wp-json\/wp\/v2\/users\/2"}],"replies":[{"embeddable":true,"href":"https:\/\/apoioaempresas.pt\/es\/wp-json\/wp\/v2\/comments?post=2712"}],"version-history":[{"count":0,"href":"https:\/\/apoioaempresas.pt\/es\/wp-json\/wp\/v2\/pages\/2712\/revisions"}],"up":[{"embeddable":true,"href":"https:\/\/apoioaempresas.pt\/es\/wp-json\/wp\/v2\/pages\/2946"}],"wp:attachment":[{"href":"https:\/\/apoioaempresas.pt\/es\/wp-json\/wp\/v2\/media?parent=2712"}],"curies":[{"name":"wp","href":"https:\/\/api.w.org\/{rel}","templated":true}]}}