{"id":2748,"date":"2016-01-30T21:56:24","date_gmt":"2016-01-30T21:56:24","guid":{"rendered":"https:\/\/apoioaempresas.pt\/consultoria-de-marketing\/"},"modified":"2024-10-31T15:16:11","modified_gmt":"2024-10-31T15:16:11","slug":"consultoria-de-marketing","status":"publish","type":"page","link":"https:\/\/apoioaempresas.pt\/es\/servicios\/consultoria-de-marketing\/","title":{"rendered":"Consultor\u00eda de marketing"},"content":{"rendered":"<div class=\"wpb-content-wrapper\"><p>[vc_row type=\u00bbvc_default\u00bb][vc_column css=\u00bb.vc_custom_1498229431694{padding-bottom: 50px !important;}\u00bb]<div id=\"ultimate-heading-581469e1553353a03\" class=\"uvc-heading ult-adjust-bottom-margin ultimate-heading-581469e1553353a03 uvc-515 \" data-hspacer=\"no_spacer\"  data-halign=\"left\" style=\"text-align:left\"><div class=\"uvc-heading-spacer no_spacer\" style=\"top\"><\/div><div class=\"uvc-main-heading ult-responsive\"  data-ultimate-target='.uvc-heading.ultimate-heading-581469e1553353a03 h2'  data-responsive-json-new='{\"font-size\":\"desktop:26px;\",\"line-height\":\"desktop:32px;\"}' ><h2 style=\"font-weight:bold;margin-bottom:20px;\">Consultor\u00eda de marketing<\/h2><\/div><div class=\"uvc-sub-heading ult-responsive\"  data-ultimate-target='.uvc-heading.ultimate-heading-581469e1553353a03 .uvc-sub-heading '  data-responsive-json-new='{\"font-size\":\"\",\"line-height\":\"\"}'  style=\"font-weight:normal;\">Experiencia y <em>conocimientos<\/em> para impulsar tu negocio.<\/div><\/div>[vc_column_text]\u00bfQuieres conseguir resultados extraordinarios en el mundo empresarial? \u00bfQuieres destacar entre la competencia y ganar m\u00e1s clientes?<\/p>\n<p>En el entorno competitivo actual, es esencial contar con una estrategia de marketing eficaz para alcanzar tus objetivos empresariales. Por eso ofrecemos nuestra Consultor\u00eda de Marketing.<\/p>\n<p>Con a\u00f1os de experiencia y un equipo de expertos apasionados por lo que hacen, estamos preparados para impulsar tu \u00e9xito. Tenemos un enfoque personalizado y orientado a los resultados, que garantiza que cada acci\u00f3n de marketing se planifique y ejecute cuidadosamente para conseguir los mejores resultados para tu negocio.<\/p>\n<p>Lo que nos diferencia es nuestro compromiso con la excelencia. Trabajamos estrechamente contigo, comprendiendo la esencia de tu empresa, objetivos y retos. A partir de este profundo conocimiento, desarrollamos estrategias innovadoras y soluciones personalizadas que se adaptan perfectamente a tu marca y a tu p\u00fablico.<\/p>\n<p>Nuestros servicios de Consultor\u00eda de Marketing abarcan desde el an\u00e1lisis del mercado y de la competencia hasta la creaci\u00f3n de campa\u00f1as publicitarias impactantes, la optimizaci\u00f3n de las redes sociales, el desarrollo de contenidos relevantes y mucho m\u00e1s. Utilizamos las \u00faltimas herramientas y t\u00e9cnicas de an\u00e1lisis de datos para identificar oportunidades y ajustar continuamente las estrategias, asegur\u00e1ndonos de que siempre vas un paso por delante.<\/p>\n<p>Entendemos que cada empresa es \u00fanica, por eso nuestra Consultor\u00eda de Marketing se adapta a tus necesidades espec\u00edficas. Tanto si eres un nuevo empresario como una empresa consolidada, estamos preparados para ayudarte a conseguir resultados extraordinarios.<\/p>\n<p>Conf\u00eda en nuestra <em>experiencia<\/em> y haz que tu marca destaque en el mercado.<\/p>\n<p>Te ayudamos a trazar tu camino hacia el \u00e9xito.[\/vc_column_text][\/vc_column][\/vc_row]<\/p>\n<\/div>","protected":false},"excerpt":{"rendered":"<p>[vc_row type=\u00bbvc_default\u00bb][vc_column css=\u00bb.vc_custom_1498229431694{padding-bottom: 50px !important;}\u00bb][vc_column_text]\u00bfQuieres conseguir resultados extraordinarios en el mundo empresarial? \u00bfQuieres destacar entre la competencia y ganar m\u00e1s clientes? En el entorno competitivo actual, es esencial contar con una estrategia de marketing eficaz para alcanzar tus objetivos empresariales. Por eso ofrecemos nuestra Consultor\u00eda de Marketing. Con a\u00f1os de experiencia y un equipo de&hellip;<\/p>\n","protected":false},"author":2,"featured_media":0,"parent":2946,"menu_order":100,"comment_status":"closed","ping_status":"closed","template":"","meta":{"footnotes":""},"class_list":["post-2748","page","type-page","status-publish","hentry","description-off"],"yoast_head":"<!-- This site is optimized with the Yoast SEO plugin v26.6 - https:\/\/yoast.com\/wordpress\/plugins\/seo\/ -->\n<title>Consultor\u00eda de marketing - Apoio a Empresas<\/title>\n<meta name=\"description\" content=\"\u00bfQuieres destacar entre la competencia? Nuestra Consultor\u00eda de Marketing impulsar\u00e1 tu \u00e9xito. Ponte en contacto con nosotros\" \/>\n<meta name=\"robots\" content=\"index, follow, max-snippet:-1, max-image-preview:large, max-video-preview:-1\" \/>\n<link rel=\"canonical\" href=\"https:\/\/apoioaempresas.pt\/es\/servicios\/consultoria-de-marketing\/\" \/>\n<meta property=\"og:locale\" content=\"es_ES\" \/>\n<meta property=\"og:type\" content=\"article\" \/>\n<meta property=\"og:title\" content=\"Consultor\u00eda de marketing - Apoio a Empresas\" \/>\n<meta property=\"og:description\" content=\"\u00bfQuieres destacar entre la competencia? Nuestra Consultor\u00eda de Marketing impulsar\u00e1 tu \u00e9xito. Ponte en contacto con nosotros\" \/>\n<meta property=\"og:url\" content=\"https:\/\/apoioaempresas.pt\/es\/servicios\/consultoria-de-marketing\/\" \/>\n<meta property=\"og:site_name\" content=\"Apoio a Empresas\" \/>\n<meta property=\"article:publisher\" content=\"https:\/\/www.facebook.com\/apoioaempresas\/\" \/>\n<meta property=\"article:modified_time\" content=\"2024-10-31T15:16:11+00:00\" \/>\n<meta property=\"og:image\" content=\"https:\/\/apoioaempresas.pt\/wp-content\/uploads\/2023\/07\/Apoio-a-Empresas-Logo-562x200-fundo.png\" \/>\n\t<meta property=\"og:image:width\" content=\"526\" \/>\n\t<meta property=\"og:image:height\" content=\"200\" \/>\n\t<meta property=\"og:image:type\" content=\"image\/png\" \/>\n<meta name=\"twitter:card\" content=\"summary_large_image\" \/>\n<meta name=\"twitter:label1\" content=\"Tiempo de lectura\" \/>\n\t<meta name=\"twitter:data1\" content=\"2 minutos\" \/>\n<script type=\"application\/ld+json\" class=\"yoast-schema-graph\">{\"@context\":\"https:\/\/schema.org\",\"@graph\":[{\"@type\":\"WebPage\",\"@id\":\"https:\/\/apoioaempresas.pt\/es\/servicios\/consultoria-de-marketing\/\",\"url\":\"https:\/\/apoioaempresas.pt\/es\/servicios\/consultoria-de-marketing\/\",\"name\":\"Consultor\u00eda de marketing - Apoio a Empresas\",\"isPartOf\":{\"@id\":\"https:\/\/apoioaempresas.pt\/es\/#website\"},\"datePublished\":\"2016-01-30T21:56:24+00:00\",\"dateModified\":\"2024-10-31T15:16:11+00:00\",\"description\":\"\u00bfQuieres destacar entre la competencia? Nuestra Consultor\u00eda de Marketing impulsar\u00e1 tu \u00e9xito. Ponte en contacto con nosotros\",\"breadcrumb\":{\"@id\":\"https:\/\/apoioaempresas.pt\/es\/servicios\/consultoria-de-marketing\/#breadcrumb\"},\"inLanguage\":\"es\",\"potentialAction\":[{\"@type\":\"ReadAction\",\"target\":[\"https:\/\/apoioaempresas.pt\/es\/servicios\/consultoria-de-marketing\/\"]}]},{\"@type\":\"BreadcrumbList\",\"@id\":\"https:\/\/apoioaempresas.pt\/es\/servicios\/consultoria-de-marketing\/#breadcrumb\",\"itemListElement\":[{\"@type\":\"ListItem\",\"position\":1,\"name\":\"Home\",\"item\":\"https:\/\/apoioaempresas.pt\/es\/\"},{\"@type\":\"ListItem\",\"position\":2,\"name\":\"Servicios\",\"item\":\"https:\/\/apoioaempresas.pt\/es\/servicios\/\"},{\"@type\":\"ListItem\",\"position\":3,\"name\":\"Consultor\u00eda de marketing\"}]},{\"@type\":\"WebSite\",\"@id\":\"https:\/\/apoioaempresas.pt\/es\/#website\",\"url\":\"https:\/\/apoioaempresas.pt\/es\/\",\"name\":\"Apoio a Empresas\",\"description\":\"Disponibilizamos uma variedade de servi\u00e7os de apoio a empresas, para desenvolver o seu neg\u00f3cio ou ideia de neg\u00f3cio. Contacte-nos!\",\"publisher\":{\"@id\":\"https:\/\/apoioaempresas.pt\/es\/#organization\"},\"potentialAction\":[{\"@type\":\"SearchAction\",\"target\":{\"@type\":\"EntryPoint\",\"urlTemplate\":\"https:\/\/apoioaempresas.pt\/es\/?s={search_term_string}\"},\"query-input\":{\"@type\":\"PropertyValueSpecification\",\"valueRequired\":true,\"valueName\":\"search_term_string\"}}],\"inLanguage\":\"es\"},{\"@type\":\"Organization\",\"@id\":\"https:\/\/apoioaempresas.pt\/es\/#organization\",\"name\":\"Apoio a Empresas\",\"url\":\"https:\/\/apoioaempresas.pt\/es\/\",\"logo\":{\"@type\":\"ImageObject\",\"inLanguage\":\"es\",\"@id\":\"https:\/\/apoioaempresas.pt\/es\/#\/schema\/logo\/image\/\",\"url\":\"https:\/\/apoioaempresas.pt\/wp-content\/uploads\/2023\/07\/Apoio-a-Empresas-Logo-Quadrado.png\",\"contentUrl\":\"https:\/\/apoioaempresas.pt\/wp-content\/uploads\/2023\/07\/Apoio-a-Empresas-Logo-Quadrado.png\",\"width\":500,\"height\":500,\"caption\":\"Apoio a Empresas\"},\"image\":{\"@id\":\"https:\/\/apoioaempresas.pt\/es\/#\/schema\/logo\/image\/\"},\"sameAs\":[\"https:\/\/www.facebook.com\/apoioaempresas\/\",\"https:\/\/www.linkedin.com\/company\/apoio-a-empresas\/\",\"https:\/\/www.facebook.com\/apoioaempresascom\",\"https:\/\/www.linkedin.com\/company\/apoioaempresascom\/\",\"https:\/\/www.instagram.com\/apoioaempresascom\/\",\"https:\/\/www.instagram.com\/apoioaempresas.pt\/\"]}]}<\/script>\n<!-- \/ Yoast SEO plugin. -->","yoast_head_json":{"title":"Consultor\u00eda de marketing - Apoio a Empresas","description":"\u00bfQuieres destacar entre la competencia? Nuestra Consultor\u00eda de Marketing impulsar\u00e1 tu \u00e9xito. Ponte en contacto con nosotros","robots":{"index":"index","follow":"follow","max-snippet":"max-snippet:-1","max-image-preview":"max-image-preview:large","max-video-preview":"max-video-preview:-1"},"canonical":"https:\/\/apoioaempresas.pt\/es\/servicios\/consultoria-de-marketing\/","og_locale":"es_ES","og_type":"article","og_title":"Consultor\u00eda de marketing - Apoio a Empresas","og_description":"\u00bfQuieres destacar entre la competencia? Nuestra Consultor\u00eda de Marketing impulsar\u00e1 tu \u00e9xito. Ponte en contacto con nosotros","og_url":"https:\/\/apoioaempresas.pt\/es\/servicios\/consultoria-de-marketing\/","og_site_name":"Apoio a Empresas","article_publisher":"https:\/\/www.facebook.com\/apoioaempresas\/","article_modified_time":"2024-10-31T15:16:11+00:00","og_image":[{"width":526,"height":200,"url":"https:\/\/apoioaempresas.pt\/wp-content\/uploads\/2023\/07\/Apoio-a-Empresas-Logo-562x200-fundo.png","type":"image\/png"}],"twitter_card":"summary_large_image","twitter_misc":{"Tiempo de lectura":"2 minutos"},"schema":{"@context":"https:\/\/schema.org","@graph":[{"@type":"WebPage","@id":"https:\/\/apoioaempresas.pt\/es\/servicios\/consultoria-de-marketing\/","url":"https:\/\/apoioaempresas.pt\/es\/servicios\/consultoria-de-marketing\/","name":"Consultor\u00eda de marketing - Apoio a Empresas","isPartOf":{"@id":"https:\/\/apoioaempresas.pt\/es\/#website"},"datePublished":"2016-01-30T21:56:24+00:00","dateModified":"2024-10-31T15:16:11+00:00","description":"\u00bfQuieres destacar entre la competencia? Nuestra Consultor\u00eda de Marketing impulsar\u00e1 tu \u00e9xito. Ponte en contacto con nosotros","breadcrumb":{"@id":"https:\/\/apoioaempresas.pt\/es\/servicios\/consultoria-de-marketing\/#breadcrumb"},"inLanguage":"es","potentialAction":[{"@type":"ReadAction","target":["https:\/\/apoioaempresas.pt\/es\/servicios\/consultoria-de-marketing\/"]}]},{"@type":"BreadcrumbList","@id":"https:\/\/apoioaempresas.pt\/es\/servicios\/consultoria-de-marketing\/#breadcrumb","itemListElement":[{"@type":"ListItem","position":1,"name":"Home","item":"https:\/\/apoioaempresas.pt\/es\/"},{"@type":"ListItem","position":2,"name":"Servicios","item":"https:\/\/apoioaempresas.pt\/es\/servicios\/"},{"@type":"ListItem","position":3,"name":"Consultor\u00eda de marketing"}]},{"@type":"WebSite","@id":"https:\/\/apoioaempresas.pt\/es\/#website","url":"https:\/\/apoioaempresas.pt\/es\/","name":"Apoio a Empresas","description":"Disponibilizamos uma variedade de servi\u00e7os de apoio a empresas, para desenvolver o seu neg\u00f3cio ou ideia de neg\u00f3cio. Contacte-nos!","publisher":{"@id":"https:\/\/apoioaempresas.pt\/es\/#organization"},"potentialAction":[{"@type":"SearchAction","target":{"@type":"EntryPoint","urlTemplate":"https:\/\/apoioaempresas.pt\/es\/?s={search_term_string}"},"query-input":{"@type":"PropertyValueSpecification","valueRequired":true,"valueName":"search_term_string"}}],"inLanguage":"es"},{"@type":"Organization","@id":"https:\/\/apoioaempresas.pt\/es\/#organization","name":"Apoio a Empresas","url":"https:\/\/apoioaempresas.pt\/es\/","logo":{"@type":"ImageObject","inLanguage":"es","@id":"https:\/\/apoioaempresas.pt\/es\/#\/schema\/logo\/image\/","url":"https:\/\/apoioaempresas.pt\/wp-content\/uploads\/2023\/07\/Apoio-a-Empresas-Logo-Quadrado.png","contentUrl":"https:\/\/apoioaempresas.pt\/wp-content\/uploads\/2023\/07\/Apoio-a-Empresas-Logo-Quadrado.png","width":500,"height":500,"caption":"Apoio a Empresas"},"image":{"@id":"https:\/\/apoioaempresas.pt\/es\/#\/schema\/logo\/image\/"},"sameAs":["https:\/\/www.facebook.com\/apoioaempresas\/","https:\/\/www.linkedin.com\/company\/apoio-a-empresas\/","https:\/\/www.facebook.com\/apoioaempresascom","https:\/\/www.linkedin.com\/company\/apoioaempresascom\/","https:\/\/www.instagram.com\/apoioaempresascom\/","https:\/\/www.instagram.com\/apoioaempresas.pt\/"]}]}},"_links":{"self":[{"href":"https:\/\/apoioaempresas.pt\/es\/wp-json\/wp\/v2\/pages\/2748","targetHints":{"allow":["GET"]}}],"collection":[{"href":"https:\/\/apoioaempresas.pt\/es\/wp-json\/wp\/v2\/pages"}],"about":[{"href":"https:\/\/apoioaempresas.pt\/es\/wp-json\/wp\/v2\/types\/page"}],"author":[{"embeddable":true,"href":"https:\/\/apoioaempresas.pt\/es\/wp-json\/wp\/v2\/users\/2"}],"replies":[{"embeddable":true,"href":"https:\/\/apoioaempresas.pt\/es\/wp-json\/wp\/v2\/comments?post=2748"}],"version-history":[{"count":0,"href":"https:\/\/apoioaempresas.pt\/es\/wp-json\/wp\/v2\/pages\/2748\/revisions"}],"up":[{"embeddable":true,"href":"https:\/\/apoioaempresas.pt\/es\/wp-json\/wp\/v2\/pages\/2946"}],"wp:attachment":[{"href":"https:\/\/apoioaempresas.pt\/es\/wp-json\/wp\/v2\/media?parent=2748"}],"curies":[{"name":"wp","href":"https:\/\/api.w.org\/{rel}","templated":true}]}}