{"id":2755,"date":"2016-01-30T21:56:24","date_gmt":"2016-01-30T21:56:24","guid":{"rendered":"https:\/\/apoioaempresas.pt\/proyectos-de-inversion\/"},"modified":"2024-10-31T14:56:12","modified_gmt":"2024-10-31T14:56:12","slug":"proyectos-de-inversion","status":"publish","type":"page","link":"https:\/\/apoioaempresas.pt\/es\/servicios\/proyectos-de-inversion\/","title":{"rendered":"Proyectos de inversi\u00f3n"},"content":{"rendered":"<div class=\"wpb-content-wrapper\"><p>[vc_row type=\u00bbvc_default\u00bb][vc_column css=\u00bb.vc_custom_1498229431694{padding-bottom: 50px !important;}\u00bb]<div id=\"ultimate-heading-830169e236ef46804\" class=\"uvc-heading ult-adjust-bottom-margin ultimate-heading-830169e236ef46804 uvc-2607 \" data-hspacer=\"no_spacer\"  data-halign=\"left\" style=\"text-align:left\"><div class=\"uvc-heading-spacer no_spacer\" style=\"top\"><\/div><div class=\"uvc-main-heading ult-responsive\"  data-ultimate-target='.uvc-heading.ultimate-heading-830169e236ef46804 h2'  data-responsive-json-new='{\"font-size\":\"desktop:26px;\",\"line-height\":\"desktop:32px;\"}' ><h2 style=\"font-weight:bold;margin-bottom:20px;\">Proyectos de inversi\u00f3n<\/h2><\/div><div class=\"uvc-sub-heading ult-responsive\"  data-ultimate-target='.uvc-heading.ultimate-heading-830169e236ef46804 .uvc-sub-heading '  data-responsive-json-new='{\"font-size\":\"\",\"line-height\":\"\"}'  style=\"font-weight:normal;\">Acceso a la financiaci\u00f3n para impulsar el crecimiento empresarial.<\/div><\/div>[vc_column_text]\u00bfEst\u00e1s preparado para llevar tu negocio al siguiente nivel? \u00bfQuieres ampliar operaciones, innovar y conquistar nuevos mercados?<\/p>\n<p>Nuestros Proyectos de Inversi\u00f3n te ofrecen la oportunidad de acceder a financiaci\u00f3n estrat\u00e9gica para desarrollar todo el potencial de tu empresa.<\/p>\n<p>Sabemos que la falta de recursos financieros puede ser un obst\u00e1culo para el crecimiento empresarial. Por eso ofrecemos un enfoque personalizado, d\u00e1ndote acceso a fuentes de financiaci\u00f3n que ayudar\u00e1n a tu empresa a crecer.<\/p>\n<p>Nuestro equipo especializado en Proyectos de Inversi\u00f3n trabajar\u00e1 estrechamente contigo para comprender tus objetivos, necesidades de financiaci\u00f3n y oportunidades de crecimiento. Bas\u00e1ndonos en este an\u00e1lisis en profundidad, desarrollaremos una estrategia personalizada para atraer la inversi\u00f3n adecuada para tu empresa. Adem\u00e1s del acceso a la financiaci\u00f3n, ofrecemos apoyo integral durante todo el proceso.<\/p>\n<p>No dejes que la falta de recursos financieros limite el crecimiento de tu empresa. Aprovecha nuestros Proyectos de Inversi\u00f3n para obtener la financiaci\u00f3n que necesitas para alcanzar tus ambiciones empresariales.<\/p>\n<p>Estamos preparados para ayudarte a superar las barreras financieras e impulsar el crecimiento de tu empresa.<\/p>\n<p>Queremos que tu negocio sea un \u00e9xito.[\/vc_column_text][\/vc_column][\/vc_row]<\/p>\n<\/div>","protected":false},"excerpt":{"rendered":"<p>[vc_row type=\u00bbvc_default\u00bb][vc_column css=\u00bb.vc_custom_1498229431694{padding-bottom: 50px !important;}\u00bb][vc_column_text]\u00bfEst\u00e1s preparado para llevar tu negocio al siguiente nivel? \u00bfQuieres ampliar operaciones, innovar y conquistar nuevos mercados? Nuestros Proyectos de Inversi\u00f3n te ofrecen la oportunidad de acceder a financiaci\u00f3n estrat\u00e9gica para desarrollar todo el potencial de tu empresa. Sabemos que la falta de recursos financieros puede ser un obst\u00e1culo para el&hellip;<\/p>\n","protected":false},"author":2,"featured_media":0,"parent":2946,"menu_order":100,"comment_status":"closed","ping_status":"closed","template":"","meta":{"footnotes":""},"class_list":["post-2755","page","type-page","status-publish","hentry","description-off"],"yoast_head":"<!-- This site is optimized with the Yoast SEO plugin v26.6 - https:\/\/yoast.com\/wordpress\/plugins\/seo\/ -->\n<title>Proyectos de inversi\u00f3n - Apoio a Empresas<\/title>\n<meta name=\"description\" content=\"Nuestros Proyectos de Inversi\u00f3n te ofrecen la oportunidad de acceder a financiaci\u00f3n estrat\u00e9gica para maximizar tu negocio.\" \/>\n<meta name=\"robots\" content=\"index, follow, max-snippet:-1, max-image-preview:large, max-video-preview:-1\" \/>\n<link rel=\"canonical\" href=\"https:\/\/apoioaempresas.pt\/es\/servicios\/proyectos-de-inversion\/\" \/>\n<meta property=\"og:locale\" content=\"es_ES\" \/>\n<meta property=\"og:type\" content=\"article\" \/>\n<meta property=\"og:title\" content=\"Proyectos de inversi\u00f3n - Apoio a Empresas\" \/>\n<meta property=\"og:description\" content=\"Nuestros Proyectos de Inversi\u00f3n te ofrecen la oportunidad de acceder a financiaci\u00f3n estrat\u00e9gica para maximizar tu negocio.\" \/>\n<meta property=\"og:url\" content=\"https:\/\/apoioaempresas.pt\/es\/servicios\/proyectos-de-inversion\/\" \/>\n<meta property=\"og:site_name\" content=\"Apoio a Empresas\" \/>\n<meta property=\"article:publisher\" content=\"https:\/\/www.facebook.com\/apoioaempresas\/\" \/>\n<meta property=\"article:modified_time\" content=\"2024-10-31T14:56:12+00:00\" \/>\n<meta property=\"og:image\" content=\"https:\/\/apoioaempresas.pt\/wp-content\/uploads\/2023\/07\/Apoio-a-Empresas-Logo-562x200-fundo.png\" \/>\n\t<meta property=\"og:image:width\" content=\"526\" \/>\n\t<meta property=\"og:image:height\" content=\"200\" \/>\n\t<meta property=\"og:image:type\" content=\"image\/png\" \/>\n<meta name=\"twitter:card\" content=\"summary_large_image\" \/>\n<meta name=\"twitter:label1\" content=\"Tiempo de lectura\" \/>\n\t<meta name=\"twitter:data1\" content=\"1 minuto\" \/>\n<script type=\"application\/ld+json\" class=\"yoast-schema-graph\">{\"@context\":\"https:\/\/schema.org\",\"@graph\":[{\"@type\":\"WebPage\",\"@id\":\"https:\/\/apoioaempresas.pt\/es\/servicios\/proyectos-de-inversion\/\",\"url\":\"https:\/\/apoioaempresas.pt\/es\/servicios\/proyectos-de-inversion\/\",\"name\":\"Proyectos de inversi\u00f3n - Apoio a Empresas\",\"isPartOf\":{\"@id\":\"https:\/\/apoioaempresas.pt\/es\/#website\"},\"datePublished\":\"2016-01-30T21:56:24+00:00\",\"dateModified\":\"2024-10-31T14:56:12+00:00\",\"description\":\"Nuestros Proyectos de Inversi\u00f3n te ofrecen la oportunidad de acceder a financiaci\u00f3n estrat\u00e9gica para maximizar tu negocio.\",\"breadcrumb\":{\"@id\":\"https:\/\/apoioaempresas.pt\/es\/servicios\/proyectos-de-inversion\/#breadcrumb\"},\"inLanguage\":\"es\",\"potentialAction\":[{\"@type\":\"ReadAction\",\"target\":[\"https:\/\/apoioaempresas.pt\/es\/servicios\/proyectos-de-inversion\/\"]}]},{\"@type\":\"BreadcrumbList\",\"@id\":\"https:\/\/apoioaempresas.pt\/es\/servicios\/proyectos-de-inversion\/#breadcrumb\",\"itemListElement\":[{\"@type\":\"ListItem\",\"position\":1,\"name\":\"Home\",\"item\":\"https:\/\/apoioaempresas.pt\/es\/\"},{\"@type\":\"ListItem\",\"position\":2,\"name\":\"Servicios\",\"item\":\"https:\/\/apoioaempresas.pt\/es\/servicios\/\"},{\"@type\":\"ListItem\",\"position\":3,\"name\":\"Proyectos de inversi\u00f3n\"}]},{\"@type\":\"WebSite\",\"@id\":\"https:\/\/apoioaempresas.pt\/es\/#website\",\"url\":\"https:\/\/apoioaempresas.pt\/es\/\",\"name\":\"Apoio a Empresas\",\"description\":\"Disponibilizamos uma variedade de servi\u00e7os de apoio a empresas, para desenvolver o seu neg\u00f3cio ou ideia de neg\u00f3cio. Contacte-nos!\",\"publisher\":{\"@id\":\"https:\/\/apoioaempresas.pt\/es\/#organization\"},\"potentialAction\":[{\"@type\":\"SearchAction\",\"target\":{\"@type\":\"EntryPoint\",\"urlTemplate\":\"https:\/\/apoioaempresas.pt\/es\/?s={search_term_string}\"},\"query-input\":{\"@type\":\"PropertyValueSpecification\",\"valueRequired\":true,\"valueName\":\"search_term_string\"}}],\"inLanguage\":\"es\"},{\"@type\":\"Organization\",\"@id\":\"https:\/\/apoioaempresas.pt\/es\/#organization\",\"name\":\"Apoio a Empresas\",\"url\":\"https:\/\/apoioaempresas.pt\/es\/\",\"logo\":{\"@type\":\"ImageObject\",\"inLanguage\":\"es\",\"@id\":\"https:\/\/apoioaempresas.pt\/es\/#\/schema\/logo\/image\/\",\"url\":\"https:\/\/apoioaempresas.pt\/wp-content\/uploads\/2023\/07\/Apoio-a-Empresas-Logo-Quadrado.png\",\"contentUrl\":\"https:\/\/apoioaempresas.pt\/wp-content\/uploads\/2023\/07\/Apoio-a-Empresas-Logo-Quadrado.png\",\"width\":500,\"height\":500,\"caption\":\"Apoio a Empresas\"},\"image\":{\"@id\":\"https:\/\/apoioaempresas.pt\/es\/#\/schema\/logo\/image\/\"},\"sameAs\":[\"https:\/\/www.facebook.com\/apoioaempresas\/\",\"https:\/\/www.linkedin.com\/company\/apoio-a-empresas\/\",\"https:\/\/www.facebook.com\/apoioaempresascom\",\"https:\/\/www.linkedin.com\/company\/apoioaempresascom\/\",\"https:\/\/www.instagram.com\/apoioaempresascom\/\",\"https:\/\/www.instagram.com\/apoioaempresas.pt\/\"]}]}<\/script>\n<!-- \/ Yoast SEO plugin. -->","yoast_head_json":{"title":"Proyectos de inversi\u00f3n - Apoio a Empresas","description":"Nuestros Proyectos de Inversi\u00f3n te ofrecen la oportunidad de acceder a financiaci\u00f3n estrat\u00e9gica para maximizar tu negocio.","robots":{"index":"index","follow":"follow","max-snippet":"max-snippet:-1","max-image-preview":"max-image-preview:large","max-video-preview":"max-video-preview:-1"},"canonical":"https:\/\/apoioaempresas.pt\/es\/servicios\/proyectos-de-inversion\/","og_locale":"es_ES","og_type":"article","og_title":"Proyectos de inversi\u00f3n - Apoio a Empresas","og_description":"Nuestros Proyectos de Inversi\u00f3n te ofrecen la oportunidad de acceder a financiaci\u00f3n estrat\u00e9gica para maximizar tu negocio.","og_url":"https:\/\/apoioaempresas.pt\/es\/servicios\/proyectos-de-inversion\/","og_site_name":"Apoio a Empresas","article_publisher":"https:\/\/www.facebook.com\/apoioaempresas\/","article_modified_time":"2024-10-31T14:56:12+00:00","og_image":[{"width":526,"height":200,"url":"https:\/\/apoioaempresas.pt\/wp-content\/uploads\/2023\/07\/Apoio-a-Empresas-Logo-562x200-fundo.png","type":"image\/png"}],"twitter_card":"summary_large_image","twitter_misc":{"Tiempo de lectura":"1 minuto"},"schema":{"@context":"https:\/\/schema.org","@graph":[{"@type":"WebPage","@id":"https:\/\/apoioaempresas.pt\/es\/servicios\/proyectos-de-inversion\/","url":"https:\/\/apoioaempresas.pt\/es\/servicios\/proyectos-de-inversion\/","name":"Proyectos de inversi\u00f3n - Apoio a Empresas","isPartOf":{"@id":"https:\/\/apoioaempresas.pt\/es\/#website"},"datePublished":"2016-01-30T21:56:24+00:00","dateModified":"2024-10-31T14:56:12+00:00","description":"Nuestros Proyectos de Inversi\u00f3n te ofrecen la oportunidad de acceder a financiaci\u00f3n estrat\u00e9gica para maximizar tu negocio.","breadcrumb":{"@id":"https:\/\/apoioaempresas.pt\/es\/servicios\/proyectos-de-inversion\/#breadcrumb"},"inLanguage":"es","potentialAction":[{"@type":"ReadAction","target":["https:\/\/apoioaempresas.pt\/es\/servicios\/proyectos-de-inversion\/"]}]},{"@type":"BreadcrumbList","@id":"https:\/\/apoioaempresas.pt\/es\/servicios\/proyectos-de-inversion\/#breadcrumb","itemListElement":[{"@type":"ListItem","position":1,"name":"Home","item":"https:\/\/apoioaempresas.pt\/es\/"},{"@type":"ListItem","position":2,"name":"Servicios","item":"https:\/\/apoioaempresas.pt\/es\/servicios\/"},{"@type":"ListItem","position":3,"name":"Proyectos de inversi\u00f3n"}]},{"@type":"WebSite","@id":"https:\/\/apoioaempresas.pt\/es\/#website","url":"https:\/\/apoioaempresas.pt\/es\/","name":"Apoio a Empresas","description":"Disponibilizamos uma variedade de servi\u00e7os de apoio a empresas, para desenvolver o seu neg\u00f3cio ou ideia de neg\u00f3cio. Contacte-nos!","publisher":{"@id":"https:\/\/apoioaempresas.pt\/es\/#organization"},"potentialAction":[{"@type":"SearchAction","target":{"@type":"EntryPoint","urlTemplate":"https:\/\/apoioaempresas.pt\/es\/?s={search_term_string}"},"query-input":{"@type":"PropertyValueSpecification","valueRequired":true,"valueName":"search_term_string"}}],"inLanguage":"es"},{"@type":"Organization","@id":"https:\/\/apoioaempresas.pt\/es\/#organization","name":"Apoio a Empresas","url":"https:\/\/apoioaempresas.pt\/es\/","logo":{"@type":"ImageObject","inLanguage":"es","@id":"https:\/\/apoioaempresas.pt\/es\/#\/schema\/logo\/image\/","url":"https:\/\/apoioaempresas.pt\/wp-content\/uploads\/2023\/07\/Apoio-a-Empresas-Logo-Quadrado.png","contentUrl":"https:\/\/apoioaempresas.pt\/wp-content\/uploads\/2023\/07\/Apoio-a-Empresas-Logo-Quadrado.png","width":500,"height":500,"caption":"Apoio a Empresas"},"image":{"@id":"https:\/\/apoioaempresas.pt\/es\/#\/schema\/logo\/image\/"},"sameAs":["https:\/\/www.facebook.com\/apoioaempresas\/","https:\/\/www.linkedin.com\/company\/apoio-a-empresas\/","https:\/\/www.facebook.com\/apoioaempresascom","https:\/\/www.linkedin.com\/company\/apoioaempresascom\/","https:\/\/www.instagram.com\/apoioaempresascom\/","https:\/\/www.instagram.com\/apoioaempresas.pt\/"]}]}},"_links":{"self":[{"href":"https:\/\/apoioaempresas.pt\/es\/wp-json\/wp\/v2\/pages\/2755","targetHints":{"allow":["GET"]}}],"collection":[{"href":"https:\/\/apoioaempresas.pt\/es\/wp-json\/wp\/v2\/pages"}],"about":[{"href":"https:\/\/apoioaempresas.pt\/es\/wp-json\/wp\/v2\/types\/page"}],"author":[{"embeddable":true,"href":"https:\/\/apoioaempresas.pt\/es\/wp-json\/wp\/v2\/users\/2"}],"replies":[{"embeddable":true,"href":"https:\/\/apoioaempresas.pt\/es\/wp-json\/wp\/v2\/comments?post=2755"}],"version-history":[{"count":0,"href":"https:\/\/apoioaempresas.pt\/es\/wp-json\/wp\/v2\/pages\/2755\/revisions"}],"up":[{"embeddable":true,"href":"https:\/\/apoioaempresas.pt\/es\/wp-json\/wp\/v2\/pages\/2946"}],"wp:attachment":[{"href":"https:\/\/apoioaempresas.pt\/es\/wp-json\/wp\/v2\/media?parent=2755"}],"curies":[{"name":"wp","href":"https:\/\/api.w.org\/{rel}","templated":true}]}}