{"id":2758,"date":"2016-01-30T21:56:24","date_gmt":"2016-01-30T21:56:24","guid":{"rendered":"https:\/\/apoioaempresas.pt\/formacion-certificada\/"},"modified":"2024-10-30T15:08:41","modified_gmt":"2024-10-30T15:08:41","slug":"formacion-certificada","status":"publish","type":"page","link":"https:\/\/apoioaempresas.pt\/es\/servicios\/formacion-certificada\/","title":{"rendered":"Formaci\u00f3n Certificada"},"content":{"rendered":"<div class=\"wpb-content-wrapper\"><p>[vc_row type=\u00bbvc_default\u00bb][vc_column css=\u00bb.vc_custom_1498229431694{padding-bottom: 50px !important;}\u00bb]<div id=\"ultimate-heading-759769e19a30ed0ec\" class=\"uvc-heading ult-adjust-bottom-margin ultimate-heading-759769e19a30ed0ec uvc-2978 \" data-hspacer=\"no_spacer\"  data-halign=\"left\" style=\"text-align:left\"><div class=\"uvc-heading-spacer no_spacer\" style=\"top\"><\/div><div class=\"uvc-main-heading ult-responsive\"  data-ultimate-target='.uvc-heading.ultimate-heading-759769e19a30ed0ec h2'  data-responsive-json-new='{\"font-size\":\"desktop:26px;\",\"line-height\":\"desktop:32px;\"}' ><h2 style=\"font-weight:bold;margin-bottom:20px;\">Formaci\u00f3n Certificada<\/h2><\/div><div class=\"uvc-sub-heading ult-responsive\"  data-ultimate-target='.uvc-heading.ultimate-heading-759769e19a30ed0ec .uvc-sub-heading '  data-responsive-json-new='{\"font-size\":\"\",\"line-height\":\"\"}'  style=\"font-weight:normal;\">Adquiere conocimientos de calidad y destaca en el mercado.<\/div><\/div>[vc_column_text]\u00bfEst\u00e1s preparado para dar un paso adelante en tu carrera? \u00bfTe gustar\u00eda mejorar tus competencias, adquirir nuevos conocimientos y obtener una certificaci\u00f3n reconocida?<\/p>\n<p>La Formaci\u00f3n Certificada es la respuesta para impulsar tu \u00e9xito profesional.<\/p>\n<p>Sabemos que en el competitivo mercado actual, tener cualificaciones s\u00f3lidas y actualizadas es esencial para destacar. Por eso ofrecemos una Formaci\u00f3n Certificada completa y de alta calidad, dise\u00f1ada para satisfacer las necesidades del mercado actual y garantizar que est\u00e1s preparado para los retos del futuro.<\/p>\n<p>Los cursos est\u00e1n cuidadosamente estructurados e impartidos, lo que te garantiza una formaci\u00f3n s\u00f3lida y completa.<\/p>\n<p>Con horarios flexibles y opciones de clases presenciales u online, te garantizamos que podr\u00e1s encajar la formaci\u00f3n en tu horario.<\/p>\n<p>Invierte en tu carrera con nuestra Formaci\u00f3n Certificada y garantiza una ventaja competitiva en el mercado laboral.<\/p>\n<p>Aprovecha esta oportunidad para ampliar tus conocimientos, expandir tu red de contactos y convertirte en un experto en tu campo.[\/vc_column_text][\/vc_column][\/vc_row]<\/p>\n<\/div>","protected":false},"excerpt":{"rendered":"<p>[vc_row type=\u00bbvc_default\u00bb][vc_column css=\u00bb.vc_custom_1498229431694{padding-bottom: 50px !important;}\u00bb][vc_column_text]\u00bfEst\u00e1s preparado para dar un paso adelante en tu carrera? \u00bfTe gustar\u00eda mejorar tus competencias, adquirir nuevos conocimientos y obtener una certificaci\u00f3n reconocida? La Formaci\u00f3n Certificada es la respuesta para impulsar tu \u00e9xito profesional. Sabemos que en el competitivo mercado actual, tener cualificaciones s\u00f3lidas y actualizadas es esencial para destacar. Por&hellip;<\/p>\n","protected":false},"author":2,"featured_media":0,"parent":2946,"menu_order":100,"comment_status":"closed","ping_status":"closed","template":"","meta":{"footnotes":""},"class_list":["post-2758","page","type-page","status-publish","hentry","description-off"],"yoast_head":"<!-- This site is optimized with the Yoast SEO plugin v26.6 - https:\/\/yoast.com\/wordpress\/plugins\/seo\/ -->\n<title>Formaci\u00f3n Certificada - Apoio a Empresas<\/title>\n<meta name=\"description\" content=\"La Formaci\u00f3n Certificada es la respuesta para impulsar tu \u00e9xito profesional. \u00a1Tener cualificaciones s\u00f3lidas y actualizadas es esencial!\" \/>\n<meta name=\"robots\" content=\"index, follow, max-snippet:-1, max-image-preview:large, max-video-preview:-1\" \/>\n<link rel=\"canonical\" href=\"https:\/\/apoioaempresas.pt\/es\/servicios\/formacion-certificada\/\" \/>\n<meta property=\"og:locale\" content=\"es_ES\" \/>\n<meta property=\"og:type\" content=\"article\" \/>\n<meta property=\"og:title\" content=\"Formaci\u00f3n Certificada - Apoio a Empresas\" \/>\n<meta property=\"og:description\" content=\"La Formaci\u00f3n Certificada es la respuesta para impulsar tu \u00e9xito profesional. \u00a1Tener cualificaciones s\u00f3lidas y actualizadas es esencial!\" \/>\n<meta property=\"og:url\" content=\"https:\/\/apoioaempresas.pt\/es\/servicios\/formacion-certificada\/\" \/>\n<meta property=\"og:site_name\" content=\"Apoio a Empresas\" \/>\n<meta property=\"article:publisher\" content=\"https:\/\/www.facebook.com\/apoioaempresas\/\" \/>\n<meta property=\"article:modified_time\" content=\"2024-10-30T15:08:41+00:00\" \/>\n<meta property=\"og:image\" content=\"https:\/\/apoioaempresas.pt\/wp-content\/uploads\/2023\/07\/Apoio-a-Empresas-Logo-562x200-fundo.png\" \/>\n\t<meta property=\"og:image:width\" content=\"526\" \/>\n\t<meta property=\"og:image:height\" content=\"200\" \/>\n\t<meta property=\"og:image:type\" content=\"image\/png\" \/>\n<meta name=\"twitter:card\" content=\"summary_large_image\" \/>\n<meta name=\"twitter:label1\" content=\"Tiempo de lectura\" \/>\n\t<meta name=\"twitter:data1\" content=\"1 minuto\" \/>\n<script type=\"application\/ld+json\" class=\"yoast-schema-graph\">{\"@context\":\"https:\/\/schema.org\",\"@graph\":[{\"@type\":\"WebPage\",\"@id\":\"https:\/\/apoioaempresas.pt\/es\/servicios\/formacion-certificada\/\",\"url\":\"https:\/\/apoioaempresas.pt\/es\/servicios\/formacion-certificada\/\",\"name\":\"Formaci\u00f3n Certificada - Apoio a Empresas\",\"isPartOf\":{\"@id\":\"https:\/\/apoioaempresas.pt\/es\/#website\"},\"datePublished\":\"2016-01-30T21:56:24+00:00\",\"dateModified\":\"2024-10-30T15:08:41+00:00\",\"description\":\"La Formaci\u00f3n Certificada es la respuesta para impulsar tu \u00e9xito profesional. \u00a1Tener cualificaciones s\u00f3lidas y actualizadas es esencial!\",\"breadcrumb\":{\"@id\":\"https:\/\/apoioaempresas.pt\/es\/servicios\/formacion-certificada\/#breadcrumb\"},\"inLanguage\":\"es\",\"potentialAction\":[{\"@type\":\"ReadAction\",\"target\":[\"https:\/\/apoioaempresas.pt\/es\/servicios\/formacion-certificada\/\"]}]},{\"@type\":\"BreadcrumbList\",\"@id\":\"https:\/\/apoioaempresas.pt\/es\/servicios\/formacion-certificada\/#breadcrumb\",\"itemListElement\":[{\"@type\":\"ListItem\",\"position\":1,\"name\":\"Home\",\"item\":\"https:\/\/apoioaempresas.pt\/es\/\"},{\"@type\":\"ListItem\",\"position\":2,\"name\":\"Servicios\",\"item\":\"https:\/\/apoioaempresas.pt\/es\/servicios\/\"},{\"@type\":\"ListItem\",\"position\":3,\"name\":\"Formaci\u00f3n Certificada\"}]},{\"@type\":\"WebSite\",\"@id\":\"https:\/\/apoioaempresas.pt\/es\/#website\",\"url\":\"https:\/\/apoioaempresas.pt\/es\/\",\"name\":\"Apoio a Empresas\",\"description\":\"Disponibilizamos uma variedade de servi\u00e7os de apoio a empresas, para desenvolver o seu neg\u00f3cio ou ideia de neg\u00f3cio. Contacte-nos!\",\"publisher\":{\"@id\":\"https:\/\/apoioaempresas.pt\/es\/#organization\"},\"potentialAction\":[{\"@type\":\"SearchAction\",\"target\":{\"@type\":\"EntryPoint\",\"urlTemplate\":\"https:\/\/apoioaempresas.pt\/es\/?s={search_term_string}\"},\"query-input\":{\"@type\":\"PropertyValueSpecification\",\"valueRequired\":true,\"valueName\":\"search_term_string\"}}],\"inLanguage\":\"es\"},{\"@type\":\"Organization\",\"@id\":\"https:\/\/apoioaempresas.pt\/es\/#organization\",\"name\":\"Apoio a Empresas\",\"url\":\"https:\/\/apoioaempresas.pt\/es\/\",\"logo\":{\"@type\":\"ImageObject\",\"inLanguage\":\"es\",\"@id\":\"https:\/\/apoioaempresas.pt\/es\/#\/schema\/logo\/image\/\",\"url\":\"https:\/\/apoioaempresas.pt\/wp-content\/uploads\/2023\/07\/Apoio-a-Empresas-Logo-Quadrado.png\",\"contentUrl\":\"https:\/\/apoioaempresas.pt\/wp-content\/uploads\/2023\/07\/Apoio-a-Empresas-Logo-Quadrado.png\",\"width\":500,\"height\":500,\"caption\":\"Apoio a Empresas\"},\"image\":{\"@id\":\"https:\/\/apoioaempresas.pt\/es\/#\/schema\/logo\/image\/\"},\"sameAs\":[\"https:\/\/www.facebook.com\/apoioaempresas\/\",\"https:\/\/www.linkedin.com\/company\/apoio-a-empresas\/\",\"https:\/\/www.facebook.com\/apoioaempresascom\",\"https:\/\/www.linkedin.com\/company\/apoioaempresascom\/\",\"https:\/\/www.instagram.com\/apoioaempresascom\/\",\"https:\/\/www.instagram.com\/apoioaempresas.pt\/\"]}]}<\/script>\n<!-- \/ Yoast SEO plugin. -->","yoast_head_json":{"title":"Formaci\u00f3n Certificada - Apoio a Empresas","description":"La Formaci\u00f3n Certificada es la respuesta para impulsar tu \u00e9xito profesional. \u00a1Tener cualificaciones s\u00f3lidas y actualizadas es esencial!","robots":{"index":"index","follow":"follow","max-snippet":"max-snippet:-1","max-image-preview":"max-image-preview:large","max-video-preview":"max-video-preview:-1"},"canonical":"https:\/\/apoioaempresas.pt\/es\/servicios\/formacion-certificada\/","og_locale":"es_ES","og_type":"article","og_title":"Formaci\u00f3n Certificada - Apoio a Empresas","og_description":"La Formaci\u00f3n Certificada es la respuesta para impulsar tu \u00e9xito profesional. \u00a1Tener cualificaciones s\u00f3lidas y actualizadas es esencial!","og_url":"https:\/\/apoioaempresas.pt\/es\/servicios\/formacion-certificada\/","og_site_name":"Apoio a Empresas","article_publisher":"https:\/\/www.facebook.com\/apoioaempresas\/","article_modified_time":"2024-10-30T15:08:41+00:00","og_image":[{"width":526,"height":200,"url":"https:\/\/apoioaempresas.pt\/wp-content\/uploads\/2023\/07\/Apoio-a-Empresas-Logo-562x200-fundo.png","type":"image\/png"}],"twitter_card":"summary_large_image","twitter_misc":{"Tiempo de lectura":"1 minuto"},"schema":{"@context":"https:\/\/schema.org","@graph":[{"@type":"WebPage","@id":"https:\/\/apoioaempresas.pt\/es\/servicios\/formacion-certificada\/","url":"https:\/\/apoioaempresas.pt\/es\/servicios\/formacion-certificada\/","name":"Formaci\u00f3n Certificada - Apoio a Empresas","isPartOf":{"@id":"https:\/\/apoioaempresas.pt\/es\/#website"},"datePublished":"2016-01-30T21:56:24+00:00","dateModified":"2024-10-30T15:08:41+00:00","description":"La Formaci\u00f3n Certificada es la respuesta para impulsar tu \u00e9xito profesional. \u00a1Tener cualificaciones s\u00f3lidas y actualizadas es esencial!","breadcrumb":{"@id":"https:\/\/apoioaempresas.pt\/es\/servicios\/formacion-certificada\/#breadcrumb"},"inLanguage":"es","potentialAction":[{"@type":"ReadAction","target":["https:\/\/apoioaempresas.pt\/es\/servicios\/formacion-certificada\/"]}]},{"@type":"BreadcrumbList","@id":"https:\/\/apoioaempresas.pt\/es\/servicios\/formacion-certificada\/#breadcrumb","itemListElement":[{"@type":"ListItem","position":1,"name":"Home","item":"https:\/\/apoioaempresas.pt\/es\/"},{"@type":"ListItem","position":2,"name":"Servicios","item":"https:\/\/apoioaempresas.pt\/es\/servicios\/"},{"@type":"ListItem","position":3,"name":"Formaci\u00f3n Certificada"}]},{"@type":"WebSite","@id":"https:\/\/apoioaempresas.pt\/es\/#website","url":"https:\/\/apoioaempresas.pt\/es\/","name":"Apoio a Empresas","description":"Disponibilizamos uma variedade de servi\u00e7os de apoio a empresas, para desenvolver o seu neg\u00f3cio ou ideia de neg\u00f3cio. Contacte-nos!","publisher":{"@id":"https:\/\/apoioaempresas.pt\/es\/#organization"},"potentialAction":[{"@type":"SearchAction","target":{"@type":"EntryPoint","urlTemplate":"https:\/\/apoioaempresas.pt\/es\/?s={search_term_string}"},"query-input":{"@type":"PropertyValueSpecification","valueRequired":true,"valueName":"search_term_string"}}],"inLanguage":"es"},{"@type":"Organization","@id":"https:\/\/apoioaempresas.pt\/es\/#organization","name":"Apoio a Empresas","url":"https:\/\/apoioaempresas.pt\/es\/","logo":{"@type":"ImageObject","inLanguage":"es","@id":"https:\/\/apoioaempresas.pt\/es\/#\/schema\/logo\/image\/","url":"https:\/\/apoioaempresas.pt\/wp-content\/uploads\/2023\/07\/Apoio-a-Empresas-Logo-Quadrado.png","contentUrl":"https:\/\/apoioaempresas.pt\/wp-content\/uploads\/2023\/07\/Apoio-a-Empresas-Logo-Quadrado.png","width":500,"height":500,"caption":"Apoio a Empresas"},"image":{"@id":"https:\/\/apoioaempresas.pt\/es\/#\/schema\/logo\/image\/"},"sameAs":["https:\/\/www.facebook.com\/apoioaempresas\/","https:\/\/www.linkedin.com\/company\/apoio-a-empresas\/","https:\/\/www.facebook.com\/apoioaempresascom","https:\/\/www.linkedin.com\/company\/apoioaempresascom\/","https:\/\/www.instagram.com\/apoioaempresascom\/","https:\/\/www.instagram.com\/apoioaempresas.pt\/"]}]}},"_links":{"self":[{"href":"https:\/\/apoioaempresas.pt\/es\/wp-json\/wp\/v2\/pages\/2758","targetHints":{"allow":["GET"]}}],"collection":[{"href":"https:\/\/apoioaempresas.pt\/es\/wp-json\/wp\/v2\/pages"}],"about":[{"href":"https:\/\/apoioaempresas.pt\/es\/wp-json\/wp\/v2\/types\/page"}],"author":[{"embeddable":true,"href":"https:\/\/apoioaempresas.pt\/es\/wp-json\/wp\/v2\/users\/2"}],"replies":[{"embeddable":true,"href":"https:\/\/apoioaempresas.pt\/es\/wp-json\/wp\/v2\/comments?post=2758"}],"version-history":[{"count":0,"href":"https:\/\/apoioaempresas.pt\/es\/wp-json\/wp\/v2\/pages\/2758\/revisions"}],"up":[{"embeddable":true,"href":"https:\/\/apoioaempresas.pt\/es\/wp-json\/wp\/v2\/pages\/2946"}],"wp:attachment":[{"href":"https:\/\/apoioaempresas.pt\/es\/wp-json\/wp\/v2\/media?parent=2758"}],"curies":[{"name":"wp","href":"https:\/\/api.w.org\/{rel}","templated":true}]}}