{"id":2803,"date":"2016-01-30T21:56:24","date_gmt":"2016-01-30T21:56:24","guid":{"rendered":"https:\/\/apoioaempresas.pt\/diseno-web\/"},"modified":"2024-10-31T15:05:50","modified_gmt":"2024-10-31T15:05:50","slug":"diseno-web","status":"publish","type":"page","link":"https:\/\/apoioaempresas.pt\/es\/servicios\/diseno-web\/","title":{"rendered":"Dise\u00f1o web"},"content":{"rendered":"<div class=\"wpb-content-wrapper\"><p>[vc_row type=\u00bbvc_default\u00bb][vc_column css=\u00bb.vc_custom_1498229431694{padding-bottom: 50px !important;}\u00bb]<div id=\"ultimate-heading-147469f324fb4c04c\" class=\"uvc-heading ult-adjust-bottom-margin ultimate-heading-147469f324fb4c04c uvc-9552 \" data-hspacer=\"no_spacer\"  data-halign=\"left\" style=\"text-align:left\"><div class=\"uvc-heading-spacer no_spacer\" style=\"top\"><\/div><div class=\"uvc-main-heading ult-responsive\"  data-ultimate-target='.uvc-heading.ultimate-heading-147469f324fb4c04c h2'  data-responsive-json-new='{\"font-size\":\"desktop:26px;\",\"line-height\":\"desktop:32px;\"}' ><h2 style=\"font-weight:bold;margin-bottom:20px;\">Dise\u00f1o web<\/h2><\/div><div class=\"uvc-sub-heading ult-responsive\"  data-ultimate-target='.uvc-heading.ultimate-heading-147469f324fb4c04c .uvc-sub-heading '  data-responsive-json-new='{\"font-size\":\"\",\"line-height\":\"\"}'  style=\"font-weight:normal;\">Tu sitio web o tienda online, a tu imagen y semejanza.<\/div><\/div>[vc_column_text css=\u00bb\u00bb]En el mundo digital actual, la presencia en Internet es una parte crucial del \u00e9xito de cualquier empresa. Tanto si eres una ambiciosa start-up como una empresa consolidada, tu sitio web es tu primer punto de contacto con los clientes potenciales. Es el escaparate digital de tu marca, y aqu\u00ed es donde entra en juego nuestro compromiso con los servicios de dise\u00f1o web.<\/p>\n<p><strong>Dise\u00f1o web que impresiona<\/strong><\/p>\n<p>A nuestro equipo de dise\u00f1adores web le apasiona crear experiencias online que impresionen. Cada sitio que creamos combina dise\u00f1o y funcionalidad, y est\u00e1 dise\u00f1ado para atraer y enganchar a los visitantes desde el primer clic. Entendemos que un sitio web no es s\u00f3lo una p\u00e1gina web, sino una oportunidad para contar la historia de tu marca, destacar tus productos y servicios y crear una conexi\u00f3n duradera con tu p\u00fablico.<\/p>\n<p><strong>Experiencia de usuario (UX) e Interfaz de usuario (UI)<\/strong><\/p>\n<p>La navegaci\u00f3n por el sitio debe ser intuitiva y agradable. Nuestro equipo de especialistas en UX y UI trabaja para garantizar que tu sitio ofrezca la mejor experiencia posible a los visitantes. Cada elemento, desde los men\u00fas de navegaci\u00f3n hasta los botones, est\u00e1 estrat\u00e9gicamente colocado para que los visitantes encuentren f\u00e1cilmente lo que buscan.<\/p>\n<p>Una interfaz bien dise\u00f1ada hace que el sitio sea agradable de usar, lo que se traduce en visitantes m\u00e1s contentos y mayores conversiones.<\/p>\n<p><strong>El m\u00f3vil primero<\/strong><\/p>\n<p>Dado que cada vez m\u00e1s personas acceden a Internet a trav\u00e9s de dispositivos m\u00f3viles, tu sitio web debe desarrollarse teniendo en cuenta el acceso m\u00f3vil.<\/p>\n<p>Creamos sitios <em>mobile first<\/em> y responsive que se adaptan perfectamente a una gran variedad de tama\u00f1os de pantalla, garantizando que los visitantes tengan una experiencia positiva, independientemente del dispositivo que utilicen.<\/p>\n<p><strong>SEO integrado<\/strong><\/p>\n<p>La visibilidad en los motores de b\u00fasqueda es vital para el \u00e9xito en Internet. Los sitios web que desarrollamos tienen en cuenta las mejores pr\u00e1cticas SEO desde el principio. Esto ayuda a aumentar la clasificaci\u00f3n de tu sitio en los resultados de las b\u00fasquedas, lo que significa m\u00e1s tr\u00e1fico y m\u00e1s oportunidades de negocio.<\/p>\n<p><strong>Personalizaci\u00f3n total<\/strong><\/p>\n<p>Creemos que cada empresa es \u00fanica, y tu sitio web debe reflejar esa singularidad. Debe ser una representaci\u00f3n aut\u00e9ntica de tu marca y de los valores que defiendes.<\/p>\n<p>De este modo, trabajamos estrechamente contigo para comprender tus necesidades y objetivos espec\u00edficos.<\/p>\n<p><strong>Mantenimiento continuo y actualizaciones<\/strong><\/p>\n<p>El trabajo de dise\u00f1o no termina cuando se lanza el sitio. Ofrecemos servicios de mantenimiento y actualizaciones continuas para garantizar que tu sitio siga estando al d\u00eda y sea seguro y eficaz. A medida que tu negocio crece y evoluciona, tambi\u00e9n debe hacerlo tu sitio web.<\/p>\n<p><strong>S\u00e9 un referente en tu sector<\/strong><\/p>\n<p>La competencia online es feroz, pero nuestro compromiso con un dise\u00f1o excepcional hace que tu empresa destaque. Si quieres ser una referencia en tu sector, tu sitio web debe reflejar esa ambici\u00f3n.<\/p>\n<p>Si est\u00e1s preparado para dar vida a tu visi\u00f3n online, estamos listos para ayudarte. Desde el primer concepto hasta el lanzamiento, nos comprometemos a crear un sitio web que sea tan \u00fanico como tu marca.<\/p>\n<p><a href=\"https:\/\/apoioaempresas.pt\/contactos\/\">Ponte en contacto con nosotros<\/a> y empieza a cuidar tu presencia online hoy mismo.[\/vc_column_text][\/vc_column][\/vc_row]<\/p>\n<\/div>","protected":false},"excerpt":{"rendered":"<p>[vc_row type=\u00bbvc_default\u00bb][vc_column css=\u00bb.vc_custom_1498229431694{padding-bottom: 50px !important;}\u00bb][vc_column_text css=\u00bb\u00bb]En el mundo digital actual, la presencia en Internet es una parte crucial del \u00e9xito de cualquier empresa. Tanto si eres una ambiciosa start-up como una empresa consolidada, tu sitio web es tu primer punto de contacto con los clientes potenciales. Es el escaparate digital de tu marca, y aqu\u00ed&hellip;<\/p>\n","protected":false},"author":2,"featured_media":0,"parent":2946,"menu_order":100,"comment_status":"closed","ping_status":"closed","template":"","meta":{"footnotes":""},"class_list":["post-2803","page","type-page","status-publish","hentry","description-off"],"yoast_head":"<!-- This site is optimized with the Yoast SEO plugin v26.6 - https:\/\/yoast.com\/wordpress\/plugins\/seo\/ -->\n<title>Dise\u00f1o web - Apoio a Empresas<\/title>\n<meta name=\"description\" content=\"Tu sitio web es el escaparate digital de tu marca. Aqu\u00ed es donde entra en juego nuestro compromiso con los servicios de dise\u00f1o web. \u00a1Pide tu presupuesto!\" \/>\n<meta name=\"robots\" content=\"index, follow, max-snippet:-1, max-image-preview:large, max-video-preview:-1\" \/>\n<link rel=\"canonical\" href=\"https:\/\/apoioaempresas.pt\/es\/servicios\/diseno-web\/\" \/>\n<meta property=\"og:locale\" content=\"es_ES\" \/>\n<meta property=\"og:type\" content=\"article\" \/>\n<meta property=\"og:title\" content=\"Dise\u00f1o web - Apoio a Empresas\" \/>\n<meta property=\"og:description\" content=\"Tu sitio web es el escaparate digital de tu marca. Aqu\u00ed es donde entra en juego nuestro compromiso con los servicios de dise\u00f1o web. \u00a1Pide tu presupuesto!\" \/>\n<meta property=\"og:url\" content=\"https:\/\/apoioaempresas.pt\/es\/servicios\/diseno-web\/\" \/>\n<meta property=\"og:site_name\" content=\"Apoio a Empresas\" \/>\n<meta property=\"article:publisher\" content=\"https:\/\/www.facebook.com\/apoioaempresas\/\" \/>\n<meta property=\"article:modified_time\" content=\"2024-10-31T15:05:50+00:00\" \/>\n<meta property=\"og:image\" content=\"https:\/\/apoioaempresas.pt\/wp-content\/uploads\/2023\/07\/Apoio-a-Empresas-Logo-562x200-fundo.png\" \/>\n\t<meta property=\"og:image:width\" content=\"526\" \/>\n\t<meta property=\"og:image:height\" content=\"200\" \/>\n\t<meta property=\"og:image:type\" content=\"image\/png\" \/>\n<meta name=\"twitter:card\" content=\"summary_large_image\" \/>\n<meta name=\"twitter:label1\" content=\"Tiempo de lectura\" \/>\n\t<meta name=\"twitter:data1\" content=\"3 minutos\" \/>\n<script type=\"application\/ld+json\" class=\"yoast-schema-graph\">{\"@context\":\"https:\/\/schema.org\",\"@graph\":[{\"@type\":\"WebPage\",\"@id\":\"https:\/\/apoioaempresas.pt\/es\/servicios\/diseno-web\/\",\"url\":\"https:\/\/apoioaempresas.pt\/es\/servicios\/diseno-web\/\",\"name\":\"Dise\u00f1o web - Apoio a Empresas\",\"isPartOf\":{\"@id\":\"https:\/\/apoioaempresas.pt\/es\/#website\"},\"datePublished\":\"2016-01-30T21:56:24+00:00\",\"dateModified\":\"2024-10-31T15:05:50+00:00\",\"description\":\"Tu sitio web es el escaparate digital de tu marca. Aqu\u00ed es donde entra en juego nuestro compromiso con los servicios de dise\u00f1o web. \u00a1Pide tu presupuesto!\",\"breadcrumb\":{\"@id\":\"https:\/\/apoioaempresas.pt\/es\/servicios\/diseno-web\/#breadcrumb\"},\"inLanguage\":\"es\",\"potentialAction\":[{\"@type\":\"ReadAction\",\"target\":[\"https:\/\/apoioaempresas.pt\/es\/servicios\/diseno-web\/\"]}]},{\"@type\":\"BreadcrumbList\",\"@id\":\"https:\/\/apoioaempresas.pt\/es\/servicios\/diseno-web\/#breadcrumb\",\"itemListElement\":[{\"@type\":\"ListItem\",\"position\":1,\"name\":\"Home\",\"item\":\"https:\/\/apoioaempresas.pt\/es\/\"},{\"@type\":\"ListItem\",\"position\":2,\"name\":\"Servicios\",\"item\":\"https:\/\/apoioaempresas.pt\/es\/servicios\/\"},{\"@type\":\"ListItem\",\"position\":3,\"name\":\"Dise\u00f1o web\"}]},{\"@type\":\"WebSite\",\"@id\":\"https:\/\/apoioaempresas.pt\/es\/#website\",\"url\":\"https:\/\/apoioaempresas.pt\/es\/\",\"name\":\"Apoio a Empresas\",\"description\":\"Disponibilizamos uma variedade de servi\u00e7os de apoio a empresas, para desenvolver o seu neg\u00f3cio ou ideia de neg\u00f3cio. Contacte-nos!\",\"publisher\":{\"@id\":\"https:\/\/apoioaempresas.pt\/es\/#organization\"},\"potentialAction\":[{\"@type\":\"SearchAction\",\"target\":{\"@type\":\"EntryPoint\",\"urlTemplate\":\"https:\/\/apoioaempresas.pt\/es\/?s={search_term_string}\"},\"query-input\":{\"@type\":\"PropertyValueSpecification\",\"valueRequired\":true,\"valueName\":\"search_term_string\"}}],\"inLanguage\":\"es\"},{\"@type\":\"Organization\",\"@id\":\"https:\/\/apoioaempresas.pt\/es\/#organization\",\"name\":\"Apoio a Empresas\",\"url\":\"https:\/\/apoioaempresas.pt\/es\/\",\"logo\":{\"@type\":\"ImageObject\",\"inLanguage\":\"es\",\"@id\":\"https:\/\/apoioaempresas.pt\/es\/#\/schema\/logo\/image\/\",\"url\":\"https:\/\/apoioaempresas.pt\/wp-content\/uploads\/2023\/07\/Apoio-a-Empresas-Logo-Quadrado.png\",\"contentUrl\":\"https:\/\/apoioaempresas.pt\/wp-content\/uploads\/2023\/07\/Apoio-a-Empresas-Logo-Quadrado.png\",\"width\":500,\"height\":500,\"caption\":\"Apoio a Empresas\"},\"image\":{\"@id\":\"https:\/\/apoioaempresas.pt\/es\/#\/schema\/logo\/image\/\"},\"sameAs\":[\"https:\/\/www.facebook.com\/apoioaempresas\/\",\"https:\/\/www.linkedin.com\/company\/apoio-a-empresas\/\",\"https:\/\/www.facebook.com\/apoioaempresascom\",\"https:\/\/www.linkedin.com\/company\/apoioaempresascom\/\",\"https:\/\/www.instagram.com\/apoioaempresascom\/\",\"https:\/\/www.instagram.com\/apoioaempresas.pt\/\"]}]}<\/script>\n<!-- \/ Yoast SEO plugin. -->","yoast_head_json":{"title":"Dise\u00f1o web - Apoio a Empresas","description":"Tu sitio web es el escaparate digital de tu marca. Aqu\u00ed es donde entra en juego nuestro compromiso con los servicios de dise\u00f1o web. \u00a1Pide tu presupuesto!","robots":{"index":"index","follow":"follow","max-snippet":"max-snippet:-1","max-image-preview":"max-image-preview:large","max-video-preview":"max-video-preview:-1"},"canonical":"https:\/\/apoioaempresas.pt\/es\/servicios\/diseno-web\/","og_locale":"es_ES","og_type":"article","og_title":"Dise\u00f1o web - Apoio a Empresas","og_description":"Tu sitio web es el escaparate digital de tu marca. Aqu\u00ed es donde entra en juego nuestro compromiso con los servicios de dise\u00f1o web. \u00a1Pide tu presupuesto!","og_url":"https:\/\/apoioaempresas.pt\/es\/servicios\/diseno-web\/","og_site_name":"Apoio a Empresas","article_publisher":"https:\/\/www.facebook.com\/apoioaempresas\/","article_modified_time":"2024-10-31T15:05:50+00:00","og_image":[{"width":526,"height":200,"url":"https:\/\/apoioaempresas.pt\/wp-content\/uploads\/2023\/07\/Apoio-a-Empresas-Logo-562x200-fundo.png","type":"image\/png"}],"twitter_card":"summary_large_image","twitter_misc":{"Tiempo de lectura":"3 minutos"},"schema":{"@context":"https:\/\/schema.org","@graph":[{"@type":"WebPage","@id":"https:\/\/apoioaempresas.pt\/es\/servicios\/diseno-web\/","url":"https:\/\/apoioaempresas.pt\/es\/servicios\/diseno-web\/","name":"Dise\u00f1o web - Apoio a Empresas","isPartOf":{"@id":"https:\/\/apoioaempresas.pt\/es\/#website"},"datePublished":"2016-01-30T21:56:24+00:00","dateModified":"2024-10-31T15:05:50+00:00","description":"Tu sitio web es el escaparate digital de tu marca. Aqu\u00ed es donde entra en juego nuestro compromiso con los servicios de dise\u00f1o web. \u00a1Pide tu presupuesto!","breadcrumb":{"@id":"https:\/\/apoioaempresas.pt\/es\/servicios\/diseno-web\/#breadcrumb"},"inLanguage":"es","potentialAction":[{"@type":"ReadAction","target":["https:\/\/apoioaempresas.pt\/es\/servicios\/diseno-web\/"]}]},{"@type":"BreadcrumbList","@id":"https:\/\/apoioaempresas.pt\/es\/servicios\/diseno-web\/#breadcrumb","itemListElement":[{"@type":"ListItem","position":1,"name":"Home","item":"https:\/\/apoioaempresas.pt\/es\/"},{"@type":"ListItem","position":2,"name":"Servicios","item":"https:\/\/apoioaempresas.pt\/es\/servicios\/"},{"@type":"ListItem","position":3,"name":"Dise\u00f1o web"}]},{"@type":"WebSite","@id":"https:\/\/apoioaempresas.pt\/es\/#website","url":"https:\/\/apoioaempresas.pt\/es\/","name":"Apoio a Empresas","description":"Disponibilizamos uma variedade de servi\u00e7os de apoio a empresas, para desenvolver o seu neg\u00f3cio ou ideia de neg\u00f3cio. Contacte-nos!","publisher":{"@id":"https:\/\/apoioaempresas.pt\/es\/#organization"},"potentialAction":[{"@type":"SearchAction","target":{"@type":"EntryPoint","urlTemplate":"https:\/\/apoioaempresas.pt\/es\/?s={search_term_string}"},"query-input":{"@type":"PropertyValueSpecification","valueRequired":true,"valueName":"search_term_string"}}],"inLanguage":"es"},{"@type":"Organization","@id":"https:\/\/apoioaempresas.pt\/es\/#organization","name":"Apoio a Empresas","url":"https:\/\/apoioaempresas.pt\/es\/","logo":{"@type":"ImageObject","inLanguage":"es","@id":"https:\/\/apoioaempresas.pt\/es\/#\/schema\/logo\/image\/","url":"https:\/\/apoioaempresas.pt\/wp-content\/uploads\/2023\/07\/Apoio-a-Empresas-Logo-Quadrado.png","contentUrl":"https:\/\/apoioaempresas.pt\/wp-content\/uploads\/2023\/07\/Apoio-a-Empresas-Logo-Quadrado.png","width":500,"height":500,"caption":"Apoio a Empresas"},"image":{"@id":"https:\/\/apoioaempresas.pt\/es\/#\/schema\/logo\/image\/"},"sameAs":["https:\/\/www.facebook.com\/apoioaempresas\/","https:\/\/www.linkedin.com\/company\/apoio-a-empresas\/","https:\/\/www.facebook.com\/apoioaempresascom","https:\/\/www.linkedin.com\/company\/apoioaempresascom\/","https:\/\/www.instagram.com\/apoioaempresascom\/","https:\/\/www.instagram.com\/apoioaempresas.pt\/"]}]}},"_links":{"self":[{"href":"https:\/\/apoioaempresas.pt\/es\/wp-json\/wp\/v2\/pages\/2803","targetHints":{"allow":["GET"]}}],"collection":[{"href":"https:\/\/apoioaempresas.pt\/es\/wp-json\/wp\/v2\/pages"}],"about":[{"href":"https:\/\/apoioaempresas.pt\/es\/wp-json\/wp\/v2\/types\/page"}],"author":[{"embeddable":true,"href":"https:\/\/apoioaempresas.pt\/es\/wp-json\/wp\/v2\/users\/2"}],"replies":[{"embeddable":true,"href":"https:\/\/apoioaempresas.pt\/es\/wp-json\/wp\/v2\/comments?post=2803"}],"version-history":[{"count":0,"href":"https:\/\/apoioaempresas.pt\/es\/wp-json\/wp\/v2\/pages\/2803\/revisions"}],"up":[{"embeddable":true,"href":"https:\/\/apoioaempresas.pt\/es\/wp-json\/wp\/v2\/pages\/2946"}],"wp:attachment":[{"href":"https:\/\/apoioaempresas.pt\/es\/wp-json\/wp\/v2\/media?parent=2803"}],"curies":[{"name":"wp","href":"https:\/\/api.w.org\/{rel}","templated":true}]}}