{"id":3246,"date":"2025-04-18T00:29:55","date_gmt":"2025-04-17T23:29:55","guid":{"rendered":"https:\/\/apoioaempresas.pt\/ficha-de-proyecto\/"},"modified":"2025-04-24T10:26:38","modified_gmt":"2025-04-24T09:26:38","slug":"ficha-de-proyecto","status":"publish","type":"page","link":"https:\/\/apoioaempresas.pt\/es\/ficha-de-proyecto\/","title":{"rendered":"Ficha de Proyecto"},"content":{"rendered":"\n<h2 class=\"wp-block-heading\"><strong>Identificaci\u00f3n del Proyecto<\/strong><\/h2>\n\n\n\n<p>Internacionalizaci\u00f3n de Conjugar Raz\u00f5es<\/p>\n\n\n\n<p><strong>Promotor:<\/strong><\/p>\n\n\n\n<p>CONJUGAR RAZ\u00d5ES LDA<\/p>\n\n\n\n<p><strong>\u00c1mbito:<\/strong><\/p>\n\n\n\n<p>Solicitud presentada en el marco de la Convocatoria 14\/C16-i02\/2023 \u2013 Internacionalizaci\u00f3n a trav\u00e9s del comercio electr\u00f3nico, respaldada por el Componente 16 \u2013 Empresas 4.0, integrada en la dimensi\u00f3n de Transici\u00f3n Digital del Plan de Recuperaci\u00f3n y Resiliencia (PRR)<\/p>\n\n\n\n<p><strong>Descripci\u00f3n:<\/strong><\/p>\n\n\n\n<p>Conjugar Raz\u00f5es, Lda., una empresa especializada en servicios de apoyo empresarial, pretende expandirse internacionalmente a Espa\u00f1a y Francia. La estrategia se basa en establecer una presencia digital en estos mercados mediante la creaci\u00f3n de un sitio web multiling\u00fce, campa\u00f1as de marketing digital y el refuerzo del equipo con un profesional de la comunicaci\u00f3n. El objetivo es atraer empresas extranjeras que deseen operar en Portugal, ofreciendo servicios como oficinas virtuales, consultor\u00eda de marketing y formaci\u00f3n.<\/p>\n\n\n\n<p><strong>Objetivos:<\/strong><\/p>\n\n\n\n<ul class=\"wp-block-list\">\n<li>Internacionalizar los servicios a Espa\u00f1a y Francia.<\/li>\n\n\n\n<li>Crear y optimizar el sitio web en espa\u00f1ol, franc\u00e9s e ingl\u00e9s.<\/li>\n\n\n\n<li>Aumentar la visibilidad de la marca mediante marketing digital.<\/li>\n\n\n\n<li>Atraer clientes internacionales para servicios de domiciliaci\u00f3n, coworking y consultor\u00eda.<\/li>\n\n\n\n<li>Reforzar el equipo con un profesional especializado en comunicaci\u00f3n. Posicionarse como socio estrat\u00e9gico para apoyar la entrada de empresas extranjeras en el mercado portugu\u00e9s.<\/li>\n<\/ul>\n\n\n\n<p><strong>Indicadores:<\/strong><\/p>\n\n\n\n<ul class=\"wp-block-list\">\n<li>Creaci\u00f3n de tienda online propia (Indicador) \u2013 1 sitio web multiling\u00fce (Meta\/Resultado Esperado)<\/li>\n\n\n\n<li>N.\u00ba de nuevos servicios y\/o funcionalidades introducidas en la tienda online (Indicador) \u2013 2 nuevos servicios adaptados al mercado internacional (Meta\/Resultado Esperado)<\/li>\n\n\n\n<li>N.\u00ba de nuevas adhesiones a marketplaces (Indicador) \u2013 1 nueva adhesi\u00f3n a marketplaces (Meta\/Resultado Esperado)<\/li>\n\n\n\n<li>N.\u00ba de mercados abarcados por las acciones de marketing digital (Indicador) \u2013 2 (Espa\u00f1a y Francia) (Meta\/Resultado Esperado)<\/li>\n\n\n\n<li>\n<\/li><\/ul>\n\n\n\n<p><strong>Inversi\u00f3n<\/strong><\/p>\n\n\n\n<p>24.780,00\u20ac<\/p>\n\n\n\n<p><strong>Apoyo\/Subvenci\u00f3n<\/strong><\/p>\n\n\n\n<p>12.390,00 \u20ac<\/p>\n\n\n","protected":false},"excerpt":{"rendered":"<p>Identificaci\u00f3n del Proyecto Internacionalizaci\u00f3n de Conjugar Raz\u00f5es Promotor: CONJUGAR RAZ\u00d5ES LDA \u00c1mbito: Solicitud presentada en el marco de la Convocatoria 14\/C16-i02\/2023 \u2013 Internacionalizaci\u00f3n a trav\u00e9s del comercio electr\u00f3nico, respaldada por el Componente 16 \u2013 Empresas 4.0, integrada en la dimensi\u00f3n de Transici\u00f3n Digital del Plan de Recuperaci\u00f3n y Resiliencia (PRR) Descripci\u00f3n: Conjugar Raz\u00f5es, Lda., una&hellip;<\/p>\n","protected":false},"author":2,"featured_media":3200,"parent":0,"menu_order":0,"comment_status":"closed","ping_status":"closed","template":"","meta":{"footnotes":""},"class_list":["post-3246","page","type-page","status-publish","has-post-thumbnail","hentry","description-off"],"yoast_head":"<!-- This site is optimized with the Yoast SEO plugin v26.6 - https:\/\/yoast.com\/wordpress\/plugins\/seo\/ -->\n<title>Ficha de Proyecto - Apoio a Empresas<\/title>\n<meta name=\"description\" content=\"Consulta nuestra Pol\u00edtica de Cookies en esta p\u00e1gina. Los usuarios pueden revocar o cambiar sus preferencias en cualquier momento.\" \/>\n<meta name=\"robots\" content=\"index, follow, max-snippet:-1, max-image-preview:large, max-video-preview:-1\" \/>\n<link rel=\"canonical\" href=\"https:\/\/apoioaempresas.pt\/es\/ficha-de-proyecto\/\" \/>\n<meta property=\"og:locale\" content=\"es_ES\" \/>\n<meta property=\"og:type\" content=\"article\" \/>\n<meta property=\"og:title\" content=\"Ficha de Proyecto - Apoio a Empresas\" \/>\n<meta property=\"og:description\" content=\"Consulta nuestra Pol\u00edtica de Cookies en esta p\u00e1gina. Los usuarios pueden revocar o cambiar sus preferencias en cualquier momento.\" \/>\n<meta property=\"og:url\" content=\"https:\/\/apoioaempresas.pt\/es\/ficha-de-proyecto\/\" \/>\n<meta property=\"og:site_name\" content=\"Apoio a Empresas\" \/>\n<meta property=\"article:publisher\" content=\"https:\/\/www.facebook.com\/apoioaempresas\/\" \/>\n<meta property=\"article:modified_time\" content=\"2025-04-24T09:26:38+00:00\" \/>\n<meta property=\"og:image\" content=\"https:\/\/apoioaempresas.pt\/wp-content\/uploads\/2025\/04\/logos.webp\" \/>\n\t<meta property=\"og:image:width\" content=\"1842\" \/>\n\t<meta property=\"og:image:height\" content=\"312\" \/>\n\t<meta property=\"og:image:type\" content=\"image\/webp\" \/>\n<meta name=\"twitter:card\" content=\"summary_large_image\" \/>\n<meta name=\"twitter:label1\" content=\"Tiempo de lectura\" \/>\n\t<meta name=\"twitter:data1\" content=\"1 minuto\" \/>\n<script type=\"application\/ld+json\" class=\"yoast-schema-graph\">{\"@context\":\"https:\/\/schema.org\",\"@graph\":[{\"@type\":\"WebPage\",\"@id\":\"https:\/\/apoioaempresas.pt\/es\/ficha-de-proyecto\/\",\"url\":\"https:\/\/apoioaempresas.pt\/es\/ficha-de-proyecto\/\",\"name\":\"Ficha de Proyecto - Apoio a Empresas\",\"isPartOf\":{\"@id\":\"https:\/\/apoioaempresas.pt\/es\/#website\"},\"primaryImageOfPage\":{\"@id\":\"https:\/\/apoioaempresas.pt\/es\/ficha-de-proyecto\/#primaryimage\"},\"image\":{\"@id\":\"https:\/\/apoioaempresas.pt\/es\/ficha-de-proyecto\/#primaryimage\"},\"thumbnailUrl\":\"https:\/\/apoioaempresas.pt\/wp-content\/uploads\/2025\/04\/logos.webp\",\"datePublished\":\"2025-04-17T23:29:55+00:00\",\"dateModified\":\"2025-04-24T09:26:38+00:00\",\"description\":\"Consulta nuestra Pol\u00edtica de Cookies en esta p\u00e1gina. Los usuarios pueden revocar o cambiar sus preferencias en cualquier momento.\",\"breadcrumb\":{\"@id\":\"https:\/\/apoioaempresas.pt\/es\/ficha-de-proyecto\/#breadcrumb\"},\"inLanguage\":\"es\",\"potentialAction\":[{\"@type\":\"ReadAction\",\"target\":[\"https:\/\/apoioaempresas.pt\/es\/ficha-de-proyecto\/\"]}]},{\"@type\":\"ImageObject\",\"inLanguage\":\"es\",\"@id\":\"https:\/\/apoioaempresas.pt\/es\/ficha-de-proyecto\/#primaryimage\",\"url\":\"https:\/\/apoioaempresas.pt\/wp-content\/uploads\/2025\/04\/logos.webp\",\"contentUrl\":\"https:\/\/apoioaempresas.pt\/wp-content\/uploads\/2025\/04\/logos.webp\",\"width\":1842,\"height\":312},{\"@type\":\"BreadcrumbList\",\"@id\":\"https:\/\/apoioaempresas.pt\/es\/ficha-de-proyecto\/#breadcrumb\",\"itemListElement\":[{\"@type\":\"ListItem\",\"position\":1,\"name\":\"Home\",\"item\":\"https:\/\/apoioaempresas.pt\/es\/\"},{\"@type\":\"ListItem\",\"position\":2,\"name\":\"Ficha de Proyecto\"}]},{\"@type\":\"WebSite\",\"@id\":\"https:\/\/apoioaempresas.pt\/es\/#website\",\"url\":\"https:\/\/apoioaempresas.pt\/es\/\",\"name\":\"Apoio a Empresas\",\"description\":\"Disponibilizamos uma variedade de servi\u00e7os de apoio a empresas, para desenvolver o seu neg\u00f3cio ou ideia de neg\u00f3cio. Contacte-nos!\",\"publisher\":{\"@id\":\"https:\/\/apoioaempresas.pt\/es\/#organization\"},\"potentialAction\":[{\"@type\":\"SearchAction\",\"target\":{\"@type\":\"EntryPoint\",\"urlTemplate\":\"https:\/\/apoioaempresas.pt\/es\/?s={search_term_string}\"},\"query-input\":{\"@type\":\"PropertyValueSpecification\",\"valueRequired\":true,\"valueName\":\"search_term_string\"}}],\"inLanguage\":\"es\"},{\"@type\":\"Organization\",\"@id\":\"https:\/\/apoioaempresas.pt\/es\/#organization\",\"name\":\"Apoio a Empresas\",\"url\":\"https:\/\/apoioaempresas.pt\/es\/\",\"logo\":{\"@type\":\"ImageObject\",\"inLanguage\":\"es\",\"@id\":\"https:\/\/apoioaempresas.pt\/es\/#\/schema\/logo\/image\/\",\"url\":\"https:\/\/apoioaempresas.pt\/wp-content\/uploads\/2023\/07\/Apoio-a-Empresas-Logo-Quadrado.png\",\"contentUrl\":\"https:\/\/apoioaempresas.pt\/wp-content\/uploads\/2023\/07\/Apoio-a-Empresas-Logo-Quadrado.png\",\"width\":500,\"height\":500,\"caption\":\"Apoio a Empresas\"},\"image\":{\"@id\":\"https:\/\/apoioaempresas.pt\/es\/#\/schema\/logo\/image\/\"},\"sameAs\":[\"https:\/\/www.facebook.com\/apoioaempresas\/\",\"https:\/\/www.linkedin.com\/company\/apoio-a-empresas\/\",\"https:\/\/www.facebook.com\/apoioaempresascom\",\"https:\/\/www.linkedin.com\/company\/apoioaempresascom\/\",\"https:\/\/www.instagram.com\/apoioaempresascom\/\",\"https:\/\/www.instagram.com\/apoioaempresas.pt\/\"]}]}<\/script>\n<!-- \/ Yoast SEO plugin. -->","yoast_head_json":{"title":"Ficha de Proyecto - Apoio a Empresas","description":"Consulta nuestra Pol\u00edtica de Cookies en esta p\u00e1gina. Los usuarios pueden revocar o cambiar sus preferencias en cualquier momento.","robots":{"index":"index","follow":"follow","max-snippet":"max-snippet:-1","max-image-preview":"max-image-preview:large","max-video-preview":"max-video-preview:-1"},"canonical":"https:\/\/apoioaempresas.pt\/es\/ficha-de-proyecto\/","og_locale":"es_ES","og_type":"article","og_title":"Ficha de Proyecto - Apoio a Empresas","og_description":"Consulta nuestra Pol\u00edtica de Cookies en esta p\u00e1gina. Los usuarios pueden revocar o cambiar sus preferencias en cualquier momento.","og_url":"https:\/\/apoioaempresas.pt\/es\/ficha-de-proyecto\/","og_site_name":"Apoio a Empresas","article_publisher":"https:\/\/www.facebook.com\/apoioaempresas\/","article_modified_time":"2025-04-24T09:26:38+00:00","og_image":[{"width":1842,"height":312,"url":"https:\/\/apoioaempresas.pt\/wp-content\/uploads\/2025\/04\/logos.webp","type":"image\/webp"}],"twitter_card":"summary_large_image","twitter_misc":{"Tiempo de lectura":"1 minuto"},"schema":{"@context":"https:\/\/schema.org","@graph":[{"@type":"WebPage","@id":"https:\/\/apoioaempresas.pt\/es\/ficha-de-proyecto\/","url":"https:\/\/apoioaempresas.pt\/es\/ficha-de-proyecto\/","name":"Ficha de Proyecto - Apoio a Empresas","isPartOf":{"@id":"https:\/\/apoioaempresas.pt\/es\/#website"},"primaryImageOfPage":{"@id":"https:\/\/apoioaempresas.pt\/es\/ficha-de-proyecto\/#primaryimage"},"image":{"@id":"https:\/\/apoioaempresas.pt\/es\/ficha-de-proyecto\/#primaryimage"},"thumbnailUrl":"https:\/\/apoioaempresas.pt\/wp-content\/uploads\/2025\/04\/logos.webp","datePublished":"2025-04-17T23:29:55+00:00","dateModified":"2025-04-24T09:26:38+00:00","description":"Consulta nuestra Pol\u00edtica de Cookies en esta p\u00e1gina. Los usuarios pueden revocar o cambiar sus preferencias en cualquier momento.","breadcrumb":{"@id":"https:\/\/apoioaempresas.pt\/es\/ficha-de-proyecto\/#breadcrumb"},"inLanguage":"es","potentialAction":[{"@type":"ReadAction","target":["https:\/\/apoioaempresas.pt\/es\/ficha-de-proyecto\/"]}]},{"@type":"ImageObject","inLanguage":"es","@id":"https:\/\/apoioaempresas.pt\/es\/ficha-de-proyecto\/#primaryimage","url":"https:\/\/apoioaempresas.pt\/wp-content\/uploads\/2025\/04\/logos.webp","contentUrl":"https:\/\/apoioaempresas.pt\/wp-content\/uploads\/2025\/04\/logos.webp","width":1842,"height":312},{"@type":"BreadcrumbList","@id":"https:\/\/apoioaempresas.pt\/es\/ficha-de-proyecto\/#breadcrumb","itemListElement":[{"@type":"ListItem","position":1,"name":"Home","item":"https:\/\/apoioaempresas.pt\/es\/"},{"@type":"ListItem","position":2,"name":"Ficha de Proyecto"}]},{"@type":"WebSite","@id":"https:\/\/apoioaempresas.pt\/es\/#website","url":"https:\/\/apoioaempresas.pt\/es\/","name":"Apoio a Empresas","description":"Disponibilizamos uma variedade de servi\u00e7os de apoio a empresas, para desenvolver o seu neg\u00f3cio ou ideia de neg\u00f3cio. Contacte-nos!","publisher":{"@id":"https:\/\/apoioaempresas.pt\/es\/#organization"},"potentialAction":[{"@type":"SearchAction","target":{"@type":"EntryPoint","urlTemplate":"https:\/\/apoioaempresas.pt\/es\/?s={search_term_string}"},"query-input":{"@type":"PropertyValueSpecification","valueRequired":true,"valueName":"search_term_string"}}],"inLanguage":"es"},{"@type":"Organization","@id":"https:\/\/apoioaempresas.pt\/es\/#organization","name":"Apoio a Empresas","url":"https:\/\/apoioaempresas.pt\/es\/","logo":{"@type":"ImageObject","inLanguage":"es","@id":"https:\/\/apoioaempresas.pt\/es\/#\/schema\/logo\/image\/","url":"https:\/\/apoioaempresas.pt\/wp-content\/uploads\/2023\/07\/Apoio-a-Empresas-Logo-Quadrado.png","contentUrl":"https:\/\/apoioaempresas.pt\/wp-content\/uploads\/2023\/07\/Apoio-a-Empresas-Logo-Quadrado.png","width":500,"height":500,"caption":"Apoio a Empresas"},"image":{"@id":"https:\/\/apoioaempresas.pt\/es\/#\/schema\/logo\/image\/"},"sameAs":["https:\/\/www.facebook.com\/apoioaempresas\/","https:\/\/www.linkedin.com\/company\/apoio-a-empresas\/","https:\/\/www.facebook.com\/apoioaempresascom","https:\/\/www.linkedin.com\/company\/apoioaempresascom\/","https:\/\/www.instagram.com\/apoioaempresascom\/","https:\/\/www.instagram.com\/apoioaempresas.pt\/"]}]}},"_links":{"self":[{"href":"https:\/\/apoioaempresas.pt\/es\/wp-json\/wp\/v2\/pages\/3246","targetHints":{"allow":["GET"]}}],"collection":[{"href":"https:\/\/apoioaempresas.pt\/es\/wp-json\/wp\/v2\/pages"}],"about":[{"href":"https:\/\/apoioaempresas.pt\/es\/wp-json\/wp\/v2\/types\/page"}],"author":[{"embeddable":true,"href":"https:\/\/apoioaempresas.pt\/es\/wp-json\/wp\/v2\/users\/2"}],"replies":[{"embeddable":true,"href":"https:\/\/apoioaempresas.pt\/es\/wp-json\/wp\/v2\/comments?post=3246"}],"version-history":[{"count":0,"href":"https:\/\/apoioaempresas.pt\/es\/wp-json\/wp\/v2\/pages\/3246\/revisions"}],"wp:featuredmedia":[{"embeddable":true,"href":"https:\/\/apoioaempresas.pt\/es\/wp-json\/wp\/v2\/media\/3200"}],"wp:attachment":[{"href":"https:\/\/apoioaempresas.pt\/es\/wp-json\/wp\/v2\/media?parent=3246"}],"curies":[{"name":"wp","href":"https:\/\/api.w.org\/{rel}","templated":true}]}}