{"id":2693,"date":"2016-01-30T21:56:24","date_gmt":"2016-01-30T21:56:24","guid":{"rendered":"https:\/\/apoioaempresas.pt\/secretariat\/"},"modified":"2024-10-31T15:16:16","modified_gmt":"2024-10-31T15:16:16","slug":"secretariat","status":"publish","type":"page","link":"https:\/\/apoioaempresas.pt\/fr\/services\/secretariat\/","title":{"rendered":"Secr\u00e9tariat"},"content":{"rendered":"<div class=\"wpb-content-wrapper\"><p>[vc_row type=\u00a0\u00bbvc_default\u00a0\u00bb][vc_column css=\u00a0\u00bb.vc_custom_1498229431694{padding-bottom: 50px !important;}\u00a0\u00bb]<div id=\"ultimate-heading-79569e73420dc301\" class=\"uvc-heading ult-adjust-bottom-margin ultimate-heading-79569e73420dc301 uvc-1178 \" data-hspacer=\"no_spacer\"  data-halign=\"left\" style=\"text-align:left\"><div class=\"uvc-heading-spacer no_spacer\" style=\"top\"><\/div><div class=\"uvc-main-heading ult-responsive\"  data-ultimate-target='.uvc-heading.ultimate-heading-79569e73420dc301 h2'  data-responsive-json-new='{\"font-size\":\"desktop:26px;\",\"line-height\":\"desktop:32px;\"}' ><h2 style=\"font-weight:bold;margin-bottom:20px;\">Secr\u00e9tariat<\/h2><\/div><div class=\"uvc-sub-heading ult-responsive\"  data-ultimate-target='.uvc-heading.ultimate-heading-79569e73420dc301 .uvc-sub-heading '  data-responsive-json-new='{\"font-size\":\"\",\"line-height\":\"\"}'  style=\"font-weight:normal;\">Lib\u00e9rez votre temps pour ce qui est vraiment important.<\/div><\/div>[vc_column_text css=\u00a0\u00bb\u00a0\u00bb]Dans le monde des affaires, la gestion du temps est essentielle \u00e0 la r\u00e9ussite. Les t\u00e2ches administratives peuvent prendre un temps pr\u00e9cieux qui pourrait \u00eatre mieux utilis\u00e9 dans des domaines strat\u00e9giques. C&rsquo;est l\u00e0 que nos services de secr\u00e9tariat entrent en jeu.<\/p>\n<p><strong>Soutien administratif<\/strong><\/p>\n<p>Notre engagement est de fournir un soutien administratif de haute qualit\u00e9, permettant \u00e0 nos clients de se concentrer sur ce qu&rsquo;ils font le mieux. Notre \u00e9quipe g\u00e8re les t\u00e2ches administratives, ce qui vous permet de consacrer votre temps et votre \u00e9nergie \u00e0 des t\u00e2ches plus importantes.<\/p>\n<p><strong>Planification et gestion des r\u00e9unions<\/strong><\/p>\n<p>La planification et la gestion des r\u00e9unions peuvent \u00eatre des t\u00e2ches fastidieuses. Nous organisons des r\u00e9unions, coordonnons les ordres du jour et veillons \u00e0 ce que toutes les parties soient bien inform\u00e9es.<\/p>\n<p><strong>Une communication efficace<\/strong><\/p>\n<p>La communication est au c\u0153ur de toute entreprise. Nous traitons la correspondance, les courriels, les appels t\u00e9l\u00e9phoniques et les interactions avec les clients et les partenaires commerciaux de mani\u00e8re professionnelle et efficace.<\/p>\n<p><strong>Gestion des documents et des archives<\/strong><\/p>\n<p>L&rsquo;organisation des documents est essentielle. Notre \u00e9quipe de secr\u00e9taires veille \u00e0 ce que les documents soient class\u00e9s et g\u00e9r\u00e9s efficacement, afin qu&rsquo;ils soient facilement accessibles en cas de besoin.<\/p>\n<p><strong>Voyage et h\u00e9bergement<\/strong><\/p>\n<p>L&rsquo;organisation du voyage et de l&rsquo;h\u00e9bergement peut \u00eatre une t\u00e2che complexe. Nous nous occupons de tous les d\u00e9tails, de la r\u00e9servation des vols et des h\u00f4tels \u00e0 la cr\u00e9ation d&rsquo;itin\u00e9raires d\u00e9taill\u00e9s.<\/p>\n<p><strong>Gestion des d\u00e9penses<\/strong><\/p>\n<p>Les d\u00e9penses font in\u00e9vitablement partie de la vie d&rsquo;une entreprise. Nous prenons en charge le processus de gestion des d\u00e9penses, de la collecte des re\u00e7us \u00e0 la pr\u00e9paration de rapports d\u00e9taill\u00e9s.<\/p>\n<p><strong>Services d&rsquo;appui administratif personnalis\u00e9s<\/strong><\/p>\n<p>Nous comprenons que chaque entreprise a des besoins uniques. Nous personnalisons nos services de secr\u00e9tariat pour r\u00e9pondre \u00e0 vos besoins sp\u00e9cifiques. Nous travaillons en \u00e9troite collaboration pour nous assurer que les services r\u00e9pondent \u00e0 vos attentes et \u00e0 vos besoins.<\/p>\n<p><strong>L&rsquo;avantage du temps<\/strong><\/p>\n<p>Le temps, c&rsquo;est de l&rsquo;argent, et le temps \u00e9conomis\u00e9 sur les t\u00e2ches administratives peut \u00eatre r\u00e9investi dans la croissance de votre entreprise. Gr\u00e2ce \u00e0 nos services de secr\u00e9tariat, les entreprises peuvent gagner en efficacit\u00e9, en productivit\u00e9 et en r\u00e9ussite.<\/p>\n<p><strong>Se concentrer sur ce qui est important<\/strong><\/p>\n<p>En d\u00e9l\u00e9guant les t\u00e2ches administratives \u00e0 nos professionnels du secr\u00e9tariat, les chefs d&rsquo;entreprise peuvent se concentrer sur l&rsquo;\u00e9laboration de strat\u00e9gies, l&rsquo;acquisition de clients et la croissance de l&rsquo;entreprise. Notre approche permet \u00e0 nos clients de se concentrer davantage sur ce qui est le plus important pour eux.<\/p>\n<p><strong>Investir dans l&rsquo;efficacit\u00e9<\/strong><\/p>\n<p>Investir dans nos services de secr\u00e9tariat, c&rsquo;est investir dans l&rsquo;efficacit\u00e9 et la croissance de votre entreprise. Notre \u00e9quipe se consacre \u00e0 fournir le plus haut niveau de service pour s&rsquo;assurer que nos clients obtiennent les meilleurs r\u00e9sultats.<\/p>\n<p>Contactez-nous et lib\u00e9rez-vous des t\u00e2ches administratives. Gr\u00e2ce \u00e0 nos services de secr\u00e9tariat, votre temps et votre \u00e9nergie sont consacr\u00e9s \u00e0 la r\u00e9alisation de vos objectifs professionnels en toute confiance.[\/vc_column_text][\/vc_column][\/vc_row]<\/p>\n<\/div>","protected":false},"excerpt":{"rendered":"<p>[vc_row type=\u00a0\u00bbvc_default\u00a0\u00bb][vc_column css=\u00a0\u00bb.vc_custom_1498229431694{padding-bottom: 50px !important;}\u00a0\u00bb][vc_column_text css=\u00a0\u00bb\u00a0\u00bb]Dans le monde des affaires, la gestion du temps est essentielle \u00e0 la r\u00e9ussite. Les t\u00e2ches administratives peuvent prendre un temps pr\u00e9cieux qui pourrait \u00eatre mieux utilis\u00e9 dans des domaines strat\u00e9giques. C&rsquo;est l\u00e0 que nos services de secr\u00e9tariat entrent en jeu. Soutien administratif Notre engagement est de fournir un soutien&hellip;<\/p>\n","protected":false},"author":2,"featured_media":0,"parent":2945,"menu_order":100,"comment_status":"closed","ping_status":"closed","template":"","meta":{"footnotes":""},"class_list":["post-2693","page","type-page","status-publish","hentry","description-off"],"yoast_head":"<!-- This site is optimized with the Yoast SEO plugin v26.6 - https:\/\/yoast.com\/wordpress\/plugins\/seo\/ -->\n<title>Secr\u00e9tariat - Apoio a Empresas<\/title>\n<meta name=\"description\" content=\"Les t\u00e2ches administratives peuvent vous faire perdre un temps pr\u00e9cieux. C&#039;est l\u00e0 que nos services de secr\u00e9tariat entrent en jeu.\" \/>\n<meta name=\"robots\" content=\"index, follow, max-snippet:-1, max-image-preview:large, max-video-preview:-1\" \/>\n<link rel=\"canonical\" href=\"https:\/\/apoioaempresas.pt\/fr\/services\/secretariat\/\" \/>\n<meta property=\"og:locale\" content=\"fr_FR\" \/>\n<meta property=\"og:type\" content=\"article\" \/>\n<meta property=\"og:title\" content=\"Secr\u00e9tariat - Apoio a Empresas\" \/>\n<meta property=\"og:description\" content=\"Les t\u00e2ches administratives peuvent vous faire perdre un temps pr\u00e9cieux. C&#039;est l\u00e0 que nos services de secr\u00e9tariat entrent en jeu.\" \/>\n<meta property=\"og:url\" content=\"https:\/\/apoioaempresas.pt\/fr\/services\/secretariat\/\" \/>\n<meta property=\"og:site_name\" content=\"Apoio a Empresas\" \/>\n<meta property=\"article:publisher\" content=\"https:\/\/www.facebook.com\/apoioaempresas\/\" \/>\n<meta property=\"article:modified_time\" content=\"2024-10-31T15:16:16+00:00\" \/>\n<meta property=\"og:image\" content=\"https:\/\/apoioaempresas.pt\/wp-content\/uploads\/2023\/07\/Apoio-a-Empresas-Logo-562x200-fundo.png\" \/>\n\t<meta property=\"og:image:width\" content=\"526\" \/>\n\t<meta property=\"og:image:height\" content=\"200\" \/>\n\t<meta property=\"og:image:type\" content=\"image\/png\" \/>\n<meta name=\"twitter:card\" content=\"summary_large_image\" \/>\n<meta name=\"twitter:label1\" content=\"Dur\u00e9e de lecture estim\u00e9e\" \/>\n\t<meta name=\"twitter:data1\" content=\"3 minutes\" \/>\n<script type=\"application\/ld+json\" class=\"yoast-schema-graph\">{\"@context\":\"https:\/\/schema.org\",\"@graph\":[{\"@type\":\"WebPage\",\"@id\":\"https:\/\/apoioaempresas.pt\/fr\/services\/secretariat\/\",\"url\":\"https:\/\/apoioaempresas.pt\/fr\/services\/secretariat\/\",\"name\":\"Secr\u00e9tariat - Apoio a Empresas\",\"isPartOf\":{\"@id\":\"https:\/\/apoioaempresas.pt\/fr\/#website\"},\"datePublished\":\"2016-01-30T21:56:24+00:00\",\"dateModified\":\"2024-10-31T15:16:16+00:00\",\"description\":\"Les t\u00e2ches administratives peuvent vous faire perdre un temps pr\u00e9cieux. C'est l\u00e0 que nos services de secr\u00e9tariat entrent en jeu.\",\"breadcrumb\":{\"@id\":\"https:\/\/apoioaempresas.pt\/fr\/services\/secretariat\/#breadcrumb\"},\"inLanguage\":\"fr-FR\",\"potentialAction\":[{\"@type\":\"ReadAction\",\"target\":[\"https:\/\/apoioaempresas.pt\/fr\/services\/secretariat\/\"]}]},{\"@type\":\"BreadcrumbList\",\"@id\":\"https:\/\/apoioaempresas.pt\/fr\/services\/secretariat\/#breadcrumb\",\"itemListElement\":[{\"@type\":\"ListItem\",\"position\":1,\"name\":\"Home\",\"item\":\"https:\/\/apoioaempresas.pt\/fr\/\"},{\"@type\":\"ListItem\",\"position\":2,\"name\":\"Services\",\"item\":\"https:\/\/apoioaempresas.pt\/fr\/services\/\"},{\"@type\":\"ListItem\",\"position\":3,\"name\":\"Secr\u00e9tariat\"}]},{\"@type\":\"WebSite\",\"@id\":\"https:\/\/apoioaempresas.pt\/fr\/#website\",\"url\":\"https:\/\/apoioaempresas.pt\/fr\/\",\"name\":\"Apoio a Empresas\",\"description\":\"Disponibilizamos uma variedade de servi\u00e7os de apoio a empresas, para desenvolver o seu neg\u00f3cio ou ideia de neg\u00f3cio. Contacte-nos!\",\"publisher\":{\"@id\":\"https:\/\/apoioaempresas.pt\/fr\/#organization\"},\"potentialAction\":[{\"@type\":\"SearchAction\",\"target\":{\"@type\":\"EntryPoint\",\"urlTemplate\":\"https:\/\/apoioaempresas.pt\/fr\/?s={search_term_string}\"},\"query-input\":{\"@type\":\"PropertyValueSpecification\",\"valueRequired\":true,\"valueName\":\"search_term_string\"}}],\"inLanguage\":\"fr-FR\"},{\"@type\":\"Organization\",\"@id\":\"https:\/\/apoioaempresas.pt\/fr\/#organization\",\"name\":\"Apoio a Empresas\",\"url\":\"https:\/\/apoioaempresas.pt\/fr\/\",\"logo\":{\"@type\":\"ImageObject\",\"inLanguage\":\"fr-FR\",\"@id\":\"https:\/\/apoioaempresas.pt\/fr\/#\/schema\/logo\/image\/\",\"url\":\"https:\/\/apoioaempresas.pt\/wp-content\/uploads\/2023\/07\/Apoio-a-Empresas-Logo-Quadrado.png\",\"contentUrl\":\"https:\/\/apoioaempresas.pt\/wp-content\/uploads\/2023\/07\/Apoio-a-Empresas-Logo-Quadrado.png\",\"width\":500,\"height\":500,\"caption\":\"Apoio a Empresas\"},\"image\":{\"@id\":\"https:\/\/apoioaempresas.pt\/fr\/#\/schema\/logo\/image\/\"},\"sameAs\":[\"https:\/\/www.facebook.com\/apoioaempresas\/\",\"https:\/\/www.linkedin.com\/company\/apoio-a-empresas\/\",\"https:\/\/www.facebook.com\/apoioaempresascom\",\"https:\/\/www.linkedin.com\/company\/apoioaempresascom\/\",\"https:\/\/www.instagram.com\/apoioaempresascom\/\",\"https:\/\/www.instagram.com\/apoioaempresas.pt\/\"]}]}<\/script>\n<!-- \/ Yoast SEO plugin. -->","yoast_head_json":{"title":"Secr\u00e9tariat - Apoio a Empresas","description":"Les t\u00e2ches administratives peuvent vous faire perdre un temps pr\u00e9cieux. C'est l\u00e0 que nos services de secr\u00e9tariat entrent en jeu.","robots":{"index":"index","follow":"follow","max-snippet":"max-snippet:-1","max-image-preview":"max-image-preview:large","max-video-preview":"max-video-preview:-1"},"canonical":"https:\/\/apoioaempresas.pt\/fr\/services\/secretariat\/","og_locale":"fr_FR","og_type":"article","og_title":"Secr\u00e9tariat - Apoio a Empresas","og_description":"Les t\u00e2ches administratives peuvent vous faire perdre un temps pr\u00e9cieux. C'est l\u00e0 que nos services de secr\u00e9tariat entrent en jeu.","og_url":"https:\/\/apoioaempresas.pt\/fr\/services\/secretariat\/","og_site_name":"Apoio a Empresas","article_publisher":"https:\/\/www.facebook.com\/apoioaempresas\/","article_modified_time":"2024-10-31T15:16:16+00:00","og_image":[{"width":526,"height":200,"url":"https:\/\/apoioaempresas.pt\/wp-content\/uploads\/2023\/07\/Apoio-a-Empresas-Logo-562x200-fundo.png","type":"image\/png"}],"twitter_card":"summary_large_image","twitter_misc":{"Dur\u00e9e de lecture estim\u00e9e":"3 minutes"},"schema":{"@context":"https:\/\/schema.org","@graph":[{"@type":"WebPage","@id":"https:\/\/apoioaempresas.pt\/fr\/services\/secretariat\/","url":"https:\/\/apoioaempresas.pt\/fr\/services\/secretariat\/","name":"Secr\u00e9tariat - Apoio a Empresas","isPartOf":{"@id":"https:\/\/apoioaempresas.pt\/fr\/#website"},"datePublished":"2016-01-30T21:56:24+00:00","dateModified":"2024-10-31T15:16:16+00:00","description":"Les t\u00e2ches administratives peuvent vous faire perdre un temps pr\u00e9cieux. C'est l\u00e0 que nos services de secr\u00e9tariat entrent en jeu.","breadcrumb":{"@id":"https:\/\/apoioaempresas.pt\/fr\/services\/secretariat\/#breadcrumb"},"inLanguage":"fr-FR","potentialAction":[{"@type":"ReadAction","target":["https:\/\/apoioaempresas.pt\/fr\/services\/secretariat\/"]}]},{"@type":"BreadcrumbList","@id":"https:\/\/apoioaempresas.pt\/fr\/services\/secretariat\/#breadcrumb","itemListElement":[{"@type":"ListItem","position":1,"name":"Home","item":"https:\/\/apoioaempresas.pt\/fr\/"},{"@type":"ListItem","position":2,"name":"Services","item":"https:\/\/apoioaempresas.pt\/fr\/services\/"},{"@type":"ListItem","position":3,"name":"Secr\u00e9tariat"}]},{"@type":"WebSite","@id":"https:\/\/apoioaempresas.pt\/fr\/#website","url":"https:\/\/apoioaempresas.pt\/fr\/","name":"Apoio a Empresas","description":"Disponibilizamos uma variedade de servi\u00e7os de apoio a empresas, para desenvolver o seu neg\u00f3cio ou ideia de neg\u00f3cio. Contacte-nos!","publisher":{"@id":"https:\/\/apoioaempresas.pt\/fr\/#organization"},"potentialAction":[{"@type":"SearchAction","target":{"@type":"EntryPoint","urlTemplate":"https:\/\/apoioaempresas.pt\/fr\/?s={search_term_string}"},"query-input":{"@type":"PropertyValueSpecification","valueRequired":true,"valueName":"search_term_string"}}],"inLanguage":"fr-FR"},{"@type":"Organization","@id":"https:\/\/apoioaempresas.pt\/fr\/#organization","name":"Apoio a Empresas","url":"https:\/\/apoioaempresas.pt\/fr\/","logo":{"@type":"ImageObject","inLanguage":"fr-FR","@id":"https:\/\/apoioaempresas.pt\/fr\/#\/schema\/logo\/image\/","url":"https:\/\/apoioaempresas.pt\/wp-content\/uploads\/2023\/07\/Apoio-a-Empresas-Logo-Quadrado.png","contentUrl":"https:\/\/apoioaempresas.pt\/wp-content\/uploads\/2023\/07\/Apoio-a-Empresas-Logo-Quadrado.png","width":500,"height":500,"caption":"Apoio a Empresas"},"image":{"@id":"https:\/\/apoioaempresas.pt\/fr\/#\/schema\/logo\/image\/"},"sameAs":["https:\/\/www.facebook.com\/apoioaempresas\/","https:\/\/www.linkedin.com\/company\/apoio-a-empresas\/","https:\/\/www.facebook.com\/apoioaempresascom","https:\/\/www.linkedin.com\/company\/apoioaempresascom\/","https:\/\/www.instagram.com\/apoioaempresascom\/","https:\/\/www.instagram.com\/apoioaempresas.pt\/"]}]}},"_links":{"self":[{"href":"https:\/\/apoioaempresas.pt\/fr\/wp-json\/wp\/v2\/pages\/2693","targetHints":{"allow":["GET"]}}],"collection":[{"href":"https:\/\/apoioaempresas.pt\/fr\/wp-json\/wp\/v2\/pages"}],"about":[{"href":"https:\/\/apoioaempresas.pt\/fr\/wp-json\/wp\/v2\/types\/page"}],"author":[{"embeddable":true,"href":"https:\/\/apoioaempresas.pt\/fr\/wp-json\/wp\/v2\/users\/2"}],"replies":[{"embeddable":true,"href":"https:\/\/apoioaempresas.pt\/fr\/wp-json\/wp\/v2\/comments?post=2693"}],"version-history":[{"count":0,"href":"https:\/\/apoioaempresas.pt\/fr\/wp-json\/wp\/v2\/pages\/2693\/revisions"}],"up":[{"embeddable":true,"href":"https:\/\/apoioaempresas.pt\/fr\/wp-json\/wp\/v2\/pages\/2945"}],"wp:attachment":[{"href":"https:\/\/apoioaempresas.pt\/fr\/wp-json\/wp\/v2\/media?parent=2693"}],"curies":[{"name":"wp","href":"https:\/\/api.w.org\/{rel}","templated":true}]}}