{"id":2704,"date":"2016-01-30T21:56:24","date_gmt":"2016-01-30T21:56:24","guid":{"rendered":"https:\/\/apoioaempresas.pt\/assistant-virtuel\/"},"modified":"2024-09-23T08:53:06","modified_gmt":"2024-09-23T07:53:06","slug":"assistant-virtuel","status":"publish","type":"page","link":"https:\/\/apoioaempresas.pt\/fr\/services\/assistant-virtuel\/","title":{"rendered":"Assistant virtuel"},"content":{"rendered":"<div class=\"wpb-content-wrapper\"><p>[vc_row type=\u00a0\u00bbvc_default\u00a0\u00bb][vc_column css=\u00a0\u00bb.vc_custom_1498229431694{padding-bottom: 50px !important;}\u00a0\u00bb]<div id=\"ultimate-heading-512269e37b34bd856\" class=\"uvc-heading ult-adjust-bottom-margin ultimate-heading-512269e37b34bd856 uvc-2461 \" data-hspacer=\"no_spacer\"  data-halign=\"left\" style=\"text-align:left\"><div class=\"uvc-heading-spacer no_spacer\" style=\"top\"><\/div><div class=\"uvc-main-heading ult-responsive\"  data-ultimate-target='.uvc-heading.ultimate-heading-512269e37b34bd856 h2'  data-responsive-json-new='{\"font-size\":\"desktop:26px;\",\"line-height\":\"desktop:32px;\"}' ><h2 style=\"font-weight:bold;margin-bottom:20px;\">Assistant virtuel<\/h2><\/div><div class=\"uvc-sub-heading ult-responsive\"  data-ultimate-target='.uvc-heading.ultimate-heading-512269e37b34bd856 .uvc-sub-heading '  data-responsive-json-new='{\"font-size\":\"\",\"line-height\":\"\"}'  style=\"font-weight:normal;\">Assistance en ligne pour votre entreprise<\/div><\/div>[vc_column_text]Nos services d&rsquo;assistants virtuels aideront votre entreprise \u00e0 optimiser son temps et ses ressources, afin que vous puissiez vous concentrer sur ce qui est vraiment important. Dans le monde des affaires d&rsquo;aujourd&rsquo;hui, l&rsquo;efficacit\u00e9 est essentielle. Notre engagement est de vous offrir un soutien personnalis\u00e9 en fonction de vos besoins. Nos assistants virtuels sont pr\u00eats \u00e0 vous aider dans de nombreux domaines, des t\u00e2ches administratives \u00e0 l&rsquo;assistance \u00e0 la client\u00e8le. <strong>Des t\u00e2ches administratives simplifi\u00e9es<\/strong> La gestion des t\u00e2ches <strong>administratives<\/strong> peut vous faire perdre un temps pr\u00e9cieux.<br \/>\nEn faisant appel \u00e0 un assistant virtuel pour g\u00e9rer des t\u00e2ches telles que la planification de r\u00e9unions, la gestion des courriels, l&rsquo;organisation de documents et bien plus encore, vous pourrez vous concentrer sur le d\u00e9veloppement de votre entreprise. <strong>Un service client professionnel<\/strong> Le service client est un \u00e9l\u00e9ment essentiel de toute entreprise prosp\u00e8re.<br \/>\nNos assistants virtuels sont pr\u00eats \u00e0 fournir un service client professionnel et courtois, en r\u00e9pondant aux questions, en r\u00e9solvant les probl\u00e8mes et en garantissant la satisfaction du client. Organisation des <strong>voyages et de la logistique<\/strong> L&rsquo;organisation des voyages d&rsquo;affaires et de la logistique peut \u00eatre une t\u00e2che complexe.<br \/>\nLaissez-nous nous occuper de tous les d\u00e9tails, de la r\u00e9servation des vols et des h\u00f4tels \u00e0 la cr\u00e9ation d&rsquo;itin\u00e9raires d\u00e9taill\u00e9s. <strong>Gestion des agendas et des rendez-vous<\/strong> Il est essentiel que les agendas soient organis\u00e9s et efficaces.<br \/>\nFaites appel \u00e0 un assistant virtuel pour g\u00e9rer votre agenda et vos rendez-vous afin de ne rien oublier. <strong>Des r\u00e9sultats mesurables<\/strong> Les r\u00e9sultats parlent d&rsquo;eux-m\u00eames.     Les entreprises qui font appel \u00e0 nos services d&rsquo;assistants virtuels gagnent en efficacit\u00e9, \u00e9conomisent du temps et des ressources et g\u00e8rent mieux leurs t\u00e2ches quotidiennes. Cela se traduit par une augmentation de la productivit\u00e9 et, en fin de compte, par une croissance de l&rsquo;entreprise. <strong>L&rsquo;avantage de l&rsquo;efficacit\u00e9<\/strong> L&rsquo;efficacit\u00e9 est la cl\u00e9 du succ\u00e8s dans les affaires. Avec l&rsquo;aide de nos assistants virtuels, les entreprises peuvent tirer le meilleur parti de leur temps et de leurs ressources. Cela permet non seulement d&rsquo;accro\u00eetre la productivit\u00e9, mais aussi aux chefs d&rsquo;entreprise de se concentrer sur la croissance et l&rsquo;innovation. Contactez-nous et commencez \u00e0 transformer votre entreprise. Son efficacit\u00e9 m\u00e9rite d&rsquo;\u00eatre port\u00e9e \u00e0 un niveau sup\u00e9rieur. Lib\u00e9rez-vous des t\u00e2ches quotidiennes et concentrez-vous sur ce qui est le plus important pour vous. Gr\u00e2ce \u00e0 nos services d&rsquo;assistante virtuelle, votre temps et votre \u00e9nergie sont consacr\u00e9s \u00e0 la r\u00e9alisation de vos objectifs professionnels en toute confiance.[\/vc_column_text][\/vc_column][\/vc_row]<\/p>\n<\/div>","protected":false},"excerpt":{"rendered":"<p>[vc_row type=\u00a0\u00bbvc_default\u00a0\u00bb][vc_column css=\u00a0\u00bb.vc_custom_1498229431694{padding-bottom: 50px !important;}\u00a0\u00bb][vc_column_text]Nos services d&rsquo;assistants virtuels aideront votre entreprise \u00e0 optimiser son temps et ses ressources, afin que vous puissiez vous concentrer sur ce qui est vraiment important. Dans le monde des affaires d&rsquo;aujourd&rsquo;hui, l&rsquo;efficacit\u00e9 est essentielle. Notre engagement est de vous offrir un soutien personnalis\u00e9 en fonction de vos besoins. Nos assistants&hellip;<\/p>\n","protected":false},"author":2,"featured_media":0,"parent":2945,"menu_order":100,"comment_status":"closed","ping_status":"closed","template":"","meta":{"footnotes":""},"class_list":["post-2704","page","type-page","status-publish","hentry","description-off"],"yoast_head":"<!-- This site is optimized with the Yoast SEO plugin v26.6 - https:\/\/yoast.com\/wordpress\/plugins\/seo\/ -->\n<title>Assistant virtuel - Apoio a Empresas<\/title>\n<meta name=\"description\" content=\"Nos services d&#039;assistants virtuels aideront votre entreprise \u00e0 optimiser son temps et ses ressources, afin que vous puissiez vous concentrer sur ce qui est le plus important.\" \/>\n<meta name=\"robots\" content=\"index, follow, max-snippet:-1, max-image-preview:large, max-video-preview:-1\" \/>\n<link rel=\"canonical\" href=\"https:\/\/apoioaempresas.pt\/fr\/services\/assistant-virtuel\/\" \/>\n<meta property=\"og:locale\" content=\"fr_FR\" \/>\n<meta property=\"og:type\" content=\"article\" \/>\n<meta property=\"og:title\" content=\"Assistant virtuel - Apoio a Empresas\" \/>\n<meta property=\"og:description\" content=\"Nos services d&#039;assistants virtuels aideront votre entreprise \u00e0 optimiser son temps et ses ressources, afin que vous puissiez vous concentrer sur ce qui est le plus important.\" \/>\n<meta property=\"og:url\" content=\"https:\/\/apoioaempresas.pt\/fr\/services\/assistant-virtuel\/\" \/>\n<meta property=\"og:site_name\" content=\"Apoio a Empresas\" \/>\n<meta property=\"article:publisher\" content=\"https:\/\/www.facebook.com\/apoioaempresas\/\" \/>\n<meta property=\"article:modified_time\" content=\"2024-09-23T07:53:06+00:00\" \/>\n<meta property=\"og:image\" content=\"https:\/\/apoioaempresas.pt\/wp-content\/uploads\/2023\/07\/Apoio-a-Empresas-Logo-562x200-fundo.png\" \/>\n\t<meta property=\"og:image:width\" content=\"526\" \/>\n\t<meta property=\"og:image:height\" content=\"200\" \/>\n\t<meta property=\"og:image:type\" content=\"image\/png\" \/>\n<meta name=\"twitter:card\" content=\"summary_large_image\" \/>\n<meta name=\"twitter:label1\" content=\"Dur\u00e9e de lecture estim\u00e9e\" \/>\n\t<meta name=\"twitter:data1\" content=\"2 minutes\" \/>\n<script type=\"application\/ld+json\" class=\"yoast-schema-graph\">{\"@context\":\"https:\/\/schema.org\",\"@graph\":[{\"@type\":\"WebPage\",\"@id\":\"https:\/\/apoioaempresas.pt\/fr\/services\/assistant-virtuel\/\",\"url\":\"https:\/\/apoioaempresas.pt\/fr\/services\/assistant-virtuel\/\",\"name\":\"Assistant virtuel - Apoio a Empresas\",\"isPartOf\":{\"@id\":\"https:\/\/apoioaempresas.pt\/fr\/#website\"},\"datePublished\":\"2016-01-30T21:56:24+00:00\",\"dateModified\":\"2024-09-23T07:53:06+00:00\",\"description\":\"Nos services d'assistants virtuels aideront votre entreprise \u00e0 optimiser son temps et ses ressources, afin que vous puissiez vous concentrer sur ce qui est le plus important.\",\"breadcrumb\":{\"@id\":\"https:\/\/apoioaempresas.pt\/fr\/services\/assistant-virtuel\/#breadcrumb\"},\"inLanguage\":\"fr-FR\",\"potentialAction\":[{\"@type\":\"ReadAction\",\"target\":[\"https:\/\/apoioaempresas.pt\/fr\/services\/assistant-virtuel\/\"]}]},{\"@type\":\"BreadcrumbList\",\"@id\":\"https:\/\/apoioaempresas.pt\/fr\/services\/assistant-virtuel\/#breadcrumb\",\"itemListElement\":[{\"@type\":\"ListItem\",\"position\":1,\"name\":\"Home\",\"item\":\"https:\/\/apoioaempresas.pt\/fr\/\"},{\"@type\":\"ListItem\",\"position\":2,\"name\":\"Services\",\"item\":\"https:\/\/apoioaempresas.pt\/fr\/services\/\"},{\"@type\":\"ListItem\",\"position\":3,\"name\":\"Assistant virtuel\"}]},{\"@type\":\"WebSite\",\"@id\":\"https:\/\/apoioaempresas.pt\/fr\/#website\",\"url\":\"https:\/\/apoioaempresas.pt\/fr\/\",\"name\":\"Apoio a Empresas\",\"description\":\"Disponibilizamos uma variedade de servi\u00e7os de apoio a empresas, para desenvolver o seu neg\u00f3cio ou ideia de neg\u00f3cio. Contacte-nos!\",\"publisher\":{\"@id\":\"https:\/\/apoioaempresas.pt\/fr\/#organization\"},\"potentialAction\":[{\"@type\":\"SearchAction\",\"target\":{\"@type\":\"EntryPoint\",\"urlTemplate\":\"https:\/\/apoioaempresas.pt\/fr\/?s={search_term_string}\"},\"query-input\":{\"@type\":\"PropertyValueSpecification\",\"valueRequired\":true,\"valueName\":\"search_term_string\"}}],\"inLanguage\":\"fr-FR\"},{\"@type\":\"Organization\",\"@id\":\"https:\/\/apoioaempresas.pt\/fr\/#organization\",\"name\":\"Apoio a Empresas\",\"url\":\"https:\/\/apoioaempresas.pt\/fr\/\",\"logo\":{\"@type\":\"ImageObject\",\"inLanguage\":\"fr-FR\",\"@id\":\"https:\/\/apoioaempresas.pt\/fr\/#\/schema\/logo\/image\/\",\"url\":\"https:\/\/apoioaempresas.pt\/wp-content\/uploads\/2023\/07\/Apoio-a-Empresas-Logo-Quadrado.png\",\"contentUrl\":\"https:\/\/apoioaempresas.pt\/wp-content\/uploads\/2023\/07\/Apoio-a-Empresas-Logo-Quadrado.png\",\"width\":500,\"height\":500,\"caption\":\"Apoio a Empresas\"},\"image\":{\"@id\":\"https:\/\/apoioaempresas.pt\/fr\/#\/schema\/logo\/image\/\"},\"sameAs\":[\"https:\/\/www.facebook.com\/apoioaempresas\/\",\"https:\/\/www.linkedin.com\/company\/apoio-a-empresas\/\",\"https:\/\/www.facebook.com\/apoioaempresascom\",\"https:\/\/www.linkedin.com\/company\/apoioaempresascom\/\",\"https:\/\/www.instagram.com\/apoioaempresascom\/\",\"https:\/\/www.instagram.com\/apoioaempresas.pt\/\"]}]}<\/script>\n<!-- \/ Yoast SEO plugin. -->","yoast_head_json":{"title":"Assistant virtuel - Apoio a Empresas","description":"Nos services d'assistants virtuels aideront votre entreprise \u00e0 optimiser son temps et ses ressources, afin que vous puissiez vous concentrer sur ce qui est le plus important.","robots":{"index":"index","follow":"follow","max-snippet":"max-snippet:-1","max-image-preview":"max-image-preview:large","max-video-preview":"max-video-preview:-1"},"canonical":"https:\/\/apoioaempresas.pt\/fr\/services\/assistant-virtuel\/","og_locale":"fr_FR","og_type":"article","og_title":"Assistant virtuel - Apoio a Empresas","og_description":"Nos services d'assistants virtuels aideront votre entreprise \u00e0 optimiser son temps et ses ressources, afin que vous puissiez vous concentrer sur ce qui est le plus important.","og_url":"https:\/\/apoioaempresas.pt\/fr\/services\/assistant-virtuel\/","og_site_name":"Apoio a Empresas","article_publisher":"https:\/\/www.facebook.com\/apoioaempresas\/","article_modified_time":"2024-09-23T07:53:06+00:00","og_image":[{"width":526,"height":200,"url":"https:\/\/apoioaempresas.pt\/wp-content\/uploads\/2023\/07\/Apoio-a-Empresas-Logo-562x200-fundo.png","type":"image\/png"}],"twitter_card":"summary_large_image","twitter_misc":{"Dur\u00e9e de lecture estim\u00e9e":"2 minutes"},"schema":{"@context":"https:\/\/schema.org","@graph":[{"@type":"WebPage","@id":"https:\/\/apoioaempresas.pt\/fr\/services\/assistant-virtuel\/","url":"https:\/\/apoioaempresas.pt\/fr\/services\/assistant-virtuel\/","name":"Assistant virtuel - Apoio a Empresas","isPartOf":{"@id":"https:\/\/apoioaempresas.pt\/fr\/#website"},"datePublished":"2016-01-30T21:56:24+00:00","dateModified":"2024-09-23T07:53:06+00:00","description":"Nos services d'assistants virtuels aideront votre entreprise \u00e0 optimiser son temps et ses ressources, afin que vous puissiez vous concentrer sur ce qui est le plus important.","breadcrumb":{"@id":"https:\/\/apoioaempresas.pt\/fr\/services\/assistant-virtuel\/#breadcrumb"},"inLanguage":"fr-FR","potentialAction":[{"@type":"ReadAction","target":["https:\/\/apoioaempresas.pt\/fr\/services\/assistant-virtuel\/"]}]},{"@type":"BreadcrumbList","@id":"https:\/\/apoioaempresas.pt\/fr\/services\/assistant-virtuel\/#breadcrumb","itemListElement":[{"@type":"ListItem","position":1,"name":"Home","item":"https:\/\/apoioaempresas.pt\/fr\/"},{"@type":"ListItem","position":2,"name":"Services","item":"https:\/\/apoioaempresas.pt\/fr\/services\/"},{"@type":"ListItem","position":3,"name":"Assistant virtuel"}]},{"@type":"WebSite","@id":"https:\/\/apoioaempresas.pt\/fr\/#website","url":"https:\/\/apoioaempresas.pt\/fr\/","name":"Apoio a Empresas","description":"Disponibilizamos uma variedade de servi\u00e7os de apoio a empresas, para desenvolver o seu neg\u00f3cio ou ideia de neg\u00f3cio. Contacte-nos!","publisher":{"@id":"https:\/\/apoioaempresas.pt\/fr\/#organization"},"potentialAction":[{"@type":"SearchAction","target":{"@type":"EntryPoint","urlTemplate":"https:\/\/apoioaempresas.pt\/fr\/?s={search_term_string}"},"query-input":{"@type":"PropertyValueSpecification","valueRequired":true,"valueName":"search_term_string"}}],"inLanguage":"fr-FR"},{"@type":"Organization","@id":"https:\/\/apoioaempresas.pt\/fr\/#organization","name":"Apoio a Empresas","url":"https:\/\/apoioaempresas.pt\/fr\/","logo":{"@type":"ImageObject","inLanguage":"fr-FR","@id":"https:\/\/apoioaempresas.pt\/fr\/#\/schema\/logo\/image\/","url":"https:\/\/apoioaempresas.pt\/wp-content\/uploads\/2023\/07\/Apoio-a-Empresas-Logo-Quadrado.png","contentUrl":"https:\/\/apoioaempresas.pt\/wp-content\/uploads\/2023\/07\/Apoio-a-Empresas-Logo-Quadrado.png","width":500,"height":500,"caption":"Apoio a Empresas"},"image":{"@id":"https:\/\/apoioaempresas.pt\/fr\/#\/schema\/logo\/image\/"},"sameAs":["https:\/\/www.facebook.com\/apoioaempresas\/","https:\/\/www.linkedin.com\/company\/apoio-a-empresas\/","https:\/\/www.facebook.com\/apoioaempresascom","https:\/\/www.linkedin.com\/company\/apoioaempresascom\/","https:\/\/www.instagram.com\/apoioaempresascom\/","https:\/\/www.instagram.com\/apoioaempresas.pt\/"]}]}},"_links":{"self":[{"href":"https:\/\/apoioaempresas.pt\/fr\/wp-json\/wp\/v2\/pages\/2704","targetHints":{"allow":["GET"]}}],"collection":[{"href":"https:\/\/apoioaempresas.pt\/fr\/wp-json\/wp\/v2\/pages"}],"about":[{"href":"https:\/\/apoioaempresas.pt\/fr\/wp-json\/wp\/v2\/types\/page"}],"author":[{"embeddable":true,"href":"https:\/\/apoioaempresas.pt\/fr\/wp-json\/wp\/v2\/users\/2"}],"replies":[{"embeddable":true,"href":"https:\/\/apoioaempresas.pt\/fr\/wp-json\/wp\/v2\/comments?post=2704"}],"version-history":[{"count":0,"href":"https:\/\/apoioaempresas.pt\/fr\/wp-json\/wp\/v2\/pages\/2704\/revisions"}],"up":[{"embeddable":true,"href":"https:\/\/apoioaempresas.pt\/fr\/wp-json\/wp\/v2\/pages\/2945"}],"wp:attachment":[{"href":"https:\/\/apoioaempresas.pt\/fr\/wp-json\/wp\/v2\/media?parent=2704"}],"curies":[{"name":"wp","href":"https:\/\/api.w.org\/{rel}","templated":true}]}}