{"id":2718,"date":"2016-01-30T21:56:24","date_gmt":"2016-01-30T21:56:24","guid":{"rendered":"https:\/\/apoioaempresas.pt\/traductions\/"},"modified":"2024-10-31T15:11:20","modified_gmt":"2024-10-31T15:11:20","slug":"traductions","status":"publish","type":"page","link":"https:\/\/apoioaempresas.pt\/fr\/services\/traductions\/","title":{"rendered":"Traductions"},"content":{"rendered":"<div class=\"wpb-content-wrapper\"><p>[vc_row type=\u00a0\u00bbvc_default\u00a0\u00bb][vc_column css=\u00a0\u00bb.vc_custom_1498229431694{padding-bottom: 50px !important;}\u00a0\u00bb]<div id=\"ultimate-heading-796469e37ad828e24\" class=\"uvc-heading ult-adjust-bottom-margin ultimate-heading-796469e37ad828e24 uvc-1629 \" data-hspacer=\"no_spacer\"  data-halign=\"left\" style=\"text-align:left\"><div class=\"uvc-heading-spacer no_spacer\" style=\"top\"><\/div><div class=\"uvc-main-heading ult-responsive\"  data-ultimate-target='.uvc-heading.ultimate-heading-796469e37ad828e24 h2'  data-responsive-json-new='{\"font-size\":\"desktop:26px;\",\"line-height\":\"desktop:32px;\"}' ><h2 style=\"font-weight:bold;margin-bottom:20px;\">Traductions<\/h2><\/div><div class=\"uvc-sub-heading ult-responsive\"  data-ultimate-target='.uvc-heading.ultimate-heading-796469e37ad828e24 .uvc-sub-heading '  data-responsive-json-new='{\"font-size\":\"\",\"line-height\":\"\"}'  style=\"font-weight:normal;\">Parce que dans un monde sans fronti\u00e8res, le multilinguisme est essentiel.<\/div><\/div>[vc_column_text]Dans un monde de plus en plus globalis\u00e9, il est essentiel de communiquer efficacement. La langue ne doit pas \u00eatre un obstacle, et c&rsquo;est l\u00e0 que nos services de traduction interviennent.<\/p>\n<p><strong>Une traduction de haute qualit\u00e9<\/strong><\/p>\n<p>Notre \u00e9quipe de traducteurs est compos\u00e9e de professionnels exp\u00e9riment\u00e9s qui parlent couramment plusieurs langues. Chaque traduction est effectu\u00e9e avec pr\u00e9cision et souci du d\u00e9tail, afin que le message soit transmis de mani\u00e8re claire et efficace.<\/p>\n<p><strong>Traduction de documents commerciaux<\/strong><\/p>\n<p>Les documents professionnels tels que les rapports, les contrats, les pr\u00e9sentations et le mat\u00e9riel de marketing n\u00e9cessitent une approche sp\u00e9cialis\u00e9e. Nos traducteurs ont une connaissance approfondie de la terminologie commerciale et sont pr\u00eats \u00e0 traduire vos documents en pr\u00e9servant leur message et leurs intentions d&rsquo;origine.<\/p>\n<p><strong>Localisation du contenu<\/strong><\/p>\n<p>La localisation est essentielle pour atteindre votre public cible. Nous adaptons le contenu aux nuances culturelles et linguistiques de r\u00e9gions sp\u00e9cifiques, ce qui rend votre message plus pertinent et plus efficace.<\/p>\n<p><strong>Traduction de sites web et de contenus en ligne<\/strong><\/p>\n<p>Dans un monde de plus en plus num\u00e9rique, il est essentiel d&rsquo;\u00eatre pr\u00e9sent sur l&rsquo;internet. Nos traducteurs peuvent adapter votre site web et votre contenu en ligne pour atteindre des publics internationaux, \u00e9largissant ainsi la port\u00e9e de votre marque.<\/p>\n<p><strong>Traduction vid\u00e9o et audio<\/strong><\/p>\n<p>Pour les contenus multim\u00e9dias, nous proposons des services de traduction de sous-titres et de doublage, afin de rendre vos contenus accessibles \u00e0 des publics internationaux.<\/p>\n<p><strong>L&rsquo;avantage de la communication multilingue<\/strong><\/p>\n<p>Dans un monde o\u00f9 la communication d\u00e9passe les fronti\u00e8res, la capacit\u00e9 \u00e0 communiquer dans diff\u00e9rentes langues est un avantage concurrentiel. Les entreprises qui investissent dans la traduction ont un avantage en termes de port\u00e9e mondiale et de p\u00e9n\u00e9tration de nouveaux march\u00e9s.<\/p>\n<p>Contactez-nous et demandez plus d&rsquo;informations sur notre service de traduction. Votre message m\u00e9rite d&rsquo;\u00eatre entendu, quelle que soit la langue.[\/vc_column_text][\/vc_column][\/vc_row]<\/p>\n<\/div>","protected":false},"excerpt":{"rendered":"<p>[vc_row type=\u00a0\u00bbvc_default\u00a0\u00bb][vc_column css=\u00a0\u00bb.vc_custom_1498229431694{padding-bottom: 50px !important;}\u00a0\u00bb][vc_column_text]Dans un monde de plus en plus globalis\u00e9, il est essentiel de communiquer efficacement. La langue ne doit pas \u00eatre un obstacle, et c&rsquo;est l\u00e0 que nos services de traduction interviennent. Une traduction de haute qualit\u00e9 Notre \u00e9quipe de traducteurs est compos\u00e9e de professionnels exp\u00e9riment\u00e9s qui parlent couramment plusieurs langues. Chaque&hellip;<\/p>\n","protected":false},"author":2,"featured_media":0,"parent":2945,"menu_order":100,"comment_status":"closed","ping_status":"closed","template":"","meta":{"footnotes":""},"class_list":["post-2718","page","type-page","status-publish","hentry","description-off"],"yoast_head":"<!-- This site is optimized with the Yoast SEO plugin v26.6 - https:\/\/yoast.com\/wordpress\/plugins\/seo\/ -->\n<title>Traductions - Apoio a Empresas<\/title>\n<meta name=\"description\" content=\"Notre \u00e9quipe est compos\u00e9e de professionnels exp\u00e9riment\u00e9s qui parlent couramment plusieurs langues. Nos traductions sont pr\u00e9cises et attentives aux d\u00e9tails.\" \/>\n<meta name=\"robots\" content=\"index, follow, max-snippet:-1, max-image-preview:large, max-video-preview:-1\" \/>\n<link rel=\"canonical\" href=\"https:\/\/apoioaempresas.pt\/fr\/services\/traductions\/\" \/>\n<meta property=\"og:locale\" content=\"fr_FR\" \/>\n<meta property=\"og:type\" content=\"article\" \/>\n<meta property=\"og:title\" content=\"Traductions - Apoio a Empresas\" \/>\n<meta property=\"og:description\" content=\"Notre \u00e9quipe est compos\u00e9e de professionnels exp\u00e9riment\u00e9s qui parlent couramment plusieurs langues. Nos traductions sont pr\u00e9cises et attentives aux d\u00e9tails.\" \/>\n<meta property=\"og:url\" content=\"https:\/\/apoioaempresas.pt\/fr\/services\/traductions\/\" \/>\n<meta property=\"og:site_name\" content=\"Apoio a Empresas\" \/>\n<meta property=\"article:publisher\" content=\"https:\/\/www.facebook.com\/apoioaempresas\/\" \/>\n<meta property=\"article:modified_time\" content=\"2024-10-31T15:11:20+00:00\" \/>\n<meta property=\"og:image\" content=\"https:\/\/apoioaempresas.pt\/wp-content\/uploads\/2023\/07\/Apoio-a-Empresas-Logo-562x200-fundo.png\" \/>\n\t<meta property=\"og:image:width\" content=\"526\" \/>\n\t<meta property=\"og:image:height\" content=\"200\" \/>\n\t<meta property=\"og:image:type\" content=\"image\/png\" \/>\n<meta name=\"twitter:card\" content=\"summary_large_image\" \/>\n<meta name=\"twitter:label1\" content=\"Dur\u00e9e de lecture estim\u00e9e\" \/>\n\t<meta name=\"twitter:data1\" content=\"2 minutes\" \/>\n<script type=\"application\/ld+json\" class=\"yoast-schema-graph\">{\"@context\":\"https:\/\/schema.org\",\"@graph\":[{\"@type\":\"WebPage\",\"@id\":\"https:\/\/apoioaempresas.pt\/fr\/services\/traductions\/\",\"url\":\"https:\/\/apoioaempresas.pt\/fr\/services\/traductions\/\",\"name\":\"Traductions - Apoio a Empresas\",\"isPartOf\":{\"@id\":\"https:\/\/apoioaempresas.pt\/fr\/#website\"},\"datePublished\":\"2016-01-30T21:56:24+00:00\",\"dateModified\":\"2024-10-31T15:11:20+00:00\",\"description\":\"Notre \u00e9quipe est compos\u00e9e de professionnels exp\u00e9riment\u00e9s qui parlent couramment plusieurs langues. Nos traductions sont pr\u00e9cises et attentives aux d\u00e9tails.\",\"breadcrumb\":{\"@id\":\"https:\/\/apoioaempresas.pt\/fr\/services\/traductions\/#breadcrumb\"},\"inLanguage\":\"fr-FR\",\"potentialAction\":[{\"@type\":\"ReadAction\",\"target\":[\"https:\/\/apoioaempresas.pt\/fr\/services\/traductions\/\"]}]},{\"@type\":\"BreadcrumbList\",\"@id\":\"https:\/\/apoioaempresas.pt\/fr\/services\/traductions\/#breadcrumb\",\"itemListElement\":[{\"@type\":\"ListItem\",\"position\":1,\"name\":\"Home\",\"item\":\"https:\/\/apoioaempresas.pt\/fr\/\"},{\"@type\":\"ListItem\",\"position\":2,\"name\":\"Services\",\"item\":\"https:\/\/apoioaempresas.pt\/fr\/services\/\"},{\"@type\":\"ListItem\",\"position\":3,\"name\":\"Traductions\"}]},{\"@type\":\"WebSite\",\"@id\":\"https:\/\/apoioaempresas.pt\/fr\/#website\",\"url\":\"https:\/\/apoioaempresas.pt\/fr\/\",\"name\":\"Apoio a Empresas\",\"description\":\"Disponibilizamos uma variedade de servi\u00e7os de apoio a empresas, para desenvolver o seu neg\u00f3cio ou ideia de neg\u00f3cio. Contacte-nos!\",\"publisher\":{\"@id\":\"https:\/\/apoioaempresas.pt\/fr\/#organization\"},\"potentialAction\":[{\"@type\":\"SearchAction\",\"target\":{\"@type\":\"EntryPoint\",\"urlTemplate\":\"https:\/\/apoioaempresas.pt\/fr\/?s={search_term_string}\"},\"query-input\":{\"@type\":\"PropertyValueSpecification\",\"valueRequired\":true,\"valueName\":\"search_term_string\"}}],\"inLanguage\":\"fr-FR\"},{\"@type\":\"Organization\",\"@id\":\"https:\/\/apoioaempresas.pt\/fr\/#organization\",\"name\":\"Apoio a Empresas\",\"url\":\"https:\/\/apoioaempresas.pt\/fr\/\",\"logo\":{\"@type\":\"ImageObject\",\"inLanguage\":\"fr-FR\",\"@id\":\"https:\/\/apoioaempresas.pt\/fr\/#\/schema\/logo\/image\/\",\"url\":\"https:\/\/apoioaempresas.pt\/wp-content\/uploads\/2023\/07\/Apoio-a-Empresas-Logo-Quadrado.png\",\"contentUrl\":\"https:\/\/apoioaempresas.pt\/wp-content\/uploads\/2023\/07\/Apoio-a-Empresas-Logo-Quadrado.png\",\"width\":500,\"height\":500,\"caption\":\"Apoio a Empresas\"},\"image\":{\"@id\":\"https:\/\/apoioaempresas.pt\/fr\/#\/schema\/logo\/image\/\"},\"sameAs\":[\"https:\/\/www.facebook.com\/apoioaempresas\/\",\"https:\/\/www.linkedin.com\/company\/apoio-a-empresas\/\",\"https:\/\/www.facebook.com\/apoioaempresascom\",\"https:\/\/www.linkedin.com\/company\/apoioaempresascom\/\",\"https:\/\/www.instagram.com\/apoioaempresascom\/\",\"https:\/\/www.instagram.com\/apoioaempresas.pt\/\"]}]}<\/script>\n<!-- \/ Yoast SEO plugin. -->","yoast_head_json":{"title":"Traductions - Apoio a Empresas","description":"Notre \u00e9quipe est compos\u00e9e de professionnels exp\u00e9riment\u00e9s qui parlent couramment plusieurs langues. Nos traductions sont pr\u00e9cises et attentives aux d\u00e9tails.","robots":{"index":"index","follow":"follow","max-snippet":"max-snippet:-1","max-image-preview":"max-image-preview:large","max-video-preview":"max-video-preview:-1"},"canonical":"https:\/\/apoioaempresas.pt\/fr\/services\/traductions\/","og_locale":"fr_FR","og_type":"article","og_title":"Traductions - Apoio a Empresas","og_description":"Notre \u00e9quipe est compos\u00e9e de professionnels exp\u00e9riment\u00e9s qui parlent couramment plusieurs langues. Nos traductions sont pr\u00e9cises et attentives aux d\u00e9tails.","og_url":"https:\/\/apoioaempresas.pt\/fr\/services\/traductions\/","og_site_name":"Apoio a Empresas","article_publisher":"https:\/\/www.facebook.com\/apoioaempresas\/","article_modified_time":"2024-10-31T15:11:20+00:00","og_image":[{"width":526,"height":200,"url":"https:\/\/apoioaempresas.pt\/wp-content\/uploads\/2023\/07\/Apoio-a-Empresas-Logo-562x200-fundo.png","type":"image\/png"}],"twitter_card":"summary_large_image","twitter_misc":{"Dur\u00e9e de lecture estim\u00e9e":"2 minutes"},"schema":{"@context":"https:\/\/schema.org","@graph":[{"@type":"WebPage","@id":"https:\/\/apoioaempresas.pt\/fr\/services\/traductions\/","url":"https:\/\/apoioaempresas.pt\/fr\/services\/traductions\/","name":"Traductions - Apoio a Empresas","isPartOf":{"@id":"https:\/\/apoioaempresas.pt\/fr\/#website"},"datePublished":"2016-01-30T21:56:24+00:00","dateModified":"2024-10-31T15:11:20+00:00","description":"Notre \u00e9quipe est compos\u00e9e de professionnels exp\u00e9riment\u00e9s qui parlent couramment plusieurs langues. Nos traductions sont pr\u00e9cises et attentives aux d\u00e9tails.","breadcrumb":{"@id":"https:\/\/apoioaempresas.pt\/fr\/services\/traductions\/#breadcrumb"},"inLanguage":"fr-FR","potentialAction":[{"@type":"ReadAction","target":["https:\/\/apoioaempresas.pt\/fr\/services\/traductions\/"]}]},{"@type":"BreadcrumbList","@id":"https:\/\/apoioaempresas.pt\/fr\/services\/traductions\/#breadcrumb","itemListElement":[{"@type":"ListItem","position":1,"name":"Home","item":"https:\/\/apoioaempresas.pt\/fr\/"},{"@type":"ListItem","position":2,"name":"Services","item":"https:\/\/apoioaempresas.pt\/fr\/services\/"},{"@type":"ListItem","position":3,"name":"Traductions"}]},{"@type":"WebSite","@id":"https:\/\/apoioaempresas.pt\/fr\/#website","url":"https:\/\/apoioaempresas.pt\/fr\/","name":"Apoio a Empresas","description":"Disponibilizamos uma variedade de servi\u00e7os de apoio a empresas, para desenvolver o seu neg\u00f3cio ou ideia de neg\u00f3cio. Contacte-nos!","publisher":{"@id":"https:\/\/apoioaempresas.pt\/fr\/#organization"},"potentialAction":[{"@type":"SearchAction","target":{"@type":"EntryPoint","urlTemplate":"https:\/\/apoioaempresas.pt\/fr\/?s={search_term_string}"},"query-input":{"@type":"PropertyValueSpecification","valueRequired":true,"valueName":"search_term_string"}}],"inLanguage":"fr-FR"},{"@type":"Organization","@id":"https:\/\/apoioaempresas.pt\/fr\/#organization","name":"Apoio a Empresas","url":"https:\/\/apoioaempresas.pt\/fr\/","logo":{"@type":"ImageObject","inLanguage":"fr-FR","@id":"https:\/\/apoioaempresas.pt\/fr\/#\/schema\/logo\/image\/","url":"https:\/\/apoioaempresas.pt\/wp-content\/uploads\/2023\/07\/Apoio-a-Empresas-Logo-Quadrado.png","contentUrl":"https:\/\/apoioaempresas.pt\/wp-content\/uploads\/2023\/07\/Apoio-a-Empresas-Logo-Quadrado.png","width":500,"height":500,"caption":"Apoio a Empresas"},"image":{"@id":"https:\/\/apoioaempresas.pt\/fr\/#\/schema\/logo\/image\/"},"sameAs":["https:\/\/www.facebook.com\/apoioaempresas\/","https:\/\/www.linkedin.com\/company\/apoio-a-empresas\/","https:\/\/www.facebook.com\/apoioaempresascom","https:\/\/www.linkedin.com\/company\/apoioaempresascom\/","https:\/\/www.instagram.com\/apoioaempresascom\/","https:\/\/www.instagram.com\/apoioaempresas.pt\/"]}]}},"_links":{"self":[{"href":"https:\/\/apoioaempresas.pt\/fr\/wp-json\/wp\/v2\/pages\/2718","targetHints":{"allow":["GET"]}}],"collection":[{"href":"https:\/\/apoioaempresas.pt\/fr\/wp-json\/wp\/v2\/pages"}],"about":[{"href":"https:\/\/apoioaempresas.pt\/fr\/wp-json\/wp\/v2\/types\/page"}],"author":[{"embeddable":true,"href":"https:\/\/apoioaempresas.pt\/fr\/wp-json\/wp\/v2\/users\/2"}],"replies":[{"embeddable":true,"href":"https:\/\/apoioaempresas.pt\/fr\/wp-json\/wp\/v2\/comments?post=2718"}],"version-history":[{"count":0,"href":"https:\/\/apoioaempresas.pt\/fr\/wp-json\/wp\/v2\/pages\/2718\/revisions"}],"up":[{"embeddable":true,"href":"https:\/\/apoioaempresas.pt\/fr\/wp-json\/wp\/v2\/pages\/2945"}],"wp:attachment":[{"href":"https:\/\/apoioaempresas.pt\/fr\/wp-json\/wp\/v2\/media?parent=2718"}],"curies":[{"name":"wp","href":"https:\/\/api.w.org\/{rel}","templated":true}]}}