{"id":2739,"date":"2023-07-13T11:18:55","date_gmt":"2023-07-13T10:18:55","guid":{"rendered":"https:\/\/apoioaempresas.pt\/politique-en-matiere-de-cookies\/"},"modified":"2024-10-30T15:12:07","modified_gmt":"2024-10-30T15:12:07","slug":"politique-en-matiere-de-cookies","status":"publish","type":"page","link":"https:\/\/apoioaempresas.pt\/fr\/politique-en-matiere-de-cookies\/","title":{"rendered":"Politique en mati\u00e8re de cookies"},"content":{"rendered":"\n<h2 class=\"wp-block-heading\"><strong>Concept de cookies<\/strong><\/h2>\n\n\n\n<p>Les cookies sont de petits fichiers texte contenant des informations pertinentes, envoy\u00e9s par un site web et stock\u00e9s sur l&rsquo;ordinateur de l&rsquo;utilisateur qui navigue sur Internet. Les cookies contiennent un num\u00e9ro qui permet d&rsquo;identifier l&rsquo;appareil de l&rsquo;utilisateur et donc de conna\u00eetre l&rsquo;activit\u00e9 de l&rsquo;utilisateur sur un site web donn\u00e9, en enregistrant, par exemple, le lieu d&rsquo;acc\u00e8s, le temps de connexion, le type d&rsquo;appareil, le syst\u00e8me d&rsquo;exploitation, le<em>navigateur<\/em> utilis\u00e9, les pages visit\u00e9es, le nombre de <em>clics<\/em> et, en g\u00e9n\u00e9ral, d&rsquo;autres aspects relatifs aux int\u00e9r\u00eats de l&rsquo;utilisateur. Ainsi, lorsque vous visitez \u00e0 nouveau le site web, il sera en mesure de d\u00e9tecter que vous l&rsquo;avez d\u00e9j\u00e0 visit\u00e9 et, dans certains cas, il adaptera le contenu en fonction de cette visite, ce qui permettra de mieux adapter nos offres sur l&rsquo;internet pour r\u00e9pondre \u00e0 vos besoins.<\/p>\n\n\n\n<p>Dans cette politique, nous abordons la notion de \u00ab\u00a0cookies\u00a0\u00bb, mais ceux-ci ne sont qu&rsquo;une des technologies de suivi utilis\u00e9es sur les sites web. D&rsquo;autres technologies similaires comprennent, par exemple, les pixels, les balises, les <em>iBeacons<\/em>, le JavaScript, les identifiants mobiles, le stockage local HTML5, les objets locaux partag\u00e9s et les techniques d&#8217;empreintes digitales. Ces technologies peuvent \u00eatre utilis\u00e9es parall\u00e8lement aux cookies \u00e0 des fins similaires. Afin de faciliter la lecture de cette politique, nous d\u00e9signons toutes ces technologies de suivi par le terme \u00ab\u00a0cookies\u00a0\u00bb.<\/p>\n\n\n\n<p>Le site web de Conjugar Raz\u00f5es Lda.&nbsp;  ( www.apoioaempresas.pt) est accessible sans qu&rsquo;il soit n\u00e9cessaire d&rsquo;activer des cookies non techniques. Toutefois, la d\u00e9sactivation de certains cookies peut affecter le bon fonctionnement du site web.<\/p>\n\n\n\n<h2 class=\"wp-block-heading\"><strong>Autorisation d&rsquo;utiliser des cookies<\/strong><\/h2>\n\n\n\n<p>En acc\u00e9dant \u00e0 ce site, Conjugar Raz\u00f5es Lda. vous informe de l&rsquo;existence de la pr\u00e9sente politique en mati\u00e8re de cookies (la \u00ab\u00a0politique\u00a0\u00bb) et vous demande quelles sont vos pr\u00e9f\u00e9rences concernant l&rsquo;utilisation des cookies.<\/p>\n\n\n\n<p>Vous pouvez consentir ou non \u00e0 l&rsquo;utilisation de cookies par Conjugar Raz\u00f5es Lda, \u00e0 l&rsquo;exception des cookies techniques ou strictement n\u00e9cessaires, qui ne sont pas soumis \u00e0 consentement parce que leur d\u00e9sactivation rend impossible le fonctionnement du site.<\/p>\n\n\n\n<p>Vous \u00eates \u00e9galement inform\u00e9 que nous pouvons utiliser et installer des cookies provenant de sites web externes \u00e0 Conjugar Raz\u00f5es Lda. sur la base de nos int\u00e9r\u00eats l\u00e9gitimes. Notre int\u00e9r\u00eat l\u00e9gitime est de vous fournir un site attrayant, facile \u00e0 utiliser, techniquement fonctionnel et s\u00e9curis\u00e9, notamment par l&rsquo;utilisation de cookies techniques ou strictement n\u00e9cessaires.<\/p>\n\n\n\n<p>Vous pouvez g\u00e9rer vos consentements \u00e0 tout moment selon les termes du point 4 de la pr\u00e9sente politique.<\/p>\n\n\n\n<h2 class=\"wp-block-heading\"><strong>Types de cookies utilis\u00e9s<\/strong><\/h2>\n\n\n\n<p>Selon la description ci-dessous, le site utilise : (i) les cookies techniques ou strictement n\u00e9cessaires ; (ii) les cookies de performance ; (iii) les cookies de fonctionnalit\u00e9 ; (iv) les cookies publicitaires ; et (v) les cookies de s\u00e9curit\u00e9.<\/p>\n\n\n\n<p>Chacun de ces cookies peut \u00eatre install\u00e9 par le site web de Conjugar Raz\u00f5es Lda. (\u00ab\u00a0propres cookies\u00a0\u00bb) ou par des sites web externes \u00e0 Conjugar Raz\u00f5es Lda. (\u00ab\u00a0cookies de tiers\u00a0\u00bb).<\/p>\n\n\n\n<p>Ce site utilise des \u00ab\u00a0cookies\u00a0\u00bb qui sont supprim\u00e9s d\u00e8s que l&rsquo;utilisateur quitte le site web (\u00ab\u00a0cookies de session\u00a0\u00bb) et ferme son navigateur. D&rsquo;autre part, nous utilisons \u00e9galement des \u00ab\u00a0cookies\u00a0\u00bb qui restent sur l&rsquo;\u00e9quipement terminal m\u00eame apr\u00e8s que l&rsquo;utilisateur a quitt\u00e9 le site web (\u00ab\u00a0cookies persistants\u00a0\u00bb) ou ferm\u00e9 le navigateur. Les cookies persistants sont supprim\u00e9s automatiquement apr\u00e8s une p\u00e9riode sp\u00e9cifique, qui peut varier en fonction de chaque cookie. Toutefois, vous pouvez \u00e0 tout moment supprimer ces cookies dans les param\u00e8tres de s\u00e9curit\u00e9 de votre navigateur, comme indiqu\u00e9 au point 4 de la pr\u00e9sente politique.<\/p>\n\n\n\n<p>Les cookies actuellement utilis\u00e9s par le site sont les suivants :<\/p>\n\n\n\n<ul class=\"wp-block-list\">\n<li><strong>\u00ab\u00a0Cookies techniques ou strictement n\u00e9cessaires<\/strong>\n<ul class=\"wp-block-list\">\n<li>Les cookies techniques ou strictement n\u00e9cessaires sont des cookies install\u00e9s dans le but de faciliter la navigation sur le Site, permettant, entre autres, une exp\u00e9rience utilisateur correcte, l&rsquo;authentification de l&rsquo;utilisateur, la gestion des consentements et des pr\u00e9f\u00e9rences en mati\u00e8re de confidentialit\u00e9, la gestion des paiements, l&rsquo;affichage de la page correcte pour le dispositif utilis\u00e9, ainsi que la s\u00e9curit\u00e9 du Site, en vue de la pr\u00e9vention de la fraude et de la protection de l&rsquo;utilisateur, en emp\u00eachant les sites web malveillants d&rsquo;interagir avec l&rsquo;utilisateur \u00e0 son insu ou d&rsquo;usurper son identit\u00e9.<\/li>\n\n\n\n<li>C&rsquo;est pourquoi ces cookies ne n\u00e9cessitent pas votre consentement.<\/li>\n\n\n\n<li>Les informations recueillies par le biais de ces cookies sont agr\u00e9g\u00e9es et trait\u00e9es de mani\u00e8re anonyme, et ne permettent pas de contr\u00f4ler l&rsquo;activit\u00e9 de navigation des utilisateurs sur des sites autres que celui de Conjugar Raz\u00f5es Lda.<br><\/li>\n<\/ul>\n<\/li>\n\n\n\n<li><strong>Cookies de performance<\/strong>\n<ul class=\"wp-block-list\">\n<li>Les cookies de performance permettent de comptabiliser les visites et les sources de trafic, afin que Conjugar Raz\u00f5es Lda. peut mesurer et am\u00e9liorer les performances du site. Ces cookies nous permettent de savoir quelles sont les pages les plus visit\u00e9es et d&rsquo;analyser la mani\u00e8re dont les visiteurs utilisent le site.<\/li>\n\n\n\n<li>Elles nous permettent, par exemple, de savoir si les visites sur ce site sont le r\u00e9sultat de campagnes promues par Conjugar Raz\u00f5es Lda. ou si ces visites sont li\u00e9es \u00e0 l&rsquo;achat d&rsquo;un produit ou d&rsquo;un service. Toutes les informations collect\u00e9es par ces cookies sont anonymes.<br><\/li>\n<\/ul>\n<\/li>\n\n\n\n<li><strong>\u00ab\u00a0Cookies\u00a0\u00bb de fonctionnalit\u00e9<\/strong>\n<ul class=\"wp-block-list\">\n<li>Les cookies de fonctionnalit\u00e9 permettent au site d&rsquo;offrir une fonctionnalit\u00e9 et une personnalisation accrues, am\u00e9liorant ainsi votre exp\u00e9rience lors de l&rsquo;utilisation de ce site. Par exemple, en m\u00e9morisant vos pr\u00e9f\u00e9rences lorsque vous revenez sur le site. Si vous n&rsquo;autorisez pas ces cookies, certaines ou toutes ces fonctionnalit\u00e9s peuvent ne pas fonctionner correctement.<br><\/li>\n<\/ul>\n<\/li>\n\n\n\n<li><strong>\u00ab\u00a0Cookies\u00a0\u00bb publicitaires<\/strong>\n<ul class=\"wp-block-list\">\n<li>Les cookies publicitaires sont des cookies qui permettent \u00e0 l&rsquo;utilisateur de recevoir des publicit\u00e9s jug\u00e9es appropri\u00e9es \u00e0 ses int\u00e9r\u00eats et \u00e0 ses pr\u00e9f\u00e9rences, y compris la possibilit\u00e9, par exemple, de publier et de convertir des publicit\u00e9s, de les personnaliser, de limiter le nombre de fois qu&rsquo;elles sont affich\u00e9es, de d\u00e9sactiver les publicit\u00e9s que vous avez choisi de ne pas voir et de mesurer la port\u00e9e. Ces cookies sont install\u00e9s par nos partenaires publicitaires et peuvent \u00eatre utilis\u00e9s par ces derniers pour \u00e9tablir un profil bas\u00e9 sur vos int\u00e9r\u00eats et vous montrer des publicit\u00e9s pertinentes sur d&rsquo;autres sites web.<\/li>\n<\/ul>\n<\/li>\n<\/ul>\n\n\n\n<h2 class=\"wp-block-heading\"><strong><strong>Annulation et gestion des cookies<\/strong><\/strong><\/h2>\n\n\n\n<p>L&rsquo;utilisateur peut, \u00e0 tout moment, r\u00e9voquer ou modifier les pr\u00e9f\u00e9rences de consentement qu&rsquo;il a donn\u00e9es pr\u00e9c\u00e9demment. &nbsp;Pour ce faire, il vous suffit d&rsquo;acc\u00e9der \u00e0 l&rsquo;outil de gestion des cookies de Conjugar Raz\u00f5es Lda.<\/p>\n\n\n\n<p>L&rsquo;utilisation des cookies peut \u00e9galement \u00eatre param\u00e9tr\u00e9e dans les pr\u00e9f\u00e9rences de votre<em>navigateur<\/em>, notamment dans les options de confidentialit\u00e9. Pour ce faire, nous vous recommandons de consulter la section\/menu d&rsquo;aide de votre<em>navigateur<\/em> ou de visiter les pages web du fournisseur concern\u00e9. \u00c0 titre indicatif, vous trouverez ci-dessous quelques liens utiles propos\u00e9s par les principaux fournisseurs de logiciels de<em>navigation<\/em>:<\/p>\n\n\n\n<ul class=\"wp-block-list\">\n<li>Firefox <a href=\"https:\/\/support.mozilla.org\/t5\/Protect-your-privacy\/Cookies-Information-thatwebsites-store-on-your-computer\/ta-p\/1483\">: https:\/\/support.mozilla.org\/t5\/Protect-your-privacy\/Cookies-Information-thatwebsites-store-on-your-computer\/ta-p\/1483 ;<\/a><\/li>\n\n\n\n<li>Internet Explorer <a href=\"https:\/\/support.microsoft.com\/pt-pt\/help\/17442\/windows-internetexplorer-delete-manage-cookies\">: https:\/\/support.microsoft.com\/pt-pt\/help\/17442\/windows-internetexplorer-delete-manage-cookies ;<\/a><\/li>\n\n\n\n<li>Safari <a href=\"https:\/\/support.apple.com\/pt-pt\/HT201265\">: https:\/\/support.apple.com\/pt-pt\/HT201265 ;<\/a><\/li>\n\n\n\n<li>Op\u00e9ra <a href=\"http:\/\/help.opera.com\/Mac\/12.10\/en\/cookies.html\">: http:\/\/help.opera.com\/Mac\/12.10\/en\/cookies.html ;<\/a><\/li>\n\n\n\n<li>Chrome <a href=\"https:\/\/support.google.com\/chrome\/answer\/95647\">: https:\/\/support.google.com\/chrome\/answer\/95647.<\/a><\/li>\n<\/ul>\n\n\n\n<p>Par ailleurs, vous pouvez consulter les informations relatives aux \u00ab\u00a0cookies\u00a0\u00bb dans la documentation disponible \u00e0 la page suivante <a href=\"https:\/\/www.aboutcookies.org\/default.aspx?page=1\">: https:\/\/www.aboutcookies.org\/default.aspx?page=1<\/a>.<\/p>\n\n\n\n<h2 class=\"wp-block-heading\"><strong>Contact<\/strong><\/h2>\n\n\n\n<p>Si vous souhaitez obtenir des \u00e9claircissements sur cette politique ou sur la mani\u00e8re dont vous pouvez r\u00e9voquer ou g\u00e9rer les consentements que vous avez donn\u00e9s pour l&rsquo;utilisation des cookies, vous pouvez nous contacter \u00e0 l&rsquo;adresse info@apoioaempresas.pt, en indiquant \u00ab\u00a0Politique en mati\u00e8re de cookies\u00a0\u00bb dans la ligne d&rsquo;objet. Pour d&rsquo;autres questions relatives \u00e0 la protection de la vie priv\u00e9e, veuillez consulter la <a href=\"https:\/\/apoioaempresas.pt\/politica-de-privacidade\/\">politique de confidentialit\u00e9<\/a> de Conjugar Raz\u00f5es Lda.<\/p>\n\n\n\n<p>Derni\u00e8re modification de la politique : juillet 2023<\/p>\n\n\n\n<p><\/p>\n\n\n\n<p><\/p>\n","protected":false},"excerpt":{"rendered":"<p>Concept de cookies Les cookies sont de petits fichiers texte contenant des informations pertinentes, envoy\u00e9s par un site web et stock\u00e9s sur l&rsquo;ordinateur de l&rsquo;utilisateur qui navigue sur Internet. Les cookies contiennent un num\u00e9ro qui permet d&rsquo;identifier l&rsquo;appareil de l&rsquo;utilisateur et donc de conna\u00eetre l&rsquo;activit\u00e9 de l&rsquo;utilisateur sur un site web donn\u00e9, en enregistrant, par&hellip;<\/p>\n","protected":false},"author":2,"featured_media":0,"parent":0,"menu_order":0,"comment_status":"closed","ping_status":"closed","template":"","meta":{"footnotes":""},"class_list":["post-2739","page","type-page","status-publish","hentry","description-off"],"yoast_head":"<!-- This site is optimized with the Yoast SEO plugin v26.6 - https:\/\/yoast.com\/wordpress\/plugins\/seo\/ -->\n<title>Politique en mati\u00e8re de cookies - Apoio a Empresas<\/title>\n<meta name=\"description\" content=\"Consultez notre politique en mati\u00e8re de cookies sur cette page. Les utilisateurs peuvent r\u00e9voquer ou modifier leurs pr\u00e9f\u00e9rences \u00e0 tout moment.\" \/>\n<meta name=\"robots\" content=\"index, follow, max-snippet:-1, max-image-preview:large, max-video-preview:-1\" \/>\n<link rel=\"canonical\" href=\"https:\/\/apoioaempresas.pt\/fr\/politique-en-matiere-de-cookies\/\" \/>\n<meta property=\"og:locale\" content=\"fr_FR\" \/>\n<meta property=\"og:type\" content=\"article\" \/>\n<meta property=\"og:title\" content=\"Politique en mati\u00e8re de cookies - Apoio a Empresas\" \/>\n<meta property=\"og:description\" content=\"Consultez notre politique en mati\u00e8re de cookies sur cette page. Les utilisateurs peuvent r\u00e9voquer ou modifier leurs pr\u00e9f\u00e9rences \u00e0 tout moment.\" \/>\n<meta property=\"og:url\" content=\"https:\/\/apoioaempresas.pt\/fr\/politique-en-matiere-de-cookies\/\" \/>\n<meta property=\"og:site_name\" content=\"Apoio a Empresas\" \/>\n<meta property=\"article:publisher\" content=\"https:\/\/www.facebook.com\/apoioaempresas\/\" \/>\n<meta property=\"article:modified_time\" content=\"2024-10-30T15:12:07+00:00\" \/>\n<meta property=\"og:image\" content=\"https:\/\/apoioaempresas.pt\/wp-content\/uploads\/2023\/07\/Apoio-a-Empresas-Logo-562x200-fundo.png\" \/>\n\t<meta property=\"og:image:width\" content=\"526\" \/>\n\t<meta property=\"og:image:height\" content=\"200\" \/>\n\t<meta property=\"og:image:type\" content=\"image\/png\" \/>\n<meta name=\"twitter:card\" content=\"summary_large_image\" \/>\n<meta name=\"twitter:label1\" content=\"Dur\u00e9e de lecture estim\u00e9e\" \/>\n\t<meta name=\"twitter:data1\" content=\"7 minutes\" \/>\n<script type=\"application\/ld+json\" class=\"yoast-schema-graph\">{\"@context\":\"https:\/\/schema.org\",\"@graph\":[{\"@type\":\"WebPage\",\"@id\":\"https:\/\/apoioaempresas.pt\/fr\/politique-en-matiere-de-cookies\/\",\"url\":\"https:\/\/apoioaempresas.pt\/fr\/politique-en-matiere-de-cookies\/\",\"name\":\"Politique en mati\u00e8re de cookies - Apoio a Empresas\",\"isPartOf\":{\"@id\":\"https:\/\/apoioaempresas.pt\/fr\/#website\"},\"datePublished\":\"2023-07-13T10:18:55+00:00\",\"dateModified\":\"2024-10-30T15:12:07+00:00\",\"description\":\"Consultez notre politique en mati\u00e8re de cookies sur cette page. Les utilisateurs peuvent r\u00e9voquer ou modifier leurs pr\u00e9f\u00e9rences \u00e0 tout moment.\",\"breadcrumb\":{\"@id\":\"https:\/\/apoioaempresas.pt\/fr\/politique-en-matiere-de-cookies\/#breadcrumb\"},\"inLanguage\":\"fr-FR\",\"potentialAction\":[{\"@type\":\"ReadAction\",\"target\":[\"https:\/\/apoioaempresas.pt\/fr\/politique-en-matiere-de-cookies\/\"]}]},{\"@type\":\"BreadcrumbList\",\"@id\":\"https:\/\/apoioaempresas.pt\/fr\/politique-en-matiere-de-cookies\/#breadcrumb\",\"itemListElement\":[{\"@type\":\"ListItem\",\"position\":1,\"name\":\"Home\",\"item\":\"https:\/\/apoioaempresas.pt\/fr\/\"},{\"@type\":\"ListItem\",\"position\":2,\"name\":\"Politique en mati\u00e8re de cookies\"}]},{\"@type\":\"WebSite\",\"@id\":\"https:\/\/apoioaempresas.pt\/fr\/#website\",\"url\":\"https:\/\/apoioaempresas.pt\/fr\/\",\"name\":\"Apoio a Empresas\",\"description\":\"Disponibilizamos uma variedade de servi\u00e7os de apoio a empresas, para desenvolver o seu neg\u00f3cio ou ideia de neg\u00f3cio. Contacte-nos!\",\"publisher\":{\"@id\":\"https:\/\/apoioaempresas.pt\/fr\/#organization\"},\"potentialAction\":[{\"@type\":\"SearchAction\",\"target\":{\"@type\":\"EntryPoint\",\"urlTemplate\":\"https:\/\/apoioaempresas.pt\/fr\/?s={search_term_string}\"},\"query-input\":{\"@type\":\"PropertyValueSpecification\",\"valueRequired\":true,\"valueName\":\"search_term_string\"}}],\"inLanguage\":\"fr-FR\"},{\"@type\":\"Organization\",\"@id\":\"https:\/\/apoioaempresas.pt\/fr\/#organization\",\"name\":\"Apoio a Empresas\",\"url\":\"https:\/\/apoioaempresas.pt\/fr\/\",\"logo\":{\"@type\":\"ImageObject\",\"inLanguage\":\"fr-FR\",\"@id\":\"https:\/\/apoioaempresas.pt\/fr\/#\/schema\/logo\/image\/\",\"url\":\"https:\/\/apoioaempresas.pt\/wp-content\/uploads\/2023\/07\/Apoio-a-Empresas-Logo-Quadrado.png\",\"contentUrl\":\"https:\/\/apoioaempresas.pt\/wp-content\/uploads\/2023\/07\/Apoio-a-Empresas-Logo-Quadrado.png\",\"width\":500,\"height\":500,\"caption\":\"Apoio a Empresas\"},\"image\":{\"@id\":\"https:\/\/apoioaempresas.pt\/fr\/#\/schema\/logo\/image\/\"},\"sameAs\":[\"https:\/\/www.facebook.com\/apoioaempresas\/\",\"https:\/\/www.linkedin.com\/company\/apoio-a-empresas\/\",\"https:\/\/www.facebook.com\/apoioaempresascom\",\"https:\/\/www.linkedin.com\/company\/apoioaempresascom\/\",\"https:\/\/www.instagram.com\/apoioaempresascom\/\",\"https:\/\/www.instagram.com\/apoioaempresas.pt\/\"]}]}<\/script>\n<!-- \/ Yoast SEO plugin. -->","yoast_head_json":{"title":"Politique en mati\u00e8re de cookies - Apoio a Empresas","description":"Consultez notre politique en mati\u00e8re de cookies sur cette page. Les utilisateurs peuvent r\u00e9voquer ou modifier leurs pr\u00e9f\u00e9rences \u00e0 tout moment.","robots":{"index":"index","follow":"follow","max-snippet":"max-snippet:-1","max-image-preview":"max-image-preview:large","max-video-preview":"max-video-preview:-1"},"canonical":"https:\/\/apoioaempresas.pt\/fr\/politique-en-matiere-de-cookies\/","og_locale":"fr_FR","og_type":"article","og_title":"Politique en mati\u00e8re de cookies - Apoio a Empresas","og_description":"Consultez notre politique en mati\u00e8re de cookies sur cette page. Les utilisateurs peuvent r\u00e9voquer ou modifier leurs pr\u00e9f\u00e9rences \u00e0 tout moment.","og_url":"https:\/\/apoioaempresas.pt\/fr\/politique-en-matiere-de-cookies\/","og_site_name":"Apoio a Empresas","article_publisher":"https:\/\/www.facebook.com\/apoioaempresas\/","article_modified_time":"2024-10-30T15:12:07+00:00","og_image":[{"width":526,"height":200,"url":"https:\/\/apoioaempresas.pt\/wp-content\/uploads\/2023\/07\/Apoio-a-Empresas-Logo-562x200-fundo.png","type":"image\/png"}],"twitter_card":"summary_large_image","twitter_misc":{"Dur\u00e9e de lecture estim\u00e9e":"7 minutes"},"schema":{"@context":"https:\/\/schema.org","@graph":[{"@type":"WebPage","@id":"https:\/\/apoioaempresas.pt\/fr\/politique-en-matiere-de-cookies\/","url":"https:\/\/apoioaempresas.pt\/fr\/politique-en-matiere-de-cookies\/","name":"Politique en mati\u00e8re de cookies - Apoio a Empresas","isPartOf":{"@id":"https:\/\/apoioaempresas.pt\/fr\/#website"},"datePublished":"2023-07-13T10:18:55+00:00","dateModified":"2024-10-30T15:12:07+00:00","description":"Consultez notre politique en mati\u00e8re de cookies sur cette page. Les utilisateurs peuvent r\u00e9voquer ou modifier leurs pr\u00e9f\u00e9rences \u00e0 tout moment.","breadcrumb":{"@id":"https:\/\/apoioaempresas.pt\/fr\/politique-en-matiere-de-cookies\/#breadcrumb"},"inLanguage":"fr-FR","potentialAction":[{"@type":"ReadAction","target":["https:\/\/apoioaempresas.pt\/fr\/politique-en-matiere-de-cookies\/"]}]},{"@type":"BreadcrumbList","@id":"https:\/\/apoioaempresas.pt\/fr\/politique-en-matiere-de-cookies\/#breadcrumb","itemListElement":[{"@type":"ListItem","position":1,"name":"Home","item":"https:\/\/apoioaempresas.pt\/fr\/"},{"@type":"ListItem","position":2,"name":"Politique en mati\u00e8re de cookies"}]},{"@type":"WebSite","@id":"https:\/\/apoioaempresas.pt\/fr\/#website","url":"https:\/\/apoioaempresas.pt\/fr\/","name":"Apoio a Empresas","description":"Disponibilizamos uma variedade de servi\u00e7os de apoio a empresas, para desenvolver o seu neg\u00f3cio ou ideia de neg\u00f3cio. Contacte-nos!","publisher":{"@id":"https:\/\/apoioaempresas.pt\/fr\/#organization"},"potentialAction":[{"@type":"SearchAction","target":{"@type":"EntryPoint","urlTemplate":"https:\/\/apoioaempresas.pt\/fr\/?s={search_term_string}"},"query-input":{"@type":"PropertyValueSpecification","valueRequired":true,"valueName":"search_term_string"}}],"inLanguage":"fr-FR"},{"@type":"Organization","@id":"https:\/\/apoioaempresas.pt\/fr\/#organization","name":"Apoio a Empresas","url":"https:\/\/apoioaempresas.pt\/fr\/","logo":{"@type":"ImageObject","inLanguage":"fr-FR","@id":"https:\/\/apoioaempresas.pt\/fr\/#\/schema\/logo\/image\/","url":"https:\/\/apoioaempresas.pt\/wp-content\/uploads\/2023\/07\/Apoio-a-Empresas-Logo-Quadrado.png","contentUrl":"https:\/\/apoioaempresas.pt\/wp-content\/uploads\/2023\/07\/Apoio-a-Empresas-Logo-Quadrado.png","width":500,"height":500,"caption":"Apoio a Empresas"},"image":{"@id":"https:\/\/apoioaempresas.pt\/fr\/#\/schema\/logo\/image\/"},"sameAs":["https:\/\/www.facebook.com\/apoioaempresas\/","https:\/\/www.linkedin.com\/company\/apoio-a-empresas\/","https:\/\/www.facebook.com\/apoioaempresascom","https:\/\/www.linkedin.com\/company\/apoioaempresascom\/","https:\/\/www.instagram.com\/apoioaempresascom\/","https:\/\/www.instagram.com\/apoioaempresas.pt\/"]}]}},"_links":{"self":[{"href":"https:\/\/apoioaempresas.pt\/fr\/wp-json\/wp\/v2\/pages\/2739","targetHints":{"allow":["GET"]}}],"collection":[{"href":"https:\/\/apoioaempresas.pt\/fr\/wp-json\/wp\/v2\/pages"}],"about":[{"href":"https:\/\/apoioaempresas.pt\/fr\/wp-json\/wp\/v2\/types\/page"}],"author":[{"embeddable":true,"href":"https:\/\/apoioaempresas.pt\/fr\/wp-json\/wp\/v2\/users\/2"}],"replies":[{"embeddable":true,"href":"https:\/\/apoioaempresas.pt\/fr\/wp-json\/wp\/v2\/comments?post=2739"}],"version-history":[{"count":0,"href":"https:\/\/apoioaempresas.pt\/fr\/wp-json\/wp\/v2\/pages\/2739\/revisions"}],"wp:attachment":[{"href":"https:\/\/apoioaempresas.pt\/fr\/wp-json\/wp\/v2\/media?parent=2739"}],"curies":[{"name":"wp","href":"https:\/\/api.w.org\/{rel}","templated":true}]}}