{"id":2750,"date":"2016-01-30T21:56:24","date_gmt":"2016-01-30T21:56:24","guid":{"rendered":"https:\/\/apoioaempresas.pt\/conseil-en-marketing\/"},"modified":"2024-10-31T15:16:13","modified_gmt":"2024-10-31T15:16:13","slug":"conseil-en-marketing","status":"publish","type":"page","link":"https:\/\/apoioaempresas.pt\/fr\/services\/conseil-en-marketing\/","title":{"rendered":"Conseil en marketing"},"content":{"rendered":"<div class=\"wpb-content-wrapper\"><p>[vc_row type=\u00a0\u00bbvc_default\u00a0\u00bb][vc_column css=\u00a0\u00bb.vc_custom_1498229431694{padding-bottom: 50px !important;}\u00a0\u00bb]<div id=\"ultimate-heading-414969e347b8dec9b\" class=\"uvc-heading ult-adjust-bottom-margin ultimate-heading-414969e347b8dec9b uvc-129 \" data-hspacer=\"no_spacer\"  data-halign=\"left\" style=\"text-align:left\"><div class=\"uvc-heading-spacer no_spacer\" style=\"top\"><\/div><div class=\"uvc-main-heading ult-responsive\"  data-ultimate-target='.uvc-heading.ultimate-heading-414969e347b8dec9b h2'  data-responsive-json-new='{\"font-size\":\"desktop:26px;\",\"line-height\":\"desktop:32px;\"}' ><h2 style=\"font-weight:bold;margin-bottom:20px;\">Conseil en marketing<\/h2><\/div><div class=\"uvc-sub-heading ult-responsive\"  data-ultimate-target='.uvc-heading.ultimate-heading-414969e347b8dec9b .uvc-sub-heading '  data-responsive-json-new='{\"font-size\":\"\",\"line-height\":\"\"}'  style=\"font-weight:normal;\">L&rsquo;exp\u00e9rience et l&rsquo;<em>expertise<\/em> au service de votre entreprise.<\/div><\/div>[vc_column_text]Vous souhaitez obtenir des r\u00e9sultats extraordinaires dans le monde des affaires ? Vous voulez vous d\u00e9marquer de la concurrence et gagner plus de clients ?<\/p>\n<p>Dans l&rsquo;environnement concurrentiel actuel, il est essentiel de disposer d&rsquo;une strat\u00e9gie de marketing efficace pour atteindre vos objectifs commerciaux. C&rsquo;est pourquoi nous vous proposons notre service de conseil en marketing.<\/p>\n<p>Avec des ann\u00e9es d&rsquo;exp\u00e9rience et une \u00e9quipe d&rsquo;experts passionn\u00e9s par ce qu&rsquo;ils font, nous sommes pr\u00eats \u00e0 vous aider \u00e0 r\u00e9ussir. Nous avons une approche personnalis\u00e9e, ax\u00e9e sur les r\u00e9sultats, qui garantit que chaque action marketing est soigneusement planifi\u00e9e et ex\u00e9cut\u00e9e afin d&rsquo;obtenir les meilleurs r\u00e9sultats pour votre entreprise.<\/p>\n<p>Ce qui nous distingue, c&rsquo;est notre engagement en faveur de l&rsquo;excellence. Nous travaillons en \u00e9troite collaboration avec vous, afin de comprendre l&rsquo;essence de votre entreprise, vos objectifs et vos d\u00e9fis. \u00c0 partir de cette compr\u00e9hension approfondie, nous d\u00e9veloppons des strat\u00e9gies innovantes et des solutions personnalis\u00e9es qui s&rsquo;adaptent parfaitement \u00e0 votre marque et \u00e0 votre public.<\/p>\n<p>Nos services de conseil en marketing vont de l&rsquo;analyse du march\u00e9 et de la concurrence \u00e0 la cr\u00e9ation de campagnes publicitaires percutantes, en passant par l&rsquo;optimisation des m\u00e9dias sociaux, le d\u00e9veloppement de contenus pertinents et bien plus encore. Nous utilisons les outils et techniques d&rsquo;analyse de donn\u00e9es les plus r\u00e9cents pour identifier les opportunit\u00e9s et ajuster continuellement les strat\u00e9gies, afin que vous ayez toujours une longueur d&rsquo;avance.<\/p>\n<p>Nous savons que chaque entreprise est unique, c&rsquo;est pourquoi notre conseil en marketing est adapt\u00e9 \u00e0 vos besoins sp\u00e9cifiques. Que vous soyez un jeune entrepreneur ou une entreprise bien \u00e9tablie, nous sommes pr\u00eats \u00e0 vous aider \u00e0 obtenir des r\u00e9sultats extraordinaires.<\/p>\n<p>Faites confiance \u00e0 notre <em>expertise<\/em> et permettez \u00e0 votre marque de se d\u00e9marquer sur le march\u00e9.<\/p>\n<p>Nous vous aidons \u00e0 tracer votre chemin vers le succ\u00e8s.[\/vc_column_text][\/vc_column][\/vc_row]<\/p>\n<\/div>","protected":false},"excerpt":{"rendered":"<p>[vc_row type=\u00a0\u00bbvc_default\u00a0\u00bb][vc_column css=\u00a0\u00bb.vc_custom_1498229431694{padding-bottom: 50px !important;}\u00a0\u00bb][vc_column_text]Vous souhaitez obtenir des r\u00e9sultats extraordinaires dans le monde des affaires ? Vous voulez vous d\u00e9marquer de la concurrence et gagner plus de clients ? Dans l&rsquo;environnement concurrentiel actuel, il est essentiel de disposer d&rsquo;une strat\u00e9gie de marketing efficace pour atteindre vos objectifs commerciaux. C&rsquo;est pourquoi nous vous proposons notre service&hellip;<\/p>\n","protected":false},"author":2,"featured_media":0,"parent":2945,"menu_order":100,"comment_status":"closed","ping_status":"closed","template":"","meta":{"footnotes":""},"class_list":["post-2750","page","type-page","status-publish","hentry","description-off"],"yoast_head":"<!-- This site is optimized with the Yoast SEO plugin v26.6 - https:\/\/yoast.com\/wordpress\/plugins\/seo\/ -->\n<title>Conseil en marketing - Apoio a Empresas<\/title>\n<meta name=\"description\" content=\"Vous voulez vous d\u00e9marquer de la concurrence ? Notre service de conseil en marketing vous aidera \u00e0 r\u00e9ussir. Contactez-nous !\" \/>\n<meta name=\"robots\" content=\"index, follow, max-snippet:-1, max-image-preview:large, max-video-preview:-1\" \/>\n<link rel=\"canonical\" href=\"https:\/\/apoioaempresas.pt\/fr\/services\/conseil-en-marketing\/\" \/>\n<meta property=\"og:locale\" content=\"fr_FR\" \/>\n<meta property=\"og:type\" content=\"article\" \/>\n<meta property=\"og:title\" content=\"Conseil en marketing - Apoio a Empresas\" \/>\n<meta property=\"og:description\" content=\"Vous voulez vous d\u00e9marquer de la concurrence ? Notre service de conseil en marketing vous aidera \u00e0 r\u00e9ussir. Contactez-nous !\" \/>\n<meta property=\"og:url\" content=\"https:\/\/apoioaempresas.pt\/fr\/services\/conseil-en-marketing\/\" \/>\n<meta property=\"og:site_name\" content=\"Apoio a Empresas\" \/>\n<meta property=\"article:publisher\" content=\"https:\/\/www.facebook.com\/apoioaempresas\/\" \/>\n<meta property=\"article:modified_time\" content=\"2024-10-31T15:16:13+00:00\" \/>\n<meta property=\"og:image\" content=\"https:\/\/apoioaempresas.pt\/wp-content\/uploads\/2023\/07\/Apoio-a-Empresas-Logo-562x200-fundo.png\" \/>\n\t<meta property=\"og:image:width\" content=\"526\" \/>\n\t<meta property=\"og:image:height\" content=\"200\" \/>\n\t<meta property=\"og:image:type\" content=\"image\/png\" \/>\n<meta name=\"twitter:card\" content=\"summary_large_image\" \/>\n<meta name=\"twitter:label1\" content=\"Dur\u00e9e de lecture estim\u00e9e\" \/>\n\t<meta name=\"twitter:data1\" content=\"2 minutes\" \/>\n<script type=\"application\/ld+json\" class=\"yoast-schema-graph\">{\"@context\":\"https:\/\/schema.org\",\"@graph\":[{\"@type\":\"WebPage\",\"@id\":\"https:\/\/apoioaempresas.pt\/fr\/services\/conseil-en-marketing\/\",\"url\":\"https:\/\/apoioaempresas.pt\/fr\/services\/conseil-en-marketing\/\",\"name\":\"Conseil en marketing - Apoio a Empresas\",\"isPartOf\":{\"@id\":\"https:\/\/apoioaempresas.pt\/fr\/#website\"},\"datePublished\":\"2016-01-30T21:56:24+00:00\",\"dateModified\":\"2024-10-31T15:16:13+00:00\",\"description\":\"Vous voulez vous d\u00e9marquer de la concurrence ? Notre service de conseil en marketing vous aidera \u00e0 r\u00e9ussir. Contactez-nous !\",\"breadcrumb\":{\"@id\":\"https:\/\/apoioaempresas.pt\/fr\/services\/conseil-en-marketing\/#breadcrumb\"},\"inLanguage\":\"fr-FR\",\"potentialAction\":[{\"@type\":\"ReadAction\",\"target\":[\"https:\/\/apoioaempresas.pt\/fr\/services\/conseil-en-marketing\/\"]}]},{\"@type\":\"BreadcrumbList\",\"@id\":\"https:\/\/apoioaempresas.pt\/fr\/services\/conseil-en-marketing\/#breadcrumb\",\"itemListElement\":[{\"@type\":\"ListItem\",\"position\":1,\"name\":\"Home\",\"item\":\"https:\/\/apoioaempresas.pt\/fr\/\"},{\"@type\":\"ListItem\",\"position\":2,\"name\":\"Services\",\"item\":\"https:\/\/apoioaempresas.pt\/fr\/services\/\"},{\"@type\":\"ListItem\",\"position\":3,\"name\":\"Conseil en marketing\"}]},{\"@type\":\"WebSite\",\"@id\":\"https:\/\/apoioaempresas.pt\/fr\/#website\",\"url\":\"https:\/\/apoioaempresas.pt\/fr\/\",\"name\":\"Apoio a Empresas\",\"description\":\"Disponibilizamos uma variedade de servi\u00e7os de apoio a empresas, para desenvolver o seu neg\u00f3cio ou ideia de neg\u00f3cio. Contacte-nos!\",\"publisher\":{\"@id\":\"https:\/\/apoioaempresas.pt\/fr\/#organization\"},\"potentialAction\":[{\"@type\":\"SearchAction\",\"target\":{\"@type\":\"EntryPoint\",\"urlTemplate\":\"https:\/\/apoioaempresas.pt\/fr\/?s={search_term_string}\"},\"query-input\":{\"@type\":\"PropertyValueSpecification\",\"valueRequired\":true,\"valueName\":\"search_term_string\"}}],\"inLanguage\":\"fr-FR\"},{\"@type\":\"Organization\",\"@id\":\"https:\/\/apoioaempresas.pt\/fr\/#organization\",\"name\":\"Apoio a Empresas\",\"url\":\"https:\/\/apoioaempresas.pt\/fr\/\",\"logo\":{\"@type\":\"ImageObject\",\"inLanguage\":\"fr-FR\",\"@id\":\"https:\/\/apoioaempresas.pt\/fr\/#\/schema\/logo\/image\/\",\"url\":\"https:\/\/apoioaempresas.pt\/wp-content\/uploads\/2023\/07\/Apoio-a-Empresas-Logo-Quadrado.png\",\"contentUrl\":\"https:\/\/apoioaempresas.pt\/wp-content\/uploads\/2023\/07\/Apoio-a-Empresas-Logo-Quadrado.png\",\"width\":500,\"height\":500,\"caption\":\"Apoio a Empresas\"},\"image\":{\"@id\":\"https:\/\/apoioaempresas.pt\/fr\/#\/schema\/logo\/image\/\"},\"sameAs\":[\"https:\/\/www.facebook.com\/apoioaempresas\/\",\"https:\/\/www.linkedin.com\/company\/apoio-a-empresas\/\",\"https:\/\/www.facebook.com\/apoioaempresascom\",\"https:\/\/www.linkedin.com\/company\/apoioaempresascom\/\",\"https:\/\/www.instagram.com\/apoioaempresascom\/\",\"https:\/\/www.instagram.com\/apoioaempresas.pt\/\"]}]}<\/script>\n<!-- \/ Yoast SEO plugin. -->","yoast_head_json":{"title":"Conseil en marketing - Apoio a Empresas","description":"Vous voulez vous d\u00e9marquer de la concurrence ? Notre service de conseil en marketing vous aidera \u00e0 r\u00e9ussir. Contactez-nous !","robots":{"index":"index","follow":"follow","max-snippet":"max-snippet:-1","max-image-preview":"max-image-preview:large","max-video-preview":"max-video-preview:-1"},"canonical":"https:\/\/apoioaempresas.pt\/fr\/services\/conseil-en-marketing\/","og_locale":"fr_FR","og_type":"article","og_title":"Conseil en marketing - Apoio a Empresas","og_description":"Vous voulez vous d\u00e9marquer de la concurrence ? Notre service de conseil en marketing vous aidera \u00e0 r\u00e9ussir. Contactez-nous !","og_url":"https:\/\/apoioaempresas.pt\/fr\/services\/conseil-en-marketing\/","og_site_name":"Apoio a Empresas","article_publisher":"https:\/\/www.facebook.com\/apoioaempresas\/","article_modified_time":"2024-10-31T15:16:13+00:00","og_image":[{"width":526,"height":200,"url":"https:\/\/apoioaempresas.pt\/wp-content\/uploads\/2023\/07\/Apoio-a-Empresas-Logo-562x200-fundo.png","type":"image\/png"}],"twitter_card":"summary_large_image","twitter_misc":{"Dur\u00e9e de lecture estim\u00e9e":"2 minutes"},"schema":{"@context":"https:\/\/schema.org","@graph":[{"@type":"WebPage","@id":"https:\/\/apoioaempresas.pt\/fr\/services\/conseil-en-marketing\/","url":"https:\/\/apoioaempresas.pt\/fr\/services\/conseil-en-marketing\/","name":"Conseil en marketing - Apoio a Empresas","isPartOf":{"@id":"https:\/\/apoioaempresas.pt\/fr\/#website"},"datePublished":"2016-01-30T21:56:24+00:00","dateModified":"2024-10-31T15:16:13+00:00","description":"Vous voulez vous d\u00e9marquer de la concurrence ? Notre service de conseil en marketing vous aidera \u00e0 r\u00e9ussir. Contactez-nous !","breadcrumb":{"@id":"https:\/\/apoioaempresas.pt\/fr\/services\/conseil-en-marketing\/#breadcrumb"},"inLanguage":"fr-FR","potentialAction":[{"@type":"ReadAction","target":["https:\/\/apoioaempresas.pt\/fr\/services\/conseil-en-marketing\/"]}]},{"@type":"BreadcrumbList","@id":"https:\/\/apoioaempresas.pt\/fr\/services\/conseil-en-marketing\/#breadcrumb","itemListElement":[{"@type":"ListItem","position":1,"name":"Home","item":"https:\/\/apoioaempresas.pt\/fr\/"},{"@type":"ListItem","position":2,"name":"Services","item":"https:\/\/apoioaempresas.pt\/fr\/services\/"},{"@type":"ListItem","position":3,"name":"Conseil en marketing"}]},{"@type":"WebSite","@id":"https:\/\/apoioaempresas.pt\/fr\/#website","url":"https:\/\/apoioaempresas.pt\/fr\/","name":"Apoio a Empresas","description":"Disponibilizamos uma variedade de servi\u00e7os de apoio a empresas, para desenvolver o seu neg\u00f3cio ou ideia de neg\u00f3cio. Contacte-nos!","publisher":{"@id":"https:\/\/apoioaempresas.pt\/fr\/#organization"},"potentialAction":[{"@type":"SearchAction","target":{"@type":"EntryPoint","urlTemplate":"https:\/\/apoioaempresas.pt\/fr\/?s={search_term_string}"},"query-input":{"@type":"PropertyValueSpecification","valueRequired":true,"valueName":"search_term_string"}}],"inLanguage":"fr-FR"},{"@type":"Organization","@id":"https:\/\/apoioaempresas.pt\/fr\/#organization","name":"Apoio a Empresas","url":"https:\/\/apoioaempresas.pt\/fr\/","logo":{"@type":"ImageObject","inLanguage":"fr-FR","@id":"https:\/\/apoioaempresas.pt\/fr\/#\/schema\/logo\/image\/","url":"https:\/\/apoioaempresas.pt\/wp-content\/uploads\/2023\/07\/Apoio-a-Empresas-Logo-Quadrado.png","contentUrl":"https:\/\/apoioaempresas.pt\/wp-content\/uploads\/2023\/07\/Apoio-a-Empresas-Logo-Quadrado.png","width":500,"height":500,"caption":"Apoio a Empresas"},"image":{"@id":"https:\/\/apoioaempresas.pt\/fr\/#\/schema\/logo\/image\/"},"sameAs":["https:\/\/www.facebook.com\/apoioaempresas\/","https:\/\/www.linkedin.com\/company\/apoio-a-empresas\/","https:\/\/www.facebook.com\/apoioaempresascom","https:\/\/www.linkedin.com\/company\/apoioaempresascom\/","https:\/\/www.instagram.com\/apoioaempresascom\/","https:\/\/www.instagram.com\/apoioaempresas.pt\/"]}]}},"_links":{"self":[{"href":"https:\/\/apoioaempresas.pt\/fr\/wp-json\/wp\/v2\/pages\/2750","targetHints":{"allow":["GET"]}}],"collection":[{"href":"https:\/\/apoioaempresas.pt\/fr\/wp-json\/wp\/v2\/pages"}],"about":[{"href":"https:\/\/apoioaempresas.pt\/fr\/wp-json\/wp\/v2\/types\/page"}],"author":[{"embeddable":true,"href":"https:\/\/apoioaempresas.pt\/fr\/wp-json\/wp\/v2\/users\/2"}],"replies":[{"embeddable":true,"href":"https:\/\/apoioaempresas.pt\/fr\/wp-json\/wp\/v2\/comments?post=2750"}],"version-history":[{"count":0,"href":"https:\/\/apoioaempresas.pt\/fr\/wp-json\/wp\/v2\/pages\/2750\/revisions"}],"up":[{"embeddable":true,"href":"https:\/\/apoioaempresas.pt\/fr\/wp-json\/wp\/v2\/pages\/2945"}],"wp:attachment":[{"href":"https:\/\/apoioaempresas.pt\/fr\/wp-json\/wp\/v2\/media?parent=2750"}],"curies":[{"name":"wp","href":"https:\/\/api.w.org\/{rel}","templated":true}]}}