{"id":2794,"date":"2016-01-30T21:56:24","date_gmt":"2016-01-30T21:56:24","guid":{"rendered":"https:\/\/apoioaempresas.pt\/conception\/"},"modified":"2024-10-31T14:58:27","modified_gmt":"2024-10-31T14:58:27","slug":"conception","status":"publish","type":"page","link":"https:\/\/apoioaempresas.pt\/fr\/services\/conception\/","title":{"rendered":"Conception"},"content":{"rendered":"<div class=\"wpb-content-wrapper\"><p>[vc_row type=\u00a0\u00bbvc_default\u00a0\u00bb][vc_column css=\u00a0\u00bb.vc_custom_1498229431694{padding-bottom: 50px !important;}\u00a0\u00bb]<div id=\"ultimate-heading-704169e093806ba41\" class=\"uvc-heading ult-adjust-bottom-margin ultimate-heading-704169e093806ba41 uvc-5083 \" data-hspacer=\"no_spacer\"  data-halign=\"left\" style=\"text-align:left\"><div class=\"uvc-heading-spacer no_spacer\" style=\"top\"><\/div><div class=\"uvc-main-heading ult-responsive\"  data-ultimate-target='.uvc-heading.ultimate-heading-704169e093806ba41 h2'  data-responsive-json-new='{\"font-size\":\"desktop:26px;\",\"line-height\":\"desktop:32px;\"}' ><h2 style=\"font-weight:bold;margin-bottom:20px;\">Conception<\/h2><\/div><div class=\"uvc-sub-heading ult-responsive\"  data-ultimate-target='.uvc-heading.ultimate-heading-704169e093806ba41 .uvc-sub-heading '  data-responsive-json-new='{\"font-size\":\"\",\"line-height\":\"\"}'  style=\"font-weight:normal;\">La conception graphique et l&rsquo;image de marque comme strat\u00e9gie de positionnement de votre entreprise.<\/div><\/div>[vc_column_text]Dans l&rsquo;environnement commercial concurrentiel d&rsquo;aujourd&rsquo;hui, l&rsquo;image joue un r\u00f4le crucial. Chaque marque est unique et la mani\u00e8re dont elle se pr\u00e9sente au monde est fondamentale pour son succ\u00e8s.<\/p>\n<p>C&rsquo;est l\u00e0 que nos services de conception graphique, d&rsquo;image de marque et d&rsquo;identit\u00e9 visuelle interviennent pour aider votre entreprise !<\/p>\n<p><strong>Conception graphique cr\u00e9ative<\/strong><\/p>\n<p>Transformez vos id\u00e9es en images captivantes qui transmettent votre message. Chaque logo, publicit\u00e9, flyer ou banni\u00e8re cr\u00e9\u00e9 par nos designers n&rsquo;est pas le fruit du hasard.<\/p>\n<p>Notre objectif est de raconter l&rsquo;histoire de votre marque et de communiquer son essence d&rsquo;une mani\u00e8re visuellement frappante.<\/p>\n<p><strong>Image de marque et identit\u00e9 visuelle<\/strong><\/p>\n<p>L&rsquo;image de marque est le fondement de toute entreprise prosp\u00e8re. C&rsquo;est ce qui fait son caract\u00e8re unique, le diff\u00e9rencie des autres et le rend m\u00e9morable.<\/p>\n<p>Nous travaillons en \u00e9troite collaboration avec vous pour cr\u00e9er une strat\u00e9gie de conception qui refl\u00e8te l&rsquo;essence de votre marque. Nous d\u00e9veloppons des logos, des palettes de couleurs, des typographies et des \u00e9l\u00e9ments visuels distinctifs qui sont coh\u00e9rents dans tous les aspects de votre communication, qu&rsquo;elle soit en ligne ou hors ligne. Le r\u00e9sultat est une marque solide et coh\u00e9rente qui laisse une impression durable.<\/p>\n<p><strong>Des supports marketing percutants<\/strong><\/p>\n<p>Apr\u00e8s avoir \u00e9tabli votre identit\u00e9 visuelle, nous pouvons cr\u00e9er des supports marketing visuellement attrayants et efficaces qui renforcent votre pr\u00e9sence sur le march\u00e9 et attirent de nouveaux clients. Qu&rsquo;il s&rsquo;agisse de brochures d&rsquo;information, de cartes de visite, de roll-ups ou de cadeaux publicitaires, les cr\u00e9ations seront \u00e0 l&rsquo;image et \u00e0 la ressemblance de votre marque.<\/p>\n<p>Chaque type de mat\u00e9riel est une occasion de raconter l&rsquo;histoire de votre marque d&rsquo;une mani\u00e8re unique et convaincante.<\/p>\n<p>La conception graphique, l&rsquo;image de marque et le mat\u00e9riel de marketing sont les \u00e9l\u00e9ments tangibles qui constituent l&rsquo;identit\u00e9 visuelle de votre entreprise. Ils sont la premi\u00e8re impression des clients, et cette premi\u00e8re impression doit laisser un impact positif. Lorsque les consommateurs voient votre marque, ils doivent ressentir un lien imm\u00e9diat et positif.<\/p>\n<p>Gr\u00e2ce \u00e0 la conception graphique, nous jetons un pont entre votre marque et votre public. L&rsquo;image de marque et l&rsquo;identit\u00e9 visuelle sont le langage visuel qui nous dit qui est votre marque et ce qu&rsquo;elle repr\u00e9sente. Le mat\u00e9riel de marketing est l&rsquo;outil qui permet de communiquer ce message de mani\u00e8re attrayante et m\u00e9morable.<\/p>\n<p>Si vous souhaitez faire passer votre marque au niveau sup\u00e9rieur et captiver votre public, nous sommes l\u00e0 pour vous aider.[\/vc_column_text][\/vc_column][\/vc_row]<\/p>\n<\/div>","protected":false},"excerpt":{"rendered":"<p>[vc_row type=\u00a0\u00bbvc_default\u00a0\u00bb][vc_column css=\u00a0\u00bb.vc_custom_1498229431694{padding-bottom: 50px !important;}\u00a0\u00bb][vc_column_text]Dans l&rsquo;environnement commercial concurrentiel d&rsquo;aujourd&rsquo;hui, l&rsquo;image joue un r\u00f4le crucial. Chaque marque est unique et la mani\u00e8re dont elle se pr\u00e9sente au monde est fondamentale pour son succ\u00e8s. C&rsquo;est l\u00e0 que nos services de conception graphique, d&rsquo;image de marque et d&rsquo;identit\u00e9 visuelle interviennent pour aider votre entreprise ! Conception graphique cr\u00e9ative&hellip;<\/p>\n","protected":false},"author":2,"featured_media":0,"parent":2945,"menu_order":100,"comment_status":"closed","ping_status":"closed","template":"","meta":{"footnotes":""},"class_list":["post-2794","page","type-page","status-publish","hentry","description-off"],"yoast_head":"<!-- This site is optimized with the Yoast SEO plugin v26.6 - https:\/\/yoast.com\/wordpress\/plugins\/seo\/ -->\n<title>Conception - Apoio a Empresas<\/title>\n<meta name=\"description\" content=\"La conception graphique et l&#039;image de marque constituent une strat\u00e9gie de positionnement pour votre entreprise. Ne laissez pas votre image \u00e0 d&#039;autres ! Contactez nous.\" \/>\n<meta name=\"robots\" content=\"index, follow, max-snippet:-1, max-image-preview:large, max-video-preview:-1\" \/>\n<link rel=\"canonical\" href=\"https:\/\/apoioaempresas.pt\/fr\/services\/conception\/\" \/>\n<meta property=\"og:locale\" content=\"fr_FR\" \/>\n<meta property=\"og:type\" content=\"article\" \/>\n<meta property=\"og:title\" content=\"Conception - Apoio a Empresas\" \/>\n<meta property=\"og:description\" content=\"La conception graphique et l&#039;image de marque constituent une strat\u00e9gie de positionnement pour votre entreprise. Ne laissez pas votre image \u00e0 d&#039;autres ! Contactez nous.\" \/>\n<meta property=\"og:url\" content=\"https:\/\/apoioaempresas.pt\/fr\/services\/conception\/\" \/>\n<meta property=\"og:site_name\" content=\"Apoio a Empresas\" \/>\n<meta property=\"article:publisher\" content=\"https:\/\/www.facebook.com\/apoioaempresas\/\" \/>\n<meta property=\"article:modified_time\" content=\"2024-10-31T14:58:27+00:00\" \/>\n<meta property=\"og:image\" content=\"https:\/\/apoioaempresas.pt\/wp-content\/uploads\/2023\/07\/Apoio-a-Empresas-Logo-562x200-fundo.png\" \/>\n\t<meta property=\"og:image:width\" content=\"526\" \/>\n\t<meta property=\"og:image:height\" content=\"200\" \/>\n\t<meta property=\"og:image:type\" content=\"image\/png\" \/>\n<meta name=\"twitter:card\" content=\"summary_large_image\" \/>\n<meta name=\"twitter:label1\" content=\"Dur\u00e9e de lecture estim\u00e9e\" \/>\n\t<meta name=\"twitter:data1\" content=\"2 minutes\" \/>\n<script type=\"application\/ld+json\" class=\"yoast-schema-graph\">{\"@context\":\"https:\/\/schema.org\",\"@graph\":[{\"@type\":\"WebPage\",\"@id\":\"https:\/\/apoioaempresas.pt\/fr\/services\/conception\/\",\"url\":\"https:\/\/apoioaempresas.pt\/fr\/services\/conception\/\",\"name\":\"Conception - Apoio a Empresas\",\"isPartOf\":{\"@id\":\"https:\/\/apoioaempresas.pt\/fr\/#website\"},\"datePublished\":\"2016-01-30T21:56:24+00:00\",\"dateModified\":\"2024-10-31T14:58:27+00:00\",\"description\":\"La conception graphique et l'image de marque constituent une strat\u00e9gie de positionnement pour votre entreprise. Ne laissez pas votre image \u00e0 d'autres ! Contactez nous.\",\"breadcrumb\":{\"@id\":\"https:\/\/apoioaempresas.pt\/fr\/services\/conception\/#breadcrumb\"},\"inLanguage\":\"fr-FR\",\"potentialAction\":[{\"@type\":\"ReadAction\",\"target\":[\"https:\/\/apoioaempresas.pt\/fr\/services\/conception\/\"]}]},{\"@type\":\"BreadcrumbList\",\"@id\":\"https:\/\/apoioaempresas.pt\/fr\/services\/conception\/#breadcrumb\",\"itemListElement\":[{\"@type\":\"ListItem\",\"position\":1,\"name\":\"Home\",\"item\":\"https:\/\/apoioaempresas.pt\/fr\/\"},{\"@type\":\"ListItem\",\"position\":2,\"name\":\"Services\",\"item\":\"https:\/\/apoioaempresas.pt\/fr\/services\/\"},{\"@type\":\"ListItem\",\"position\":3,\"name\":\"Conception\"}]},{\"@type\":\"WebSite\",\"@id\":\"https:\/\/apoioaempresas.pt\/fr\/#website\",\"url\":\"https:\/\/apoioaempresas.pt\/fr\/\",\"name\":\"Apoio a Empresas\",\"description\":\"Disponibilizamos uma variedade de servi\u00e7os de apoio a empresas, para desenvolver o seu neg\u00f3cio ou ideia de neg\u00f3cio. Contacte-nos!\",\"publisher\":{\"@id\":\"https:\/\/apoioaempresas.pt\/fr\/#organization\"},\"potentialAction\":[{\"@type\":\"SearchAction\",\"target\":{\"@type\":\"EntryPoint\",\"urlTemplate\":\"https:\/\/apoioaempresas.pt\/fr\/?s={search_term_string}\"},\"query-input\":{\"@type\":\"PropertyValueSpecification\",\"valueRequired\":true,\"valueName\":\"search_term_string\"}}],\"inLanguage\":\"fr-FR\"},{\"@type\":\"Organization\",\"@id\":\"https:\/\/apoioaempresas.pt\/fr\/#organization\",\"name\":\"Apoio a Empresas\",\"url\":\"https:\/\/apoioaempresas.pt\/fr\/\",\"logo\":{\"@type\":\"ImageObject\",\"inLanguage\":\"fr-FR\",\"@id\":\"https:\/\/apoioaempresas.pt\/fr\/#\/schema\/logo\/image\/\",\"url\":\"https:\/\/apoioaempresas.pt\/wp-content\/uploads\/2023\/07\/Apoio-a-Empresas-Logo-Quadrado.png\",\"contentUrl\":\"https:\/\/apoioaempresas.pt\/wp-content\/uploads\/2023\/07\/Apoio-a-Empresas-Logo-Quadrado.png\",\"width\":500,\"height\":500,\"caption\":\"Apoio a Empresas\"},\"image\":{\"@id\":\"https:\/\/apoioaempresas.pt\/fr\/#\/schema\/logo\/image\/\"},\"sameAs\":[\"https:\/\/www.facebook.com\/apoioaempresas\/\",\"https:\/\/www.linkedin.com\/company\/apoio-a-empresas\/\",\"https:\/\/www.facebook.com\/apoioaempresascom\",\"https:\/\/www.linkedin.com\/company\/apoioaempresascom\/\",\"https:\/\/www.instagram.com\/apoioaempresascom\/\",\"https:\/\/www.instagram.com\/apoioaempresas.pt\/\"]}]}<\/script>\n<!-- \/ Yoast SEO plugin. -->","yoast_head_json":{"title":"Conception - Apoio a Empresas","description":"La conception graphique et l'image de marque constituent une strat\u00e9gie de positionnement pour votre entreprise. Ne laissez pas votre image \u00e0 d'autres ! Contactez nous.","robots":{"index":"index","follow":"follow","max-snippet":"max-snippet:-1","max-image-preview":"max-image-preview:large","max-video-preview":"max-video-preview:-1"},"canonical":"https:\/\/apoioaempresas.pt\/fr\/services\/conception\/","og_locale":"fr_FR","og_type":"article","og_title":"Conception - Apoio a Empresas","og_description":"La conception graphique et l'image de marque constituent une strat\u00e9gie de positionnement pour votre entreprise. Ne laissez pas votre image \u00e0 d'autres ! Contactez nous.","og_url":"https:\/\/apoioaempresas.pt\/fr\/services\/conception\/","og_site_name":"Apoio a Empresas","article_publisher":"https:\/\/www.facebook.com\/apoioaempresas\/","article_modified_time":"2024-10-31T14:58:27+00:00","og_image":[{"width":526,"height":200,"url":"https:\/\/apoioaempresas.pt\/wp-content\/uploads\/2023\/07\/Apoio-a-Empresas-Logo-562x200-fundo.png","type":"image\/png"}],"twitter_card":"summary_large_image","twitter_misc":{"Dur\u00e9e de lecture estim\u00e9e":"2 minutes"},"schema":{"@context":"https:\/\/schema.org","@graph":[{"@type":"WebPage","@id":"https:\/\/apoioaempresas.pt\/fr\/services\/conception\/","url":"https:\/\/apoioaempresas.pt\/fr\/services\/conception\/","name":"Conception - Apoio a Empresas","isPartOf":{"@id":"https:\/\/apoioaempresas.pt\/fr\/#website"},"datePublished":"2016-01-30T21:56:24+00:00","dateModified":"2024-10-31T14:58:27+00:00","description":"La conception graphique et l'image de marque constituent une strat\u00e9gie de positionnement pour votre entreprise. Ne laissez pas votre image \u00e0 d'autres ! Contactez nous.","breadcrumb":{"@id":"https:\/\/apoioaempresas.pt\/fr\/services\/conception\/#breadcrumb"},"inLanguage":"fr-FR","potentialAction":[{"@type":"ReadAction","target":["https:\/\/apoioaempresas.pt\/fr\/services\/conception\/"]}]},{"@type":"BreadcrumbList","@id":"https:\/\/apoioaempresas.pt\/fr\/services\/conception\/#breadcrumb","itemListElement":[{"@type":"ListItem","position":1,"name":"Home","item":"https:\/\/apoioaempresas.pt\/fr\/"},{"@type":"ListItem","position":2,"name":"Services","item":"https:\/\/apoioaempresas.pt\/fr\/services\/"},{"@type":"ListItem","position":3,"name":"Conception"}]},{"@type":"WebSite","@id":"https:\/\/apoioaempresas.pt\/fr\/#website","url":"https:\/\/apoioaempresas.pt\/fr\/","name":"Apoio a Empresas","description":"Disponibilizamos uma variedade de servi\u00e7os de apoio a empresas, para desenvolver o seu neg\u00f3cio ou ideia de neg\u00f3cio. Contacte-nos!","publisher":{"@id":"https:\/\/apoioaempresas.pt\/fr\/#organization"},"potentialAction":[{"@type":"SearchAction","target":{"@type":"EntryPoint","urlTemplate":"https:\/\/apoioaempresas.pt\/fr\/?s={search_term_string}"},"query-input":{"@type":"PropertyValueSpecification","valueRequired":true,"valueName":"search_term_string"}}],"inLanguage":"fr-FR"},{"@type":"Organization","@id":"https:\/\/apoioaempresas.pt\/fr\/#organization","name":"Apoio a Empresas","url":"https:\/\/apoioaempresas.pt\/fr\/","logo":{"@type":"ImageObject","inLanguage":"fr-FR","@id":"https:\/\/apoioaempresas.pt\/fr\/#\/schema\/logo\/image\/","url":"https:\/\/apoioaempresas.pt\/wp-content\/uploads\/2023\/07\/Apoio-a-Empresas-Logo-Quadrado.png","contentUrl":"https:\/\/apoioaempresas.pt\/wp-content\/uploads\/2023\/07\/Apoio-a-Empresas-Logo-Quadrado.png","width":500,"height":500,"caption":"Apoio a Empresas"},"image":{"@id":"https:\/\/apoioaempresas.pt\/fr\/#\/schema\/logo\/image\/"},"sameAs":["https:\/\/www.facebook.com\/apoioaempresas\/","https:\/\/www.linkedin.com\/company\/apoio-a-empresas\/","https:\/\/www.facebook.com\/apoioaempresascom","https:\/\/www.linkedin.com\/company\/apoioaempresascom\/","https:\/\/www.instagram.com\/apoioaempresascom\/","https:\/\/www.instagram.com\/apoioaempresas.pt\/"]}]}},"_links":{"self":[{"href":"https:\/\/apoioaempresas.pt\/fr\/wp-json\/wp\/v2\/pages\/2794","targetHints":{"allow":["GET"]}}],"collection":[{"href":"https:\/\/apoioaempresas.pt\/fr\/wp-json\/wp\/v2\/pages"}],"about":[{"href":"https:\/\/apoioaempresas.pt\/fr\/wp-json\/wp\/v2\/types\/page"}],"author":[{"embeddable":true,"href":"https:\/\/apoioaempresas.pt\/fr\/wp-json\/wp\/v2\/users\/2"}],"replies":[{"embeddable":true,"href":"https:\/\/apoioaempresas.pt\/fr\/wp-json\/wp\/v2\/comments?post=2794"}],"version-history":[{"count":0,"href":"https:\/\/apoioaempresas.pt\/fr\/wp-json\/wp\/v2\/pages\/2794\/revisions"}],"up":[{"embeddable":true,"href":"https:\/\/apoioaempresas.pt\/fr\/wp-json\/wp\/v2\/pages\/2945"}],"wp:attachment":[{"href":"https:\/\/apoioaempresas.pt\/fr\/wp-json\/wp\/v2\/media?parent=2794"}],"curies":[{"name":"wp","href":"https:\/\/api.w.org\/{rel}","templated":true}]}}