{"id":2799,"date":"2016-01-30T21:56:24","date_gmt":"2016-01-30T21:56:24","guid":{"rendered":"https:\/\/apoioaempresas.pt\/plan-de-marketing\/"},"modified":"2024-12-12T09:38:15","modified_gmt":"2024-12-12T09:38:15","slug":"plan-de-marketing","status":"publish","type":"page","link":"https:\/\/apoioaempresas.pt\/fr\/services\/plan-de-marketing\/","title":{"rendered":"Plan de marketing"},"content":{"rendered":"<div class=\"wpb-content-wrapper\"><p>[vc_row type=\u00a0\u00bbvc_default\u00a0\u00bb][vc_column css=\u00a0\u00bb.vc_custom_1498229431694{padding-bottom: 50px !important;}\u00a0\u00bb]<div id=\"ultimate-heading-803169f52e0417244\" class=\"uvc-heading ult-adjust-bottom-margin ultimate-heading-803169f52e0417244 uvc-3601 \" data-hspacer=\"no_spacer\"  data-halign=\"left\" style=\"text-align:left\"><div class=\"uvc-heading-spacer no_spacer\" style=\"top\"><\/div><div class=\"uvc-main-heading ult-responsive\"  data-ultimate-target='.uvc-heading.ultimate-heading-803169f52e0417244 h2'  data-responsive-json-new='{\"font-size\":\"desktop:26px;\",\"line-height\":\"desktop:32px;\"}' ><h2 style=\"font-weight:bold;margin-bottom:20px;\">Plan de marketing<\/h2><\/div><div class=\"uvc-sub-heading ult-responsive\"  data-ultimate-target='.uvc-heading.ultimate-heading-803169f52e0417244 .uvc-sub-heading '  data-responsive-json-new='{\"font-size\":\"\",\"line-height\":\"\"}'  style=\"font-weight:normal;\">D\u00e9finir des strat\u00e9gies pour attirer les clients, promouvoir les produits et services et conclure les ventes.<\/div><\/div>[vc_column_text]Votre produit ou service est peut-\u00eatre excellent, mais sans un bon plan de marketing, personne ne saura qu&rsquo;il existe, n&rsquo;est-ce pas ?<\/p>\n<p>Le plan de marketing n&rsquo;est rien d&rsquo;autre qu&rsquo;un document strat\u00e9gique qui d\u00e9crit les objectifs de marketing, les strat\u00e9gies, les tactiques et les ressources n\u00e9cessaires pour atteindre ces objectifs.<\/p>\n<p>Il s&rsquo;agit d&rsquo;un guide qui aide les entreprises \u00e0 d\u00e9finir leur public cible, leurs propositions de valeur, leurs messages cl\u00e9s et \u00e0 choisir les meilleures approches pour promouvoir leurs produits ou services.<\/p>\n<p>Gr\u00e2ce \u00e0 des objectifs et des indicateurs de performance clairement d\u00e9finis, les entreprises peuvent suivre les progr\u00e8s r\u00e9alis\u00e9s et \u00e9valuer l&rsquo;efficacit\u00e9 de leurs strat\u00e9gies de marketing.<\/p>\n<p>C&rsquo;est pourquoi il est modulable et peut \u00eatre optimis\u00e9 p\u00e9riodiquement, en s&rsquo;adaptant aux nouveaux d\u00e9veloppements ou aux changements qui se profilent \u00e0 l&rsquo;horizon.<\/p>\n<p>Dans un environnement commercial de plus en plus concurrentiel, un plan de marketing bien con\u00e7u est essentiel pour une r\u00e9ussite \u00e0 long terme.<\/p>\n<p>Comptez sur nous pour vous aider \u00e0 \u00e9laborer, \u00e0 mettre en \u0153uvre et \u00e0 contr\u00f4ler le succ\u00e8s du plan marketing de votre entreprise ![\/vc_column_text][\/vc_column][\/vc_row]<\/p>\n<\/div>","protected":false},"excerpt":{"rendered":"<p>[vc_row type=\u00a0\u00bbvc_default\u00a0\u00bb][vc_column css=\u00a0\u00bb.vc_custom_1498229431694{padding-bottom: 50px !important;}\u00a0\u00bb][vc_column_text]Votre produit ou service est peut-\u00eatre excellent, mais sans un bon plan de marketing, personne ne saura qu&rsquo;il existe, n&rsquo;est-ce pas ? Le plan de marketing n&rsquo;est rien d&rsquo;autre qu&rsquo;un document strat\u00e9gique qui d\u00e9crit les objectifs de marketing, les strat\u00e9gies, les tactiques et les ressources n\u00e9cessaires pour atteindre ces objectifs. Il&hellip;<\/p>\n","protected":false},"author":2,"featured_media":0,"parent":2945,"menu_order":100,"comment_status":"closed","ping_status":"closed","template":"","meta":{"footnotes":""},"class_list":["post-2799","page","type-page","status-publish","hentry","description-off"],"yoast_head":"<!-- This site is optimized with the Yoast SEO plugin v26.6 - https:\/\/yoast.com\/wordpress\/plugins\/seo\/ -->\n<title>Plan marketing - Soutien aux entreprises<\/title>\n<meta name=\"description\" content=\"Votre produit ou service est peut-\u00eatre excellent, mais sans un bon plan de marketing, personne ne saura qu&#039;il existe, n&#039;est-ce pas ? Contactez-nous !\" \/>\n<meta name=\"robots\" content=\"index, follow, max-snippet:-1, max-image-preview:large, max-video-preview:-1\" \/>\n<link rel=\"canonical\" href=\"https:\/\/apoioaempresas.pt\/fr\/services\/plan-de-marketing\/\" \/>\n<meta property=\"og:locale\" content=\"fr_FR\" \/>\n<meta property=\"og:type\" content=\"article\" \/>\n<meta property=\"og:title\" content=\"Plan marketing - Soutien aux entreprises\" \/>\n<meta property=\"og:description\" content=\"Votre produit ou service est peut-\u00eatre excellent, mais sans un bon plan de marketing, personne ne saura qu&#039;il existe, n&#039;est-ce pas ? Contactez-nous !\" \/>\n<meta property=\"og:url\" content=\"https:\/\/apoioaempresas.pt\/fr\/services\/plan-de-marketing\/\" \/>\n<meta property=\"og:site_name\" content=\"Apoio a Empresas\" \/>\n<meta property=\"article:publisher\" content=\"https:\/\/www.facebook.com\/apoioaempresas\/\" \/>\n<meta property=\"article:modified_time\" content=\"2024-12-12T09:38:15+00:00\" \/>\n<meta property=\"og:image\" content=\"https:\/\/apoioaempresas.pt\/wp-content\/uploads\/2023\/07\/Apoio-a-Empresas-Logo-562x200-fundo.png\" \/>\n\t<meta property=\"og:image:width\" content=\"526\" \/>\n\t<meta property=\"og:image:height\" content=\"200\" \/>\n\t<meta property=\"og:image:type\" content=\"image\/png\" \/>\n<meta name=\"twitter:card\" content=\"summary_large_image\" \/>\n<meta name=\"twitter:label1\" content=\"Dur\u00e9e de lecture estim\u00e9e\" \/>\n\t<meta name=\"twitter:data1\" content=\"1 minute\" \/>\n<script type=\"application\/ld+json\" class=\"yoast-schema-graph\">{\"@context\":\"https:\/\/schema.org\",\"@graph\":[{\"@type\":\"WebPage\",\"@id\":\"https:\/\/apoioaempresas.pt\/fr\/services\/plan-de-marketing\/\",\"url\":\"https:\/\/apoioaempresas.pt\/fr\/services\/plan-de-marketing\/\",\"name\":\"Plan marketing - Soutien aux entreprises\",\"isPartOf\":{\"@id\":\"https:\/\/apoioaempresas.pt\/fr\/#website\"},\"datePublished\":\"2016-01-30T21:56:24+00:00\",\"dateModified\":\"2024-12-12T09:38:15+00:00\",\"description\":\"Votre produit ou service est peut-\u00eatre excellent, mais sans un bon plan de marketing, personne ne saura qu'il existe, n'est-ce pas ? Contactez-nous !\",\"breadcrumb\":{\"@id\":\"https:\/\/apoioaempresas.pt\/fr\/services\/plan-de-marketing\/#breadcrumb\"},\"inLanguage\":\"fr-FR\",\"potentialAction\":[{\"@type\":\"ReadAction\",\"target\":[\"https:\/\/apoioaempresas.pt\/fr\/services\/plan-de-marketing\/\"]}]},{\"@type\":\"BreadcrumbList\",\"@id\":\"https:\/\/apoioaempresas.pt\/fr\/services\/plan-de-marketing\/#breadcrumb\",\"itemListElement\":[{\"@type\":\"ListItem\",\"position\":1,\"name\":\"Home\",\"item\":\"https:\/\/apoioaempresas.pt\/fr\/\"},{\"@type\":\"ListItem\",\"position\":2,\"name\":\"Services\",\"item\":\"https:\/\/apoioaempresas.pt\/fr\/services\/\"},{\"@type\":\"ListItem\",\"position\":3,\"name\":\"Plan de marketing\"}]},{\"@type\":\"WebSite\",\"@id\":\"https:\/\/apoioaempresas.pt\/fr\/#website\",\"url\":\"https:\/\/apoioaempresas.pt\/fr\/\",\"name\":\"Apoio a Empresas\",\"description\":\"Disponibilizamos uma variedade de servi\u00e7os de apoio a empresas, para desenvolver o seu neg\u00f3cio ou ideia de neg\u00f3cio. Contacte-nos!\",\"publisher\":{\"@id\":\"https:\/\/apoioaempresas.pt\/fr\/#organization\"},\"potentialAction\":[{\"@type\":\"SearchAction\",\"target\":{\"@type\":\"EntryPoint\",\"urlTemplate\":\"https:\/\/apoioaempresas.pt\/fr\/?s={search_term_string}\"},\"query-input\":{\"@type\":\"PropertyValueSpecification\",\"valueRequired\":true,\"valueName\":\"search_term_string\"}}],\"inLanguage\":\"fr-FR\"},{\"@type\":\"Organization\",\"@id\":\"https:\/\/apoioaempresas.pt\/fr\/#organization\",\"name\":\"Apoio a Empresas\",\"url\":\"https:\/\/apoioaempresas.pt\/fr\/\",\"logo\":{\"@type\":\"ImageObject\",\"inLanguage\":\"fr-FR\",\"@id\":\"https:\/\/apoioaempresas.pt\/fr\/#\/schema\/logo\/image\/\",\"url\":\"https:\/\/apoioaempresas.pt\/wp-content\/uploads\/2023\/07\/Apoio-a-Empresas-Logo-Quadrado.png\",\"contentUrl\":\"https:\/\/apoioaempresas.pt\/wp-content\/uploads\/2023\/07\/Apoio-a-Empresas-Logo-Quadrado.png\",\"width\":500,\"height\":500,\"caption\":\"Apoio a Empresas\"},\"image\":{\"@id\":\"https:\/\/apoioaempresas.pt\/fr\/#\/schema\/logo\/image\/\"},\"sameAs\":[\"https:\/\/www.facebook.com\/apoioaempresas\/\",\"https:\/\/www.linkedin.com\/company\/apoio-a-empresas\/\",\"https:\/\/www.facebook.com\/apoioaempresascom\",\"https:\/\/www.linkedin.com\/company\/apoioaempresascom\/\",\"https:\/\/www.instagram.com\/apoioaempresascom\/\",\"https:\/\/www.instagram.com\/apoioaempresas.pt\/\"]}]}<\/script>\n<!-- \/ Yoast SEO plugin. -->","yoast_head_json":{"title":"Plan marketing - Soutien aux entreprises","description":"Votre produit ou service est peut-\u00eatre excellent, mais sans un bon plan de marketing, personne ne saura qu'il existe, n'est-ce pas ? Contactez-nous !","robots":{"index":"index","follow":"follow","max-snippet":"max-snippet:-1","max-image-preview":"max-image-preview:large","max-video-preview":"max-video-preview:-1"},"canonical":"https:\/\/apoioaempresas.pt\/fr\/services\/plan-de-marketing\/","og_locale":"fr_FR","og_type":"article","og_title":"Plan marketing - Soutien aux entreprises","og_description":"Votre produit ou service est peut-\u00eatre excellent, mais sans un bon plan de marketing, personne ne saura qu'il existe, n'est-ce pas ? Contactez-nous !","og_url":"https:\/\/apoioaempresas.pt\/fr\/services\/plan-de-marketing\/","og_site_name":"Apoio a Empresas","article_publisher":"https:\/\/www.facebook.com\/apoioaempresas\/","article_modified_time":"2024-12-12T09:38:15+00:00","og_image":[{"width":526,"height":200,"url":"https:\/\/apoioaempresas.pt\/wp-content\/uploads\/2023\/07\/Apoio-a-Empresas-Logo-562x200-fundo.png","type":"image\/png"}],"twitter_card":"summary_large_image","twitter_misc":{"Dur\u00e9e de lecture estim\u00e9e":"1 minute"},"schema":{"@context":"https:\/\/schema.org","@graph":[{"@type":"WebPage","@id":"https:\/\/apoioaempresas.pt\/fr\/services\/plan-de-marketing\/","url":"https:\/\/apoioaempresas.pt\/fr\/services\/plan-de-marketing\/","name":"Plan marketing - Soutien aux entreprises","isPartOf":{"@id":"https:\/\/apoioaempresas.pt\/fr\/#website"},"datePublished":"2016-01-30T21:56:24+00:00","dateModified":"2024-12-12T09:38:15+00:00","description":"Votre produit ou service est peut-\u00eatre excellent, mais sans un bon plan de marketing, personne ne saura qu'il existe, n'est-ce pas ? Contactez-nous !","breadcrumb":{"@id":"https:\/\/apoioaempresas.pt\/fr\/services\/plan-de-marketing\/#breadcrumb"},"inLanguage":"fr-FR","potentialAction":[{"@type":"ReadAction","target":["https:\/\/apoioaempresas.pt\/fr\/services\/plan-de-marketing\/"]}]},{"@type":"BreadcrumbList","@id":"https:\/\/apoioaempresas.pt\/fr\/services\/plan-de-marketing\/#breadcrumb","itemListElement":[{"@type":"ListItem","position":1,"name":"Home","item":"https:\/\/apoioaempresas.pt\/fr\/"},{"@type":"ListItem","position":2,"name":"Services","item":"https:\/\/apoioaempresas.pt\/fr\/services\/"},{"@type":"ListItem","position":3,"name":"Plan de marketing"}]},{"@type":"WebSite","@id":"https:\/\/apoioaempresas.pt\/fr\/#website","url":"https:\/\/apoioaempresas.pt\/fr\/","name":"Apoio a Empresas","description":"Disponibilizamos uma variedade de servi\u00e7os de apoio a empresas, para desenvolver o seu neg\u00f3cio ou ideia de neg\u00f3cio. Contacte-nos!","publisher":{"@id":"https:\/\/apoioaempresas.pt\/fr\/#organization"},"potentialAction":[{"@type":"SearchAction","target":{"@type":"EntryPoint","urlTemplate":"https:\/\/apoioaempresas.pt\/fr\/?s={search_term_string}"},"query-input":{"@type":"PropertyValueSpecification","valueRequired":true,"valueName":"search_term_string"}}],"inLanguage":"fr-FR"},{"@type":"Organization","@id":"https:\/\/apoioaempresas.pt\/fr\/#organization","name":"Apoio a Empresas","url":"https:\/\/apoioaempresas.pt\/fr\/","logo":{"@type":"ImageObject","inLanguage":"fr-FR","@id":"https:\/\/apoioaempresas.pt\/fr\/#\/schema\/logo\/image\/","url":"https:\/\/apoioaempresas.pt\/wp-content\/uploads\/2023\/07\/Apoio-a-Empresas-Logo-Quadrado.png","contentUrl":"https:\/\/apoioaempresas.pt\/wp-content\/uploads\/2023\/07\/Apoio-a-Empresas-Logo-Quadrado.png","width":500,"height":500,"caption":"Apoio a Empresas"},"image":{"@id":"https:\/\/apoioaempresas.pt\/fr\/#\/schema\/logo\/image\/"},"sameAs":["https:\/\/www.facebook.com\/apoioaempresas\/","https:\/\/www.linkedin.com\/company\/apoio-a-empresas\/","https:\/\/www.facebook.com\/apoioaempresascom","https:\/\/www.linkedin.com\/company\/apoioaempresascom\/","https:\/\/www.instagram.com\/apoioaempresascom\/","https:\/\/www.instagram.com\/apoioaempresas.pt\/"]}]}},"_links":{"self":[{"href":"https:\/\/apoioaempresas.pt\/fr\/wp-json\/wp\/v2\/pages\/2799","targetHints":{"allow":["GET"]}}],"collection":[{"href":"https:\/\/apoioaempresas.pt\/fr\/wp-json\/wp\/v2\/pages"}],"about":[{"href":"https:\/\/apoioaempresas.pt\/fr\/wp-json\/wp\/v2\/types\/page"}],"author":[{"embeddable":true,"href":"https:\/\/apoioaempresas.pt\/fr\/wp-json\/wp\/v2\/users\/2"}],"replies":[{"embeddable":true,"href":"https:\/\/apoioaempresas.pt\/fr\/wp-json\/wp\/v2\/comments?post=2799"}],"version-history":[{"count":0,"href":"https:\/\/apoioaempresas.pt\/fr\/wp-json\/wp\/v2\/pages\/2799\/revisions"}],"up":[{"embeddable":true,"href":"https:\/\/apoioaempresas.pt\/fr\/wp-json\/wp\/v2\/pages\/2945"}],"wp:attachment":[{"href":"https:\/\/apoioaempresas.pt\/fr\/wp-json\/wp\/v2\/media?parent=2799"}],"curies":[{"name":"wp","href":"https:\/\/api.w.org\/{rel}","templated":true}]}}