{"id":2808,"date":"2016-01-30T21:56:24","date_gmt":"2016-01-30T21:56:24","guid":{"rendered":"https:\/\/apoioaempresas.pt\/conception-de-sites-web\/"},"modified":"2024-10-31T15:03:35","modified_gmt":"2024-10-31T15:03:35","slug":"conception-de-sites-web","status":"publish","type":"page","link":"https:\/\/apoioaempresas.pt\/fr\/services\/conception-de-sites-web\/","title":{"rendered":"Conception de sites web"},"content":{"rendered":"<div class=\"wpb-content-wrapper\"><p>[vc_row type=\u00a0\u00bbvc_default\u00a0\u00bb][vc_column css=\u00a0\u00bb.vc_custom_1498229431694{padding-bottom: 50px !important;}\u00a0\u00bb]<div id=\"ultimate-heading-396769e077d430a99\" class=\"uvc-heading ult-adjust-bottom-margin ultimate-heading-396769e077d430a99 uvc-6548 \" data-hspacer=\"no_spacer\"  data-halign=\"left\" style=\"text-align:left\"><div class=\"uvc-heading-spacer no_spacer\" style=\"top\"><\/div><div class=\"uvc-main-heading ult-responsive\"  data-ultimate-target='.uvc-heading.ultimate-heading-396769e077d430a99 h2'  data-responsive-json-new='{\"font-size\":\"desktop:26px;\",\"line-height\":\"desktop:32px;\"}' ><h2 style=\"font-weight:bold;margin-bottom:20px;\">Conception de sites web<\/h2><\/div><div class=\"uvc-sub-heading ult-responsive\"  data-ultimate-target='.uvc-heading.ultimate-heading-396769e077d430a99 .uvc-sub-heading '  data-responsive-json-new='{\"font-size\":\"\",\"line-height\":\"\"}'  style=\"font-weight:normal;\">Votre site web ou votre boutique en ligne, \u00e0 votre image.<\/div><\/div>[vc_column_text css=\u00a0\u00bb\u00a0\u00bb]Dans le monde num\u00e9rique d&rsquo;aujourd&rsquo;hui, une pr\u00e9sence en ligne est un \u00e9l\u00e9ment crucial de la r\u00e9ussite d&rsquo;une entreprise. Que vous soyez une start-up ambitieuse ou une entreprise bien \u00e9tablie, votre site web est votre premier point de contact avec des clients potentiels. C&rsquo;est la vitrine num\u00e9rique de votre marque, et c&rsquo;est l\u00e0 qu&rsquo;intervient notre engagement en mati\u00e8re de services de conception de sites web.<\/p>\n<p><strong>Une conception de site web qui impressionne<\/strong><\/p>\n<p>Notre \u00e9quipe de concepteurs de sites web est passionn\u00e9e par la cr\u00e9ation d&rsquo;exp\u00e9riences en ligne qui impressionnent. Chaque site que nous cr\u00e9ons allie design et fonctionnalit\u00e9, et est con\u00e7u pour attirer et engager les visiteurs d\u00e8s le premier clic. Nous comprenons qu&rsquo;un site web n&rsquo;est pas une simple page web, mais une opportunit\u00e9 de raconter l&rsquo;histoire de votre marque, de mettre en valeur vos produits et services et de cr\u00e9er un lien durable avec votre public.<\/p>\n<p><strong>Exp\u00e9rience utilisateur (UX) et interface utilisateur (UI)<\/strong><\/p>\n<p>La navigation sur le site doit \u00eatre intuitive et agr\u00e9able. Notre \u00e9quipe de sp\u00e9cialistes UX et UI travaille pour s&rsquo;assurer que votre site offre la meilleure exp\u00e9rience possible aux visiteurs. Chaque \u00e9l\u00e9ment, des menus de navigation aux boutons, est positionn\u00e9 de mani\u00e8re strat\u00e9gique afin que les visiteurs puissent trouver facilement ce qu&rsquo;ils cherchent.<\/p>\n<p>Une interface bien con\u00e7ue rend le site agr\u00e9able \u00e0 utiliser, ce qui se traduit par des visiteurs plus heureux et des conversions plus importantes.<\/p>\n<p><strong>Priorit\u00e9 au mobile<\/strong><\/p>\n<p>De plus en plus de personnes acc\u00e8dent \u00e0 l&rsquo;internet via des appareils mobiles. Votre site web doit donc \u00eatre d\u00e9velopp\u00e9 en tenant compte de l&rsquo;acc\u00e8s mobile.<\/p>\n<p>Nous cr\u00e9ons des sites \u00a0\u00bb <em>mobile first\u00a0\u00bb<\/em> et \u00ab\u00a0responsive\u00a0\u00bb qui s&rsquo;adaptent parfaitement \u00e0 une vari\u00e9t\u00e9 de tailles d&rsquo;\u00e9cran, garantissant aux visiteurs une exp\u00e9rience positive, quel que soit l&rsquo;appareil qu&rsquo;ils utilisent.<\/p>\n<p><strong>R\u00e9f\u00e9rencement int\u00e9gr\u00e9<\/strong><\/p>\n<p>La visibilit\u00e9 sur les moteurs de recherche est essentielle pour le succ\u00e8s en ligne. Les sites web que nous d\u00e9veloppons tiennent compte d\u00e8s le d\u00e9part des meilleures pratiques en mati\u00e8re de r\u00e9f\u00e9rencement. Cela permet d&rsquo;am\u00e9liorer le classement de votre site dans les r\u00e9sultats de recherche, ce qui se traduit par une augmentation du trafic et des opportunit\u00e9s commerciales.<\/p>\n<p><strong>Personnalisation totale<\/strong><\/p>\n<p>Nous pensons que chaque entreprise est unique et que votre site web doit refl\u00e9ter cette unicit\u00e9. Il doit \u00eatre une repr\u00e9sentation authentique de votre marque et des valeurs que vous d\u00e9fendez.<\/p>\n<p>Ainsi, nous travaillons en \u00e9troite collaboration avec vous pour comprendre vos besoins et objectifs sp\u00e9cifiques.<\/p>\n<p><strong>Maintenance et mises \u00e0 jour continues<\/strong><\/p>\n<p>Le travail de conception ne s&rsquo;arr\u00eate pas au lancement du site. Nous proposons des services de maintenance et des mises \u00e0 jour permanentes afin de garantir que votre site reste \u00e0 jour, s\u00e9curis\u00e9 et efficace. Votre site web doit \u00e9voluer en fonction de la croissance et de l&rsquo;\u00e9volution de votre entreprise.<\/p>\n<p><strong>Soyez une r\u00e9f\u00e9rence dans votre secteur<\/strong><\/p>\n<p>La concurrence en ligne est f\u00e9roce, mais notre engagement en faveur d&rsquo;une conception exceptionnelle place votre entreprise sous les feux de la rampe. Si vous voulez \u00eatre une r\u00e9f\u00e9rence dans votre secteur, votre site web doit refl\u00e9ter cette ambition.<\/p>\n<p>Si vous \u00eates pr\u00eat \u00e0 donner vie \u00e0 votre vision en ligne, nous sommes pr\u00eats \u00e0 vous aider. Du premier concept au lancement, nous nous engageons \u00e0 cr\u00e9er un site web aussi unique que votre marque.<\/p>\n<p><a href=\"https:\/\/apoioaempresas.pt\/contactos\/\">Contactez-nous<\/a> et commencez \u00e0 vous occuper de votre pr\u00e9sence en ligne d\u00e8s aujourd&rsquo;hui.[\/vc_column_text][\/vc_column][\/vc_row]<\/p>\n<\/div>","protected":false},"excerpt":{"rendered":"<p>[vc_row type=\u00a0\u00bbvc_default\u00a0\u00bb][vc_column css=\u00a0\u00bb.vc_custom_1498229431694{padding-bottom: 50px !important;}\u00a0\u00bb][vc_column_text css=\u00a0\u00bb\u00a0\u00bb]Dans le monde num\u00e9rique d&rsquo;aujourd&rsquo;hui, une pr\u00e9sence en ligne est un \u00e9l\u00e9ment crucial de la r\u00e9ussite d&rsquo;une entreprise. Que vous soyez une start-up ambitieuse ou une entreprise bien \u00e9tablie, votre site web est votre premier point de contact avec des clients potentiels. C&rsquo;est la vitrine num\u00e9rique de votre marque, et&hellip;<\/p>\n","protected":false},"author":2,"featured_media":0,"parent":2945,"menu_order":100,"comment_status":"closed","ping_status":"closed","template":"","meta":{"footnotes":""},"class_list":["post-2808","page","type-page","status-publish","hentry","description-off"],"yoast_head":"<!-- This site is optimized with the Yoast SEO plugin v26.6 - https:\/\/yoast.com\/wordpress\/plugins\/seo\/ -->\n<title>Conception de sites web - Apoio a Empresas<\/title>\n<meta name=\"description\" content=\"Votre site web est la vitrine num\u00e9rique de votre marque. C&#039;est l\u00e0 qu&#039;intervient notre engagement en mati\u00e8re de services de conception de sites web. Demandez votre devis !\" \/>\n<meta name=\"robots\" content=\"index, follow, max-snippet:-1, max-image-preview:large, max-video-preview:-1\" \/>\n<link rel=\"canonical\" href=\"https:\/\/apoioaempresas.pt\/fr\/services\/conception-de-sites-web\/\" \/>\n<meta property=\"og:locale\" content=\"fr_FR\" \/>\n<meta property=\"og:type\" content=\"article\" \/>\n<meta property=\"og:title\" content=\"Conception de sites web - Apoio a Empresas\" \/>\n<meta property=\"og:description\" content=\"Votre site web est la vitrine num\u00e9rique de votre marque. C&#039;est l\u00e0 qu&#039;intervient notre engagement en mati\u00e8re de services de conception de sites web. Demandez votre devis !\" \/>\n<meta property=\"og:url\" content=\"https:\/\/apoioaempresas.pt\/fr\/services\/conception-de-sites-web\/\" \/>\n<meta property=\"og:site_name\" content=\"Apoio a Empresas\" \/>\n<meta property=\"article:publisher\" content=\"https:\/\/www.facebook.com\/apoioaempresas\/\" \/>\n<meta property=\"article:modified_time\" content=\"2024-10-31T15:03:35+00:00\" \/>\n<meta property=\"og:image\" content=\"https:\/\/apoioaempresas.pt\/wp-content\/uploads\/2023\/07\/Apoio-a-Empresas-Logo-562x200-fundo.png\" \/>\n\t<meta property=\"og:image:width\" content=\"526\" \/>\n\t<meta property=\"og:image:height\" content=\"200\" \/>\n\t<meta property=\"og:image:type\" content=\"image\/png\" \/>\n<meta name=\"twitter:card\" content=\"summary_large_image\" \/>\n<meta name=\"twitter:label1\" content=\"Dur\u00e9e de lecture estim\u00e9e\" \/>\n\t<meta name=\"twitter:data1\" content=\"3 minutes\" \/>\n<script type=\"application\/ld+json\" class=\"yoast-schema-graph\">{\"@context\":\"https:\/\/schema.org\",\"@graph\":[{\"@type\":\"WebPage\",\"@id\":\"https:\/\/apoioaempresas.pt\/fr\/services\/conception-de-sites-web\/\",\"url\":\"https:\/\/apoioaempresas.pt\/fr\/services\/conception-de-sites-web\/\",\"name\":\"Conception de sites web - Apoio a Empresas\",\"isPartOf\":{\"@id\":\"https:\/\/apoioaempresas.pt\/fr\/#website\"},\"datePublished\":\"2016-01-30T21:56:24+00:00\",\"dateModified\":\"2024-10-31T15:03:35+00:00\",\"description\":\"Votre site web est la vitrine num\u00e9rique de votre marque. C'est l\u00e0 qu'intervient notre engagement en mati\u00e8re de services de conception de sites web. Demandez votre devis !\",\"breadcrumb\":{\"@id\":\"https:\/\/apoioaempresas.pt\/fr\/services\/conception-de-sites-web\/#breadcrumb\"},\"inLanguage\":\"fr-FR\",\"potentialAction\":[{\"@type\":\"ReadAction\",\"target\":[\"https:\/\/apoioaempresas.pt\/fr\/services\/conception-de-sites-web\/\"]}]},{\"@type\":\"BreadcrumbList\",\"@id\":\"https:\/\/apoioaempresas.pt\/fr\/services\/conception-de-sites-web\/#breadcrumb\",\"itemListElement\":[{\"@type\":\"ListItem\",\"position\":1,\"name\":\"Home\",\"item\":\"https:\/\/apoioaempresas.pt\/fr\/\"},{\"@type\":\"ListItem\",\"position\":2,\"name\":\"Services\",\"item\":\"https:\/\/apoioaempresas.pt\/fr\/services\/\"},{\"@type\":\"ListItem\",\"position\":3,\"name\":\"Conception de sites web\"}]},{\"@type\":\"WebSite\",\"@id\":\"https:\/\/apoioaempresas.pt\/fr\/#website\",\"url\":\"https:\/\/apoioaempresas.pt\/fr\/\",\"name\":\"Apoio a Empresas\",\"description\":\"Disponibilizamos uma variedade de servi\u00e7os de apoio a empresas, para desenvolver o seu neg\u00f3cio ou ideia de neg\u00f3cio. Contacte-nos!\",\"publisher\":{\"@id\":\"https:\/\/apoioaempresas.pt\/fr\/#organization\"},\"potentialAction\":[{\"@type\":\"SearchAction\",\"target\":{\"@type\":\"EntryPoint\",\"urlTemplate\":\"https:\/\/apoioaempresas.pt\/fr\/?s={search_term_string}\"},\"query-input\":{\"@type\":\"PropertyValueSpecification\",\"valueRequired\":true,\"valueName\":\"search_term_string\"}}],\"inLanguage\":\"fr-FR\"},{\"@type\":\"Organization\",\"@id\":\"https:\/\/apoioaempresas.pt\/fr\/#organization\",\"name\":\"Apoio a Empresas\",\"url\":\"https:\/\/apoioaempresas.pt\/fr\/\",\"logo\":{\"@type\":\"ImageObject\",\"inLanguage\":\"fr-FR\",\"@id\":\"https:\/\/apoioaempresas.pt\/fr\/#\/schema\/logo\/image\/\",\"url\":\"https:\/\/apoioaempresas.pt\/wp-content\/uploads\/2023\/07\/Apoio-a-Empresas-Logo-Quadrado.png\",\"contentUrl\":\"https:\/\/apoioaempresas.pt\/wp-content\/uploads\/2023\/07\/Apoio-a-Empresas-Logo-Quadrado.png\",\"width\":500,\"height\":500,\"caption\":\"Apoio a Empresas\"},\"image\":{\"@id\":\"https:\/\/apoioaempresas.pt\/fr\/#\/schema\/logo\/image\/\"},\"sameAs\":[\"https:\/\/www.facebook.com\/apoioaempresas\/\",\"https:\/\/www.linkedin.com\/company\/apoio-a-empresas\/\",\"https:\/\/www.facebook.com\/apoioaempresascom\",\"https:\/\/www.linkedin.com\/company\/apoioaempresascom\/\",\"https:\/\/www.instagram.com\/apoioaempresascom\/\",\"https:\/\/www.instagram.com\/apoioaempresas.pt\/\"]}]}<\/script>\n<!-- \/ Yoast SEO plugin. -->","yoast_head_json":{"title":"Conception de sites web - Apoio a Empresas","description":"Votre site web est la vitrine num\u00e9rique de votre marque. C'est l\u00e0 qu'intervient notre engagement en mati\u00e8re de services de conception de sites web. Demandez votre devis !","robots":{"index":"index","follow":"follow","max-snippet":"max-snippet:-1","max-image-preview":"max-image-preview:large","max-video-preview":"max-video-preview:-1"},"canonical":"https:\/\/apoioaempresas.pt\/fr\/services\/conception-de-sites-web\/","og_locale":"fr_FR","og_type":"article","og_title":"Conception de sites web - Apoio a Empresas","og_description":"Votre site web est la vitrine num\u00e9rique de votre marque. C'est l\u00e0 qu'intervient notre engagement en mati\u00e8re de services de conception de sites web. Demandez votre devis !","og_url":"https:\/\/apoioaempresas.pt\/fr\/services\/conception-de-sites-web\/","og_site_name":"Apoio a Empresas","article_publisher":"https:\/\/www.facebook.com\/apoioaempresas\/","article_modified_time":"2024-10-31T15:03:35+00:00","og_image":[{"width":526,"height":200,"url":"https:\/\/apoioaempresas.pt\/wp-content\/uploads\/2023\/07\/Apoio-a-Empresas-Logo-562x200-fundo.png","type":"image\/png"}],"twitter_card":"summary_large_image","twitter_misc":{"Dur\u00e9e de lecture estim\u00e9e":"3 minutes"},"schema":{"@context":"https:\/\/schema.org","@graph":[{"@type":"WebPage","@id":"https:\/\/apoioaempresas.pt\/fr\/services\/conception-de-sites-web\/","url":"https:\/\/apoioaempresas.pt\/fr\/services\/conception-de-sites-web\/","name":"Conception de sites web - Apoio a Empresas","isPartOf":{"@id":"https:\/\/apoioaempresas.pt\/fr\/#website"},"datePublished":"2016-01-30T21:56:24+00:00","dateModified":"2024-10-31T15:03:35+00:00","description":"Votre site web est la vitrine num\u00e9rique de votre marque. C'est l\u00e0 qu'intervient notre engagement en mati\u00e8re de services de conception de sites web. Demandez votre devis !","breadcrumb":{"@id":"https:\/\/apoioaempresas.pt\/fr\/services\/conception-de-sites-web\/#breadcrumb"},"inLanguage":"fr-FR","potentialAction":[{"@type":"ReadAction","target":["https:\/\/apoioaempresas.pt\/fr\/services\/conception-de-sites-web\/"]}]},{"@type":"BreadcrumbList","@id":"https:\/\/apoioaempresas.pt\/fr\/services\/conception-de-sites-web\/#breadcrumb","itemListElement":[{"@type":"ListItem","position":1,"name":"Home","item":"https:\/\/apoioaempresas.pt\/fr\/"},{"@type":"ListItem","position":2,"name":"Services","item":"https:\/\/apoioaempresas.pt\/fr\/services\/"},{"@type":"ListItem","position":3,"name":"Conception de sites web"}]},{"@type":"WebSite","@id":"https:\/\/apoioaempresas.pt\/fr\/#website","url":"https:\/\/apoioaempresas.pt\/fr\/","name":"Apoio a Empresas","description":"Disponibilizamos uma variedade de servi\u00e7os de apoio a empresas, para desenvolver o seu neg\u00f3cio ou ideia de neg\u00f3cio. Contacte-nos!","publisher":{"@id":"https:\/\/apoioaempresas.pt\/fr\/#organization"},"potentialAction":[{"@type":"SearchAction","target":{"@type":"EntryPoint","urlTemplate":"https:\/\/apoioaempresas.pt\/fr\/?s={search_term_string}"},"query-input":{"@type":"PropertyValueSpecification","valueRequired":true,"valueName":"search_term_string"}}],"inLanguage":"fr-FR"},{"@type":"Organization","@id":"https:\/\/apoioaempresas.pt\/fr\/#organization","name":"Apoio a Empresas","url":"https:\/\/apoioaempresas.pt\/fr\/","logo":{"@type":"ImageObject","inLanguage":"fr-FR","@id":"https:\/\/apoioaempresas.pt\/fr\/#\/schema\/logo\/image\/","url":"https:\/\/apoioaempresas.pt\/wp-content\/uploads\/2023\/07\/Apoio-a-Empresas-Logo-Quadrado.png","contentUrl":"https:\/\/apoioaempresas.pt\/wp-content\/uploads\/2023\/07\/Apoio-a-Empresas-Logo-Quadrado.png","width":500,"height":500,"caption":"Apoio a Empresas"},"image":{"@id":"https:\/\/apoioaempresas.pt\/fr\/#\/schema\/logo\/image\/"},"sameAs":["https:\/\/www.facebook.com\/apoioaempresas\/","https:\/\/www.linkedin.com\/company\/apoio-a-empresas\/","https:\/\/www.facebook.com\/apoioaempresascom","https:\/\/www.linkedin.com\/company\/apoioaempresascom\/","https:\/\/www.instagram.com\/apoioaempresascom\/","https:\/\/www.instagram.com\/apoioaempresas.pt\/"]}]}},"_links":{"self":[{"href":"https:\/\/apoioaempresas.pt\/fr\/wp-json\/wp\/v2\/pages\/2808","targetHints":{"allow":["GET"]}}],"collection":[{"href":"https:\/\/apoioaempresas.pt\/fr\/wp-json\/wp\/v2\/pages"}],"about":[{"href":"https:\/\/apoioaempresas.pt\/fr\/wp-json\/wp\/v2\/types\/page"}],"author":[{"embeddable":true,"href":"https:\/\/apoioaempresas.pt\/fr\/wp-json\/wp\/v2\/users\/2"}],"replies":[{"embeddable":true,"href":"https:\/\/apoioaempresas.pt\/fr\/wp-json\/wp\/v2\/comments?post=2808"}],"version-history":[{"count":0,"href":"https:\/\/apoioaempresas.pt\/fr\/wp-json\/wp\/v2\/pages\/2808\/revisions"}],"up":[{"embeddable":true,"href":"https:\/\/apoioaempresas.pt\/fr\/wp-json\/wp\/v2\/pages\/2945"}],"wp:attachment":[{"href":"https:\/\/apoioaempresas.pt\/fr\/wp-json\/wp\/v2\/media?parent=2808"}],"curies":[{"name":"wp","href":"https:\/\/api.w.org\/{rel}","templated":true}]}}