{"id":2942,"date":"2016-01-29T10:16:43","date_gmt":"2016-01-29T10:16:43","guid":{"rendered":"https:\/\/apoioaempresas.pt\/a-propos-de-nous\/lequipe\/"},"modified":"2026-04-14T23:11:40","modified_gmt":"2026-04-14T22:11:40","slug":"lequipe","status":"publish","type":"page","link":"https:\/\/apoioaempresas.pt\/fr\/a-propos-de-nous\/lequipe\/","title":{"rendered":"L&rsquo;\u00e9quipe"},"content":{"rendered":"<div class=\"wpb-content-wrapper\"><p>[vc_row][vc_column css=\u00a0\u00bb.vc_custom_1721378947074{padding-top: 40px !important;padding-bottom: 40px !important;}\u00a0\u00bb]<div id=\"ultimate-heading-756369e66c990f2a5\" class=\"uvc-heading ult-adjust-bottom-margin ultimate-heading-756369e66c990f2a5 uvc-7045  uvc-heading-default-font-sizes\" data-hspacer=\"no_spacer\"  data-halign=\"center\" style=\"text-align:center\"><div class=\"uvc-heading-spacer no_spacer\" style=\"top\"><\/div><div class=\"uvc-main-heading ult-responsive\"  data-ultimate-target='.uvc-heading.ultimate-heading-756369e66c990f2a5 h2'  data-responsive-json-new='{\"font-size\":\"\",\"line-height\":\"\"}' ><h2 style=\"--font-weight:theme;margin-top:10px;margin-bottom:10px;\">\u00c9QUIPE DE APOIO A EMPRESAS<\/h2><\/div><\/div>[vc_column_text css=\u00a0\u00bb.vc_custom_1721379010375{margin-bottom: 20px !important;padding-top: 10px !important;padding-bottom: 10px !important;}\u00a0\u00bb]<\/p>\n<p style=\"text-align: center;\">D\u00e9couvrez la super \u00e9quipe de Business Support. Nous joindrons nos forces \u00e0 celles de votre entreprise pour booster vos r\u00e9sultats !<\/p>\n<p>[\/vc_column_text][vc_row_inner][vc_column_inner width=\u00a0\u00bb1\/3&Prime;]<style type=\"text\/css\" data-type=\"the7_shortcodes-inline-css\">.shortcode-single-image-wrap.shortcode-single-image-46c0e25c6f9b03a4fc6fe829b139be42.enable-bg-rollover .rollover i,\n.shortcode-single-image-wrap.shortcode-single-image-46c0e25c6f9b03a4fc6fe829b139be42.enable-bg-rollover .rollover-video i {\n  background: -webkit-linear-gradient();\n  background: linear-gradient();\n}\n.shortcode-single-image-wrap.shortcode-single-image-46c0e25c6f9b03a4fc6fe829b139be42 .rollover-icon {\n  font-size: 32px;\n  color: #ffffff;\n  min-width: 44px;\n  min-height: 44px;\n  line-height: 44px;\n  border-radius: 100px;\n  border-style: solid;\n  border-width: 0px;\n}\n.dt-icon-bg-on.shortcode-single-image-wrap.shortcode-single-image-46c0e25c6f9b03a4fc6fe829b139be42 .rollover-icon {\n  background: rgba(255,255,255,0.3);\n  box-shadow: none;\n}\n<\/style><div class=\"shortcode-single-image-wrap shortcode-single-image-46c0e25c6f9b03a4fc6fe829b139be42 alignnone caption-on  vc_custom_1752101182362 enable-bg-rollover dt-icon-bg-off\" ><div class=\"shortcode-single-image\"><div class=\"fancy-media-wrap  layzr-bg\" style=\"border-radius:500px;\"><img decoding=\"async\" class=\"preload-me lazy-load aspect\" src=\"data:image\/svg+xml,%3Csvg%20xmlns%3D&#39;http%3A%2F%2Fwww.w3.org%2F2000%2Fsvg&#39;%20viewBox%3D&#39;0%200%20200%20200&#39;%2F%3E\" data-src=\"https:\/\/apoioaempresas.pt\/wp-content\/uploads\/2025\/07\/Nuno-200x200.webp\" data-srcset=\"https:\/\/apoioaempresas.pt\/wp-content\/uploads\/2025\/07\/Nuno-200x200.webp 200w, https:\/\/apoioaempresas.pt\/wp-content\/uploads\/2025\/07\/Nuno-400x400.webp 400w\" loading=\"eager\" sizes=\"(max-width: 200px) 100vw, 200px\" width=\"200\" height=\"200\"  data-dt-location=\"https:\/\/apoioaempresas.pt\/fr\/nuno\/\" style=\"--ratio: 200 \/ 200;border-radius:500px;\" alt=\"Nuno Dur\u00e3o - Apoio a Empresas\" \/><\/div><\/div><div class=\"shortcode-single-caption\">Nuno Dur\u00e3o - Apoio a Empresas<\/div><\/div><div id=\"ultimate-heading-228469e66c99116c3\" class=\"uvc-heading ult-adjust-bottom-margin ultimate-heading-228469e66c99116c3 uvc-2027 color-title\" data-hspacer=\"no_spacer\"  data-halign=\"center\" style=\"text-align:center\"><div class=\"uvc-heading-spacer no_spacer\" style=\"top\"><\/div><div class=\"uvc-main-heading ult-responsive\"  data-ultimate-target='.uvc-heading.ultimate-heading-228469e66c99116c3 h2'  data-responsive-json-new='{\"font-size\":\"desktop:20px;\",\"line-height\":\"desktop:30px;\"}' ><h2 style=\"font-weight:bold;\">NUNO DUR\u00c3O<\/h2><\/div><div class=\"uvc-sub-heading ult-responsive\"  data-ultimate-target='.uvc-heading.ultimate-heading-228469e66c99116c3 .uvc-sub-heading '  data-responsive-json-new='{\"font-size\":\"desktop:16px;\",\"line-height\":\"desktop:22px;\"}'  style=\"font-family:&#039;Open Sans Condensed&#039;;font-weight:700;margin-bottom:15px;\">PDG | Fondateur<\/div><\/div>[vc_column_text css=\u00a0\u00bb.vc_custom_1688670179195{padding-bottom: 20px !important;}\u00a0\u00bb]<\/p>\n<p style=\"text-align: center;\">Titulaire d&rsquo;un dipl\u00f4me en informatique de gestion et d&rsquo;un dipl\u00f4me de troisi\u00e8me cycle en marketing num\u00e9rique, Nuno est une personne r\u00e9serv\u00e9e et objective.<\/p>\n<p>[\/vc_column_text][\/vc_column_inner][vc_column_inner width=\u00a0\u00bb1\/3&Prime;]<style type=\"text\/css\" data-type=\"the7_shortcodes-inline-css\">.shortcode-single-image-wrap.shortcode-single-image-499d5a5b500c45decbed9c824de64f5d.enable-bg-rollover .rollover i,\n.shortcode-single-image-wrap.shortcode-single-image-499d5a5b500c45decbed9c824de64f5d.enable-bg-rollover .rollover-video i {\n  background: -webkit-linear-gradient();\n  background: linear-gradient();\n}\n.shortcode-single-image-wrap.shortcode-single-image-499d5a5b500c45decbed9c824de64f5d .rollover-icon {\n  font-size: 32px;\n  color: #ffffff;\n  min-width: 44px;\n  min-height: 44px;\n  line-height: 44px;\n  border-radius: 100px;\n  border-style: solid;\n  border-width: 0px;\n}\n.dt-icon-bg-on.shortcode-single-image-wrap.shortcode-single-image-499d5a5b500c45decbed9c824de64f5d .rollover-icon {\n  background: rgba(255,255,255,0.3);\n  box-shadow: none;\n}\n<\/style><div class=\"shortcode-single-image-wrap shortcode-single-image-499d5a5b500c45decbed9c824de64f5d alignnone caption-on  vc_custom_1752101150477 enable-bg-rollover dt-icon-bg-off\" ><div class=\"shortcode-single-image\"><div class=\"fancy-media-wrap  layzr-bg\" style=\"border-radius:500px;\"><img decoding=\"async\" class=\"preload-me lazy-load aspect\" src=\"data:image\/svg+xml,%3Csvg%20xmlns%3D&#39;http%3A%2F%2Fwww.w3.org%2F2000%2Fsvg&#39;%20viewBox%3D&#39;0%200%20200%20200&#39;%2F%3E\" data-src=\"https:\/\/apoioaempresas.pt\/wp-content\/uploads\/2025\/07\/Isabel-200x200.webp\" data-srcset=\"https:\/\/apoioaempresas.pt\/wp-content\/uploads\/2025\/07\/Isabel-200x200.webp 200w, https:\/\/apoioaempresas.pt\/wp-content\/uploads\/2025\/07\/Isabel-400x400.webp 400w\" loading=\"eager\" sizes=\"(max-width: 200px) 100vw, 200px\" width=\"200\" height=\"200\"  data-dt-location=\"https:\/\/apoioaempresas.pt\/fr\/isabel\/\" style=\"--ratio: 200 \/ 200;border-radius:500px;\" alt=\"Isabel Lima - Apoio a Empresas\" \/><\/div><\/div><div class=\"shortcode-single-caption\">Isabel Lima - Apoio a Empresas<\/div><\/div><div id=\"ultimate-heading-804369e66c991291c\" class=\"uvc-heading ult-adjust-bottom-margin ultimate-heading-804369e66c991291c uvc-3538 color-title\" data-hspacer=\"no_spacer\"  data-halign=\"center\" style=\"text-align:center\"><div class=\"uvc-heading-spacer no_spacer\" style=\"top\"><\/div><div class=\"uvc-main-heading ult-responsive\"  data-ultimate-target='.uvc-heading.ultimate-heading-804369e66c991291c h2'  data-responsive-json-new='{\"font-size\":\"desktop:20px;\",\"line-height\":\"desktop:30px;\"}' ><h2 style=\"font-weight:bold;\">ISABEL LIMA<\/h2><\/div><div class=\"uvc-sub-heading ult-responsive\"  data-ultimate-target='.uvc-heading.ultimate-heading-804369e66c991291c .uvc-sub-heading '  data-responsive-json-new='{\"font-size\":\"desktop:16px;\",\"line-height\":\"desktop:22px;\"}'  style=\"font-family:&#039;Open Sans Condensed&#039;;font-weight:700;margin-bottom:15px;\">Marketing | Entreprises<\/div><\/div>[vc_column_text css=\u00a0\u00bb.vc_custom_1688670152939{padding-bottom: 20px !important;}\u00a0\u00bb]<\/p>\n<p style=\"text-align: center;\">Malgr\u00e9 son lien avec le secteur de la sant\u00e9 depuis son plus jeune \u00e2ge, le marketing a pris une place particuli\u00e8re dans sa vie. Isabel est une passionn\u00e9e de strat\u00e9gie !<\/p>\n<p>[\/vc_column_text][\/vc_column_inner][vc_column_inner width=\u00a0\u00bb1\/3&Prime;]<style type=\"text\/css\" data-type=\"the7_shortcodes-inline-css\">.shortcode-single-image-wrap.shortcode-single-image-9912b4b72f03a8ca673d14ba0c0d0015.enable-bg-rollover .rollover i,\n.shortcode-single-image-wrap.shortcode-single-image-9912b4b72f03a8ca673d14ba0c0d0015.enable-bg-rollover .rollover-video i {\n  background: -webkit-linear-gradient();\n  background: linear-gradient();\n}\n.shortcode-single-image-wrap.shortcode-single-image-9912b4b72f03a8ca673d14ba0c0d0015 .rollover-icon {\n  font-size: 32px;\n  color: #ffffff;\n  min-width: 44px;\n  min-height: 44px;\n  line-height: 44px;\n  border-radius: 100px;\n  border-style: solid;\n  border-width: 0px;\n}\n.dt-icon-bg-on.shortcode-single-image-wrap.shortcode-single-image-9912b4b72f03a8ca673d14ba0c0d0015 .rollover-icon {\n  background: rgba(255,255,255,0.3);\n  box-shadow: none;\n}\n<\/style><div class=\"shortcode-single-image-wrap shortcode-single-image-9912b4b72f03a8ca673d14ba0c0d0015 alignnone caption-on  vc_custom_1776204618489 enable-bg-rollover dt-icon-bg-off\" ><div class=\"shortcode-single-image\"><div class=\"fancy-media-wrap  layzr-bg\" style=\"border-radius:500px;\"><img decoding=\"async\" class=\"preload-me lazy-load aspect\" src=\"data:image\/svg+xml,%3Csvg%20xmlns%3D&#39;http%3A%2F%2Fwww.w3.org%2F2000%2Fsvg&#39;%20viewBox%3D&#39;0%200%20200%20200&#39;%2F%3E\" data-src=\"https:\/\/apoioaempresas.pt\/wp-content\/uploads\/2025\/07\/Elisabete-200x200.webp\" data-srcset=\"https:\/\/apoioaempresas.pt\/wp-content\/uploads\/2025\/07\/Elisabete-200x200.webp 200w, https:\/\/apoioaempresas.pt\/wp-content\/uploads\/2025\/07\/Elisabete-400x400.webp 400w\" loading=\"eager\" sizes=\"(max-width: 200px) 100vw, 200px\" width=\"200\" height=\"200\"  data-dt-location=\"https:\/\/apoioaempresas.pt\/fr\/elisabete-2\/\" style=\"--ratio: 200 \/ 200;border-radius:500px;\" alt=\"Elisabete Teixeira - Apoio a Empresas\" \/><\/div><\/div><div class=\"shortcode-single-caption\">Elisabete Teixeira - Apoio a Empresas<\/div><\/div><div id=\"ultimate-heading-149169e66c99138f9\" class=\"uvc-heading ult-adjust-bottom-margin ultimate-heading-149169e66c99138f9 uvc-7606 color-title\" data-hspacer=\"no_spacer\"  data-halign=\"center\" style=\"text-align:center\"><div class=\"uvc-heading-spacer no_spacer\" style=\"top\"><\/div><div class=\"uvc-main-heading ult-responsive\"  data-ultimate-target='.uvc-heading.ultimate-heading-149169e66c99138f9 h2'  data-responsive-json-new='{\"font-size\":\"desktop:20px;\",\"line-height\":\"desktop:30px;\"}' ><h2 style=\"font-weight:bold;\">ELISABETE TEIXEIRA<\/h2><\/div><div class=\"uvc-sub-heading ult-responsive\"  data-ultimate-target='.uvc-heading.ultimate-heading-149169e66c99138f9 .uvc-sub-heading '  data-responsive-json-new='{\"font-size\":\"desktop:16px;\",\"line-height\":\"desktop:22px;\"}'  style=\"font-family:&#039;Open Sans Condensed&#039;;font-weight:700;margin-bottom:15px;\">Concepteur | Marketing<\/div><\/div>[\/vc_column_inner][\/vc_row_inner][vc_row_inner][vc_column_inner width=\u00a0\u00bb1\/3&Prime;]<style type=\"text\/css\" data-type=\"the7_shortcodes-inline-css\">.shortcode-single-image-wrap.shortcode-single-image-67d2d6c38bb1e547145d609e10cee268.enable-bg-rollover .rollover i,\n.shortcode-single-image-wrap.shortcode-single-image-67d2d6c38bb1e547145d609e10cee268.enable-bg-rollover .rollover-video i {\n  background: -webkit-linear-gradient();\n  background: linear-gradient();\n}\n.shortcode-single-image-wrap.shortcode-single-image-67d2d6c38bb1e547145d609e10cee268 .rollover-icon {\n  font-size: 32px;\n  color: #ffffff;\n  min-width: 44px;\n  min-height: 44px;\n  line-height: 44px;\n  border-radius: 100px;\n  border-style: solid;\n  border-width: 0px;\n}\n.dt-icon-bg-on.shortcode-single-image-wrap.shortcode-single-image-67d2d6c38bb1e547145d609e10cee268 .rollover-icon {\n  background: rgba(255,255,255,0.3);\n  box-shadow: none;\n}\n<\/style><div class=\"shortcode-single-image-wrap shortcode-single-image-67d2d6c38bb1e547145d609e10cee268 alignnone caption-on  vc_custom_1776204654470 enable-bg-rollover dt-icon-bg-off\" ><div class=\"shortcode-single-image\"><div class=\"fancy-media-wrap  layzr-bg\" style=\"border-radius:500px;\"><img decoding=\"async\" class=\"preload-me lazy-load aspect\" src=\"data:image\/svg+xml,%3Csvg%20xmlns%3D&#39;http%3A%2F%2Fwww.w3.org%2F2000%2Fsvg&#39;%20viewBox%3D&#39;0%200%20200%20200&#39;%2F%3E\" data-src=\"https:\/\/apoioaempresas.pt\/wp-content\/uploads\/2025\/07\/Sara-200x200.webp\" data-srcset=\"https:\/\/apoioaempresas.pt\/wp-content\/uploads\/2025\/07\/Sara-200x200.webp 200w, https:\/\/apoioaempresas.pt\/wp-content\/uploads\/2025\/07\/Sara-400x400.webp 400w\" loading=\"eager\" sizes=\"(max-width: 200px) 100vw, 200px\" width=\"200\" height=\"200\"  data-dt-location=\"https:\/\/apoioaempresas.pt\/fr\/sara-2\/\" style=\"--ratio: 200 \/ 200;border-radius:500px;\" alt=\"Sara Regadas - Apoio a Empresas\" \/><\/div><\/div><div class=\"shortcode-single-caption\">Sara Regadas<\/div><\/div><div id=\"ultimate-heading-561269e66c9915afe\" class=\"uvc-heading ult-adjust-bottom-margin ultimate-heading-561269e66c9915afe uvc-8766 color-title\" data-hspacer=\"no_spacer\"  data-halign=\"center\" style=\"text-align:center\"><div class=\"uvc-heading-spacer no_spacer\" style=\"top\"><\/div><div class=\"uvc-main-heading ult-responsive\"  data-ultimate-target='.uvc-heading.ultimate-heading-561269e66c9915afe h2'  data-responsive-json-new='{\"font-size\":\"desktop:20px;\",\"line-height\":\"desktop:30px;\"}' ><h2 style=\"font-weight:bold;\">SARA REGADAS<\/h2><\/div><div class=\"uvc-sub-heading ult-responsive\"  data-ultimate-target='.uvc-heading.ultimate-heading-561269e66c9915afe .uvc-sub-heading '  data-responsive-json-new='{\"font-size\":\"desktop:16px;\",\"line-height\":\"desktop:22px;\"}'  style=\"font-family:&#039;Open Sans Condensed&#039;;font-weight:700;margin-bottom:15px;\">Producteur de contenu marketing et attach\u00e9 de presse<\/div><\/div>[vc_column_text css=\u00a0\u00bb.vc_custom_1733912413621{padding-bottom: 20px !important;}\u00a0\u00bb][\/vc_column_text][\/vc_column_inner][vc_column_inner width=\u00a0\u00bb1\/3&Prime;]<div id=\"ultimate-heading-39269e66c9915bfc\" class=\"uvc-heading ult-adjust-bottom-margin ultimate-heading-39269e66c9915bfc uvc-1527 color-title\" data-hspacer=\"no_spacer\"  data-halign=\"center\" style=\"text-align:center\"><div class=\"uvc-heading-spacer no_spacer\" style=\"top\"><\/div><div class=\"uvc-sub-heading ult-responsive\"  data-ultimate-target='.uvc-heading.ultimate-heading-39269e66c9915bfc .uvc-sub-heading '  data-responsive-json-new='{\"font-size\":\"desktop:16px;\",\"line-height\":\"desktop:22px;\"}'  style=\"font-family:&#039;Open Sans Condensed&#039;;font-weight:700;margin-bottom:15px;\">Marketing, design\/webdesign et producteur de contenu multim\u00e9dia<\/div><\/div>[vc_column_text css=\u00a0\u00bb.vc_custom_1733912506152{padding-bottom: 20px !important;}\u00a0\u00bb][\/vc_column_text][\/vc_column_inner][vc_column_inner width=\u00a0\u00bb1\/3&Prime;]<div id=\"ultimate-heading-687969e66c9915c93\" class=\"uvc-heading ult-adjust-bottom-margin ultimate-heading-687969e66c9915c93 uvc-9207 color-title\" data-hspacer=\"no_spacer\"  data-halign=\"center\" style=\"text-align:center\"><div class=\"uvc-heading-spacer no_spacer\" style=\"top\"><\/div><div class=\"uvc-sub-heading ult-responsive\"  data-ultimate-target='.uvc-heading.ultimate-heading-687969e66c9915c93 .uvc-sub-heading '  data-responsive-json-new='{\"font-size\":\"desktop:16px;\",\"line-height\":\"desktop:22px;\"}'  style=\"font-family:&#039;Open Sans Condensed&#039;;font-weight:700;margin-bottom:15px;\">Concepteur | Marketing<\/div><\/div>[vc_column_text css=\u00a0\u00bb.vc_custom_1733912733985{padding-bottom: 20px !important;}\u00a0\u00bb]<\/p>\n<p style=\"text-align: left;\">Sp\u00e9cialiste de la publicit\u00e9 et du marketing<\/p>\n<p>[\/vc_column_text][\/vc_column_inner][\/vc_row_inner]<style type=\"text\/css\" data-type=\"the7_shortcodes-inline-css\">#default-btn-594c0c202b230a65c01bfb8770e4a61d.ico-right-side > i {\n  margin-right: 0px;\n  margin-left: 8px;\n}\n#default-btn-594c0c202b230a65c01bfb8770e4a61d > i {\n  margin-right: 8px;\n}\n<\/style><div class=\"btn-align-center\"><a href=\"https:\/\/apoioaempresas.pt\/contactos\/\" class=\"default-btn-shortcode dt-btn dt-btn-l link-hover-off  vc_custom_1721378902183\" id=\"default-btn-594c0c202b230a65c01bfb8770e4a61d\" style=\"width:400px;\" title=\"Contactos\"><span>CONTACTEZ-NOUS<\/span><\/a><\/div>[\/vc_column][\/vc_row]<\/p>\n<\/div>","protected":false},"excerpt":{"rendered":"<p>[vc_row][vc_column css=\u00a0\u00bb.vc_custom_1721378947074{padding-top: 40px !important;padding-bottom: 40px !important;}\u00a0\u00bb][vc_column_text css=\u00a0\u00bb.vc_custom_1721379010375{margin-bottom: 20px !important;padding-top: 10px !important;padding-bottom: 10px !important;}\u00a0\u00bb] D\u00e9couvrez la super \u00e9quipe de Business Support. Nous joindrons nos forces \u00e0 celles de votre entreprise pour booster vos r\u00e9sultats ! [\/vc_column_text][vc_row_inner][vc_column_inner width=\u00a0\u00bb1\/3&Prime;][vc_column_text css=\u00a0\u00bb.vc_custom_1688670179195{padding-bottom: 20px !important;}\u00a0\u00bb] Titulaire d&rsquo;un dipl\u00f4me en informatique de gestion et d&rsquo;un dipl\u00f4me de troisi\u00e8me cycle en marketing num\u00e9rique,&hellip;<\/p>\n","protected":false},"author":2,"featured_media":0,"parent":2939,"menu_order":100,"comment_status":"closed","ping_status":"closed","template":"","meta":{"footnotes":""},"class_list":["post-2942","page","type-page","status-publish","hentry","description-off"],"yoast_head":"<!-- This site is optimized with the Yoast SEO plugin v26.6 - https:\/\/yoast.com\/wordpress\/plugins\/seo\/ -->\n<title>L&#039;\u00e9quipe<\/title>\n<meta name=\"description\" content=\"L&#039;\u00e9quipe Business Support est pluridisciplinaire et pr\u00eate \u00e0 aider votre entreprise \u00e0 atteindre les r\u00e9sultats que vous souhaitez. Cliquez ici pour en savoir plus !\" \/>\n<meta name=\"robots\" content=\"index, follow, max-snippet:-1, max-image-preview:large, max-video-preview:-1\" \/>\n<link rel=\"canonical\" href=\"https:\/\/apoioaempresas.pt\/fr\/a-propos-de-nous\/lequipe\/\" \/>\n<meta property=\"og:locale\" content=\"fr_FR\" \/>\n<meta property=\"og:type\" content=\"article\" \/>\n<meta property=\"og:title\" content=\"L&#039;\u00e9quipe\" \/>\n<meta property=\"og:description\" content=\"L&#039;\u00e9quipe Business Support est pluridisciplinaire et pr\u00eate \u00e0 aider votre entreprise \u00e0 atteindre les r\u00e9sultats que vous souhaitez. Cliquez ici pour en savoir plus !\" \/>\n<meta property=\"og:url\" content=\"https:\/\/apoioaempresas.pt\/fr\/a-propos-de-nous\/lequipe\/\" \/>\n<meta property=\"og:site_name\" content=\"Apoio a Empresas\" \/>\n<meta property=\"article:publisher\" content=\"https:\/\/www.facebook.com\/apoioaempresas\/\" \/>\n<meta property=\"article:modified_time\" content=\"2026-04-14T22:11:40+00:00\" \/>\n<meta property=\"og:image\" content=\"https:\/\/apoioaempresas.pt\/wp-content\/uploads\/2023\/07\/Apoio-a-Empresas-Logo-562x200-fundo.png\" \/>\n\t<meta property=\"og:image:width\" content=\"526\" \/>\n\t<meta property=\"og:image:height\" content=\"200\" \/>\n\t<meta property=\"og:image:type\" content=\"image\/png\" \/>\n<meta name=\"twitter:card\" content=\"summary_large_image\" \/>\n<meta name=\"twitter:label1\" content=\"Dur\u00e9e de lecture estim\u00e9e\" \/>\n\t<meta name=\"twitter:data1\" content=\"3 minutes\" \/>\n<script type=\"application\/ld+json\" class=\"yoast-schema-graph\">{\"@context\":\"https:\/\/schema.org\",\"@graph\":[{\"@type\":\"WebPage\",\"@id\":\"https:\/\/apoioaempresas.pt\/fr\/a-propos-de-nous\/lequipe\/\",\"url\":\"https:\/\/apoioaempresas.pt\/fr\/a-propos-de-nous\/lequipe\/\",\"name\":\"L'\u00e9quipe\",\"isPartOf\":{\"@id\":\"https:\/\/apoioaempresas.pt\/fr\/#website\"},\"datePublished\":\"2016-01-29T10:16:43+00:00\",\"dateModified\":\"2026-04-14T22:11:40+00:00\",\"description\":\"L'\u00e9quipe Business Support est pluridisciplinaire et pr\u00eate \u00e0 aider votre entreprise \u00e0 atteindre les r\u00e9sultats que vous souhaitez. Cliquez ici pour en savoir plus !\",\"breadcrumb\":{\"@id\":\"https:\/\/apoioaempresas.pt\/fr\/a-propos-de-nous\/lequipe\/#breadcrumb\"},\"inLanguage\":\"fr-FR\",\"potentialAction\":[{\"@type\":\"ReadAction\",\"target\":[\"https:\/\/apoioaempresas.pt\/fr\/a-propos-de-nous\/lequipe\/\"]}]},{\"@type\":\"BreadcrumbList\",\"@id\":\"https:\/\/apoioaempresas.pt\/fr\/a-propos-de-nous\/lequipe\/#breadcrumb\",\"itemListElement\":[{\"@type\":\"ListItem\",\"position\":1,\"name\":\"Home\",\"item\":\"https:\/\/apoioaempresas.pt\/fr\/\"},{\"@type\":\"ListItem\",\"position\":2,\"name\":\"A propos de nous\",\"item\":\"https:\/\/apoioaempresas.pt\/fr\/a-propos-de-nous\/\"},{\"@type\":\"ListItem\",\"position\":3,\"name\":\"L&#8217;\u00e9quipe\"}]},{\"@type\":\"WebSite\",\"@id\":\"https:\/\/apoioaempresas.pt\/fr\/#website\",\"url\":\"https:\/\/apoioaempresas.pt\/fr\/\",\"name\":\"Apoio a Empresas\",\"description\":\"Disponibilizamos uma variedade de servi\u00e7os de apoio a empresas, para desenvolver o seu neg\u00f3cio ou ideia de neg\u00f3cio. Contacte-nos!\",\"publisher\":{\"@id\":\"https:\/\/apoioaempresas.pt\/fr\/#organization\"},\"potentialAction\":[{\"@type\":\"SearchAction\",\"target\":{\"@type\":\"EntryPoint\",\"urlTemplate\":\"https:\/\/apoioaempresas.pt\/fr\/?s={search_term_string}\"},\"query-input\":{\"@type\":\"PropertyValueSpecification\",\"valueRequired\":true,\"valueName\":\"search_term_string\"}}],\"inLanguage\":\"fr-FR\"},{\"@type\":\"Organization\",\"@id\":\"https:\/\/apoioaempresas.pt\/fr\/#organization\",\"name\":\"Apoio a Empresas\",\"url\":\"https:\/\/apoioaempresas.pt\/fr\/\",\"logo\":{\"@type\":\"ImageObject\",\"inLanguage\":\"fr-FR\",\"@id\":\"https:\/\/apoioaempresas.pt\/fr\/#\/schema\/logo\/image\/\",\"url\":\"https:\/\/apoioaempresas.pt\/wp-content\/uploads\/2023\/07\/Apoio-a-Empresas-Logo-Quadrado.png\",\"contentUrl\":\"https:\/\/apoioaempresas.pt\/wp-content\/uploads\/2023\/07\/Apoio-a-Empresas-Logo-Quadrado.png\",\"width\":500,\"height\":500,\"caption\":\"Apoio a Empresas\"},\"image\":{\"@id\":\"https:\/\/apoioaempresas.pt\/fr\/#\/schema\/logo\/image\/\"},\"sameAs\":[\"https:\/\/www.facebook.com\/apoioaempresas\/\",\"https:\/\/www.linkedin.com\/company\/apoio-a-empresas\/\",\"https:\/\/www.facebook.com\/apoioaempresascom\",\"https:\/\/www.linkedin.com\/company\/apoioaempresascom\/\",\"https:\/\/www.instagram.com\/apoioaempresascom\/\",\"https:\/\/www.instagram.com\/apoioaempresas.pt\/\"]}]}<\/script>\n<!-- \/ Yoast SEO plugin. -->","yoast_head_json":{"title":"L'\u00e9quipe","description":"L'\u00e9quipe Business Support est pluridisciplinaire et pr\u00eate \u00e0 aider votre entreprise \u00e0 atteindre les r\u00e9sultats que vous souhaitez. Cliquez ici pour en savoir plus !","robots":{"index":"index","follow":"follow","max-snippet":"max-snippet:-1","max-image-preview":"max-image-preview:large","max-video-preview":"max-video-preview:-1"},"canonical":"https:\/\/apoioaempresas.pt\/fr\/a-propos-de-nous\/lequipe\/","og_locale":"fr_FR","og_type":"article","og_title":"L'\u00e9quipe","og_description":"L'\u00e9quipe Business Support est pluridisciplinaire et pr\u00eate \u00e0 aider votre entreprise \u00e0 atteindre les r\u00e9sultats que vous souhaitez. Cliquez ici pour en savoir plus !","og_url":"https:\/\/apoioaempresas.pt\/fr\/a-propos-de-nous\/lequipe\/","og_site_name":"Apoio a Empresas","article_publisher":"https:\/\/www.facebook.com\/apoioaempresas\/","article_modified_time":"2026-04-14T22:11:40+00:00","og_image":[{"width":526,"height":200,"url":"https:\/\/apoioaempresas.pt\/wp-content\/uploads\/2023\/07\/Apoio-a-Empresas-Logo-562x200-fundo.png","type":"image\/png"}],"twitter_card":"summary_large_image","twitter_misc":{"Dur\u00e9e de lecture estim\u00e9e":"3 minutes"},"schema":{"@context":"https:\/\/schema.org","@graph":[{"@type":"WebPage","@id":"https:\/\/apoioaempresas.pt\/fr\/a-propos-de-nous\/lequipe\/","url":"https:\/\/apoioaempresas.pt\/fr\/a-propos-de-nous\/lequipe\/","name":"L'\u00e9quipe","isPartOf":{"@id":"https:\/\/apoioaempresas.pt\/fr\/#website"},"datePublished":"2016-01-29T10:16:43+00:00","dateModified":"2026-04-14T22:11:40+00:00","description":"L'\u00e9quipe Business Support est pluridisciplinaire et pr\u00eate \u00e0 aider votre entreprise \u00e0 atteindre les r\u00e9sultats que vous souhaitez. Cliquez ici pour en savoir plus !","breadcrumb":{"@id":"https:\/\/apoioaempresas.pt\/fr\/a-propos-de-nous\/lequipe\/#breadcrumb"},"inLanguage":"fr-FR","potentialAction":[{"@type":"ReadAction","target":["https:\/\/apoioaempresas.pt\/fr\/a-propos-de-nous\/lequipe\/"]}]},{"@type":"BreadcrumbList","@id":"https:\/\/apoioaempresas.pt\/fr\/a-propos-de-nous\/lequipe\/#breadcrumb","itemListElement":[{"@type":"ListItem","position":1,"name":"Home","item":"https:\/\/apoioaempresas.pt\/fr\/"},{"@type":"ListItem","position":2,"name":"A propos de nous","item":"https:\/\/apoioaempresas.pt\/fr\/a-propos-de-nous\/"},{"@type":"ListItem","position":3,"name":"L&#8217;\u00e9quipe"}]},{"@type":"WebSite","@id":"https:\/\/apoioaempresas.pt\/fr\/#website","url":"https:\/\/apoioaempresas.pt\/fr\/","name":"Apoio a Empresas","description":"Disponibilizamos uma variedade de servi\u00e7os de apoio a empresas, para desenvolver o seu neg\u00f3cio ou ideia de neg\u00f3cio. Contacte-nos!","publisher":{"@id":"https:\/\/apoioaempresas.pt\/fr\/#organization"},"potentialAction":[{"@type":"SearchAction","target":{"@type":"EntryPoint","urlTemplate":"https:\/\/apoioaempresas.pt\/fr\/?s={search_term_string}"},"query-input":{"@type":"PropertyValueSpecification","valueRequired":true,"valueName":"search_term_string"}}],"inLanguage":"fr-FR"},{"@type":"Organization","@id":"https:\/\/apoioaempresas.pt\/fr\/#organization","name":"Apoio a Empresas","url":"https:\/\/apoioaempresas.pt\/fr\/","logo":{"@type":"ImageObject","inLanguage":"fr-FR","@id":"https:\/\/apoioaempresas.pt\/fr\/#\/schema\/logo\/image\/","url":"https:\/\/apoioaempresas.pt\/wp-content\/uploads\/2023\/07\/Apoio-a-Empresas-Logo-Quadrado.png","contentUrl":"https:\/\/apoioaempresas.pt\/wp-content\/uploads\/2023\/07\/Apoio-a-Empresas-Logo-Quadrado.png","width":500,"height":500,"caption":"Apoio a Empresas"},"image":{"@id":"https:\/\/apoioaempresas.pt\/fr\/#\/schema\/logo\/image\/"},"sameAs":["https:\/\/www.facebook.com\/apoioaempresas\/","https:\/\/www.linkedin.com\/company\/apoio-a-empresas\/","https:\/\/www.facebook.com\/apoioaempresascom","https:\/\/www.linkedin.com\/company\/apoioaempresascom\/","https:\/\/www.instagram.com\/apoioaempresascom\/","https:\/\/www.instagram.com\/apoioaempresas.pt\/"]}]}},"_links":{"self":[{"href":"https:\/\/apoioaempresas.pt\/fr\/wp-json\/wp\/v2\/pages\/2942","targetHints":{"allow":["GET"]}}],"collection":[{"href":"https:\/\/apoioaempresas.pt\/fr\/wp-json\/wp\/v2\/pages"}],"about":[{"href":"https:\/\/apoioaempresas.pt\/fr\/wp-json\/wp\/v2\/types\/page"}],"author":[{"embeddable":true,"href":"https:\/\/apoioaempresas.pt\/fr\/wp-json\/wp\/v2\/users\/2"}],"replies":[{"embeddable":true,"href":"https:\/\/apoioaempresas.pt\/fr\/wp-json\/wp\/v2\/comments?post=2942"}],"version-history":[{"count":0,"href":"https:\/\/apoioaempresas.pt\/fr\/wp-json\/wp\/v2\/pages\/2942\/revisions"}],"up":[{"embeddable":true,"href":"https:\/\/apoioaempresas.pt\/fr\/wp-json\/wp\/v2\/pages\/2939"}],"wp:attachment":[{"href":"https:\/\/apoioaempresas.pt\/fr\/wp-json\/wp\/v2\/media?parent=2942"}],"curies":[{"name":"wp","href":"https:\/\/api.w.org\/{rel}","templated":true}]}}