{"id":3243,"date":"2025-04-18T00:29:55","date_gmt":"2025-04-17T23:29:55","guid":{"rendered":"https:\/\/apoioaempresas.pt\/fiche-de-projet\/"},"modified":"2025-04-24T10:05:24","modified_gmt":"2025-04-24T09:05:24","slug":"fiche-de-projet","status":"publish","type":"page","link":"https:\/\/apoioaempresas.pt\/fr\/fiche-de-projet\/","title":{"rendered":"Fiche de Projet"},"content":{"rendered":"\n<h2 class=\"wp-block-heading\"><strong>Identification du Projet<\/strong><\/h2>\n\n\n\n<p>Internationalisation de Conjugar Raz\u00f5es<\/p>\n\n\n\n<p><strong>Promoteur :<\/strong><\/p>\n\n\n\n<p>CONJUGAR RAZ\u00d5ES LDA<\/p>\n\n\n\n<p><strong>Cadre :<\/strong><\/p>\n\n\n\n<p>Candidature soumise dans le cadre de l\u2019Avis d\u2019Ouverture 14\/C16-i02\/2023 \u2013 Internationalisation via le e-commerce, fond\u00e9e sur la Composante 16 \u2013 Entreprises 4.0, int\u00e9gr\u00e9e dans la dimension Transition Num\u00e9rique du Plan de Relance et de R\u00e9silience (PRR)<\/p>\n\n\n\n<p><strong>Description :<\/strong><\/p>\n\n\n\n<p>Conjugar Raz\u00f5es, Lda., une entreprise sp\u00e9cialis\u00e9e dans les services de soutien aux entreprises, souhaite s\u2019internationaliser en Espagne et en France. Cette strat\u00e9gie repose sur la pr\u00e9sence num\u00e9rique sur ces march\u00e9s, via la cr\u00e9ation d\u2019un site web multilingue, des campagnes de marketing digital et le renforcement de l\u2019\u00e9quipe avec un professionnel de la communication. L\u2019objectif est d\u2019attirer des entreprises \u00e9trang\u00e8res souhaitant s\u2019implanter au Portugal, en proposant des services tels que des bureaux virtuels, du conseil en marketing et des formations.<\/p>\n\n\n\n<p><strong>Objectifs :<\/strong><\/p>\n\n\n\n<ul class=\"wp-block-list\">\n<li>Internationaliser les services vers l\u2019Espagne et la France.<\/li>\n\n\n\n<li>Cr\u00e9er et optimiser le site web en espagnol, fran\u00e7ais et anglais.<\/li>\n\n\n\n<li>Accro\u00eetre la visibilit\u00e9 de la marque gr\u00e2ce au marketing digital.<\/li>\n\n\n\n<li>Attirer des clients internationaux pour les services de domiciliation, coworking et conseil.<\/li>\n\n\n\n<li>Renforcer l\u2019\u00e9quipe avec un professionnel de la communication.Se positionner comme partenaire strat\u00e9gique pour l\u2019entr\u00e9e d\u2019entreprises \u00e9trang\u00e8res sur le march\u00e9 portugais.<\/li>\n<\/ul>\n\n\n\n<p><strong>Indicateurs :<\/strong><\/p>\n\n\n\n<ul class=\"wp-block-list\">\n<li>Cr\u00e9ation d\u2019une boutique en ligne (Indicateur) \u2013 1 site web multilingue (Objectif\/R\u00e9sultat attendu)<\/li>\n\n\n\n<li>Nombre de nouveaux services et\/ou fonctionnalit\u00e9s introduits dans la boutique en ligne (Indicateur) \u2013 2 nouveaux services adapt\u00e9s au march\u00e9 international (Objectif\/R\u00e9sultat attendu)<\/li>\n\n\n\n<li>Nombre de nouvelles adh\u00e9sions \u00e0 des marketplaces (Indicateur) \u2013 1 nouvelle adh\u00e9sion \u00e0 des marketplaces (Objectif\/R\u00e9sultat attendu)<\/li>\n\n\n\n<li>Nombre de march\u00e9s couverts par les actions de marketing digital (Indicateur) \u2013 2 (Espagne et France) (Objectif\/R\u00e9sultat attendu)<\/li>\n\n\n\n<li>\n<\/li><\/ul>\n\n\n\n<p><strong>Investissement<\/strong><\/p>\n\n\n\n<p>24.780,00\u20ac<\/p>\n\n\n\n<p><strong>Soutien\/Subvention<\/strong><\/p>\n\n\n\n<p>12.390,00 \u20ac<\/p>\n\n\n","protected":false},"excerpt":{"rendered":"<p>Identification du Projet Internationalisation de Conjugar Raz\u00f5es Promoteur : CONJUGAR RAZ\u00d5ES LDA Cadre : Candidature soumise dans le cadre de l\u2019Avis d\u2019Ouverture 14\/C16-i02\/2023 \u2013 Internationalisation via le e-commerce, fond\u00e9e sur la Composante 16 \u2013 Entreprises 4.0, int\u00e9gr\u00e9e dans la dimension Transition Num\u00e9rique du Plan de Relance et de R\u00e9silience (PRR) Description : Conjugar Raz\u00f5es, Lda.,&hellip;<\/p>\n","protected":false},"author":2,"featured_media":3199,"parent":0,"menu_order":0,"comment_status":"closed","ping_status":"closed","template":"","meta":{"footnotes":""},"class_list":["post-3243","page","type-page","status-publish","has-post-thumbnail","hentry","description-off"],"yoast_head":"<!-- This site is optimized with the Yoast SEO plugin v26.6 - https:\/\/yoast.com\/wordpress\/plugins\/seo\/ -->\n<title>Fiche de Projet - Apoio a Empresas<\/title>\n<meta name=\"description\" content=\"Consultez notre politique en mati\u00e8re de cookies sur cette page. Les utilisateurs peuvent r\u00e9voquer ou modifier leurs pr\u00e9f\u00e9rences \u00e0 tout moment.\" \/>\n<meta name=\"robots\" content=\"index, follow, max-snippet:-1, max-image-preview:large, max-video-preview:-1\" \/>\n<link rel=\"canonical\" href=\"https:\/\/apoioaempresas.pt\/fr\/fiche-de-projet\/\" \/>\n<meta property=\"og:locale\" content=\"fr_FR\" \/>\n<meta property=\"og:type\" content=\"article\" \/>\n<meta property=\"og:title\" content=\"Fiche de Projet - Apoio a Empresas\" \/>\n<meta property=\"og:description\" content=\"Consultez notre politique en mati\u00e8re de cookies sur cette page. Les utilisateurs peuvent r\u00e9voquer ou modifier leurs pr\u00e9f\u00e9rences \u00e0 tout moment.\" \/>\n<meta property=\"og:url\" content=\"https:\/\/apoioaempresas.pt\/fr\/fiche-de-projet\/\" \/>\n<meta property=\"og:site_name\" content=\"Apoio a Empresas\" \/>\n<meta property=\"article:publisher\" content=\"https:\/\/www.facebook.com\/apoioaempresas\/\" \/>\n<meta property=\"article:modified_time\" content=\"2025-04-24T09:05:24+00:00\" \/>\n<meta property=\"og:image\" content=\"https:\/\/apoioaempresas.pt\/wp-content\/uploads\/2025\/04\/logos.webp\" \/>\n\t<meta property=\"og:image:width\" content=\"1842\" \/>\n\t<meta property=\"og:image:height\" content=\"312\" \/>\n\t<meta property=\"og:image:type\" content=\"image\/webp\" \/>\n<meta name=\"twitter:card\" content=\"summary_large_image\" \/>\n<meta name=\"twitter:label1\" content=\"Dur\u00e9e de lecture estim\u00e9e\" \/>\n\t<meta name=\"twitter:data1\" content=\"2 minutes\" \/>\n<script type=\"application\/ld+json\" class=\"yoast-schema-graph\">{\"@context\":\"https:\/\/schema.org\",\"@graph\":[{\"@type\":\"WebPage\",\"@id\":\"https:\/\/apoioaempresas.pt\/fr\/fiche-de-projet\/\",\"url\":\"https:\/\/apoioaempresas.pt\/fr\/fiche-de-projet\/\",\"name\":\"Fiche de Projet - Apoio a Empresas\",\"isPartOf\":{\"@id\":\"https:\/\/apoioaempresas.pt\/fr\/#website\"},\"primaryImageOfPage\":{\"@id\":\"https:\/\/apoioaempresas.pt\/fr\/fiche-de-projet\/#primaryimage\"},\"image\":{\"@id\":\"https:\/\/apoioaempresas.pt\/fr\/fiche-de-projet\/#primaryimage\"},\"thumbnailUrl\":\"https:\/\/apoioaempresas.pt\/wp-content\/uploads\/2025\/04\/logos.webp\",\"datePublished\":\"2025-04-17T23:29:55+00:00\",\"dateModified\":\"2025-04-24T09:05:24+00:00\",\"description\":\"Consultez notre politique en mati\u00e8re de cookies sur cette page. Les utilisateurs peuvent r\u00e9voquer ou modifier leurs pr\u00e9f\u00e9rences \u00e0 tout moment.\",\"breadcrumb\":{\"@id\":\"https:\/\/apoioaempresas.pt\/fr\/fiche-de-projet\/#breadcrumb\"},\"inLanguage\":\"fr-FR\",\"potentialAction\":[{\"@type\":\"ReadAction\",\"target\":[\"https:\/\/apoioaempresas.pt\/fr\/fiche-de-projet\/\"]}]},{\"@type\":\"ImageObject\",\"inLanguage\":\"fr-FR\",\"@id\":\"https:\/\/apoioaempresas.pt\/fr\/fiche-de-projet\/#primaryimage\",\"url\":\"https:\/\/apoioaempresas.pt\/wp-content\/uploads\/2025\/04\/logos.webp\",\"contentUrl\":\"https:\/\/apoioaempresas.pt\/wp-content\/uploads\/2025\/04\/logos.webp\",\"width\":1842,\"height\":312},{\"@type\":\"BreadcrumbList\",\"@id\":\"https:\/\/apoioaempresas.pt\/fr\/fiche-de-projet\/#breadcrumb\",\"itemListElement\":[{\"@type\":\"ListItem\",\"position\":1,\"name\":\"Home\",\"item\":\"https:\/\/apoioaempresas.pt\/fr\/\"},{\"@type\":\"ListItem\",\"position\":2,\"name\":\"Fiche de Projet\"}]},{\"@type\":\"WebSite\",\"@id\":\"https:\/\/apoioaempresas.pt\/fr\/#website\",\"url\":\"https:\/\/apoioaempresas.pt\/fr\/\",\"name\":\"Apoio a Empresas\",\"description\":\"Disponibilizamos uma variedade de servi\u00e7os de apoio a empresas, para desenvolver o seu neg\u00f3cio ou ideia de neg\u00f3cio. Contacte-nos!\",\"publisher\":{\"@id\":\"https:\/\/apoioaempresas.pt\/fr\/#organization\"},\"potentialAction\":[{\"@type\":\"SearchAction\",\"target\":{\"@type\":\"EntryPoint\",\"urlTemplate\":\"https:\/\/apoioaempresas.pt\/fr\/?s={search_term_string}\"},\"query-input\":{\"@type\":\"PropertyValueSpecification\",\"valueRequired\":true,\"valueName\":\"search_term_string\"}}],\"inLanguage\":\"fr-FR\"},{\"@type\":\"Organization\",\"@id\":\"https:\/\/apoioaempresas.pt\/fr\/#organization\",\"name\":\"Apoio a Empresas\",\"url\":\"https:\/\/apoioaempresas.pt\/fr\/\",\"logo\":{\"@type\":\"ImageObject\",\"inLanguage\":\"fr-FR\",\"@id\":\"https:\/\/apoioaempresas.pt\/fr\/#\/schema\/logo\/image\/\",\"url\":\"https:\/\/apoioaempresas.pt\/wp-content\/uploads\/2023\/07\/Apoio-a-Empresas-Logo-Quadrado.png\",\"contentUrl\":\"https:\/\/apoioaempresas.pt\/wp-content\/uploads\/2023\/07\/Apoio-a-Empresas-Logo-Quadrado.png\",\"width\":500,\"height\":500,\"caption\":\"Apoio a Empresas\"},\"image\":{\"@id\":\"https:\/\/apoioaempresas.pt\/fr\/#\/schema\/logo\/image\/\"},\"sameAs\":[\"https:\/\/www.facebook.com\/apoioaempresas\/\",\"https:\/\/www.linkedin.com\/company\/apoio-a-empresas\/\",\"https:\/\/www.facebook.com\/apoioaempresascom\",\"https:\/\/www.linkedin.com\/company\/apoioaempresascom\/\",\"https:\/\/www.instagram.com\/apoioaempresascom\/\",\"https:\/\/www.instagram.com\/apoioaempresas.pt\/\"]}]}<\/script>\n<!-- \/ Yoast SEO plugin. -->","yoast_head_json":{"title":"Fiche de Projet - Apoio a Empresas","description":"Consultez notre politique en mati\u00e8re de cookies sur cette page. Les utilisateurs peuvent r\u00e9voquer ou modifier leurs pr\u00e9f\u00e9rences \u00e0 tout moment.","robots":{"index":"index","follow":"follow","max-snippet":"max-snippet:-1","max-image-preview":"max-image-preview:large","max-video-preview":"max-video-preview:-1"},"canonical":"https:\/\/apoioaempresas.pt\/fr\/fiche-de-projet\/","og_locale":"fr_FR","og_type":"article","og_title":"Fiche de Projet - Apoio a Empresas","og_description":"Consultez notre politique en mati\u00e8re de cookies sur cette page. Les utilisateurs peuvent r\u00e9voquer ou modifier leurs pr\u00e9f\u00e9rences \u00e0 tout moment.","og_url":"https:\/\/apoioaempresas.pt\/fr\/fiche-de-projet\/","og_site_name":"Apoio a Empresas","article_publisher":"https:\/\/www.facebook.com\/apoioaempresas\/","article_modified_time":"2025-04-24T09:05:24+00:00","og_image":[{"width":1842,"height":312,"url":"https:\/\/apoioaempresas.pt\/wp-content\/uploads\/2025\/04\/logos.webp","type":"image\/webp"}],"twitter_card":"summary_large_image","twitter_misc":{"Dur\u00e9e de lecture estim\u00e9e":"2 minutes"},"schema":{"@context":"https:\/\/schema.org","@graph":[{"@type":"WebPage","@id":"https:\/\/apoioaempresas.pt\/fr\/fiche-de-projet\/","url":"https:\/\/apoioaempresas.pt\/fr\/fiche-de-projet\/","name":"Fiche de Projet - Apoio a Empresas","isPartOf":{"@id":"https:\/\/apoioaempresas.pt\/fr\/#website"},"primaryImageOfPage":{"@id":"https:\/\/apoioaempresas.pt\/fr\/fiche-de-projet\/#primaryimage"},"image":{"@id":"https:\/\/apoioaempresas.pt\/fr\/fiche-de-projet\/#primaryimage"},"thumbnailUrl":"https:\/\/apoioaempresas.pt\/wp-content\/uploads\/2025\/04\/logos.webp","datePublished":"2025-04-17T23:29:55+00:00","dateModified":"2025-04-24T09:05:24+00:00","description":"Consultez notre politique en mati\u00e8re de cookies sur cette page. Les utilisateurs peuvent r\u00e9voquer ou modifier leurs pr\u00e9f\u00e9rences \u00e0 tout moment.","breadcrumb":{"@id":"https:\/\/apoioaempresas.pt\/fr\/fiche-de-projet\/#breadcrumb"},"inLanguage":"fr-FR","potentialAction":[{"@type":"ReadAction","target":["https:\/\/apoioaempresas.pt\/fr\/fiche-de-projet\/"]}]},{"@type":"ImageObject","inLanguage":"fr-FR","@id":"https:\/\/apoioaempresas.pt\/fr\/fiche-de-projet\/#primaryimage","url":"https:\/\/apoioaempresas.pt\/wp-content\/uploads\/2025\/04\/logos.webp","contentUrl":"https:\/\/apoioaempresas.pt\/wp-content\/uploads\/2025\/04\/logos.webp","width":1842,"height":312},{"@type":"BreadcrumbList","@id":"https:\/\/apoioaempresas.pt\/fr\/fiche-de-projet\/#breadcrumb","itemListElement":[{"@type":"ListItem","position":1,"name":"Home","item":"https:\/\/apoioaempresas.pt\/fr\/"},{"@type":"ListItem","position":2,"name":"Fiche de Projet"}]},{"@type":"WebSite","@id":"https:\/\/apoioaempresas.pt\/fr\/#website","url":"https:\/\/apoioaempresas.pt\/fr\/","name":"Apoio a Empresas","description":"Disponibilizamos uma variedade de servi\u00e7os de apoio a empresas, para desenvolver o seu neg\u00f3cio ou ideia de neg\u00f3cio. Contacte-nos!","publisher":{"@id":"https:\/\/apoioaempresas.pt\/fr\/#organization"},"potentialAction":[{"@type":"SearchAction","target":{"@type":"EntryPoint","urlTemplate":"https:\/\/apoioaempresas.pt\/fr\/?s={search_term_string}"},"query-input":{"@type":"PropertyValueSpecification","valueRequired":true,"valueName":"search_term_string"}}],"inLanguage":"fr-FR"},{"@type":"Organization","@id":"https:\/\/apoioaempresas.pt\/fr\/#organization","name":"Apoio a Empresas","url":"https:\/\/apoioaempresas.pt\/fr\/","logo":{"@type":"ImageObject","inLanguage":"fr-FR","@id":"https:\/\/apoioaempresas.pt\/fr\/#\/schema\/logo\/image\/","url":"https:\/\/apoioaempresas.pt\/wp-content\/uploads\/2023\/07\/Apoio-a-Empresas-Logo-Quadrado.png","contentUrl":"https:\/\/apoioaempresas.pt\/wp-content\/uploads\/2023\/07\/Apoio-a-Empresas-Logo-Quadrado.png","width":500,"height":500,"caption":"Apoio a Empresas"},"image":{"@id":"https:\/\/apoioaempresas.pt\/fr\/#\/schema\/logo\/image\/"},"sameAs":["https:\/\/www.facebook.com\/apoioaempresas\/","https:\/\/www.linkedin.com\/company\/apoio-a-empresas\/","https:\/\/www.facebook.com\/apoioaempresascom","https:\/\/www.linkedin.com\/company\/apoioaempresascom\/","https:\/\/www.instagram.com\/apoioaempresascom\/","https:\/\/www.instagram.com\/apoioaempresas.pt\/"]}]}},"_links":{"self":[{"href":"https:\/\/apoioaempresas.pt\/fr\/wp-json\/wp\/v2\/pages\/3243","targetHints":{"allow":["GET"]}}],"collection":[{"href":"https:\/\/apoioaempresas.pt\/fr\/wp-json\/wp\/v2\/pages"}],"about":[{"href":"https:\/\/apoioaempresas.pt\/fr\/wp-json\/wp\/v2\/types\/page"}],"author":[{"embeddable":true,"href":"https:\/\/apoioaempresas.pt\/fr\/wp-json\/wp\/v2\/users\/2"}],"replies":[{"embeddable":true,"href":"https:\/\/apoioaempresas.pt\/fr\/wp-json\/wp\/v2\/comments?post=3243"}],"version-history":[{"count":0,"href":"https:\/\/apoioaempresas.pt\/fr\/wp-json\/wp\/v2\/pages\/3243\/revisions"}],"wp:featuredmedia":[{"embeddable":true,"href":"https:\/\/apoioaempresas.pt\/fr\/wp-json\/wp\/v2\/media\/3199"}],"wp:attachment":[{"href":"https:\/\/apoioaempresas.pt\/fr\/wp-json\/wp\/v2\/media?parent=3243"}],"curies":[{"name":"wp","href":"https:\/\/api.w.org\/{rel}","templated":true}]}}